{"id":10546,"date":"2018-08-30T17:56:53","date_gmt":"2018-08-30T15:56:53","guid":{"rendered":"https:\/\/www.dfh-ufa.org\/fr\/?page_id=10546"},"modified":"2022-10-20T14:23:03","modified_gmt":"2022-10-20T12:23:03","slug":"dialogue-avec-le-monde-economique-le-15-octobre-2015-a-partir-de-17-heures-a-mannheim","status":"publish","type":"page","link":"https:\/\/www.dfh-ufa.org\/fr\/vous-etes\/entreprises\/manifestations\/dialogue-avec-le-monde-economique-le-15-octobre-2015-a-partir-de-17-heures-a-mannheim","title":{"rendered":"\u00ab Dialogue avec le monde \u00e9conomique \u00bb le 15 octobre 2015 \u00e0 partir de 17 heures \u00e0 Mannheim"},"content":{"rendered":"<div id=\"pl-10546\"  class=\"panel-layout\" ><div id=\"pg-10546-0\"  class=\"panel-grid panel-no-style\" ><div id=\"pgc-10546-0-0\"  class=\"panel-grid-cell\" ><div id=\"panel-10546-0-0-0\" class=\"so-panel widget widget_sow-editor panel-first-child panel-last-child\" data-index=\"0\" ><div class=\"so-widget-sow-editor so-widget-sow-editor-base\">\n<div class=\"siteorigin-widget-tinymce textwidget\">\n\t<p style=\"text-align: center\"><b>Manifestation de l\u2019Universit\u00e9 franco-allemande (UFA) et des Conseillers du Commerce Ext\u00e9rieur de la France du Bade Wurtemberg (CCEF) en liaison avec l\u2019entreprise Hutchinson<\/b><\/p>\n<p style=\"text-align: center\"><b>le 15 octobre 2015 \u00e0 partir de 17 heures<br \/>\n\u00e0 Mannheim<\/b><\/p>\n<p>Soutenus par l\u2019UFA, pr\u00e8s de 1 500 \u00e9tudiant*es obtiennent chaque ann\u00e9e leur double dipl\u00f4me de fin d\u2019\u00e9tudes. L\u2019insertion professionnelle de ses dipl\u00f4m\u00e9*es et les partenariats avec les entreprises jouent un r\u00f4le essentiel pour l\u2019institution binationale.<\/p>\n<p>Dans le cadre de cette quatri\u00e8me \u00e9dition de la s\u00e9rie de manifestations \u00ab Dialogue avec le monde \u00e9conomique \u00bb, seront abord\u00e9s, parall\u00e8lement \u00e0 la mise en r\u00e9seau et aux \u00e9changes entre enseignement sup\u00e9rieur et monde \u00e9conomique, des th\u00e8mes comme la plus-value des cursus d\u2019\u00e9tudes binationaux, l\u2019insertion professionnelle et l\u2019optimisation des parcours professionnels. Il s\u2019agira \u00e9galement d\u2019\u00eatre \u00e0 l\u2019\u00e9coute des entreprises quant \u00e0 leurs besoins en termes de ressources humaines.<\/p>\n<p>Pour plus d\u2019informations, veuillez vous adresser \u00e0 Madame Patricia Rohland (<a href=\"mailto:rohland@dfh-ufa.org\"><em>rohland(at)dfh-ufa.org<\/em><\/a>).<\/p>\n<\/div>\n<\/div><\/div><\/div><div id=\"pgc-10546-0-1\"  class=\"panel-grid-cell\" ><div id=\"panel-10546-0-1-0\" class=\"so-panel widget widget_sow-editor panel-first-child panel-last-child\" data-index=\"1\" ><div class=\"so-widget-sow-editor so-widget-sow-editor-base\">\n<div class=\"siteorigin-widget-tinymce textwidget\">\n\t<h4 class=\"csc-firstHeader\">Devenez partenaire de l'UFA : Informations pour le secteur priv\u00e9<\/h4>\n<p><a href=\"https:\/\/www.dfh-ufa.org\/app\/uploads\/2018\/06\/Online-Version_DFH_Broschuere_Wirtschaft_fr.pdf\"><img decoding=\"async\" loading=\"lazy\" class=\"aligncenter wp-image-5952 size-full\" src=\"https:\/\/www.dfh-ufa.org\/app\/uploads\/2018\/06\/csm_Cover_F_neu_9ec77d9766.jpg\" alt=\"\" width=\"629\" height=\"897\" srcset=\"https:\/\/www.dfh-ufa.org\/app\/uploads\/2018\/06\/csm_Cover_F_neu_9ec77d9766.jpg 629w, https:\/\/www.dfh-ufa.org\/app\/uploads\/2018\/06\/csm_Cover_F_neu_9ec77d9766-210x300.jpg 210w\" sizes=\"(max-width: 629px) 100vw, 629px\" \/><\/a><\/p>\n<\/div>\n<\/div><\/div><\/div><\/div><\/div>","protected":false},"excerpt":{"rendered":"<p>Manifestation de l\u2019Universit\u00e9 franco-allemande (UFA) et des Conseillers du Commerce Ext\u00e9rieur de la France du Bade Wurtemberg (CCEF) en liaison avec l\u2019entreprise Hutchinson le 15 octobre 2015 \u00e0 partir de 17 heures \u00e0 Mannheim Soutenus par l\u2019UFA, pr\u00e8s de 1 500 \u00e9tudiant*es obtiennent chaque ann\u00e9e leur double dipl\u00f4me de fin d\u2019\u00e9tudes. L\u2019insertion professionnelle de ses [&hellip;]<\/p>\n","protected":false},"author":8,"featured_media":0,"parent":864,"menu_order":115,"comment_status":"closed","ping_status":"closed","template":"","meta":{"_bbp_topic_count":0,"_bbp_reply_count":0,"_bbp_total_topic_count":0,"_bbp_total_reply_count":0,"_bbp_voice_count":0,"_bbp_anonymous_reply_count":0,"_bbp_topic_count_hidden":0,"_bbp_reply_count_hidden":0,"_bbp_forum_subforum_count":0,"inline_featured_image":false},"acf":[],"_links":{"self":[{"href":"https:\/\/www.dfh-ufa.org\/fr\/wp-json\/wp\/v2\/pages\/10546"}],"collection":[{"href":"https:\/\/www.dfh-ufa.org\/fr\/wp-json\/wp\/v2\/pages"}],"about":[{"href":"https:\/\/www.dfh-ufa.org\/fr\/wp-json\/wp\/v2\/types\/page"}],"author":[{"embeddable":true,"href":"https:\/\/www.dfh-ufa.org\/fr\/wp-json\/wp\/v2\/users\/8"}],"replies":[{"embeddable":true,"href":"https:\/\/www.dfh-ufa.org\/fr\/wp-json\/wp\/v2\/comments?post=10546"}],"version-history":[{"count":7,"href":"https:\/\/www.dfh-ufa.org\/fr\/wp-json\/wp\/v2\/pages\/10546\/revisions"}],"predecessor-version":[{"id":1389076,"href":"https:\/\/www.dfh-ufa.org\/fr\/wp-json\/wp\/v2\/pages\/10546\/revisions\/1389076"}],"up":[{"embeddable":true,"href":"https:\/\/www.dfh-ufa.org\/fr\/wp-json\/wp\/v2\/pages\/864"}],"wp:attachment":[{"href":"https:\/\/www.dfh-ufa.org\/fr\/wp-json\/wp\/v2\/media?parent=10546"}],"curies":[{"name":"wp","href":"https:\/\/api.w.org\/{rel}","templated":true}]}}