{"id":10557,"date":"2018-08-31T10:03:00","date_gmt":"2018-08-31T08:03:00","guid":{"rendered":"https:\/\/www.dfh-ufa.org\/fr\/?page_id=10557"},"modified":"2018-08-31T10:40:12","modified_gmt":"2018-08-31T08:40:12","slug":"research-2eme-salon-europeen-des-carrieres-de-la-recherche","status":"publish","type":"page","link":"https:\/\/www.dfh-ufa.org\/fr\/vous-etes\/entreprises\/partenariats\/research-2eme-salon-europeen-des-carrieres-de-la-recherche","title":{"rendered":"RESEARCH &#8211; 2\u00e8me salon europ\u00e9en des carri\u00e8res de la recherche"},"content":{"rendered":"<div id=\"pl-10557\"  class=\"panel-layout\" ><div id=\"pg-10557-0\"  class=\"panel-grid panel-no-style\" ><div id=\"pgc-10557-0-0\"  class=\"panel-grid-cell\" ><div id=\"panel-10557-0-0-0\" class=\"so-panel widget widget_sow-editor panel-first-child panel-last-child\" data-index=\"0\" ><div class=\"so-widget-sow-editor so-widget-sow-editor-base\">\n<div class=\"siteorigin-widget-tinymce textwidget\">\n\t<p><strong><img decoding=\"async\" loading=\"lazy\" class=\"wp-image-10553 size-thumbnail alignright\" src=\"https:\/\/www.dfh-ufa.org\/app\/uploads\/2018\/08\/csm_IMG_8681_01_24699bd24e-150x127.jpg\" alt=\"\" width=\"150\" height=\"127\" \/>Apr\u00e8s le succ\u00e8s de la premi\u00e8re \u00e9dition qui s'est tenue l'ann\u00e9e derni\u00e8re \u00e0 Berlin, l'Universit\u00e9 franco-allemande (UFA) et l'Apec (Association pour l'emploi des cadres) ont d\u00e9cid\u00e9 de renouveler conjointement cet \u00e9v\u00e9nement au coeur de Paris. Research 2010 reste fid\u00e8le \u00e0 ses principes tout en mettant l'accent sur l'innovation, le dialogue et la mise en r\u00e9seau.<\/strong><\/p>\n<p>Les principes fondamentaux n'ont pas chang\u00e9 depuis la premi\u00e8re \u00e9dition de Research 2009 \u00e0 Berlin: En renouvelant ce salon europ\u00e9en des carri\u00e8res de la recherche, l'UFA poursuit son but de promouvoir \u00e0 long terme la carri\u00e8re de jeunes chercheurs et de doctorants ainsi que de mettre en place un r\u00e9seau dynamique entre les doctorants, les chercheurs, les entreprises, les universit\u00e9s et les institutions de la recherche.<\/p>\n<p>En 2009, l'UFA, l'Apec et le Forum Franco-Allemand (FFA) ont organis\u00e9 pour la premi\u00e8re fois un salon europ\u00e9en des carri\u00e8res de la recherche intitul\u00e9 Research qui a suscit\u00e9 un vif int\u00e9ret au public et qui a rencontr\u00e9 les premiers signes de succ\u00e8s et de reconnaissance non seulement de la part des visiteurs, mais aussi de la part des exposants. Sur place, dans les locaux de la Maison Kennedy de l'Universit\u00e9 Libre de Berlin, 46 exposants, entreprises et institutions de recherche \u00e9taient pr\u00e9sents pour accueillir 450 chercheurs et les faire dialoguer dans le cadre d\u2019un programme d\u2019accompagnement construit autour de cinq tables rondes.<\/p>\n<p>D'un c\u00f4t\u00e9, Research s'adresse en particulier \u00e0 des entreprises, des universit\u00e9s et des institutions \u00e9tant \u00e0 la recherche de sp\u00e9cialistes de haut niveau, mais sert de l'autre c\u00f4t\u00e9 de plateforme pour le placement et la prise en contact pour les doctorants et les acteurs de la recherche. Ils b\u00e9n\u00e9ficieront de plus de l'occasion d'obtenir des conseils pour leur carri\u00e8re et des informations sur les possibilit\u00e9s de soutien financier de l'UFA.<\/p>\n<p>Research n'est pas seulement un salon de recrutement, mais veut aussi offrir un espace pour la disscussion, l'\u00e9change et la mise en contact de diff\u00e9rents acteurs de la recherche (entreprises, centres de recherche, fondations). Des conf\u00e9rences traduites en simultan\u00e9 (anglais, fran\u00e7ais, allemand) abordant cinq diff\u00e9rents sujets auront lieu parall\u00e8lement \u00e0 la partie exposition\/recrutement du salon et inviteront \u00e0 discuter et \u00e0 \u00e9changer.<\/p>\n<p>L'UFA poursuit avec la deuxi\u00e8me \u00e9dition de Research son but de cr\u00e9er de forts lien entre les acteurs de l'\u00e9conomie, des universit\u00e9s et des institutions de la recherche afin de promouvoir \u00e0 l'avance et \u00e0 long terme le plan de carri\u00e8re des \u00e9tudiants et des doctorants.<\/p>\n<p><a href=\"https:\/\/www.dfh-ufa.org\/fr\/vous-etes\/entreprises\/partenariats\/research-2010-a-paris-les-sujets-des-tables-rondes\/\"><em>\u00bb les tables-rondes<\/em><\/a><\/p>\n<p>\u00bb les exposants 2010<\/p>\n<p><em>\u00bb Inscription et informations<\/em><\/p>\n<p><strong>Les informations les plus importantes autour de RESEARCH:<\/strong><br \/>\ndate: vendredi, 19 novembre 2010<br \/>\nlieu: Paris, le \"104\" <a href=\"http:\/\/www.104.fr\/\"><em>www.104.fr<\/em><\/a><br \/>\ndur\u00e9e: 10.00-18.00h<br \/>\nentr\u00e9e: gratuite<\/p>\n<p><strong>D'autres questions?<\/strong><br \/>\nVotre interlocutrice: Nadja Altpeter<br \/>\nT\u00e9l.: +49 6.81.93.81.21.90<br \/>\nE-Mail: <a href=\"mailto:research@dfh-ufa.org\">research(at)dfh-ufa.org<\/a><\/p>\n<\/div>\n<\/div><\/div><\/div><div id=\"pgc-10557-0-1\"  class=\"panel-grid-cell\" ><div id=\"panel-10557-0-1-0\" class=\"so-panel widget widget_sow-editor panel-first-child panel-last-child\" data-index=\"1\" ><div class=\"so-widget-sow-editor so-widget-sow-editor-base\">\n<div class=\"siteorigin-widget-tinymce textwidget\">\n\t<h4 class=\"csc-firstHeader\">Master de recherche en histoire<\/h4>\n<p><a href=\"https:\/\/www.youtube.com\/watch?v=03lc9enZ1xU&amp;\"><img decoding=\"async\" loading=\"lazy\" class=\"alignnone wp-image-10555 size-medium\" src=\"https:\/\/www.dfh-ufa.org\/app\/uploads\/2018\/08\/hqdefaultresearch-300x225.jpg\" alt=\"\" width=\"300\" height=\"225\" srcset=\"https:\/\/www.dfh-ufa.org\/app\/uploads\/2018\/08\/hqdefaultresearch-300x225.jpg 300w, https:\/\/www.dfh-ufa.org\/app\/uploads\/2018\/08\/hqdefaultresearch.jpg 480w\" sizes=\"(max-width: 300px) 100vw, 300px\" \/><\/a><\/p>\n<p><em><a href=\"https:\/\/www.youtube.com\/watch?v=03lc9enZ1xU&amp;\" target=\"_blank\" rel=\"noopener\">\u00bb Voir la vid\u00e9o<\/a><\/em><\/p>\n<div class=\"csc-textpicHeader csc-textpicHeader-2\">\n<div class=\"csc-header csc-header-n2\">\n<h4>D\u00e9couvrez l'UFA<\/h4>\n<\/div>\n<\/div>\n<p><a href=\"https:\/\/www.youtube.com\/watch?v=BhJ13O6bYbU\"><img decoding=\"async\" loading=\"lazy\" class=\"alignnone wp-image-10554 size-medium\" src=\"https:\/\/www.dfh-ufa.org\/app\/uploads\/2018\/08\/hqdefaultresearch2-300x225.jpg\" alt=\"\" width=\"300\" height=\"225\" srcset=\"https:\/\/www.dfh-ufa.org\/app\/uploads\/2018\/08\/hqdefaultresearch2-300x225.jpg 300w, https:\/\/www.dfh-ufa.org\/app\/uploads\/2018\/08\/hqdefaultresearch2.jpg 480w\" sizes=\"(max-width: 300px) 100vw, 300px\" \/><\/a><\/p>\n<p><em><a href=\"https:\/\/www.youtube.com\/watch?v=BhJ13O6bYbU\" target=\"_blank\" rel=\"noopener\">\u00bb Voir la vid\u00e9o<\/a><\/em><\/p>\n<\/div>\n<\/div><\/div><\/div><\/div><\/div>","protected":false},"excerpt":{"rendered":"<p>Apr\u00e8s le succ\u00e8s de la premi\u00e8re \u00e9dition qui s&rsquo;est tenue l&rsquo;ann\u00e9e derni\u00e8re \u00e0 Berlin, l&rsquo;Universit\u00e9 franco-allemande (UFA) et l&rsquo;Apec (Association pour l&#8217;emploi des cadres) ont d\u00e9cid\u00e9 de renouveler conjointement cet \u00e9v\u00e9nement au coeur de Paris. Research 2010 reste fid\u00e8le \u00e0 ses principes tout en mettant l&rsquo;accent sur l&rsquo;innovation, le dialogue et la mise en r\u00e9seau. [&hellip;]<\/p>\n","protected":false},"author":8,"featured_media":0,"parent":863,"menu_order":116,"comment_status":"closed","ping_status":"closed","template":"","meta":{"_bbp_topic_count":0,"_bbp_reply_count":0,"_bbp_total_topic_count":0,"_bbp_total_reply_count":0,"_bbp_voice_count":0,"_bbp_anonymous_reply_count":0,"_bbp_topic_count_hidden":0,"_bbp_reply_count_hidden":0,"_bbp_forum_subforum_count":0,"inline_featured_image":false},"acf":[],"_links":{"self":[{"href":"https:\/\/www.dfh-ufa.org\/fr\/wp-json\/wp\/v2\/pages\/10557"}],"collection":[{"href":"https:\/\/www.dfh-ufa.org\/fr\/wp-json\/wp\/v2\/pages"}],"about":[{"href":"https:\/\/www.dfh-ufa.org\/fr\/wp-json\/wp\/v2\/types\/page"}],"author":[{"embeddable":true,"href":"https:\/\/www.dfh-ufa.org\/fr\/wp-json\/wp\/v2\/users\/8"}],"replies":[{"embeddable":true,"href":"https:\/\/www.dfh-ufa.org\/fr\/wp-json\/wp\/v2\/comments?post=10557"}],"version-history":[{"count":6,"href":"https:\/\/www.dfh-ufa.org\/fr\/wp-json\/wp\/v2\/pages\/10557\/revisions"}],"predecessor-version":[{"id":10577,"href":"https:\/\/www.dfh-ufa.org\/fr\/wp-json\/wp\/v2\/pages\/10557\/revisions\/10577"}],"up":[{"embeddable":true,"href":"https:\/\/www.dfh-ufa.org\/fr\/wp-json\/wp\/v2\/pages\/863"}],"wp:attachment":[{"href":"https:\/\/www.dfh-ufa.org\/fr\/wp-json\/wp\/v2\/media?parent=10557"}],"curies":[{"name":"wp","href":"https:\/\/api.w.org\/{rel}","templated":true}]}}