{"id":10569,"date":"2018-08-31T10:37:48","date_gmt":"2018-08-31T08:37:48","guid":{"rendered":"https:\/\/www.dfh-ufa.org\/fr\/?page_id=10569"},"modified":"2018-08-31T10:37:48","modified_gmt":"2018-08-31T08:37:48","slug":"research-2010-a-paris-les-sujets-des-tables-rondes","status":"publish","type":"page","link":"https:\/\/www.dfh-ufa.org\/fr\/vous-etes\/entreprises\/partenariats\/research-2010-a-paris-les-sujets-des-tables-rondes","title":{"rendered":"RESEARCH 2010 \u00e0 Paris: les sujets des tables-rondes"},"content":{"rendered":"<div id=\"pl-10569\"  class=\"panel-layout\" ><div id=\"pg-10569-0\"  class=\"panel-grid panel-no-style\" ><div id=\"pgc-10569-0-0\"  class=\"panel-grid-cell\" ><div id=\"panel-10569-0-0-0\" class=\"so-panel widget widget_sow-editor panel-first-child panel-last-child\" data-index=\"0\" ><div class=\"so-widget-sow-editor so-widget-sow-editor-base\">\n<div class=\"siteorigin-widget-tinymce textwidget\">\n\t<p><strong><img decoding=\"async\" loading=\"lazy\" class=\"wp-image-10566 size-thumbnail alignright\" src=\"https:\/\/www.dfh-ufa.org\/app\/uploads\/2018\/08\/IMG_9010_01-150x150.jpg\" alt=\"\" width=\"150\" height=\"150\" \/><b>RESEARCH est un espace pour la disscussion, l'\u00e9change et la mise en contact de diff\u00e9rents acteurs de la recherche. Des conf\u00e9rences traduites en simultan\u00e9 (anglais, fran\u00e7ais, allemand) abordant quatre diff\u00e9rents sujets auront lieu parall\u00e8lement \u00e0 la partie exposition\/recrutement du salon et inviteront \u00e0 discuter et \u00e0 \u00e9changer.<\/b><\/strong><\/p>\n<p>&nbsp;<\/p>\n<p><b>10h00-10h10: Mot de bienvenue <\/b><\/p>\n<p><b>10h10-10h30: Remise du prix de la meilleure th\u00e8se UFA<\/b><\/p>\n<p><strong><b>LES TABLES-RONDES<\/b><\/strong><\/p>\n<p class=\"align-justify\"><b>1) <\/b><b>10h30 - 11h45: Comp\u00e9tences des chercheurs: Quels seront les besoins dans les ann\u00e9es \u00e0 venir ?<\/b><br \/>\nLe monde de la recherche, tant publique que priv\u00e9e, a connu des \u00e9volutions majeures et est aujourd\u2019hui confront\u00e9 \u00e0 des d\u00e9fis importants pour l\u2019avenir, dans un contexte o\u00f9 tous les pays cherchent \u00e0 favoriser la croissance en cr\u00e9ant de la valeur ajout\u00e9e, notamment par l\u2019innovation et la recherche. Ces changements majeurs ont induit et induiront des \u00e9volutions profondes sur le pilotage de la recherche ainsi que sur la gestion des ressources humaines, notamment afin de r\u00e9pondre aux nouveaux besoins en comp\u00e9tences de l\u2019ensemble des acteurs. Quelles sont les comp\u00e9tences des chercheurs recrut\u00e9s par les acteurs ? Comment vont-elles \u00e9voluer dans les dix prochaines ann\u00e9es ? Quels sont les moyens consacr\u00e9s pour accompagner ces \u00e9volutions ?<\/p>\n<p class=\"align-justify\">Animateur: <i>Jean-Claude Lewandovski, Les Echos<\/i><\/p>\n<ul class=\"align-justify\">\n<li><strong>10h30-10h50:<\/strong> Pr\u00e9sentation des r\u00e9sultats de l'Etude internationale Apec-Deloitte sur les besoins de comp\u00e9tences dans la recherche \u00e0 l'horizon 2020<\/li>\n<li><strong>10h50-11h45:<\/strong> Echanges<strong><br \/>\n<\/strong><\/li>\n<\/ul>\n<p>&nbsp;<\/p>\n<p class=\"align-justify\"><b>2) 12h00-13h15: Clusters et attractivit\u00e9 territoriale: Comment r\u00e9pondre aux enjeux RH de la recherche<\/b><br \/>\nDans tous les pays d\u2019Europe, un des enjeux majeurs de d\u00e9veloppement de la recherche, de l\u2019innovation, et donc de d\u00e9veloppement \u00e9conomique est la constitution de p\u00f4les de recherche puissants, inscrits dans un territoire donn\u00e9 et constituant des r\u00e9f\u00e9rences au niveau international. Un regroupement g\u00e9ographique de grandes et petites entreprises, universit\u00e9s, centres de recherche, incubateurs, p\u00e9pini\u00e8res,\u2026 : comment s\u2019organisent ces \u00ab clusters \u00bb ? Quel r\u00f4le jouent les collectivit\u00e9s territoriales ? Quel est leur impact et celui de l\u2019Etat, notamment au travers des cr\u00e9dits d\u2019imp\u00f4ts et m\u00e9canismes de financement ? Quel impact r\u00e9el la mise en place de ces clusters et leur d\u00e9veloppement a-t-il sur l\u2019emploi et le d\u00e9veloppement \u00e9conomique ? Quelle est la cartographie de ces p\u00f4les d\u2019excellence ?<\/p>\n<p class=\"align-justify\">Animateur: <i>Yannick Morel, Apec<\/i><\/p>\n<p><b>13h15-14h45:<\/b> Intervention JORGE CHAM, PHD COMICS<\/p>\n<p><b>3) 15h00-16h15: La mobilit\u00e9 des chercheurs en Europe: Quels obstacles, quels leviers ?<\/b><br \/>\nLe caract\u00e8re international des \u00e9quipes de recherche est une r\u00e9alit\u00e9. D\u00e8s lors, tout chercheur qui souhaite se donner les chances de r\u00e9ussir sa carri\u00e8re se trouve devant la n\u00e9cessit\u00e9 de disposer d\u2019exp\u00e9riences \u00e0 l\u2019\u00e9tranger. Il s\u2019agit d\u2019un levier important pour d\u00e9velopper son expertise (\u00e9change d\u2019exp\u00e9rience, formation).<br \/>\nSi la mobilit\u00e9 internationale devient une n\u00e9cessit\u00e9, elle est pourtant confront\u00e9e \u00e0 de nombreux obstacles.<br \/>\nQuelle est la situation en Europe ? Quels sont les leviers permettant de d\u00e9velopper cette mobilit\u00e9 ? Et finalement, la mobilit\u00e9 intra-europ\u00e9enne est-elle indispensable pour sa carri\u00e8re ?<\/p>\n<p>Animateur: <i>Nadia Deacken, Apec<\/i><\/p>\n<p class=\"align-justify\"><b>4) 16h30-17h45: Les chercheurs dans le rapprochement universit\u00e9s\/entreprises: Comment en tirer b\u00e9n\u00e9fice ? <\/b><br \/>\nAujourd\u2019hui les partenariats tripartite entreprises\/universit\u00e9s\/centres de recherche se multiplient. L\u2019universit\u00e9 s\u2019ouvre aux projets et aux financements des entreprises.\u00a0 Des\u00a0 chaires universitaires se cr\u00e9ent, les fronti\u00e8res anciennes s\u2019estompent. Quels impacts ces \u00e9volutions peuvent-elles avoir sur les projets professionnels des chercheurs ? Quels dispositifs existent en Europe pour rapprocher les doctorants de l\u2019entreprise ? Quels pr\u00e9-requis et quels b\u00e9n\u00e9fices peuvent-ils en tirer ?<\/p>\n<p class=\"align-justify\">Animateur:<i> Jean-Marie Blanc, Apec<\/i><\/p>\n<p><em><a href=\"http:\/\/wwwalt.dfh-ufa.org\/3817\/?L=1\">\u00bb <\/a><a href=\"http:\/\/wwwalt.dfh-ufa.org\/3817\/?L=1\">RESEARCH- 2\u00e8me salon europ\u00e9en des carri\u00e8res de la recherche<\/a><\/em><\/p>\n<p>\u00bb les exposants 2010<\/p>\n<\/div>\n<\/div><\/div><\/div><div id=\"pgc-10569-0-1\"  class=\"panel-grid-cell\" ><div id=\"panel-10569-0-1-0\" class=\"so-panel widget widget_sow-editor panel-first-child panel-last-child\" data-index=\"1\" ><div class=\"so-widget-sow-editor so-widget-sow-editor-base\">\n<div class=\"siteorigin-widget-tinymce textwidget\">\n\t<h4><a href=\"www.facebook.com\/UFADFH\"><img decoding=\"async\" loading=\"lazy\" class=\"alignnone wp-image-10568 size-medium\" src=\"https:\/\/www.dfh-ufa.org\/app\/uploads\/2018\/08\/csm_facebook_logo_01_5f2fe9c461-300x84.jpg\" alt=\"\" width=\"300\" height=\"84\" srcset=\"https:\/\/www.dfh-ufa.org\/app\/uploads\/2018\/08\/csm_facebook_logo_01_5f2fe9c461-300x84.jpg 300w, https:\/\/www.dfh-ufa.org\/app\/uploads\/2018\/08\/csm_facebook_logo_01_5f2fe9c461.jpg 720w\" sizes=\"(max-width: 300px) 100vw, 300px\" \/><\/a><\/h4>\n<p><a href=\"https:\/\/twitter.com\/DFHUFA\"><img decoding=\"async\" loading=\"lazy\" class=\"alignnone wp-image-10567 size-medium\" src=\"https:\/\/www.dfh-ufa.org\/app\/uploads\/2018\/08\/dfh-ufa_twitter_D_02-300x92.png\" alt=\"\" width=\"300\" height=\"92\" srcset=\"https:\/\/www.dfh-ufa.org\/app\/uploads\/2018\/08\/dfh-ufa_twitter_D_02-300x92.png 300w, https:\/\/www.dfh-ufa.org\/app\/uploads\/2018\/08\/dfh-ufa_twitter_D_02.png 657w\" sizes=\"(max-width: 300px) 100vw, 300px\" \/><\/a><\/p>\n<h4>Master de recherche en histoire<\/h4>\n<p><a href=\"https:\/\/www.youtube.com\/watch?v=03lc9enZ1xU&amp;amp;\"><img decoding=\"async\" loading=\"lazy\" class=\"alignnone wp-image-10555 size-medium\" src=\"https:\/\/www.dfh-ufa.org\/app\/uploads\/2018\/08\/hqdefaultresearch-300x225.jpg\" alt=\"\" width=\"300\" height=\"225\" srcset=\"https:\/\/www.dfh-ufa.org\/app\/uploads\/2018\/08\/hqdefaultresearch-300x225.jpg 300w, https:\/\/www.dfh-ufa.org\/app\/uploads\/2018\/08\/hqdefaultresearch.jpg 480w\" sizes=\"(max-width: 300px) 100vw, 300px\" \/><\/a><\/p>\n<p><em><a href=\"https:\/\/www.youtube.com\/watch?v=03lc9enZ1xU&amp;amp;\" target=\"_blank\" rel=\"noopener\">\u00bb Voir la vid\u00e9o<\/a><\/em><\/p>\n<h4>D\u00e9couvrez l'UFA<\/h4>\n<p><a href=\"https:\/\/www.youtube.com\/watch?v=BhJ13O6bYbU\"><img decoding=\"async\" loading=\"lazy\" class=\"alignnone wp-image-10554 size-medium\" src=\"https:\/\/www.dfh-ufa.org\/app\/uploads\/2018\/08\/hqdefaultresearch2-300x225.jpg\" alt=\"\" width=\"300\" height=\"225\" srcset=\"https:\/\/www.dfh-ufa.org\/app\/uploads\/2018\/08\/hqdefaultresearch2-300x225.jpg 300w, https:\/\/www.dfh-ufa.org\/app\/uploads\/2018\/08\/hqdefaultresearch2.jpg 480w\" sizes=\"(max-width: 300px) 100vw, 300px\" \/><\/a><\/p>\n<p><em><a href=\"https:\/\/www.youtube.com\/watch?v=BhJ13O6bYbU\" target=\"_blank\" rel=\"noopener\">\u00bb Voir la vid\u00e9o<\/a><\/em><\/p>\n<\/div>\n<\/div><\/div><\/div><\/div><\/div>","protected":false},"excerpt":{"rendered":"<p>RESEARCH est un espace pour la disscussion, l&rsquo;\u00e9change et la mise en contact de diff\u00e9rents acteurs de la recherche. Des conf\u00e9rences traduites en simultan\u00e9 (anglais, fran\u00e7ais, allemand) abordant quatre diff\u00e9rents sujets auront lieu parall\u00e8lement \u00e0 la partie exposition\/recrutement du salon et inviteront \u00e0 discuter et \u00e0 \u00e9changer. &nbsp; 10h00-10h10: Mot de bienvenue 10h10-10h30: Remise du [&hellip;]<\/p>\n","protected":false},"author":8,"featured_media":0,"parent":863,"menu_order":117,"comment_status":"closed","ping_status":"closed","template":"","meta":{"_bbp_topic_count":0,"_bbp_reply_count":0,"_bbp_total_topic_count":0,"_bbp_total_reply_count":0,"_bbp_voice_count":0,"_bbp_anonymous_reply_count":0,"_bbp_topic_count_hidden":0,"_bbp_reply_count_hidden":0,"_bbp_forum_subforum_count":0,"inline_featured_image":false},"acf":[],"_links":{"self":[{"href":"https:\/\/www.dfh-ufa.org\/fr\/wp-json\/wp\/v2\/pages\/10569"}],"collection":[{"href":"https:\/\/www.dfh-ufa.org\/fr\/wp-json\/wp\/v2\/pages"}],"about":[{"href":"https:\/\/www.dfh-ufa.org\/fr\/wp-json\/wp\/v2\/types\/page"}],"author":[{"embeddable":true,"href":"https:\/\/www.dfh-ufa.org\/fr\/wp-json\/wp\/v2\/users\/8"}],"replies":[{"embeddable":true,"href":"https:\/\/www.dfh-ufa.org\/fr\/wp-json\/wp\/v2\/comments?post=10569"}],"version-history":[{"count":5,"href":"https:\/\/www.dfh-ufa.org\/fr\/wp-json\/wp\/v2\/pages\/10569\/revisions"}],"predecessor-version":[{"id":10574,"href":"https:\/\/www.dfh-ufa.org\/fr\/wp-json\/wp\/v2\/pages\/10569\/revisions\/10574"}],"up":[{"embeddable":true,"href":"https:\/\/www.dfh-ufa.org\/fr\/wp-json\/wp\/v2\/pages\/863"}],"wp:attachment":[{"href":"https:\/\/www.dfh-ufa.org\/fr\/wp-json\/wp\/v2\/media?parent=10569"}],"curies":[{"name":"wp","href":"https:\/\/api.w.org\/{rel}","templated":true}]}}