{"id":1056945,"date":"2022-02-08T09:49:14","date_gmt":"2022-02-08T08:49:14","guid":{"rendered":"https:\/\/www.dfh-ufa.org\/fr\/?page_id=1056945"},"modified":"2024-04-09T13:46:27","modified_gmt":"2024-04-09T11:46:27","slug":"curriculum-vitae-secretaire-general","status":"publish","type":"page","link":"https:\/\/www.dfh-ufa.org\/fr\/lufa\/lequipe-de-lufa\/direction\/curriculum-vitae-secretaire-general","title":{"rendered":"Curriculum vitae &#8211; Secr\u00e9taire g\u00e9n\u00e9ral"},"content":{"rendered":"<h2><strong>Dr. Udo Thelen<\/strong><\/h2>\n<p>est secr\u00e9taire g\u00e9n\u00e9ral de l&rsquo;Universit\u00e9 franco-allemande depuis avril 2024.<\/p>\n<p>Au cours des ann\u00e9es pr\u00e9c\u00e9dant son entr\u00e9e en fonction \u00e0 l&rsquo;UFA, il a \u00e9t\u00e9 directeur et, en dernier lieu, professeur de gestion de l\u2019\u00e9ducation dans des \u00e9tablissements d&rsquo;enseignement sup\u00e9rieur et des entreprises de formation du groupe Klett de Stuttgart. Auparavant, il a occup\u00e9 des postes de direction dans les domaines de la formation continue, de l&rsquo;internationalisation et de la gestion universitaire \u00e0 la Freie Universit\u00e4t Berlin et \u00e0 l&rsquo;Universit\u00e9 de Hambourg, ainsi qu&rsquo;en tant que chef de service du DAAD pour le marketing international des universit\u00e9s et directeur g\u00e9n\u00e9ral de GATE Germany.<\/p>\n<p>Udo Thelen travaille en tant qu&rsquo;expert et \u00e9valuateur pour des fondations et des institutions de conseil politique. Il enseigne \u00e9galement la gestion scientifique \u00e0 l&rsquo;Universit\u00e9 allemande des sciences administratives de Spire. Il est titulaire d&rsquo;un doctorat en linguistique (Universit\u00e9 de Tr\u00e8ves) et coach en management certifi\u00e9.<\/p>\n","protected":false},"excerpt":{"rendered":"<p>Dr. Udo Thelen est secr\u00e9taire g\u00e9n\u00e9ral de l&rsquo;Universit\u00e9 franco-allemande depuis avril 2024. Au cours des ann\u00e9es pr\u00e9c\u00e9dant son entr\u00e9e en fonction \u00e0 l&rsquo;UFA, il a \u00e9t\u00e9 directeur et, en dernier lieu, professeur de gestion de l\u2019\u00e9ducation dans des \u00e9tablissements d&rsquo;enseignement sup\u00e9rieur et des entreprises de formation du groupe Klett de Stuttgart. Auparavant, il a occup\u00e9 [&hellip;]<\/p>\n","protected":false},"author":365,"featured_media":0,"parent":803,"menu_order":3,"comment_status":"closed","ping_status":"closed","template":"","meta":{"_bbp_topic_count":0,"_bbp_reply_count":0,"_bbp_total_topic_count":0,"_bbp_total_reply_count":0,"_bbp_voice_count":0,"_bbp_anonymous_reply_count":0,"_bbp_topic_count_hidden":0,"_bbp_reply_count_hidden":0,"_bbp_forum_subforum_count":0,"inline_featured_image":false},"acf":[],"_links":{"self":[{"href":"https:\/\/www.dfh-ufa.org\/fr\/wp-json\/wp\/v2\/pages\/1056945"}],"collection":[{"href":"https:\/\/www.dfh-ufa.org\/fr\/wp-json\/wp\/v2\/pages"}],"about":[{"href":"https:\/\/www.dfh-ufa.org\/fr\/wp-json\/wp\/v2\/types\/page"}],"author":[{"embeddable":true,"href":"https:\/\/www.dfh-ufa.org\/fr\/wp-json\/wp\/v2\/users\/365"}],"replies":[{"embeddable":true,"href":"https:\/\/www.dfh-ufa.org\/fr\/wp-json\/wp\/v2\/comments?post=1056945"}],"version-history":[{"count":5,"href":"https:\/\/www.dfh-ufa.org\/fr\/wp-json\/wp\/v2\/pages\/1056945\/revisions"}],"predecessor-version":[{"id":1954479,"href":"https:\/\/www.dfh-ufa.org\/fr\/wp-json\/wp\/v2\/pages\/1056945\/revisions\/1954479"}],"up":[{"embeddable":true,"href":"https:\/\/www.dfh-ufa.org\/fr\/wp-json\/wp\/v2\/pages\/803"}],"wp:attachment":[{"href":"https:\/\/www.dfh-ufa.org\/fr\/wp-json\/wp\/v2\/media?parent=1056945"}],"curies":[{"name":"wp","href":"https:\/\/api.w.org\/{rel}","templated":true}]}}