{"id":10583,"date":"2018-08-31T11:24:37","date_gmt":"2018-08-31T09:24:37","guid":{"rendered":"https:\/\/www.dfh-ufa.org\/fr\/?page_id=10583"},"modified":"2018-09-21T08:41:58","modified_gmt":"2018-09-21T06:41:58","slug":"la-saarlb-encourage-des-etudiants-de-luniversite-franco-allemande","status":"publish","type":"page","link":"https:\/\/www.dfh-ufa.org\/fr\/vous-etes\/entreprises\/partenariats\/programmes-de-bourses\/la-saarlb-encourage-des-etudiants-de-luniversite-franco-allemande","title":{"rendered":"La SaarLB encourage des \u00e9tudiants de l\u2019Universit\u00e9 franco-allemande"},"content":{"rendered":"<div id=\"pl-10583\"  class=\"panel-layout\" ><div id=\"pg-10583-0\"  class=\"panel-grid panel-no-style\" ><div id=\"pgc-10583-0-0\"  class=\"panel-grid-cell\" ><div id=\"panel-10583-0-0-0\" class=\"so-panel widget widget_sow-editor panel-first-child panel-last-child\" data-index=\"0\" ><div class=\"so-widget-sow-editor so-widget-sow-editor-base\">\n<div class=\"siteorigin-widget-tinymce textwidget\">\n\t<div id=\"c36168\" class=\"csc-default\">\n<div class=\"csc-textpic csc-textpic-intext-right-nowrap\">\n<div class=\"row\">\n<div class=\"col-sm-6 col-sm-pull-6\">\n<p>La SaarLB et l\u2019Universit\u00e9 franco-allemande (UFA) entendent promouvoir des \u00e9tudiants talentueux via un accord de coop\u00e9ration. Concr\u00e8tement, la SaarLB aidera trois \u00e9tudiants de master de l\u2019UFA par an en leur attribuant une bourse (bourse SaarLB-UFA).<\/p>\n<p>\u00ab Nous nous r\u00e9jouissons beaucoup de cet accord \u00bb, d\u00e9clare Oster-Stierle, pr\u00e9sidente de l\u2019UFA, dans le cadre de la c\u00e9r\u00e9monie de signature du contrat qui a eu lieu aujourd\u2019hui \u00e0 Sarrebruck. \u00ab Il permet d\u2019encourager des \u00e9tudiants qualifi\u00e9s et de proc\u00e9der \u00e0 des \u00e9changes entre formation scientifique et pratique dans le secteur \u00e9conomique. \u00bb<\/p>\n<p>La SaarLB n\u2019apporte pas seulement une aide financi\u00e8re aux \u00e9tudiants, mais leur propose entre autres des stages, souligne Frank Eloy, membre du comit\u00e9 de direction. \u00ab Le profil transfrontalier de l\u2019UFA s\u2019inscrit parfaitement dans notre approche commerciale de banque r\u00e9gionale franco-allemande. Nous employons d\u00e9j\u00e0 de nombreux collaborateurs disposant d\u2019un profil binational, tel qu\u2019il est ancr\u00e9 dans la formation dispens\u00e9e dans le cadre d\u2019un cursus de l\u2019UFA \u00bb.<\/p>\n<p>Repr\u00e9sentant du gouvernement sarrois, Stephan Toscani, ministre des Finances et des Affaires europ\u00e9ennes, salue cet accord. \u00ab La SaarLB d\u00e9montre depuis longtemps d\u00e9j\u00e0 comment fonctionne parfaitement le travail transfrontalier. Via la coop\u00e9ration avec l\u2019UFA, les \u00e9tudiants pourront y participer. Nous saluons \u00e9galement cette coop\u00e9ration car elle soutient la \u00ab Strat\u00e9gie France \u00bb de la Sarre qui s\u2019inscrit dans le long terme. \u00bb<\/p>\n<p>La bourse s\u2019adresse aux jeunes talentueux de l\u2019UFA qui disposent d\u2019un arri\u00e8re-plan franco-allemand et d\u2019une formation dans les cursus sciences \u00e9conomiques, droit ou sciences naturelles\/math\u00e9matiques\/informatique.<\/p>\n<p>(Source: SaarLB)<\/p>\n<p>&nbsp;<\/p>\n<\/div>\n<\/div>\n<\/div>\n<\/div>\n<div id=\"c36169\" class=\"csc-default\">\n<div class=\"csc-header csc-header-n3\">\n<h4>Communiqu\u00e9 de presse :<\/h4>\n<\/div>\n<p><span class=\"csc-uploads-fileName\"><a href=\"https:\/\/www.dfh-ufa.org\/app\/uploads\/2018\/08\/2016-08-31_Communique_de_presse_bourses_SaarLB-UFA.pdf\" target=\"_blank\" rel=\"noopener\">Communiqu\u00e9 de presse Bourses SaarLB-UFA<\/a><\/span><\/p>\n<\/div>\n<\/div>\n<\/div><\/div><\/div><div id=\"pgc-10583-0-1\"  class=\"panel-grid-cell\" ><div id=\"panel-10583-0-1-0\" class=\"so-panel widget widget_sow-editor panel-first-child panel-last-child\" data-index=\"1\" ><div class=\"so-widget-sow-editor so-widget-sow-editor-base\">\n<div class=\"siteorigin-widget-tinymce textwidget\">\n\t<figure id=\"attachment_10580\" aria-describedby=\"caption-attachment-10580\" style=\"width: 300px\" class=\"wp-caption alignleft\"><a href=\"https:\/\/www.dfh-ufa.org\/app\/uploads\/2018\/08\/csm_2016_08_31_SaarLB_DFH_001_WEB_870a43d6ad.jpg\"><img decoding=\"async\" loading=\"lazy\" class=\"wp-image-10580 size-medium\" src=\"https:\/\/www.dfh-ufa.org\/app\/uploads\/2018\/08\/csm_2016_08_31_SaarLB_DFH_001_WEB_870a43d6ad-300x200.jpg\" alt=\"\" width=\"300\" height=\"200\" srcset=\"https:\/\/www.dfh-ufa.org\/app\/uploads\/2018\/08\/csm_2016_08_31_SaarLB_DFH_001_WEB_870a43d6ad-300x200.jpg 300w, https:\/\/www.dfh-ufa.org\/app\/uploads\/2018\/08\/csm_2016_08_31_SaarLB_DFH_001_WEB_870a43d6ad-250x167.jpg 250w, https:\/\/www.dfh-ufa.org\/app\/uploads\/2018\/08\/csm_2016_08_31_SaarLB_DFH_001_WEB_870a43d6ad-272x182.jpg 272w, https:\/\/www.dfh-ufa.org\/app\/uploads\/2018\/08\/csm_2016_08_31_SaarLB_DFH_001_WEB_870a43d6ad-768x512.jpg 768w, https:\/\/www.dfh-ufa.org\/app\/uploads\/2018\/08\/csm_2016_08_31_SaarLB_DFH_001_WEB_870a43d6ad.jpg 900w\" sizes=\"(max-width: 300px) 100vw, 300px\" \/><\/a><figcaption id=\"caption-attachment-10580\" class=\"wp-caption-text\">(d.g.a.d.) Frank Eloy, Membre du Comit\u00e9 de Direction de la SaarLB, Patricia Oster-Stierle, Pr\u00e9sidente de l'UFA, et Stephan Toscani, Ministre des Finances et des Affaires europ\u00e9ennes de la Sarre (\u00a9 SaarLB)<\/figcaption><\/figure>\n<\/div>\n<\/div><\/div><\/div><\/div><\/div>","protected":false},"excerpt":{"rendered":"<p>La SaarLB et l\u2019Universit\u00e9 franco-allemande (UFA) entendent promouvoir des \u00e9tudiants talentueux via un accord de coop\u00e9ration. Concr\u00e8tement, la SaarLB aidera trois \u00e9tudiants de master de l\u2019UFA par an en leur attribuant une bourse (bourse SaarLB-UFA). \u00ab Nous nous r\u00e9jouissons beaucoup de cet accord \u00bb, d\u00e9clare Oster-Stierle, pr\u00e9sidente de l\u2019UFA, dans le cadre de la c\u00e9r\u00e9monie [&hellip;]<\/p>\n","protected":false},"author":8,"featured_media":0,"parent":4765,"menu_order":113,"comment_status":"closed","ping_status":"closed","template":"","meta":{"_bbp_topic_count":0,"_bbp_reply_count":0,"_bbp_total_topic_count":0,"_bbp_total_reply_count":0,"_bbp_voice_count":0,"_bbp_anonymous_reply_count":0,"_bbp_topic_count_hidden":0,"_bbp_reply_count_hidden":0,"_bbp_forum_subforum_count":0,"inline_featured_image":false},"acf":[],"_links":{"self":[{"href":"https:\/\/www.dfh-ufa.org\/fr\/wp-json\/wp\/v2\/pages\/10583"}],"collection":[{"href":"https:\/\/www.dfh-ufa.org\/fr\/wp-json\/wp\/v2\/pages"}],"about":[{"href":"https:\/\/www.dfh-ufa.org\/fr\/wp-json\/wp\/v2\/types\/page"}],"author":[{"embeddable":true,"href":"https:\/\/www.dfh-ufa.org\/fr\/wp-json\/wp\/v2\/users\/8"}],"replies":[{"embeddable":true,"href":"https:\/\/www.dfh-ufa.org\/fr\/wp-json\/wp\/v2\/comments?post=10583"}],"version-history":[{"count":5,"href":"https:\/\/www.dfh-ufa.org\/fr\/wp-json\/wp\/v2\/pages\/10583\/revisions"}],"predecessor-version":[{"id":10589,"href":"https:\/\/www.dfh-ufa.org\/fr\/wp-json\/wp\/v2\/pages\/10583\/revisions\/10589"}],"up":[{"embeddable":true,"href":"https:\/\/www.dfh-ufa.org\/fr\/wp-json\/wp\/v2\/pages\/4765"}],"wp:attachment":[{"href":"https:\/\/www.dfh-ufa.org\/fr\/wp-json\/wp\/v2\/media?parent=10583"}],"curies":[{"name":"wp","href":"https:\/\/api.w.org\/{rel}","templated":true}]}}