{"id":10597,"date":"2018-08-31T11:41:04","date_gmt":"2018-08-31T09:41:04","guid":{"rendered":"https:\/\/www.dfh-ufa.org\/fr\/?page_id=10597"},"modified":"2018-08-31T11:41:04","modified_gmt":"2018-08-31T09:41:04","slug":"lentreprise-hutchinson-et-lufa-mettent-en-place-un-programme-de-bourses-detudes","status":"publish","type":"page","link":"https:\/\/www.dfh-ufa.org\/fr\/vous-etes\/entreprises\/partenariats\/programmes-de-bourses\/lentreprise-hutchinson-et-lufa-mettent-en-place-un-programme-de-bourses-detudes","title":{"rendered":"L&rsquo;entreprise Hutchinson et l&rsquo;UFA mettent en place un programme de bourses d\u2019\u00e9tudes"},"content":{"rendered":"<div id=\"pl-10597\"  class=\"panel-layout\" ><div id=\"pg-10597-0\"  class=\"panel-grid panel-no-style\" ><div id=\"pgc-10597-0-0\"  class=\"panel-grid-cell\" ><div id=\"panel-10597-0-0-0\" class=\"so-panel widget widget_sow-editor panel-first-child panel-last-child\" data-index=\"0\" ><div class=\"so-widget-sow-editor so-widget-sow-editor-base\">\n<div class=\"siteorigin-widget-tinymce textwidget\">\n\t<p><strong>La bourse Hutchinson-UFA nouvellement cr\u00e9\u00e9e permet \u00e0 l'entreprise Hutchinson bas\u00e9e \u00e0 Mannheim et \u00e0 l'UFA de renforcer leur coop\u00e9ration. Dot\u00e9e de 3 000 euros, cette bourse sera attribu\u00e9e tous les ans \u00e0 un \u00e9tudiant de l'UFA inscrit en sciences de l'ing\u00e9nieur.<\/strong><\/p>\n<p>L'Universit\u00e9 franco-allemande (UFA) et l'entreprise Hutchinson implant\u00e9e \u00e0 Mannheim ont sign\u00e9,\u00a0 mardi 15 mars, une convention pr\u00e9voyant la cr\u00e9ation d'une bourse Hutchinson-UFA. Christopher Anner, Pr\u00e9sident-directeur g\u00e9n\u00e9ral de Hutchinson Allemagne, et Patricia Oster-Stierle, Pr\u00e9sidente de l'UFA, se sont montr\u00e9s tr\u00e8s satisfaits de ce nouveau projet de coop\u00e9ration.<\/p>\n<p>\u00ab La bourse Hutchinson-UFA nous permettra de soutenir de brillants \u00e9tudiants en sciences de l'ing\u00e9nieur et de contribuer \u00e0 leur formation franco-allemande. Disposer de personnel hautement qualifi\u00e9 et form\u00e9 \u00e0 l'international constitue un enjeu extr\u00eamement important pour une entreprise multinationale comme Hutchinson qui cherche justement \u00e0 recruter ce type de candidats. C'est donc tr\u00e8s volontiers que nous prenons part \u00e0 ce projet de coop\u00e9ration \u00bb, d\u00e9clare Christopher Anner, Pr\u00e9sident-directeur g\u00e9n\u00e9ral de Hutchinson Allemagne.<\/p>\n<p>\u00ab Nous sommes tr\u00e8s heureux de la mise en place de cette coop\u00e9ration \u00bb, ajoute Patricia Oster-Stierle, Pr\u00e9sidente de l\u2019Universit\u00e9 franco-allemande. \u00ab Nos \u00e9tudiants disposent d'une excellente qualification et sont tr\u00e8s recherch\u00e9s sur le march\u00e9 international du travail. La bourse Hutchinson-UFA permettra chaque ann\u00e9e \u00e0 l'un d'entre eux de d\u00e9couvrir de l'int\u00e9rieur ce grand groupe industriel pr\u00e9sent dans 23 pays et employant plus de 38 000 personnes \u00e0 travers le monde. Chez Hutchinson, comme au sein des cursus de l'UFA, l'interculturalit\u00e9 occupe une place de choix. \u00bb<\/p>\n<p>La cr\u00e9ation de la bourse Hutchinson-UFA n'est pas le premier projet de coop\u00e9ration entre le groupe industriel et l\u2019institution. En octobre 2015, l\u2019entreprise Hutchinson et l'UFA ont en effet organis\u00e9 une manifestation d'\u00e9changes conjointe intitul\u00e9e \u00ab Dialogue avec le monde \u00e9conomique \u00bb en pr\u00e9sence de personnalit\u00e9s issues des mondes politique, \u00e9conomique et universitaire ainsi que d'\u00e9tudiants de l'UFA.<\/p>\n<\/div>\n<\/div><\/div><\/div><div id=\"pgc-10597-0-1\"  class=\"panel-grid-cell\" ><div id=\"panel-10597-0-1-0\" class=\"so-panel widget widget_sow-editor panel-first-child panel-last-child\" data-index=\"1\" ><div class=\"so-widget-sow-editor so-widget-sow-editor-base\">\n<div class=\"siteorigin-widget-tinymce textwidget\">\n\t<p><img decoding=\"async\" loading=\"lazy\" class=\"alignleft wp-image-10592 size-medium\" src=\"https:\/\/www.dfh-ufa.org\/app\/uploads\/2018\/08\/csm_Hutchinson-DFH-Stipendium_738933a4ab-300x208.jpg\" alt=\"\" width=\"300\" height=\"208\" srcset=\"https:\/\/www.dfh-ufa.org\/app\/uploads\/2018\/08\/csm_Hutchinson-DFH-Stipendium_738933a4ab-300x208.jpg 300w, https:\/\/www.dfh-ufa.org\/app\/uploads\/2018\/08\/csm_Hutchinson-DFH-Stipendium_738933a4ab-250x173.jpg 250w, https:\/\/www.dfh-ufa.org\/app\/uploads\/2018\/08\/csm_Hutchinson-DFH-Stipendium_738933a4ab-768x531.jpg 768w, https:\/\/www.dfh-ufa.org\/app\/uploads\/2018\/08\/csm_Hutchinson-DFH-Stipendium_738933a4ab.jpg 867w\" sizes=\"(max-width: 300px) 100vw, 300px\" \/><\/p>\n<\/div>\n<\/div><\/div><\/div><\/div><\/div>","protected":false},"excerpt":{"rendered":"<p>La bourse Hutchinson-UFA nouvellement cr\u00e9\u00e9e permet \u00e0 l&rsquo;entreprise Hutchinson bas\u00e9e \u00e0 Mannheim et \u00e0 l&rsquo;UFA de renforcer leur coop\u00e9ration. Dot\u00e9e de 3 000 euros, cette bourse sera attribu\u00e9e tous les ans \u00e0 un \u00e9tudiant de l&rsquo;UFA inscrit en sciences de l&rsquo;ing\u00e9nieur. L&rsquo;Universit\u00e9 franco-allemande (UFA) et l&rsquo;entreprise Hutchinson implant\u00e9e \u00e0 Mannheim ont sign\u00e9,\u00a0 mardi 15 mars, [&hellip;]<\/p>\n","protected":false},"author":8,"featured_media":0,"parent":4765,"menu_order":116,"comment_status":"closed","ping_status":"closed","template":"","meta":{"_bbp_topic_count":0,"_bbp_reply_count":0,"_bbp_total_topic_count":0,"_bbp_total_reply_count":0,"_bbp_voice_count":0,"_bbp_anonymous_reply_count":0,"_bbp_topic_count_hidden":0,"_bbp_reply_count_hidden":0,"_bbp_forum_subforum_count":0,"inline_featured_image":false},"acf":[],"_links":{"self":[{"href":"https:\/\/www.dfh-ufa.org\/fr\/wp-json\/wp\/v2\/pages\/10597"}],"collection":[{"href":"https:\/\/www.dfh-ufa.org\/fr\/wp-json\/wp\/v2\/pages"}],"about":[{"href":"https:\/\/www.dfh-ufa.org\/fr\/wp-json\/wp\/v2\/types\/page"}],"author":[{"embeddable":true,"href":"https:\/\/www.dfh-ufa.org\/fr\/wp-json\/wp\/v2\/users\/8"}],"replies":[{"embeddable":true,"href":"https:\/\/www.dfh-ufa.org\/fr\/wp-json\/wp\/v2\/comments?post=10597"}],"version-history":[{"count":3,"href":"https:\/\/www.dfh-ufa.org\/fr\/wp-json\/wp\/v2\/pages\/10597\/revisions"}],"predecessor-version":[{"id":10600,"href":"https:\/\/www.dfh-ufa.org\/fr\/wp-json\/wp\/v2\/pages\/10597\/revisions\/10600"}],"up":[{"embeddable":true,"href":"https:\/\/www.dfh-ufa.org\/fr\/wp-json\/wp\/v2\/pages\/4765"}],"wp:attachment":[{"href":"https:\/\/www.dfh-ufa.org\/fr\/wp-json\/wp\/v2\/media?parent=10597"}],"curies":[{"name":"wp","href":"https:\/\/api.w.org\/{rel}","templated":true}]}}