{"id":10609,"date":"2018-08-31T11:52:02","date_gmt":"2018-08-31T09:52:02","guid":{"rendered":"https:\/\/www.dfh-ufa.org\/fr\/?page_id=10609"},"modified":"2018-08-31T11:52:02","modified_gmt":"2018-08-31T09:52:02","slug":"bourses-bnp-paribas-ufa","status":"publish","type":"page","link":"https:\/\/www.dfh-ufa.org\/fr\/vous-etes\/entreprises\/partenariats\/programmes-de-bourses\/bourses-bnp-paribas-ufa","title":{"rendered":"Bourses BNP Paribas-UFA"},"content":{"rendered":"<div id=\"pl-10609\"  class=\"panel-layout\" ><div id=\"pg-10609-0\"  class=\"panel-grid panel-no-style\" ><div id=\"pgc-10609-0-0\"  class=\"panel-grid-cell\" ><div id=\"panel-10609-0-0-0\" class=\"so-panel widget widget_sow-editor panel-first-child panel-last-child\" data-index=\"0\" ><div class=\"so-widget-sow-editor so-widget-sow-editor-base\">\n<div class=\"siteorigin-widget-tinymce textwidget\">\n\t<div class=\"col-sm-6 col-sm-pull-6\">\n<p>L'Universit\u00e9 franco-allemande (UFA) et la banque BNP Paribas ont sign\u00e9, le 26 novembre dernier, une convention de coop\u00e9ration portant sur la mise en place d\u2019un programme binational de \u00ab bourses BNP Paribas-UFA \u00bb.<\/p>\n<p>Scell\u00e9e au cours d'une c\u00e9r\u00e9monie officielle, en pr\u00e9sence de l'Ambassadeur d'Allemagne \u00e0 Paris, cette convention pr\u00e9voit que BNP Paribas France, Allemagne et Luxembourg attribuent une bourse annuelle \u00e0 trois \u00e9tudiants de l'UFA issus de diff\u00e9rentes fili\u00e8res.<\/p>\n<\/div>\n<\/div>\n<\/div><\/div><\/div><div id=\"pgc-10609-0-1\"  class=\"panel-grid-cell\" ><div id=\"panel-10609-0-1-0\" class=\"so-panel widget widget_sow-editor panel-first-child panel-last-child\" data-index=\"1\" ><div class=\"so-widget-sow-editor so-widget-sow-editor-base\">\n<div class=\"siteorigin-widget-tinymce textwidget\">\n\t<figure id=\"attachment_10604\" aria-describedby=\"caption-attachment-10604\" style=\"width: 300px\" class=\"wp-caption alignleft\"><a href=\"https:\/\/www.dfh-ufa.org\/app\/uploads\/2018\/08\/DSC_7381.jpg\"><img decoding=\"async\" loading=\"lazy\" class=\"wp-image-10604 size-medium\" src=\"https:\/\/www.dfh-ufa.org\/app\/uploads\/2018\/08\/DSC_7381-300x200.jpg\" alt=\"\" width=\"300\" height=\"200\" srcset=\"https:\/\/www.dfh-ufa.org\/app\/uploads\/2018\/08\/DSC_7381-300x200.jpg 300w, https:\/\/www.dfh-ufa.org\/app\/uploads\/2018\/08\/DSC_7381-250x167.jpg 250w, https:\/\/www.dfh-ufa.org\/app\/uploads\/2018\/08\/DSC_7381-272x182.jpg 272w, https:\/\/www.dfh-ufa.org\/app\/uploads\/2018\/08\/DSC_7381.jpg 720w\" sizes=\"(max-width: 300px) 100vw, 300px\" \/><\/a><figcaption id=\"caption-attachment-10604\" class=\"wp-caption-text\">Copyright : Fr\u00e9d\u00e9ric Brunet\/DFH-UFA<\/figcaption><\/figure>\n<\/div>\n<\/div><\/div><\/div><\/div><\/div>","protected":false},"excerpt":{"rendered":"<p>L&rsquo;Universit\u00e9 franco-allemande (UFA) et la banque BNP Paribas ont sign\u00e9, le 26 novembre dernier, une convention de coop\u00e9ration portant sur la mise en place d\u2019un programme binational de \u00ab bourses BNP Paribas-UFA \u00bb. Scell\u00e9e au cours d&rsquo;une c\u00e9r\u00e9monie officielle, en pr\u00e9sence de l&rsquo;Ambassadeur d&rsquo;Allemagne \u00e0 Paris, cette convention pr\u00e9voit que BNP Paribas France, Allemagne et [&hellip;]<\/p>\n","protected":false},"author":8,"featured_media":0,"parent":4765,"menu_order":117,"comment_status":"closed","ping_status":"closed","template":"","meta":{"_bbp_topic_count":0,"_bbp_reply_count":0,"_bbp_total_topic_count":0,"_bbp_total_reply_count":0,"_bbp_voice_count":0,"_bbp_anonymous_reply_count":0,"_bbp_topic_count_hidden":0,"_bbp_reply_count_hidden":0,"_bbp_forum_subforum_count":0,"inline_featured_image":false},"acf":[],"_links":{"self":[{"href":"https:\/\/www.dfh-ufa.org\/fr\/wp-json\/wp\/v2\/pages\/10609"}],"collection":[{"href":"https:\/\/www.dfh-ufa.org\/fr\/wp-json\/wp\/v2\/pages"}],"about":[{"href":"https:\/\/www.dfh-ufa.org\/fr\/wp-json\/wp\/v2\/types\/page"}],"author":[{"embeddable":true,"href":"https:\/\/www.dfh-ufa.org\/fr\/wp-json\/wp\/v2\/users\/8"}],"replies":[{"embeddable":true,"href":"https:\/\/www.dfh-ufa.org\/fr\/wp-json\/wp\/v2\/comments?post=10609"}],"version-history":[{"count":2,"href":"https:\/\/www.dfh-ufa.org\/fr\/wp-json\/wp\/v2\/pages\/10609\/revisions"}],"predecessor-version":[{"id":10611,"href":"https:\/\/www.dfh-ufa.org\/fr\/wp-json\/wp\/v2\/pages\/10609\/revisions\/10611"}],"up":[{"embeddable":true,"href":"https:\/\/www.dfh-ufa.org\/fr\/wp-json\/wp\/v2\/pages\/4765"}],"wp:attachment":[{"href":"https:\/\/www.dfh-ufa.org\/fr\/wp-json\/wp\/v2\/media?parent=10609"}],"curies":[{"name":"wp","href":"https:\/\/api.w.org\/{rel}","templated":true}]}}