{"id":1082011,"date":"2022-02-25T10:23:29","date_gmt":"2022-02-25T09:23:29","guid":{"rendered":"https:\/\/www.dfh-ufa.org\/fr\/vous-etes\/infos-pour-futurs-etudiants\/reunion-dinformation-en-ligne"},"modified":"2022-02-25T11:01:54","modified_gmt":"2022-02-25T10:01:54","slug":"reunion-dinformation-en-ligne","status":"publish","type":"page","link":"https:\/\/www.dfh-ufa.org\/fr\/vous-etes\/infos-pour-futurs-etudiants\/reunion-dinformation-en-ligne","title":{"rendered":"R\u00e9union d&rsquo;information en ligne"},"content":{"rendered":"<p>Madame, Monsieur,<\/p>\n<p>Nous vous remercions pour l&rsquo;int\u00e9r\u00eat que vous portez \u00e0 la r\u00e9union d\u2019information en ligne sur les cursus franco-allemands de l&rsquo;UFA <strong>le 19 mars 2022 \u00e0 11h00.<\/strong><\/p>\n<p>Nous vous prions de nous communiquer via le formulaire suivant le nombre estim\u00e9 d&rsquo;\u00e9l\u00e8ves qui participeront \u00e0 cette r\u00e9union en ligne.<\/p>\n<div>\n<p>Vous recevrez le <strong>lien d\u2019acc\u00e8s<\/strong> \u00e0 la r\u00e9union en ligne dans le courriel de confirmation de votre inscription. Nous vous demanderons alors de <strong>transmettre ce lien \u00e0 vos \u00e9l\u00e8ves<\/strong>.<\/p>\n\n<\/div>\n","protected":false},"excerpt":{"rendered":"<p>Madame, Monsieur, Nous vous remercions pour l&rsquo;int\u00e9r\u00eat que vous portez \u00e0 la r\u00e9union d\u2019information en ligne sur les cursus franco-allemands de l&rsquo;UFA le 19 mars 2022 \u00e0 11h00. Nous vous prions de nous communiquer via le formulaire suivant le nombre estim\u00e9 d&rsquo;\u00e9l\u00e8ves qui participeront \u00e0 cette r\u00e9union en ligne. Vous recevrez le lien d\u2019acc\u00e8s \u00e0 [&hellip;]<\/p>\n","protected":false},"author":21,"featured_media":0,"parent":311775,"menu_order":0,"comment_status":"closed","ping_status":"closed","template":"","meta":{"_bbp_topic_count":0,"_bbp_reply_count":0,"_bbp_total_topic_count":0,"_bbp_total_reply_count":0,"_bbp_voice_count":0,"_bbp_anonymous_reply_count":0,"_bbp_topic_count_hidden":0,"_bbp_reply_count_hidden":0,"_bbp_forum_subforum_count":0,"inline_featured_image":false},"acf":[],"_links":{"self":[{"href":"https:\/\/www.dfh-ufa.org\/fr\/wp-json\/wp\/v2\/pages\/1082011"}],"collection":[{"href":"https:\/\/www.dfh-ufa.org\/fr\/wp-json\/wp\/v2\/pages"}],"about":[{"href":"https:\/\/www.dfh-ufa.org\/fr\/wp-json\/wp\/v2\/types\/page"}],"author":[{"embeddable":true,"href":"https:\/\/www.dfh-ufa.org\/fr\/wp-json\/wp\/v2\/users\/21"}],"replies":[{"embeddable":true,"href":"https:\/\/www.dfh-ufa.org\/fr\/wp-json\/wp\/v2\/comments?post=1082011"}],"version-history":[{"count":3,"href":"https:\/\/www.dfh-ufa.org\/fr\/wp-json\/wp\/v2\/pages\/1082011\/revisions"}],"predecessor-version":[{"id":1082012,"href":"https:\/\/www.dfh-ufa.org\/fr\/wp-json\/wp\/v2\/pages\/1082011\/revisions\/1082012"}],"up":[{"embeddable":true,"href":"https:\/\/www.dfh-ufa.org\/fr\/wp-json\/wp\/v2\/pages\/311775"}],"wp:attachment":[{"href":"https:\/\/www.dfh-ufa.org\/fr\/wp-json\/wp\/v2\/media?parent=1082011"}],"curies":[{"name":"wp","href":"https:\/\/api.w.org\/{rel}","templated":true}]}}