{"id":10862,"date":"2018-09-07T11:26:25","date_gmt":"2018-09-07T09:26:25","guid":{"rendered":"https:\/\/www.dfh-ufa.org\/fr\/?page_id=10862"},"modified":"2023-04-06T16:01:12","modified_gmt":"2023-04-06T14:01:12","slug":"bourses-dentreprises","status":"publish","type":"page","link":"https:\/\/www.dfh-ufa.org\/fr\/vous-etes\/entreprises\/partenariats\/programmes-de-bourses\/bourses-dentreprises","title":{"rendered":"Bourses d&rsquo;entreprises"},"content":{"rendered":"<div id=\"pl-10862\"  class=\"panel-layout\" ><div id=\"pg-10862-0\"  class=\"panel-grid panel-no-style\" ><div id=\"pgc-10862-0-0\"  class=\"panel-grid-cell\" ><div id=\"panel-10862-0-0-0\" class=\"so-panel widget widget_sow-editor panel-first-child panel-last-child\" data-index=\"0\" ><div class=\"so-widget-sow-editor so-widget-sow-editor-base\">\n<div class=\"siteorigin-widget-tinymce textwidget\">\n\t<p>L'UFA met en \u0153uvre des programmes de bourses en coop\u00e9ration avec diff\u00e9rents partenaires \u00e9conomiques tels que Michelin Reifenwerke (Homburg), BNP Paribas et la banque SaarLB.<\/p>\n<p><strong>Comment fonctionnent ces programmes de bourses ?<\/strong><br \/>\nCes coop\u00e9rations pr\u00e9voient que chaque partenaire \u00e9conomique attribue tous les ans une ou plusieurs bourses \u00e0 des \u00e9tudiant*es de l'UFA. Les entreprises s\u00e9lectionnent plusieurs cursus parmi lesquels ils souhaitent apporter un soutien financier \u00e0 des \u00e9tudiant*es.<\/p>\n<p>Les responsables de ces cursus re\u00e7oivent alors un courrier de l'UFA, dans lequel ils sont pri\u00e9s de proposer des candidat*es aux entreprises en vue de la mise en place de leur programme de bourse.<\/p>\n<p>Apr\u00e8s avoir \u00e9tudi\u00e9 tous les dossiers de candidature re\u00e7us, le partenaire \u00e9conomique s\u00e9lectionne directement ses boursier*\u00e8res ou invite les candidat*es pr\u00e9s\u00e9lectionn\u00e9*es \u00e0 un entretien, afin de se faire une id\u00e9e plus pr\u00e9cise de la personnalit\u00e9 de ces derniers.<\/p>\n<p><strong>Vos avantages<\/strong><br \/>\nL'obtention d'une de ces bourses par un*e \u00e9tudiant*e de l'UFA constitue un privil\u00e8ge \u00e0 la fois pour le cursus concern\u00e9 et pour le*la boursier*\u00e8re qui b\u00e9n\u00e9ficiera non seulement d'un soutien financier suppl\u00e9mentaire, mais \u00e9galement d'une r\u00e9f\u00e9rence valorisant son curriculum.<\/p>\n<p>Par ailleurs, les cursus s\u00e9lectionn\u00e9s dans le cadre de ces programmes de bourses peuvent, conform\u00e9ment au mod\u00e8le de cofinancement de l'UFA, b\u00e9n\u00e9ficier d'un rel\u00e8vement de 1 000 euros des aides aux frais de fonctionnement qu'ils per\u00e7oivent.<\/p>\n<p><a href=\"https:\/\/www.dfh-ufa.org\/fr\/vous-etes\/entreprises\/partenariats\/programmes-de-bourses\/\">\u00bb Articles et communiqu\u00e9s de presse<\/a><\/p>\n<\/div>\n<\/div><\/div><\/div><div id=\"pgc-10862-0-1\"  class=\"panel-grid-cell\" ><div id=\"panel-10862-0-1-0\" class=\"so-panel widget widget_sow-editor panel-first-child panel-last-child\" data-index=\"1\" ><div class=\"so-widget-sow-editor so-widget-sow-editor-base\">\n<div class=\"siteorigin-widget-tinymce textwidget\">\n\t<h3>Pour plus d'informations :<\/h3>\n<p><strong>Anika Kost<\/strong><br \/>\nResponsable du d\u00e9partement \u00ab Relations ext\u00e9rieures et partenariales \u00bb<br \/>\nT\u00e9l. : +49 (0) 681 93812-146<br \/>\nCourriel : <a href=\"mailto:kost@dfh-ufa.org\" target=\"_blank\" rel=\"noopener\">kost(at)dfh-ufa.org<\/a><\/p>\n<p><strong>\u00c8ve Kieffer<\/strong><br \/>\nCharg\u00e9e de dossiers \u00ab Relations entreprises et dipl\u00f4m\u00e9s \u00bb<a href=\"mailto:leeder@dfh.ufa.org\"><br \/>\n<\/a>Tel. : +49 (0) 681 93812-189<a href=\"mailto:leeder@dfh.ufa.org\"><br \/>\n<\/a>E-Mail:\u00a0 <a href=\"mailto:kieffer@dfh-ufa.org\" target=\"_blank\" rel=\"nofollow noopener noreferrer\">kieffer(at)dfh-ufa.org<\/a><\/p>\n<\/div>\n<\/div><\/div><\/div><\/div><\/div>","protected":false},"excerpt":{"rendered":"<p>L&rsquo;UFA met en \u0153uvre des programmes de bourses en coop\u00e9ration avec diff\u00e9rents partenaires \u00e9conomiques tels que Michelin Reifenwerke (Homburg), BNP Paribas et la banque SaarLB. Comment fonctionnent ces programmes de bourses ? Ces coop\u00e9rations pr\u00e9voient que chaque partenaire \u00e9conomique attribue tous les ans une ou plusieurs bourses \u00e0 des \u00e9tudiant*es de l&rsquo;UFA. Les entreprises s\u00e9lectionnent [&hellip;]<\/p>\n","protected":false},"author":8,"featured_media":0,"parent":4765,"menu_order":102,"comment_status":"closed","ping_status":"closed","template":"","meta":{"_bbp_topic_count":0,"_bbp_reply_count":0,"_bbp_total_topic_count":0,"_bbp_total_reply_count":0,"_bbp_voice_count":0,"_bbp_anonymous_reply_count":0,"_bbp_topic_count_hidden":0,"_bbp_reply_count_hidden":0,"_bbp_forum_subforum_count":0,"inline_featured_image":false},"acf":[],"_links":{"self":[{"href":"https:\/\/www.dfh-ufa.org\/fr\/wp-json\/wp\/v2\/pages\/10862"}],"collection":[{"href":"https:\/\/www.dfh-ufa.org\/fr\/wp-json\/wp\/v2\/pages"}],"about":[{"href":"https:\/\/www.dfh-ufa.org\/fr\/wp-json\/wp\/v2\/types\/page"}],"author":[{"embeddable":true,"href":"https:\/\/www.dfh-ufa.org\/fr\/wp-json\/wp\/v2\/users\/8"}],"replies":[{"embeddable":true,"href":"https:\/\/www.dfh-ufa.org\/fr\/wp-json\/wp\/v2\/comments?post=10862"}],"version-history":[{"count":20,"href":"https:\/\/www.dfh-ufa.org\/fr\/wp-json\/wp\/v2\/pages\/10862\/revisions"}],"predecessor-version":[{"id":1643032,"href":"https:\/\/www.dfh-ufa.org\/fr\/wp-json\/wp\/v2\/pages\/10862\/revisions\/1643032"}],"up":[{"embeddable":true,"href":"https:\/\/www.dfh-ufa.org\/fr\/wp-json\/wp\/v2\/pages\/4765"}],"wp:attachment":[{"href":"https:\/\/www.dfh-ufa.org\/fr\/wp-json\/wp\/v2\/media?parent=10862"}],"curies":[{"name":"wp","href":"https:\/\/api.w.org\/{rel}","templated":true}]}}