{"id":10979,"date":"2018-09-11T15:45:56","date_gmt":"2018-09-11T13:45:56","guid":{"rendered":"https:\/\/www.dfh-ufa.org\/fr\/?page_id=10979"},"modified":"2026-01-13T16:38:08","modified_gmt":"2026-01-13T15:38:08","slug":"appels-a-candidatures","status":"publish","type":"page","link":"https:\/\/www.dfh-ufa.org\/fr\/lufa\/appels-a-candidatures","title":{"rendered":"Appels \u00e0 candidatures"},"content":{"rendered":"<p>Actuellement, il n&rsquo;y a pas de poste \u00e0 pourvoir au sein de l&rsquo;Universit\u00e9 franco-allemande (UFA).<\/p>\n<p><strong>Vous recherchez un emploi dans le domaine universitaire\u00a0?<\/strong><\/p>\n<p>Vous avez la possibilit\u00e9 de prendre directement contact avec les partenaires de notre r\u00e9seau via <u><a href=\"https:\/\/www.dfh-ufa.org\/fr\/programmes\/guide-des-etudes?\">https:\/\/www.dfh-ufa.org\/fr\/programmes\/guide-des-etudes?<\/a><\/u><\/p>\n<p>L\u2019UFA g\u00e8re ce r\u00e9seau d&rsquo;\u00e9tablissements d&rsquo;enseignement sup\u00e9rieur et de recherche. Nos \u00e9tablissements partenaires sont r\u00e9partis dans toute la France, l&rsquo;Allemagne ainsi qu\u2019\u00e0 l&rsquo;\u00e9tranger.<\/p>\n<p>\u00c0 Sarrebruck se trouve uniquement notre <u>si\u00e8ge administratif<\/u>. A notre si\u00e8ge administratif, il est \u00e9galement possible d&rsquo;effectuer des <strong>stages<\/strong> notamment dans les domaines de la communication, du marketing universitaire, des m\u00e9dias num\u00e9riques ou de l&rsquo;administration.<\/p>\n<div id=\"sconnect-is-installed\">2.15.1.0<\/div>\n","protected":false},"excerpt":{"rendered":"<p>Actuellement, il n&rsquo;y a pas de poste \u00e0 pourvoir au sein de l&rsquo;Universit\u00e9 franco-allemande (UFA). Vous recherchez un emploi dans le domaine universitaire\u00a0? Vous avez la possibilit\u00e9 de prendre directement contact avec les partenaires de notre r\u00e9seau via https:\/\/www.dfh-ufa.org\/fr\/programmes\/guide-des-etudes? L\u2019UFA g\u00e8re ce r\u00e9seau d&rsquo;\u00e9tablissements d&rsquo;enseignement sup\u00e9rieur et de recherche. Nos \u00e9tablissements partenaires sont r\u00e9partis dans [&hellip;]<\/p>\n","protected":false},"author":3,"featured_media":0,"parent":788,"menu_order":848,"comment_status":"closed","ping_status":"closed","template":"","meta":{"_bbp_topic_count":0,"_bbp_reply_count":0,"_bbp_total_topic_count":0,"_bbp_total_reply_count":0,"_bbp_voice_count":0,"_bbp_anonymous_reply_count":0,"_bbp_topic_count_hidden":0,"_bbp_reply_count_hidden":0,"_bbp_forum_subforum_count":0,"inline_featured_image":false},"acf":[],"_links":{"self":[{"href":"https:\/\/www.dfh-ufa.org\/fr\/wp-json\/wp\/v2\/pages\/10979"}],"collection":[{"href":"https:\/\/www.dfh-ufa.org\/fr\/wp-json\/wp\/v2\/pages"}],"about":[{"href":"https:\/\/www.dfh-ufa.org\/fr\/wp-json\/wp\/v2\/types\/page"}],"author":[{"embeddable":true,"href":"https:\/\/www.dfh-ufa.org\/fr\/wp-json\/wp\/v2\/users\/3"}],"replies":[{"embeddable":true,"href":"https:\/\/www.dfh-ufa.org\/fr\/wp-json\/wp\/v2\/comments?post=10979"}],"version-history":[{"count":427,"href":"https:\/\/www.dfh-ufa.org\/fr\/wp-json\/wp\/v2\/pages\/10979\/revisions"}],"predecessor-version":[{"id":1962480,"href":"https:\/\/www.dfh-ufa.org\/fr\/wp-json\/wp\/v2\/pages\/10979\/revisions\/1962480"}],"up":[{"embeddable":true,"href":"https:\/\/www.dfh-ufa.org\/fr\/wp-json\/wp\/v2\/pages\/788"}],"wp:attachment":[{"href":"https:\/\/www.dfh-ufa.org\/fr\/wp-json\/wp\/v2\/media?parent=10979"}],"curies":[{"name":"wp","href":"https:\/\/api.w.org\/{rel}","templated":true}]}}