{"id":11261,"date":"2018-09-21T08:40:53","date_gmt":"2018-09-21T06:40:53","guid":{"rendered":"https:\/\/www.dfh-ufa.org\/fr\/?page_id=11261"},"modified":"2018-09-21T08:41:51","modified_gmt":"2018-09-21T06:41:51","slug":"11261-2","status":"publish","type":"page","link":"https:\/\/www.dfh-ufa.org\/fr\/vous-etes\/entreprises\/partenariats\/programmes-de-bourses\/11261-2","title":{"rendered":"La SaarLB remet une bourse \u00e0 trois \u00e9tudiants de l\u2019Universit\u00e9 franco-allemande"},"content":{"rendered":"<div id=\"pl-11261\"  class=\"panel-layout\" ><div id=\"pg-11261-0\"  class=\"panel-grid panel-no-style\" ><div id=\"pgc-11261-0-0\"  class=\"panel-grid-cell\" ><div id=\"panel-11261-0-0-0\" class=\"so-panel widget widget_sow-editor panel-first-child panel-last-child\" data-index=\"0\" ><div class=\"so-widget-sow-editor so-widget-sow-editor-base\">\n<div class=\"siteorigin-widget-tinymce textwidget\">\n\t<div id=\"c36166\" class=\"csc-default\">\n<div class=\"csc-textpic csc-textpic-intext-right-nowrap\">\n<div class=\"row\">\n<div class=\"col-sm-6 col-sm-pull-6\">\n<p><strong>La SaarLB soutient trois \u00e9tudiants de master de l\u2019Universit\u00e9 franco-allemande (UFA) en attribuant \u00e0 chacun une bourse de 3 000 euros (dans le cadre de la bourse SaarLB-UFA). Les \u00e9tudiants se sont vu remettre officiellement leur bourse dans les locaux de l\u2019UFA.<\/strong><\/p>\n<p>\u00c0 cette occasion, le ministre sarrois des affaires europ\u00e9ennes, Stephan Toscani, a d\u00e9clar\u00e9 : \u00ab Je me f\u00e9licite de cette coop\u00e9ration entre l\u2019UFA et la SaarLB. Elle encourage la \"Strat\u00e9gie France\" dans laquelle la Sarre s\u2019inscrit sur le long terme et en assure la visibilit\u00e9 et la concr\u00e9tisation dans un domaine cl\u00e9. La SaarLB se d\u00e9finit elle-m\u00eame comme une banque r\u00e9gionale franco-allemande. La SaarLB apporte non seulement une aide financi\u00e8re aux \u00e9tudiants, mais leur offre \u00e9galement la possibilit\u00e9 d\u2019effectuer un stage. La SaarLB est l\u2019exemple m\u00eame d\u2019une coop\u00e9ration transfrontali\u00e8re r\u00e9ussie. \u00bb<\/p>\n<p>Cette bourse intervient dans le cadre d\u2019un accord de coop\u00e9ration sign\u00e9 entre la SaarLB et l\u2019UFA au mois d\u2019ao\u00fbt dernier. Cet accord pr\u00e9voit l\u2019attribution de trois bourses par an \u00e0 de jeunes talents de l\u2019UFA.<\/p>\n<p>\u00ab Nous avons s\u00e9lectionn\u00e9 trois \u00e9tudiants hautement qualifi\u00e9s et qui, en raison de leur profil binational et de leur formation franco-allemande, ont toutes les chances de poser les bases d\u2019une carri\u00e8re prometteuse dans un \u00e9tablissement de cr\u00e9dit actif sur les deux march\u00e9s, comme la SaarLB. Nous sommes ravis de pouvoir encourager leur d\u00e9veloppement sur le long terme par le biais de cette bourse \u00bb, d\u00e9clare Frank Eloy, membre du Comit\u00e9 de direction de la SaarLB.<\/p>\n<p>Les \u00e9tudiants retenus pour la bourse suivent des cursus de sciences \u00e9conomiques, de droit et d\u2019informatique dans les \u00e9tablissements allemands et fran\u00e7ais suivants : l\u2019ISFATES \/ DFHI (Institut Sup\u00e9rieur Franco-Allemand de Techniques, d\u2019\u00c9conomie et de Sciences), l\u2019ESSEC Business School \/ l\u2019Universit\u00e9 de Mannheim ainsi que l\u2019Universit\u00e9 Paris Nanterre \/ l\u2019Universit\u00e9 de Potsdam.<\/p>\n<p>\u00ab La bourse SaarLB-UFA r\u00e9compense les excellentes performances de nos \u00e9tudiants. De plus, cet \u00e9change direct permet \u00e0 la SaarLB de mettre en oeuvre de mani\u00e8re cibl\u00e9e les comp\u00e9tences sp\u00e9cialis\u00e9es et interculturelles de nos \u00e9tudiants dans ses diff\u00e9rents secteurs d\u2019activit\u00e9 \u00bb, se r\u00e9jouit Patricia Oster- Stierle, pr\u00e9sidente de l\u2019Universit\u00e9 franco-allemande.<\/p>\n<p>(Source : SaarLB)<\/p>\n<p>&nbsp;<\/p>\n<\/div>\n<\/div>\n<\/div>\n<\/div>\n<div id=\"c36167\" class=\"csc-default\">\n<div class=\"csc-header csc-header-n3\">\n<h4>Communiqu\u00e9 de presse :<\/h4>\n<\/div>\n<p><span class=\"csc-uploads-fileName\"><a href=\"https:\/\/www.dfh-ufa.org\/app\/uploads\/2018\/09\/20170306_SaarLB_uebergibt_Stipendien_an_drei_DFH-Studierende_FR.pdf\" target=\"_blank\" rel=\"noopener\">Communiqu\u00e9 de presse Bourses SaarLB-UFA<\/a><\/span><\/p>\n<\/div>\n<\/div>\n<\/div><\/div><\/div><div id=\"pgc-11261-0-1\"  class=\"panel-grid-cell\" ><div id=\"panel-11261-0-1-0\" class=\"so-panel widget widget_sow-editor panel-first-child panel-last-child\" data-index=\"1\" ><div class=\"so-widget-sow-editor so-widget-sow-editor-base\">\n<div class=\"siteorigin-widget-tinymce textwidget\">\n\t<p><a href=\"https:\/\/www.dfh-ufa.org\/app\/uploads\/2018\/08\/csm_stipendium_0317_1_c544f576cf.jpg\" target=\"_blank\" rel=\"noopener\"><img decoding=\"async\" loading=\"lazy\" class=\"alignleft wp-image-10855 size-medium\" src=\"https:\/\/www.dfh-ufa.org\/app\/uploads\/2018\/08\/csm_stipendium_0317_1_c544f576cf-300x200.jpg\" alt=\"\" width=\"300\" height=\"200\"><\/a><a href=\"https:\/\/www.dfh-ufa.org\/app\/uploads\/2018\/09\/csm_stipendium_0317_64_36e180ed21.jpg\" target=\"_blank\" rel=\"noopener\"><img decoding=\"async\" loading=\"lazy\" class=\"alignleft wp-image-11691 size-medium\" src=\"https:\/\/www.dfh-ufa.org\/app\/uploads\/2018\/09\/csm_stipendium_0317_64_36e180ed21-300x200.jpg\" alt=\"\" width=\"300\" height=\"200\"><\/a><a href=\"https:\/\/www.dfh-ufa.org\/app\/uploads\/2018\/09\/csm_stipendium_0317_46_2_28589eac0a.jpg\" target=\"_blank\" rel=\"noopener\"><img decoding=\"async\" loading=\"lazy\" class=\"alignleft wp-image-11690 size-medium\" src=\"https:\/\/www.dfh-ufa.org\/app\/uploads\/2018\/09\/csm_stipendium_0317_46_2_28589eac0a-300x200.jpg\" alt=\"\" width=\"300\" height=\"200\"><\/a><\/p>\n<\/div>\n<\/div><\/div><\/div><\/div><\/div>","protected":false},"excerpt":{"rendered":"<p>La SaarLB soutient trois \u00e9tudiants de master de l\u2019Universit\u00e9 franco-allemande (UFA) en attribuant \u00e0 chacun une bourse de 3 000 euros (dans le cadre de la bourse SaarLB-UFA). Les \u00e9tudiants se sont vu remettre officiellement leur bourse dans les locaux de l\u2019UFA. \u00c0 cette occasion, le ministre sarrois des affaires europ\u00e9ennes, Stephan Toscani, a d\u00e9clar\u00e9 [&hellip;]<\/p>\n","protected":false},"author":8,"featured_media":0,"parent":4765,"menu_order":111,"comment_status":"closed","ping_status":"closed","template":"","meta":{"_bbp_topic_count":0,"_bbp_reply_count":0,"_bbp_total_topic_count":0,"_bbp_total_reply_count":0,"_bbp_voice_count":0,"_bbp_anonymous_reply_count":0,"_bbp_topic_count_hidden":0,"_bbp_reply_count_hidden":0,"_bbp_forum_subforum_count":0,"inline_featured_image":false},"acf":[],"_links":{"self":[{"href":"https:\/\/www.dfh-ufa.org\/fr\/wp-json\/wp\/v2\/pages\/11261"}],"collection":[{"href":"https:\/\/www.dfh-ufa.org\/fr\/wp-json\/wp\/v2\/pages"}],"about":[{"href":"https:\/\/www.dfh-ufa.org\/fr\/wp-json\/wp\/v2\/types\/page"}],"author":[{"embeddable":true,"href":"https:\/\/www.dfh-ufa.org\/fr\/wp-json\/wp\/v2\/users\/8"}],"replies":[{"embeddable":true,"href":"https:\/\/www.dfh-ufa.org\/fr\/wp-json\/wp\/v2\/comments?post=11261"}],"version-history":[{"count":4,"href":"https:\/\/www.dfh-ufa.org\/fr\/wp-json\/wp\/v2\/pages\/11261\/revisions"}],"predecessor-version":[{"id":11266,"href":"https:\/\/www.dfh-ufa.org\/fr\/wp-json\/wp\/v2\/pages\/11261\/revisions\/11266"}],"up":[{"embeddable":true,"href":"https:\/\/www.dfh-ufa.org\/fr\/wp-json\/wp\/v2\/pages\/4765"}],"wp:attachment":[{"href":"https:\/\/www.dfh-ufa.org\/fr\/wp-json\/wp\/v2\/media?parent=11261"}],"curies":[{"name":"wp","href":"https:\/\/api.w.org\/{rel}","templated":true}]}}