{"id":11285,"date":"2018-09-21T10:18:40","date_gmt":"2018-09-21T08:18:40","guid":{"rendered":"https:\/\/www.dfh-ufa.org\/fr\/?page_id=11285"},"modified":"2018-09-21T10:25:27","modified_gmt":"2018-09-21T08:25:27","slug":"une-premiere-avec-trois-boursiers-michelin-et-luniversite-franco-allemande-augmentent-leur-nombre-de-boursiers","status":"publish","type":"page","link":"https:\/\/www.dfh-ufa.org\/fr\/vous-etes\/entreprises\/partenariats\/programmes-de-bourses\/une-premiere-avec-trois-boursiers-michelin-et-luniversite-franco-allemande-augmentent-leur-nombre-de-boursiers","title":{"rendered":"Une premi\u00e8re avec trois boursiers: Michelin et l&rsquo;Universit\u00e9 franco-allemande augmentent leur nombre de boursiers"},"content":{"rendered":"<div id=\"pl-11285\"  class=\"panel-layout\" ><div id=\"pg-11285-0\"  class=\"panel-grid panel-no-style\" ><div id=\"pgc-11285-0-0\"  class=\"panel-grid-cell\" ><div id=\"panel-11285-0-0-0\" class=\"so-panel widget widget_sow-editor panel-first-child panel-last-child\" data-index=\"0\" ><div class=\"so-widget-sow-editor so-widget-sow-editor-base\">\n<div class=\"siteorigin-widget-tinymce textwidget\">\n\t<p>Michelin et l\u2019Universit\u00e9 franco-allemande (UFA) renouvellent pour la quatri\u00e8me fois cons\u00e9cutive leur coop\u00e9ration dans le cadre du projet \u00ab la Bourse Michelin UFA \u00bb Pour la premi\u00e8re fois, un \u00e9tudiant en g\u00e9nie \u00e9lectrique se voit \u00e9galement attribuer la bourse si bien qu'au total trois \u00e9tudiants sont aid\u00e9s financi\u00e8rement. \u00ab En tant que site de production faisant partie d\u2019un grand groupe fran\u00e7ais, nous nous r\u00e9jouissons tout particuli\u00e8rement de pouvoir encourager de jeunes talents issus de France et d\u2018Allemagne, et ceci pour la quatri\u00e8me fois. En plus de leurs connaissances techniques, ces \u00e9tudiants engag\u00e9s apportent aussi leurs capacit\u00e9s interculturelles et linguistiques que nous appr\u00e9cions tout particuli\u00e8rement en tant qu\u2019employeur d\u2019un grand nombre de collaborateurs fran\u00e7ais en Sarre \u00bb, explique Cyrille Beau, directeur du site de production Michelin \u00e0 Homburg.<\/p>\n<p>Les trois \u00e9tudiants, Jasmin Carolin Sheikh Farshi, g\u00e9nie m\u00e9canique, 20 ans, Julian Kr\u00e4tzmann, g\u00e9nie m\u00e9canique, 21 ans, et Jean Fabrice Fetue Simo, g\u00e9nie \u00e9lectrique, 26 ans, ont sign\u00e9 leur contrat \u00e0 la Villa Europa \u00e0 Sarrebruck, si\u00e8ge de l\u2019UFA. \u00c9taient pr\u00e9sents, Cyrille Beau, Thomas Hoffmann, responsable du personnel chez Michelin \u00e0 Homburg, Laurent Siegel, responsable du bureau d\u2019\u00e9tudes chez Michelin \u00e0 Homburg, Prof. Dr. Patricia Oster-Stierle, Pr\u00e9sidente de l\u2019UFA ainsi que Heike Jaeckels et Volker Schmitt, responsables de programmes \u00e0 l'Institut Sup\u00e9rieure Franco-Allemand de Techniques, d\u2019\u00c9conomie et de Sciences (ISFATES) de la \u00ab Hochschule f\u00fcr Technik und Wirtschaft des Saarlandes (htw saar) \u00bb.<\/p>\n<p>Ce contrat de coop\u00e9ration entre Michelin Homburg et l\u2019UFA, pr\u00e9voit un soutien financier \u00e0 hauteur de 300 Euro par mois octroy\u00e9 par Michelin \u00e0 au moins deux \u00e9tudiants inscrits dans une fili\u00e8re franco-allemande \u00e0 l\u2019ISFATES. Cette coop\u00e9ration a vu le jour le 22 janvier 2014, \u00e0 l\u2019occasion de la Journ\u00e9e franco-allemande. Trois \u00e9tudiants allemands et trois \u00e9tudiants fran\u00e7ais ont d\u00e9j\u00e0 pu profiter de ce soutien jusqu\u2019\u00e0 pr\u00e9sent.<\/p>\n<p>\u00ab Nos \u00e9tudiants b\u00e9n\u00e9ficient non seulement d'une excellente formation et de comp\u00e9tences interculturelles, mais sont \u00e9galement particuli\u00e8rement motiv\u00e9s, ouverts sur le monde et savent s'adapter \u00e0 diff\u00e9rentes situations, autant de qualit\u00e9s tr\u00e8s appr\u00e9ci\u00e9es sur le march\u00e9 du travail franco-allemand \u00bb, ajoute Patricia Oster-Stierle. \u00ab Le programme de 'bourses Michelin-UFA' leur permet de d\u00e9couvrir un grand groupe industriel fran\u00e7ais qui dispose d'un site de production important en Sarre et constitue donc pour nous un partenaire de tout premier rang. En effet, le site Michelin de Homburg recrutant pr\u00e8s de la moiti\u00e9 de son personnel en France, la diversit\u00e9 et la coop\u00e9ration franco-allemande font depuis longtemps partie int\u00e9grante de son quotidien. \u00bb<\/p>\n<p>(Source : Michelin)<\/p>\n<p>&nbsp;<\/p>\n<h4>Communiqu\u00e9 de presse :<\/h4>\n<p><a href=\"https:\/\/www.dfh-ufa.org\/app\/uploads\/2018\/09\/Michelin_information_de_presse_Bourse_Michelin_UFA.pdf\" target=\"_blank\" rel=\"noopener\">Communiqu\u00e9 de presse Bourses Michelin-UFA<\/a><\/p>\n<\/div>\n<\/div><\/div><\/div><div id=\"pgc-11285-0-1\"  class=\"panel-grid-cell\" ><div id=\"panel-11285-0-1-0\" class=\"so-panel widget widget_sow-editor panel-first-child panel-last-child\" data-index=\"1\" ><div class=\"so-widget-sow-editor so-widget-sow-editor-base\">\n<div class=\"siteorigin-widget-tinymce textwidget\">\n\t<figure id=\"attachment_10617\" aria-describedby=\"caption-attachment-10617\" style=\"width: 300px\" class=\"wp-caption alignleft\"><a href=\"https:\/\/www.dfh-ufa.org\/app\/uploads\/2018\/08\/csm_Michelin_DFH_Stipendium_Gruppenfoto_2_7998344626.jpg\" target=\"_blank\" rel=\"noopener\"><img decoding=\"async\" loading=\"lazy\" class=\"wp-image-10617 size-medium\" src=\"https:\/\/www.dfh-ufa.org\/app\/uploads\/2018\/08\/csm_Michelin_DFH_Stipendium_Gruppenfoto_2_7998344626-300x200.jpg\" alt=\"\" width=\"300\" height=\"200\" srcset=\"https:\/\/www.dfh-ufa.org\/app\/uploads\/2018\/08\/csm_Michelin_DFH_Stipendium_Gruppenfoto_2_7998344626-300x200.jpg 300w, https:\/\/www.dfh-ufa.org\/app\/uploads\/2018\/08\/csm_Michelin_DFH_Stipendium_Gruppenfoto_2_7998344626-250x167.jpg 250w, https:\/\/www.dfh-ufa.org\/app\/uploads\/2018\/08\/csm_Michelin_DFH_Stipendium_Gruppenfoto_2_7998344626-272x182.jpg 272w, https:\/\/www.dfh-ufa.org\/app\/uploads\/2018\/08\/csm_Michelin_DFH_Stipendium_Gruppenfoto_2_7998344626-768x512.jpg 768w, https:\/\/www.dfh-ufa.org\/app\/uploads\/2018\/08\/csm_Michelin_DFH_Stipendium_Gruppenfoto_2_7998344626.jpg 900w\" sizes=\"(max-width: 300px) 100vw, 300px\" \/><\/a><figcaption id=\"caption-attachment-10617\" class=\"wp-caption-text\">premier rang : Heike Jaeckels, responsable de programme \u00e0 l\u2019ISFATES, Patricia Oster-Stierle, pr\u00e9sidente de l\u2019UFA, Cyrille Beau, directeur Michelin Homburg. Deuxi\u00e8me rang : Volker Schmitt, responsable de programme \u00e0 l\u2019ISFATES, Julian Kr\u00e4tzmann, Jasmin Carolin Sheikh Farshi, Jean Fabrice Fetue Simo, les nouveaux boursiers, Thomas Hoffmann, responsable du personnel Michelin Homburg, Laurent Siegel, responsable du bureau d\u2019\u00e9tudes Michelin Homburg. (\u00a9 Aline Ditzler \/ Michelin)<\/figcaption><\/figure>\n<\/div>\n<\/div><\/div><\/div><\/div><\/div>","protected":false},"excerpt":{"rendered":"<p>Michelin et l\u2019Universit\u00e9 franco-allemande (UFA) renouvellent pour la quatri\u00e8me fois cons\u00e9cutive leur coop\u00e9ration dans le cadre du projet \u00ab la Bourse Michelin UFA \u00bb Pour la premi\u00e8re fois, un \u00e9tudiant en g\u00e9nie \u00e9lectrique se voit \u00e9galement attribuer la bourse si bien qu&rsquo;au total trois \u00e9tudiants sont aid\u00e9s financi\u00e8rement. \u00ab En tant que site de production [&hellip;]<\/p>\n","protected":false},"author":8,"featured_media":0,"parent":4765,"menu_order":119,"comment_status":"closed","ping_status":"closed","template":"","meta":{"_bbp_topic_count":0,"_bbp_reply_count":0,"_bbp_total_topic_count":0,"_bbp_total_reply_count":0,"_bbp_voice_count":0,"_bbp_anonymous_reply_count":0,"_bbp_topic_count_hidden":0,"_bbp_reply_count_hidden":0,"_bbp_forum_subforum_count":0,"inline_featured_image":false},"acf":[],"_links":{"self":[{"href":"https:\/\/www.dfh-ufa.org\/fr\/wp-json\/wp\/v2\/pages\/11285"}],"collection":[{"href":"https:\/\/www.dfh-ufa.org\/fr\/wp-json\/wp\/v2\/pages"}],"about":[{"href":"https:\/\/www.dfh-ufa.org\/fr\/wp-json\/wp\/v2\/types\/page"}],"author":[{"embeddable":true,"href":"https:\/\/www.dfh-ufa.org\/fr\/wp-json\/wp\/v2\/users\/8"}],"replies":[{"embeddable":true,"href":"https:\/\/www.dfh-ufa.org\/fr\/wp-json\/wp\/v2\/comments?post=11285"}],"version-history":[{"count":2,"href":"https:\/\/www.dfh-ufa.org\/fr\/wp-json\/wp\/v2\/pages\/11285\/revisions"}],"predecessor-version":[{"id":11288,"href":"https:\/\/www.dfh-ufa.org\/fr\/wp-json\/wp\/v2\/pages\/11285\/revisions\/11288"}],"up":[{"embeddable":true,"href":"https:\/\/www.dfh-ufa.org\/fr\/wp-json\/wp\/v2\/pages\/4765"}],"wp:attachment":[{"href":"https:\/\/www.dfh-ufa.org\/fr\/wp-json\/wp\/v2\/media?parent=11285"}],"curies":[{"name":"wp","href":"https:\/\/api.w.org\/{rel}","templated":true}]}}