{"id":11296,"date":"2018-09-21T11:00:45","date_gmt":"2018-09-21T09:00:45","guid":{"rendered":"https:\/\/www.dfh-ufa.org\/fr\/?page_id=11296"},"modified":"2018-09-21T11:01:02","modified_gmt":"2018-09-21T09:01:02","slug":"bourses-michelin-ufa","status":"publish","type":"page","link":"https:\/\/www.dfh-ufa.org\/fr\/vous-etes\/entreprises\/partenariats\/programmes-de-bourses\/bourses-michelin-ufa","title":{"rendered":"Bourses Michelin-UFA"},"content":{"rendered":"<div id=\"pl-11296\"  class=\"panel-layout\" ><div id=\"pg-11296-0\"  class=\"panel-grid panel-no-style\" ><div id=\"pgc-11296-0-0\"  class=\"panel-grid-cell\" ><div id=\"panel-11296-0-0-0\" class=\"so-panel widget widget_sow-editor panel-first-child panel-last-child\" data-index=\"0\" ><div class=\"so-widget-sow-editor so-widget-sow-editor-base\">\n<div class=\"siteorigin-widget-tinymce textwidget\">\n\t<p>Michelin apporte son soutien financier \u00e0 2 \u00e9tudiants de l\u2019Universit\u00e9 Franco-Allemande (UFA)<\/p>\n<p>A l\u2019occasion de la r\u00e9cente journ\u00e9e franco-allemande du 22 janvier dernier, l\u2019Universit\u00e9 franco-allemande, Michelin Hombourg (dans la Sarre) et la Hochschule f\u00fcr Technik und Wirtschaft des Saarlandes (htw saar) ont sign\u00e9 officiellement une d\u00e9claration commune d\u2019intention concernant la mise en place d\u2019un programme binational de \u00ab bourses Michelin-UFA \u00bb. Ce programme pr\u00e9voit le soutien financier d\u2019un \u00e9tudiant fran\u00e7ais et allemand sur une p\u00e9riode de dix mois, \u00e0 hauteur de 300 euros par mois. L\u2019UFA, Michelin et la htw saar se proposent d\u2019octroyer ces bourses, une fois par an.<\/p>\n<p>\u00ab Nous nous f\u00e9licitons de ce que des \u00e9tudiants de l\u2019UFA puissent b\u00e9n\u00e9ficier d\u2019un soutien par le biais de ce programme de bourses Michelin-UFA. Nous sommes fiers de pouvoir intensifier \u00e0 l\u2019avenir cette coop\u00e9ration fructueuse avec nos prestigieux partenaires en provenance du monde \u00e9conomique et scientifique \u00bb, pr\u00e9cise Monsieur Patrice Neau, pr\u00e9sident de l\u2019UFA.<br \/>\n \u00ab Disposer de personnel qualifi\u00e9 est essentiel pour l\u2019avenir de notre usine. En apportant notre soutien financier \u00e0 des \u00e9tudiants participant aux cursus franco-allemands de la htw saar, nous serons en mesure de d\u00e9couvrir plus t\u00f4t les jeunes talents et de les mettre en contact avec l\u2019entreprise Michelin \u00bb, explique Mme Lisa Janzen, directrice de l\u2019usine Michelin de Hombourg (Sarre).<\/p>\n<p>Le recteur de la htw saar, M. Wolrad Rommel, d\u00e9clare : \u00ab L\u2019Institut Sup\u00e9rieur Franco-Allemand de Techniques, d\u2019\u00c9conomie et de Sciences (ISFATES) est un des fleurons de la htw saar. Le soutien de nos \u00e9tudiants au moyen de bourses en provenance de l\u2019industrie permet d\u2019accro\u00eetre l\u2019attrait des cursus franco-allemands enti\u00e8rement int\u00e9gr\u00e9s et souligne les bonnes relations qu\u2019entretient la htw saar avec les entreprises de la r\u00e9gion. \u00bb Gr\u00e2ce \u00e0 l\u2019ISFATES, la htw saar apporte une pr\u00e9cieuse contribution \u00e0 la strat\u00e9gie \u00ab France \u00bb du gouvernement du land de la Sarre, visant \u00e0 faire de la r\u00e9gion d\u2019ici 2043 un espace plurilingue performant d\u2019empreinte franco-allemande. \u00ab Je vois en l\u2019ISFATES un puissant moteur au service de cette strat\u00e9gie \u00bb, ajoute M. Rommel.<\/p>\n<\/div>\n<\/div><\/div><\/div><div id=\"pgc-11296-0-1\"  class=\"panel-grid-cell\" ><div id=\"panel-11296-0-1-0\" class=\"so-panel widget widget_sow-editor panel-first-child panel-last-child\" data-index=\"1\" ><div class=\"so-widget-sow-editor so-widget-sow-editor-base\">\n<div class=\"siteorigin-widget-tinymce textwidget\">\n\t<figure id=\"attachment_10614\" aria-describedby=\"caption-attachment-10614\" style=\"width: 300px\" class=\"wp-caption alignleft\"><a href=\"https:\/\/www.dfh-ufa.org\/app\/uploads\/2018\/08\/csm_ISI_9307_05_6c8b646da8.jpg\" target=\"_blank\" rel=\"noopener\"><img decoding=\"async\" loading=\"lazy\" class=\"wp-image-10614 size-medium\" src=\"https:\/\/www.dfh-ufa.org\/app\/uploads\/2018\/08\/csm_ISI_9307_05_6c8b646da8-300x200.jpg\" alt=\"\" width=\"300\" height=\"200\" srcset=\"https:\/\/www.dfh-ufa.org\/app\/uploads\/2018\/08\/csm_ISI_9307_05_6c8b646da8-300x200.jpg 300w, https:\/\/www.dfh-ufa.org\/app\/uploads\/2018\/08\/csm_ISI_9307_05_6c8b646da8-250x167.jpg 250w, https:\/\/www.dfh-ufa.org\/app\/uploads\/2018\/08\/csm_ISI_9307_05_6c8b646da8-272x182.jpg 272w, https:\/\/www.dfh-ufa.org\/app\/uploads\/2018\/08\/csm_ISI_9307_05_6c8b646da8-768x512.jpg 768w, https:\/\/www.dfh-ufa.org\/app\/uploads\/2018\/08\/csm_ISI_9307_05_6c8b646da8.jpg 900w\" sizes=\"(max-width: 300px) 100vw, 300px\" \/><\/a><figcaption id=\"caption-attachment-10614\" class=\"wp-caption-text\">(Copyright Iris Maurer\/DFH-UFA)<\/figcaption><\/figure>\n<\/div>\n<\/div><\/div><\/div><\/div><\/div>","protected":false},"excerpt":{"rendered":"<p>Michelin apporte son soutien financier \u00e0 2 \u00e9tudiants de l\u2019Universit\u00e9 Franco-Allemande (UFA) A l\u2019occasion de la r\u00e9cente journ\u00e9e franco-allemande du 22 janvier dernier, l\u2019Universit\u00e9 franco-allemande, Michelin Hombourg (dans la Sarre) et la Hochschule f\u00fcr Technik und Wirtschaft des Saarlandes (htw saar) ont sign\u00e9 officiellement une d\u00e9claration commune d\u2019intention concernant la mise en place d\u2019un programme [&hellip;]<\/p>\n","protected":false},"author":8,"featured_media":0,"parent":4765,"menu_order":120,"comment_status":"closed","ping_status":"closed","template":"","meta":{"_bbp_topic_count":0,"_bbp_reply_count":0,"_bbp_total_topic_count":0,"_bbp_total_reply_count":0,"_bbp_voice_count":0,"_bbp_anonymous_reply_count":0,"_bbp_topic_count_hidden":0,"_bbp_reply_count_hidden":0,"_bbp_forum_subforum_count":0,"inline_featured_image":false},"acf":[],"_links":{"self":[{"href":"https:\/\/www.dfh-ufa.org\/fr\/wp-json\/wp\/v2\/pages\/11296"}],"collection":[{"href":"https:\/\/www.dfh-ufa.org\/fr\/wp-json\/wp\/v2\/pages"}],"about":[{"href":"https:\/\/www.dfh-ufa.org\/fr\/wp-json\/wp\/v2\/types\/page"}],"author":[{"embeddable":true,"href":"https:\/\/www.dfh-ufa.org\/fr\/wp-json\/wp\/v2\/users\/8"}],"replies":[{"embeddable":true,"href":"https:\/\/www.dfh-ufa.org\/fr\/wp-json\/wp\/v2\/comments?post=11296"}],"version-history":[{"count":2,"href":"https:\/\/www.dfh-ufa.org\/fr\/wp-json\/wp\/v2\/pages\/11296\/revisions"}],"predecessor-version":[{"id":11298,"href":"https:\/\/www.dfh-ufa.org\/fr\/wp-json\/wp\/v2\/pages\/11296\/revisions\/11298"}],"up":[{"embeddable":true,"href":"https:\/\/www.dfh-ufa.org\/fr\/wp-json\/wp\/v2\/pages\/4765"}],"wp:attachment":[{"href":"https:\/\/www.dfh-ufa.org\/fr\/wp-json\/wp\/v2\/media?parent=11296"}],"curies":[{"name":"wp","href":"https:\/\/api.w.org\/{rel}","templated":true}]}}