{"id":11786,"date":"2018-10-23T15:41:27","date_gmt":"2018-10-23T13:41:27","guid":{"rendered":"https:\/\/www.dfh-ufa.org\/fr\/?page_id=11786"},"modified":"2026-02-23T09:29:19","modified_gmt":"2026-02-23T08:29:19","slug":"formulaire-dinscription","status":"publish","type":"page","link":"https:\/\/www.dfh-ufa.org\/fr\/lufa\/lufa-en-bref\/organisation\/organes\/le-conseil-duniversite\/formulaire-dinscription","title":{"rendered":"Formulaire d&rsquo;inscription"},"content":{"rendered":"<script type=\"text\/javascript\">var gform;gform||(document.addEventListener(\"gform_main_scripts_loaded\",function(){gform.scriptsLoaded=!0}),window.addEventListener(\"DOMContentLoaded\",function(){gform.domLoaded=!0}),gform={domLoaded:!1,scriptsLoaded:!1,initializeOnLoaded:function(o){gform.domLoaded&&gform.scriptsLoaded?o():!gform.domLoaded&&gform.scriptsLoaded?window.addEventListener(\"DOMContentLoaded\",o):document.addEventListener(\"gform_main_scripts_loaded\",o)},hooks:{action:{},filter:{}},addAction:function(o,n,r,t){gform.addHook(\"action\",o,n,r,t)},addFilter:function(o,n,r,t){gform.addHook(\"filter\",o,n,r,t)},doAction:function(o){gform.doHook(\"action\",o,arguments)},applyFilters:function(o){return gform.doHook(\"filter\",o,arguments)},removeAction:function(o,n){gform.removeHook(\"action\",o,n)},removeFilter:function(o,n,r){gform.removeHook(\"filter\",o,n,r)},addHook:function(o,n,r,t,i){null==gform.hooks[o][n]&&(gform.hooks[o][n]=[]);var e=gform.hooks[o][n];null==i&&(i=n+\"_\"+e.length),gform.hooks[o][n].push({tag:i,callable:r,priority:t=null==t?10:t})},doHook:function(n,o,r){var t;if(r=Array.prototype.slice.call(r,1),null!=gform.hooks[n][o]&&((o=gform.hooks[n][o]).sort(function(o,n){return o.priority-n.priority}),o.forEach(function(o){\"function\"!=typeof(t=o.callable)&&(t=window[t]),\"action\"==n?t.apply(null,r):r[0]=t.apply(null,r)})),\"filter\"==n)return r[0]},removeHook:function(o,n,t,i){var r;null!=gform.hooks[o][n]&&(r=(r=gform.hooks[o][n]).filter(function(o,n,r){return!!(null!=i&&i!=o.tag||null!=t&&t!=o.priority)}),gform.hooks[o][n]=r)}});<\/script>\n                <div class='gf_browser_gecko gform_wrapper gform_legacy_markup_wrapper' id='gform_wrapper_90' style='display:none'>\n                        <div class='gform_heading'>\n                            <h3 class=\"gform_title\">Inscription \u00e0 la prochaine r\u00e9union du conseil d'universit\u00e9 des 09-10 avril 2026<\/h3>\n                            <span class='gform_description'><\/span>\n                        <\/div><form method='post' enctype='multipart\/form-data'  id='gform_90'  action='\/fr\/wp-json\/wp\/v2\/pages\/11786' novalidate>\n                        <div class='gform_body gform-body'><ul id='gform_fields_90' class='gform_fields top_label form_sublabel_below description_below'><li id=\"field_90_12\"  class=\"gfield gfield_html gfield_html_formatted gfield_no_follows_desc field_sublabel_below field_description_below gfield_visibility_visible\"  data-js-reload=\"field_90_12\">Merci de bien vouloir remplir le formulaire d'inscription jusqu\u2019au 31\/03\/2026 inclus.<br>\nPour tout renseignement compl\u00e9mentaire, veuillez contacter M. H\u00e9r\u00e9-Derrien (+49 681 938 12-181) ou Mme Neumann (+49 681 938 12-106).<br>\n<br>\n<em>*champs obligatoires<\/em><\/li><li id=\"field_90_2\"  class=\"gfield gfield_contains_required field_sublabel_below field_description_below gfield_visibility_visible\"  data-js-reload=\"field_90_2\"><label class='gfield_label' for='input_90_2' >Nom, pr\u00e9nom<span class=\"gfield_required\"><span class=\"gfield_required gfield_required_asterisk\">*<\/span><\/span><\/label><div class='ginput_container ginput_container_text'><input name='input_2' id='input_90_2' type='text' value='' class='medium'     aria-required=\"true\" aria-invalid=\"false\"   \/> <\/div><\/li><li id=\"field_90_3\"  class=\"gfield gfield_contains_required field_sublabel_above field_description_above gfield_visibility_visible\"  data-js-reload=\"field_90_3\"><label class='gfield_label gfield_label_before_complex'  >Adresse e-mail<span class=\"gfield_required\"><span class=\"gfield_required gfield_required_asterisk\">*<\/span><\/span><\/label><div class='ginput_complex ginput_container ginput_container_email' id='input_90_3_container'>\n                                <span id='input_90_3_1_container' class='ginput_left'>\n                                    <label for='input_90_3'>Veuillez saisir votre adresse e-mail<\/label>\n                                    <input class='' type='email' name='input_3' id='input_90_3' value=''    aria-required=\"true\" aria-invalid=\"false\"  \/>\n                                <\/span>\n                                <span id='input_90_3_2_container' class='ginput_right'>\n                                    <label for='input_90_3_2' >Veuillez confirmer votre adresse e-mail<\/label>\n                                    <input class='' type='email' name='input_3_2' id='input_90_3_2' value=''    aria-required=\"true\" aria-invalid=\"false\"  \/>\n                                <\/span>\n                                <div class='gf_clear gf_clear_complex'><\/div>\n                            <\/div><\/li><li id=\"field_90_27\"  class=\"gfield field_sublabel_below field_description_below gfield_visibility_visible\"  data-js-reload=\"field_90_27\"><label class='gfield_label' for='input_90_27' >Num\u00e9ro de portable<\/label><div class='ginput_container ginput_container_phone'><input name='input_27' id='input_90_27' type='tel' value='' class='medium'    aria-invalid=\"false\"   \/><\/div><\/li><li id=\"field_90_19\"  class=\"gfield gsection field_sublabel_below field_description_below gfield_visibility_visible\"  data-js-reload=\"field_90_19\"><h2 class=\"gsection_title\"><\/h2><\/li><li id=\"field_90_51\"  class=\"gfield gfield--width-full gfield_contains_required field_sublabel_below field_description_below gfield_visibility_visible\"  data-js-reload=\"field_90_51\"><label class='gfield_label'  >Participation \u00e0 la r\u00e9union \u00e0 Sarrebr\u00fcck<span class=\"gfield_required\"><span class=\"gfield_required gfield_required_asterisk\">*<\/span><\/span><\/label><div class='ginput_container ginput_container_radio'><ul class='gfield_radio' id='input_90_51'>\n\t\t\t<li class='gchoice gchoice_90_51_0'>\n\t\t\t\t<input name='input_51' type='radio' value='Je participerai les jeudi 9 et vendredi 10 avril'  id='choice_90_51_0'    \/>\n\t\t\t\t<label for='choice_90_51_0' id='label_90_51_0'>Je participerai les jeudi 9 et vendredi 10 avril<\/label>\n\t\t\t<\/li>\n\t\t\t<li class='gchoice gchoice_90_51_1'>\n\t\t\t\t<input name='input_51' type='radio' value='Je participerai uniquement le jeudi 9 avril'  id='choice_90_51_1'    \/>\n\t\t\t\t<label for='choice_90_51_1' id='label_90_51_1'>Je participerai uniquement le jeudi 9 avril<\/label>\n\t\t\t<\/li>\n\t\t\t<li class='gchoice gchoice_90_51_2'>\n\t\t\t\t<input name='input_51' type='radio' value='Je participerai uniquement le vendredi 10 avril'  id='choice_90_51_2'    \/>\n\t\t\t\t<label for='choice_90_51_2' id='label_90_51_2'>Je participerai uniquement le vendredi 10 avril<\/label>\n\t\t\t<\/li>\n\t\t\t<li class='gchoice gchoice_90_51_3'>\n\t\t\t\t<input name='input_51' type='radio' value='Je ne participerai pas'  id='choice_90_51_3'    \/>\n\t\t\t\t<label for='choice_90_51_3' id='label_90_51_3'>Je ne participerai pas<\/label>\n\t\t\t<\/li><\/ul><\/div><\/li><li id=\"field_90_29\"  class=\"gfield gsection field_sublabel_below field_description_below gfield_visibility_visible\"  data-js-reload=\"field_90_29\"><h2 class=\"gsection_title\"><\/h2><\/li><li id=\"field_90_35\"  class=\"gfield gfield--width-full field_sublabel_below field_description_below gfield_visibility_visible\"  data-js-reload=\"field_90_35\"><label class='gfield_label' for='input_90_35' >Je serai repr\u00e9sent\u00e9*e par \/ Je donne procuration \u00e0<\/label><div class='ginput_container ginput_container_text'><input name='input_35' id='input_90_35' type='text' value='' class='large'      aria-invalid=\"false\"   \/> <\/div><\/li><li id=\"field_90_36\"  class=\"gfield gsection field_sublabel_below field_description_below gfield_visibility_visible\"  data-js-reload=\"field_90_36\"><h2 class=\"gsection_title\"><\/h2><\/li><li id=\"field_90_15\"  class=\"gfield gfield_contains_required field_sublabel_below field_description_above gfield_visibility_visible\"  data-js-reload=\"field_90_15\"><label class='gfield_label gfield_label_before_complex'  >Avez-vous besoin d&#039;une chambre d&#039;h\u00f4tel ?<span class=\"gfield_required\"><span class=\"gfield_required gfield_required_asterisk\">*<\/span><\/span><\/label><div class='ginput_container ginput_container_checkbox'><ul class='gfield_checkbox' id='input_90_15'><li class='gchoice gchoice_90_15_1'>\n\t\t\t\t\t\t\t\t<input class='gfield-choice-input' name='input_15.1' type='checkbox'  value='du 08 au 09 avril'  id='choice_90_15_1'   \/>\n\t\t\t\t\t\t\t\t<label for='choice_90_15_1' id='label_90_15_1'>du 08 au 09 avril<\/label>\n\t\t\t\t\t\t\t<\/li><li class='gchoice gchoice_90_15_2'>\n\t\t\t\t\t\t\t\t<input class='gfield-choice-input' name='input_15.2' type='checkbox'  value='du 09 au 10 avril'  id='choice_90_15_2'   \/>\n\t\t\t\t\t\t\t\t<label for='choice_90_15_2' id='label_90_15_2'>du 09 au 10 avril<\/label>\n\t\t\t\t\t\t\t<\/li><li class='gchoice gchoice_90_15_3'>\n\t\t\t\t\t\t\t\t<input class='gfield-choice-input' name='input_15.3' type='checkbox'  value='pas de r\u00e9servation souhait\u00e9e'  id='choice_90_15_3'   \/>\n\t\t\t\t\t\t\t\t<label for='choice_90_15_3' id='label_90_15_3'>pas de r\u00e9servation souhait\u00e9e<\/label>\n\t\t\t\t\t\t\t<\/li><\/ul><\/div><\/li><li id=\"field_90_22\"  class=\"gfield gsection field_sublabel_below field_description_below gfield_visibility_visible\"  data-js-reload=\"field_90_22\"><h2 class=\"gsection_title\"><\/h2><\/li><li id=\"field_90_16\"  class=\"gfield field_sublabel_below field_description_below gfield_visibility_visible\"  data-js-reload=\"field_90_16\"><label class='gfield_label' for='input_90_16' >Vous pouvez indiquer votre pr\u00e9f\u00e9rence, nous en tiendrons compte dans la limite des places disponibles :<\/label><div class='ginput_container ginput_container_textarea'><textarea name='input_16' id='input_90_16' class='textarea medium'      aria-invalid=\"false\"   rows='10' cols='50'><\/textarea><\/div><\/li><li id=\"field_90_48\"  class=\"gfield gfield--width-full gfield_contains_required field_sublabel_below field_description_below gfield_visibility_visible\"  data-js-reload=\"field_90_48\"><label class='gfield_label'  >D\u00e9jeuner du jeudi 09 avril :<span class=\"gfield_required\"><span class=\"gfield_required gfield_required_asterisk\">*<\/span><\/span><\/label><div class='ginput_container ginput_container_radio'><ul class='gfield_radio' id='input_90_48'>\n\t\t\t<li class='gchoice gchoice_90_48_0'>\n\t\t\t\t<input name='input_48' type='radio' value='Participation au d\u00e9jeuner du jeudi 09 avril d\u00e8s 12h00'  id='choice_90_48_0'    \/>\n\t\t\t\t<label for='choice_90_48_0' id='label_90_48_0'>Participation au d\u00e9jeuner du jeudi 09 avril d\u00e8s 12h00<\/label>\n\t\t\t<\/li>\n\t\t\t<li class='gchoice gchoice_90_48_1'>\n\t\t\t\t<input name='input_48' type='radio' value='Je ne participerai pas au d\u00e9jeuner'  id='choice_90_48_1'    \/>\n\t\t\t\t<label for='choice_90_48_1' id='label_90_48_1'>Je ne participerai pas au d\u00e9jeuner<\/label>\n\t\t\t<\/li><\/ul><\/div><\/li><li id=\"field_90_21\"  class=\"gfield gsection field_sublabel_below field_description_below gfield_visibility_visible\"  data-js-reload=\"field_90_21\"><h2 class=\"gsection_title\"><\/h2><\/li><li id=\"field_90_49\"  class=\"gfield gfield--width-full gfield_contains_required field_sublabel_below field_description_below gfield_visibility_visible\"  data-js-reload=\"field_90_49\"><label class='gfield_label'  >D\u00eener du jeudi 09 avril<span class=\"gfield_required\"><span class=\"gfield_required gfield_required_asterisk\">*<\/span><\/span><\/label><div class='ginput_container ginput_container_radio'><ul class='gfield_radio' id='input_90_49'>\n\t\t\t<li class='gchoice gchoice_90_49_0'>\n\t\t\t\t<input name='input_49' type='radio' value='Participation au d\u00eener du jeudi 09 avril d\u00e8s 18h30'  id='choice_90_49_0'    \/>\n\t\t\t\t<label for='choice_90_49_0' id='label_90_49_0'>Participation au d\u00eener du jeudi 09 avril d\u00e8s 18h30<\/label>\n\t\t\t<\/li>\n\t\t\t<li class='gchoice gchoice_90_49_1'>\n\t\t\t\t<input name='input_49' type='radio' value='Je ne participerai pas au d\u00eener'  id='choice_90_49_1'    \/>\n\t\t\t\t<label for='choice_90_49_1' id='label_90_49_1'>Je ne participerai pas au d\u00eener<\/label>\n\t\t\t<\/li><\/ul><\/div><\/li><li id=\"field_90_55\"  class=\"gfield gsection field_sublabel_below field_description_below gfield_visibility_visible\"  data-js-reload=\"field_90_55\"><h2 class=\"gsection_title\"><\/h2><\/li><li id=\"field_90_50\"  class=\"gfield gfield--width-full gfield_contains_required field_sublabel_below field_description_below gfield_visibility_visible\"  data-js-reload=\"field_90_50\"><label class='gfield_label'  >D\u00e9jeuner du vendredi 10 avril<span class=\"gfield_required\"><span class=\"gfield_required gfield_required_asterisk\">*<\/span><\/span><\/label><div class='ginput_container ginput_container_radio'><ul class='gfield_radio' id='input_90_50'>\n\t\t\t<li class='gchoice gchoice_90_50_0'>\n\t\t\t\t<input name='input_50' type='radio' value='Participation au d\u00e9jeuner du vendredi 10 avril d\u00e8s 12h00'  id='choice_90_50_0'    \/>\n\t\t\t\t<label for='choice_90_50_0' id='label_90_50_0'>Participation au d\u00e9jeuner du vendredi 10 avril d\u00e8s 12h00<\/label>\n\t\t\t<\/li>\n\t\t\t<li class='gchoice gchoice_90_50_1'>\n\t\t\t\t<input name='input_50' type='radio' value='Je ne participerai pas au d\u00e9jeuner'  id='choice_90_50_1'    \/>\n\t\t\t\t<label for='choice_90_50_1' id='label_90_50_1'>Je ne participerai pas au d\u00e9jeuner<\/label>\n\t\t\t<\/li><\/ul><\/div><\/li><li id=\"field_90_31\"  class=\"gfield gsection field_sublabel_below field_description_below gfield_visibility_visible\"  data-js-reload=\"field_90_31\"><h2 class=\"gsection_title\"><\/h2><\/li><li id=\"field_90_11\"  class=\"gfield gfield_contains_required field_sublabel_below field_description_below gfield_visibility_visible\"  data-js-reload=\"field_90_11\"><label class='gfield_label'  >Sp\u00e9cificit\u00e9 alimentaire :<span class=\"gfield_required\"><span class=\"gfield_required gfield_required_asterisk\">*<\/span><\/span><\/label><div class='ginput_container ginput_container_radio'><ul class='gfield_radio' id='input_90_11'>\n\t\t\t<li class='gchoice gchoice_90_11_0'>\n\t\t\t\t<input name='input_11' type='radio' value='v\u00e9g\u00e9tarien'  id='choice_90_11_0'    \/>\n\t\t\t\t<label for='choice_90_11_0' id='label_90_11_0'>v\u00e9g\u00e9tarien<\/label>\n\t\t\t<\/li>\n\t\t\t<li class='gchoice gchoice_90_11_1'>\n\t\t\t\t<input name='input_11' type='radio' value='pas de sp\u00e9cificit\u00e9'  id='choice_90_11_1'    \/>\n\t\t\t\t<label for='choice_90_11_1' id='label_90_11_1'>pas de sp\u00e9cificit\u00e9<\/label>\n\t\t\t<\/li>\n\t\t\t<li class='gchoice gchoice_90_11_2'>\n\t\t\t\t<input name='input_11' type='radio' value='gf_other_choice'  id='choice_90_11_2'   onfocus=\"jQuery(this).next('input').focus();\" \/>\n\t\t\t\t<input class='small' id='input_90_11_other' name='input_11_other' type='text' value='Autre' aria-label='Autre' onfocus='jQuery(this).prev(\"input\")[0].click(); if(jQuery(this).val() == \"Autre\") { jQuery(this).val(\"\"); }' onblur='if(jQuery(this).val().replace(\" \", \"\") == \"\") { jQuery(this).val(\"Autre\"); }'   \/>\n\t\t\t<\/li><\/ul><\/div><\/li><li id=\"field_90_18\"  class=\"gfield gsection field_sublabel_below field_description_below gfield_visibility_visible\"  data-js-reload=\"field_90_18\"><h2 class=\"gsection_title\"><\/h2><\/li><li id=\"field_90_14\"  class=\"gfield field_sublabel_below field_description_below gfield_visibility_visible\"  data-js-reload=\"field_90_14\"><label class='gfield_label' for='input_90_14' >Remarque(s) :<\/label><div class='ginput_container ginput_container_textarea'><textarea name='input_14' id='input_90_14' class='textarea medium'      aria-invalid=\"false\"   rows='10' cols='50'><\/textarea><\/div><\/li><li id=\"field_90_38\"  class=\"gfield gsection field_sublabel_below field_description_below gfield_visibility_visible\"  data-js-reload=\"field_90_38\"><h2 class=\"gsection_title\"><\/h2><\/li><li id=\"field_90_37\"  class=\"gfield field_sublabel_below field_description_below gfield_visibility_visible\"  data-js-reload=\"field_90_37\"><label class='gfield_label' for='input_90_37' >CAPTCHA<\/label><div id='input_90_37' class='ginput_container ginput_recaptcha' data-sitekey='6Le5vW4UAAAAALGi--wWGSdYxSDQdHiZGwp5vcpH'  data-theme='light' data-tabindex='0'  data-badge=''><\/div><\/li><\/ul><\/div>\n        <div class='gform_footer top_label'> <input type='submit' id='gform_submit_button_90' class='gform_button button' value='Envoyer'  onclick='if(window[\"gf_submitting_90\"]){return false;}  if( !jQuery(\"#gform_90\")[0].checkValidity || jQuery(\"#gform_90\")[0].checkValidity()){window[\"gf_submitting_90\"]=true;}  ' onkeypress='if( event.keyCode == 13 ){ if(window[\"gf_submitting_90\"]){return false;} if( !jQuery(\"#gform_90\")[0].checkValidity || jQuery(\"#gform_90\")[0].checkValidity()){window[\"gf_submitting_90\"]=true;}  jQuery(\"#gform_90\").trigger(\"submit\",[true]); }' \/> \n            <input type='hidden' class='gform_hidden' name='is_submit_90' value='1' \/>\n            <input type='hidden' class='gform_hidden' name='gform_submit' value='90' \/>\n            \n            <input type='hidden' class='gform_hidden' name='gform_unique_id' value='' \/>\n            <input type='hidden' class='gform_hidden' name='state_90' value='WyJ7XCI1MVwiOltcIjY3Y2NhODVmM2EzZTQzY2Q0YTNmNmNhMmJlZWUzNzhhXCIsXCI1NTFlZmRlZTk1YjY4MDYxMTg3ZWUxYTAwYmIyM2QxNVwiLFwiZGQ3ZDM4NzkwODQ0MDY3NmE5OWNjMjYwZGE3NDAzMmVcIixcIjliZTkzMzBlZmU5NGFiODYzYTMwNWExMDM5MDRhNzFkXCJdLFwiNDhcIjpbXCI2ZjM5YmI2NTlmYmFmZmJkYjJmYTNlOTkwYTQ0ZjUwOFwiLFwiYTNkOTcxYWNjYjMzNDdkMDMwMjliOWE1Y2U2ZDBkMzJcIl0sXCI0OVwiOltcImQzYTk2MzFjMWM2Y2ZkMmI5MDAzNWU0NTQzYTMyNjE4XCIsXCI3YWQ5NzgwODQ5YWVjNmEwN2FmYTk2ZWMzNjQ0YzRkZFwiXSxcIjUwXCI6W1wiYzU0YTRlYTlhNDMzMjk3OWIxNTlmZjBhZGMyNmM5ZjlcIixcImEzZDk3MWFjY2IzMzQ3ZDAzMDI5YjlhNWNlNmQwZDMyXCJdfSIsIjhiMzEyOTg4MDI1M2QxZDE3MmMxNDg1OTlmN2Q5NWMzIl0=' \/>\n            <input type='hidden' class='gform_hidden' name='gform_target_page_number_90' id='gform_target_page_number_90' value='0' \/>\n            <input type='hidden' class='gform_hidden' name='gform_source_page_number_90' id='gform_source_page_number_90' value='1' \/>\n            <input type='hidden' name='gform_field_values' value='' \/>\n            \n        <\/div>\n                        <\/form>\n                        <\/div>\n","protected":false},"excerpt":{"rendered":"","protected":false},"author":26,"featured_media":0,"parent":795,"menu_order":0,"comment_status":"closed","ping_status":"closed","template":"","meta":{"_bbp_topic_count":0,"_bbp_reply_count":0,"_bbp_total_topic_count":0,"_bbp_total_reply_count":0,"_bbp_voice_count":0,"_bbp_anonymous_reply_count":0,"_bbp_topic_count_hidden":0,"_bbp_reply_count_hidden":0,"_bbp_forum_subforum_count":0,"inline_featured_image":false},"acf":[],"_links":{"self":[{"href":"https:\/\/www.dfh-ufa.org\/fr\/wp-json\/wp\/v2\/pages\/11786"}],"collection":[{"href":"https:\/\/www.dfh-ufa.org\/fr\/wp-json\/wp\/v2\/pages"}],"about":[{"href":"https:\/\/www.dfh-ufa.org\/fr\/wp-json\/wp\/v2\/types\/page"}],"author":[{"embeddable":true,"href":"https:\/\/www.dfh-ufa.org\/fr\/wp-json\/wp\/v2\/users\/26"}],"replies":[{"embeddable":true,"href":"https:\/\/www.dfh-ufa.org\/fr\/wp-json\/wp\/v2\/comments?post=11786"}],"version-history":[{"count":27,"href":"https:\/\/www.dfh-ufa.org\/fr\/wp-json\/wp\/v2\/pages\/11786\/revisions"}],"predecessor-version":[{"id":1963505,"href":"https:\/\/www.dfh-ufa.org\/fr\/wp-json\/wp\/v2\/pages\/11786\/revisions\/1963505"}],"up":[{"embeddable":true,"href":"https:\/\/www.dfh-ufa.org\/fr\/wp-json\/wp\/v2\/pages\/795"}],"wp:attachment":[{"href":"https:\/\/www.dfh-ufa.org\/fr\/wp-json\/wp\/v2\/media?parent=11786"}],"curies":[{"name":"wp","href":"https:\/\/api.w.org\/{rel}","templated":true}]}}