{"id":12159,"date":"2018-11-09T11:39:02","date_gmt":"2018-11-09T10:39:02","guid":{"rendered":"https:\/\/www.dfh-ufa.org\/fr\/?page_id=12159"},"modified":"2025-11-21T11:09:06","modified_gmt":"2025-11-21T10:09:06","slug":"downloads-ing","status":"publish","type":"page","link":"https:\/\/www.dfh-ufa.org\/fr\/evaluateurs\/eg-ing-nat\/downloads-ing","title":{"rendered":"Downloads ING, SN"},"content":{"rendered":"<div class=\"members-access-error\">D\u00e9sol\u00e9, vous n&rsquo;\u00eates pas autoris\u00e9*e \u00e0 voir ce contenu.<\/div>\n","protected":false},"excerpt":{"rendered":"<div class=\"members-access-error\">D\u00e9sol\u00e9, vous n&rsquo;\u00eates pas autoris\u00e9*e \u00e0 voir ce contenu.<\/div>\n","protected":false},"author":1,"featured_media":0,"parent":12148,"menu_order":24,"comment_status":"closed","ping_status":"closed","template":"templates\/tpl.evaluator.php","meta":{"_bbp_topic_count":0,"_bbp_reply_count":0,"_bbp_total_topic_count":0,"_bbp_total_reply_count":0,"_bbp_voice_count":0,"_bbp_anonymous_reply_count":0,"_bbp_topic_count_hidden":0,"_bbp_reply_count_hidden":0,"_bbp_forum_subforum_count":0,"inline_featured_image":false},"acf":[],"_links":{"self":[{"href":"https:\/\/www.dfh-ufa.org\/fr\/wp-json\/wp\/v2\/pages\/12159"}],"collection":[{"href":"https:\/\/www.dfh-ufa.org\/fr\/wp-json\/wp\/v2\/pages"}],"about":[{"href":"https:\/\/www.dfh-ufa.org\/fr\/wp-json\/wp\/v2\/types\/page"}],"author":[{"embeddable":true,"href":"https:\/\/www.dfh-ufa.org\/fr\/wp-json\/wp\/v2\/users\/1"}],"replies":[{"embeddable":true,"href":"https:\/\/www.dfh-ufa.org\/fr\/wp-json\/wp\/v2\/comments?post=12159"}],"version-history":[{"count":21,"href":"https:\/\/www.dfh-ufa.org\/fr\/wp-json\/wp\/v2\/pages\/12159\/revisions"}],"predecessor-version":[{"id":1961887,"href":"https:\/\/www.dfh-ufa.org\/fr\/wp-json\/wp\/v2\/pages\/12159\/revisions\/1961887"}],"up":[{"embeddable":true,"href":"https:\/\/www.dfh-ufa.org\/fr\/wp-json\/wp\/v2\/pages\/12148"}],"wp:attachment":[{"href":"https:\/\/www.dfh-ufa.org\/fr\/wp-json\/wp\/v2\/media?parent=12159"}],"curies":[{"name":"wp","href":"https:\/\/api.w.org\/{rel}","templated":true}]}}