{"id":12162,"date":"2018-11-09T11:41:07","date_gmt":"2018-11-09T10:41:07","guid":{"rendered":"https:\/\/www.dfh-ufa.org\/fr\/?page_id=12162"},"modified":"2025-11-20T10:53:34","modified_gmt":"2025-11-20T09:53:34","slug":"downloads-shs","status":"publish","type":"page","link":"https:\/\/www.dfh-ufa.org\/fr\/evaluateurs\/eg-gw-soz\/downloads-shs","title":{"rendered":"Downloads SHS"},"content":{"rendered":"<div class=\"members-access-error\">D\u00e9sol\u00e9, vous n&rsquo;\u00eates pas autoris\u00e9*e \u00e0 voir ce contenu.<\/div>\n","protected":false},"excerpt":{"rendered":"<div class=\"members-access-error\">D\u00e9sol\u00e9, vous n&rsquo;\u00eates pas autoris\u00e9*e \u00e0 voir ce contenu.<\/div>\n","protected":false},"author":1,"featured_media":0,"parent":12160,"menu_order":15,"comment_status":"closed","ping_status":"closed","template":"templates\/tpl.evaluator.php","meta":{"_bbp_topic_count":0,"_bbp_reply_count":0,"_bbp_total_topic_count":0,"_bbp_total_reply_count":0,"_bbp_voice_count":0,"_bbp_anonymous_reply_count":0,"_bbp_topic_count_hidden":0,"_bbp_reply_count_hidden":0,"_bbp_forum_subforum_count":0,"inline_featured_image":false},"acf":[],"_links":{"self":[{"href":"https:\/\/www.dfh-ufa.org\/fr\/wp-json\/wp\/v2\/pages\/12162"}],"collection":[{"href":"https:\/\/www.dfh-ufa.org\/fr\/wp-json\/wp\/v2\/pages"}],"about":[{"href":"https:\/\/www.dfh-ufa.org\/fr\/wp-json\/wp\/v2\/types\/page"}],"author":[{"embeddable":true,"href":"https:\/\/www.dfh-ufa.org\/fr\/wp-json\/wp\/v2\/users\/1"}],"replies":[{"embeddable":true,"href":"https:\/\/www.dfh-ufa.org\/fr\/wp-json\/wp\/v2\/comments?post=12162"}],"version-history":[{"count":23,"href":"https:\/\/www.dfh-ufa.org\/fr\/wp-json\/wp\/v2\/pages\/12162\/revisions"}],"predecessor-version":[{"id":1961850,"href":"https:\/\/www.dfh-ufa.org\/fr\/wp-json\/wp\/v2\/pages\/12162\/revisions\/1961850"}],"up":[{"embeddable":true,"href":"https:\/\/www.dfh-ufa.org\/fr\/wp-json\/wp\/v2\/pages\/12160"}],"wp:attachment":[{"href":"https:\/\/www.dfh-ufa.org\/fr\/wp-json\/wp\/v2\/media?parent=12162"}],"curies":[{"name":"wp","href":"https:\/\/api.w.org\/{rel}","templated":true}]}}