{"id":12377,"date":"2018-11-27T11:31:01","date_gmt":"2018-11-27T10:31:01","guid":{"rendered":"https:\/\/www.dfh-ufa.org\/fr\/evaluateurs\/eg-gw-soz\/demandes-de-prolongation-de-soutien\/"},"modified":"2025-12-05T16:08:28","modified_gmt":"2025-12-05T15:08:28","slug":"demandes-de-prolongation-de-soutien_ing","status":"publish","type":"page","link":"https:\/\/www.dfh-ufa.org\/fr\/evaluateurs\/eg-ing-nat\/demandes-de-prolongation-de-soutien_ing","title":{"rendered":"Demandes de prolongation de soutien ING, SN"},"content":{"rendered":"<div class=\"members-access-error\">D\u00e9sol\u00e9, vous n&rsquo;\u00eates pas autoris\u00e9*e \u00e0 voir ce contenu.<\/div>\n","protected":false},"excerpt":{"rendered":"<div class=\"members-access-error\">D\u00e9sol\u00e9, vous n&rsquo;\u00eates pas autoris\u00e9*e \u00e0 voir ce contenu.<\/div>\n","protected":false},"author":2,"featured_media":0,"parent":12148,"menu_order":20,"comment_status":"closed","ping_status":"closed","template":"templates\/tpl.evaluator.php","meta":{"_bbp_topic_count":0,"_bbp_reply_count":0,"_bbp_total_topic_count":0,"_bbp_total_reply_count":0,"_bbp_voice_count":0,"_bbp_anonymous_reply_count":0,"_bbp_topic_count_hidden":0,"_bbp_reply_count_hidden":0,"_bbp_forum_subforum_count":0,"inline_featured_image":false},"acf":[],"_links":{"self":[{"href":"https:\/\/www.dfh-ufa.org\/fr\/wp-json\/wp\/v2\/pages\/12377"}],"collection":[{"href":"https:\/\/www.dfh-ufa.org\/fr\/wp-json\/wp\/v2\/pages"}],"about":[{"href":"https:\/\/www.dfh-ufa.org\/fr\/wp-json\/wp\/v2\/types\/page"}],"author":[{"embeddable":true,"href":"https:\/\/www.dfh-ufa.org\/fr\/wp-json\/wp\/v2\/users\/2"}],"replies":[{"embeddable":true,"href":"https:\/\/www.dfh-ufa.org\/fr\/wp-json\/wp\/v2\/comments?post=12377"}],"version-history":[{"count":38,"href":"https:\/\/www.dfh-ufa.org\/fr\/wp-json\/wp\/v2\/pages\/12377\/revisions"}],"predecessor-version":[{"id":1962299,"href":"https:\/\/www.dfh-ufa.org\/fr\/wp-json\/wp\/v2\/pages\/12377\/revisions\/1962299"}],"up":[{"embeddable":true,"href":"https:\/\/www.dfh-ufa.org\/fr\/wp-json\/wp\/v2\/pages\/12148"}],"wp:attachment":[{"href":"https:\/\/www.dfh-ufa.org\/fr\/wp-json\/wp\/v2\/media?parent=12377"}],"curies":[{"name":"wp","href":"https:\/\/api.w.org\/{rel}","templated":true}]}}