{"id":12508,"date":"2018-12-06T15:18:22","date_gmt":"2018-12-06T14:18:22","guid":{"rendered":"https:\/\/www.dfh-ufa.org\/fr\/?page_id=12508"},"modified":"2018-12-06T15:34:48","modified_gmt":"2018-12-06T14:34:48","slug":"12508-2","status":"publish","type":"page","link":"https:\/\/www.dfh-ufa.org\/fr\/vous-etes\/entreprises\/manifestations\/13076-2\/12508-2","title":{"rendered":""},"content":{"rendered":"<div id=\"pl-12508\"  class=\"panel-layout\" ><div id=\"pg-12508-0\"  class=\"panel-grid panel-no-style\" ><div id=\"pgc-12508-0-0\"  class=\"panel-grid-cell\" ><div id=\"panel-12508-0-0-0\" class=\"so-panel widget widget_media_image panel-first-child panel-last-child\" data-index=\"0\" ><img width=\"960\" height=\"96\" src=\"https:\/\/www.dfh-ufa.org\/app\/uploads\/2018\/11\/Logos-Preisverleihung.jpg\" class=\"image wp-image-12480  attachment-full size-full\" alt=\"\" decoding=\"async\" loading=\"lazy\" style=\"max-width: 100%; height: auto;\" srcset=\"https:\/\/www.dfh-ufa.org\/app\/uploads\/2018\/11\/Logos-Preisverleihung.jpg 960w, https:\/\/www.dfh-ufa.org\/app\/uploads\/2018\/11\/Logos-Preisverleihung-300x30.jpg 300w, https:\/\/www.dfh-ufa.org\/app\/uploads\/2018\/11\/Logos-Preisverleihung-768x77.jpg 768w\" sizes=\"(max-width: 960px) 100vw, 960px\" \/><\/div><\/div><\/div><div id=\"pg-12508-1\"  class=\"panel-grid panel-no-style\" ><div id=\"pgc-12508-1-0\"  class=\"panel-grid-cell\" ><div id=\"panel-12508-1-0-0\" class=\"so-panel widget widget_sow-editor panel-first-child\" data-index=\"1\" ><div class=\"so-widget-sow-editor so-widget-sow-editor-base\">\n<div class=\"siteorigin-widget-tinymce textwidget\">\n\t<p>&nbsp;<\/p>\n<h3 style=\"text-align: center\">Remise des Prix d'Excellence et de la Meilleure Th\u00e8se de l'UFA 2019<\/h3>\n<h4 style=\"text-align: center\">le 24 janvier 2019<br \/>\n\u00e0 l'Ambassade de France \u00e0 Berlin<\/h4>\n<p>&nbsp;<\/p>\n<p style=\"text-align: center\">Ambassade de France<br \/>\nEntr\u00e9e : Wilhelmstra\u00dfe 69<br \/>\n10117 Berlin<\/p>\n<p>&nbsp;<\/p>\n<\/div>\n<\/div><\/div><div id=\"panel-12508-1-0-1\" class=\"so-panel widget widget_gform_widget gform_widget panel-last-child\" data-index=\"2\" ><\/div><\/div><\/div><\/div>","protected":false},"excerpt":{"rendered":"<p>&nbsp; Remise des Prix d&rsquo;Excellence et de la Meilleure Th\u00e8se de l&rsquo;UFA 2019 le 24 janvier 2019 \u00e0 l&rsquo;Ambassade de France \u00e0 Berlin &nbsp; Ambassade de France Entr\u00e9e : Wilhelmstra\u00dfe 69 10117 Berlin &nbsp;<\/p>\n","protected":false},"author":23,"featured_media":0,"parent":12509,"menu_order":0,"comment_status":"closed","ping_status":"closed","template":"","meta":{"_bbp_topic_count":0,"_bbp_reply_count":0,"_bbp_total_topic_count":0,"_bbp_total_reply_count":0,"_bbp_voice_count":0,"_bbp_anonymous_reply_count":0,"_bbp_topic_count_hidden":0,"_bbp_reply_count_hidden":0,"_bbp_forum_subforum_count":0,"inline_featured_image":false},"acf":[],"_links":{"self":[{"href":"https:\/\/www.dfh-ufa.org\/fr\/wp-json\/wp\/v2\/pages\/12508"}],"collection":[{"href":"https:\/\/www.dfh-ufa.org\/fr\/wp-json\/wp\/v2\/pages"}],"about":[{"href":"https:\/\/www.dfh-ufa.org\/fr\/wp-json\/wp\/v2\/types\/page"}],"author":[{"embeddable":true,"href":"https:\/\/www.dfh-ufa.org\/fr\/wp-json\/wp\/v2\/users\/23"}],"replies":[{"embeddable":true,"href":"https:\/\/www.dfh-ufa.org\/fr\/wp-json\/wp\/v2\/comments?post=12508"}],"version-history":[{"count":15,"href":"https:\/\/www.dfh-ufa.org\/fr\/wp-json\/wp\/v2\/pages\/12508\/revisions"}],"predecessor-version":[{"id":12641,"href":"https:\/\/www.dfh-ufa.org\/fr\/wp-json\/wp\/v2\/pages\/12508\/revisions\/12641"}],"up":[{"embeddable":true,"href":"https:\/\/www.dfh-ufa.org\/fr\/wp-json\/wp\/v2\/pages\/12509"}],"wp:attachment":[{"href":"https:\/\/www.dfh-ufa.org\/fr\/wp-json\/wp\/v2\/media?parent=12508"}],"curies":[{"name":"wp","href":"https:\/\/api.w.org\/{rel}","templated":true}]}}