{"id":12509,"date":"2018-12-06T15:19:03","date_gmt":"2018-12-06T14:19:03","guid":{"rendered":"https:\/\/www.dfh-ufa.org\/fr\/?page_id=12509"},"modified":"2019-01-24T10:11:33","modified_gmt":"2019-01-24T09:11:33","slug":"13076-2","status":"publish","type":"page","link":"https:\/\/www.dfh-ufa.org\/fr\/vous-etes\/entreprises\/manifestations\/13076-2","title":{"rendered":""},"content":{"rendered":"<div id=\"pl-12509\"  class=\"panel-layout\" ><div id=\"pg-12509-0\"  class=\"panel-grid panel-no-style\" ><div id=\"pgc-12509-0-0\"  class=\"panel-grid-cell\" ><div id=\"panel-12509-0-0-0\" class=\"so-panel widget widget_media_image panel-first-child panel-last-child\" data-index=\"0\" ><img width=\"960\" height=\"96\" src=\"https:\/\/www.dfh-ufa.org\/app\/uploads\/2018\/11\/Logos-Preisverleihung.jpg\" class=\"image wp-image-12480  attachment-full size-full\" alt=\"\" decoding=\"async\" loading=\"lazy\" style=\"max-width: 100%; height: auto;\" srcset=\"https:\/\/www.dfh-ufa.org\/app\/uploads\/2018\/11\/Logos-Preisverleihung.jpg 960w, https:\/\/www.dfh-ufa.org\/app\/uploads\/2018\/11\/Logos-Preisverleihung-300x30.jpg 300w, https:\/\/www.dfh-ufa.org\/app\/uploads\/2018\/11\/Logos-Preisverleihung-768x77.jpg 768w\" sizes=\"(max-width: 960px) 100vw, 960px\" \/><\/div><\/div><\/div><div id=\"pg-12509-1\"  class=\"panel-grid panel-no-style\" ><div id=\"pgc-12509-1-0\"  class=\"panel-grid-cell\" ><div id=\"panel-12509-1-0-0\" class=\"so-panel widget widget_sow-editor panel-first-child panel-last-child\" data-index=\"1\" ><div class=\"so-widget-sow-editor so-widget-sow-editor-base\">\n<div class=\"siteorigin-widget-tinymce textwidget\">\n\t<p>&nbsp;<\/p>\n<h3 style=\"text-align: center\">Remise des Prix d'Excellence et de la Meilleure Th\u00e8se de l'UFA 2019<\/h3>\n<h4 style=\"text-align: center\">le 24 janvier 2019<br \/>\n\u00e0 l'Ambassade de France \u00e0 Berlin<\/h4>\n<p>&nbsp;<\/p>\n<p style=\"text-align: center\">Ambassade de France<br \/>\nEntr\u00e9e : Wilhelmstra\u00dfe 69<br \/>\n10117 Berlin<\/p>\n<h5><\/h5>\n<h5><strong>Programme provisoire :<\/strong><\/h5>\n<p><strong>18h00 :<\/strong> Accueil des invit\u00e9s<\/p>\n<p>Mot de bienvenue de l'Ambassadrice de France en Allemagne, Mme Anne-Marie Desc\u00f4tes<\/p>\n<p>Mot de bienvenue du Pr\u00e9sident de l'UFA, M. David Capitant<\/p>\n<p>Remise de trois \u00ab Bourses BNP Paribas-UFA \u00bb<\/p>\n<p>Entracte musical<\/p>\n<p>Remise des Prix d'Excellence<\/p>\n<p>Entracte musical<\/p>\n<p>Remise des Prix de la Meilleure Th\u00e8se<\/p>\n<p>Discours de remerciement d'un laur\u00e9at \/ d'une laur\u00e9ate, au nom de tous les dipl\u00f4m\u00e9s r\u00e9compens\u00e9s<\/p>\n<p><strong>\u00c0 partir de 19h30 :<\/strong> Cocktail d\u00eenatoire<\/p>\n<p>&nbsp;<\/p>\n<h5><strong>Plan d'acc\u00e8s \u00e0 l'Ambassade de France :<\/strong><\/h5>\n<ul>\n<li class=\"download__list__item\"><a href=\"https:\/\/www.dfh-ufa.org\/app\/uploads\/2018\/11\/Plan_d_acces_ambassade.pdf\">Plan d'acc\u00e8s Ambassade<\/a><\/li>\n<\/ul>\n<\/div>\n<\/div><\/div><\/div><div id=\"pgc-12509-1-1\"  class=\"panel-grid-cell\" ><div id=\"panel-12509-1-1-0\" class=\"so-panel widget widget_sow-editor panel-first-child panel-last-child\" data-index=\"2\" ><div class=\"so-widget-sow-editor so-widget-sow-editor-base\">\n<div class=\"siteorigin-widget-tinymce textwidget\">\n\t<h4>Partenaire du\u00a0\u00a0\u00a0\u00a0\u00a0 programme de bourses :<\/h4>\n<p><img decoding=\"async\" loading=\"lazy\" class=\"alignnone size-medium wp-image-5961\" src=\"https:\/\/www.dfh-ufa.org\/app\/uploads\/2018\/06\/csm_bnp_logo_0fb0b0fec6-300x67.jpg\" alt=\"\" width=\"300\" height=\"67\" srcset=\"https:\/\/www.dfh-ufa.org\/app\/uploads\/2018\/06\/csm_bnp_logo_0fb0b0fec6-300x67.jpg 300w, https:\/\/www.dfh-ufa.org\/app\/uploads\/2018\/06\/csm_bnp_logo_0fb0b0fec6.jpg 409w\" sizes=\"(max-width: 300px) 100vw, 300px\" \/><\/p>\n<h4>Partenaires des<br \/>\nPrix d'Excellence :<\/h4>\n<p><img decoding=\"async\" loading=\"lazy\" class=\"alignnone size-full wp-image-11655\" src=\"https:\/\/www.dfh-ufa.org\/app\/uploads\/2018\/10\/Logos-PEX-2019.jpg\" alt=\"\" width=\"395\" height=\"960\" srcset=\"https:\/\/www.dfh-ufa.org\/app\/uploads\/2018\/10\/Logos-PEX-2019.jpg 395w, https:\/\/www.dfh-ufa.org\/app\/uploads\/2018\/10\/Logos-PEX-2019-123x300.jpg 123w\" sizes=\"(max-width: 395px) 100vw, 395px\" \/><\/p>\n<h4>Partenaires des<br \/>\nPrix de la Meilleure Th\u00e8se :<\/h4>\n<p><img decoding=\"async\" loading=\"lazy\" class=\"alignnone size-full wp-image-11654\" src=\"https:\/\/www.dfh-ufa.org\/app\/uploads\/2018\/10\/Logos-PMT-2019.jpg\" alt=\"\" width=\"398\" height=\"513\" srcset=\"https:\/\/www.dfh-ufa.org\/app\/uploads\/2018\/10\/Logos-PMT-2019.jpg 398w, https:\/\/www.dfh-ufa.org\/app\/uploads\/2018\/10\/Logos-PMT-2019-233x300.jpg 233w\" sizes=\"(max-width: 398px) 100vw, 398px\" \/><\/p>\n<\/div>\n<\/div><\/div><\/div><\/div><\/div>","protected":false},"excerpt":{"rendered":"<p>&nbsp; Remise des Prix d&rsquo;Excellence et de la Meilleure Th\u00e8se de l&rsquo;UFA 2019 le 24 janvier 2019 \u00e0 l&rsquo;Ambassade de France \u00e0 Berlin &nbsp; Ambassade de France Entr\u00e9e : Wilhelmstra\u00dfe 69 10117 Berlin Programme provisoire : 18h00 : Accueil des invit\u00e9s Mot de bienvenue de l&rsquo;Ambassadrice de France en Allemagne, Mme Anne-Marie Desc\u00f4tes Mot de [&hellip;]<\/p>\n","protected":false},"author":23,"featured_media":0,"parent":864,"menu_order":124,"comment_status":"closed","ping_status":"closed","template":"","meta":{"_bbp_topic_count":0,"_bbp_reply_count":0,"_bbp_total_topic_count":0,"_bbp_total_reply_count":0,"_bbp_voice_count":0,"_bbp_anonymous_reply_count":0,"_bbp_topic_count_hidden":0,"_bbp_reply_count_hidden":0,"_bbp_forum_subforum_count":0,"inline_featured_image":false},"acf":[],"_links":{"self":[{"href":"https:\/\/www.dfh-ufa.org\/fr\/wp-json\/wp\/v2\/pages\/12509"}],"collection":[{"href":"https:\/\/www.dfh-ufa.org\/fr\/wp-json\/wp\/v2\/pages"}],"about":[{"href":"https:\/\/www.dfh-ufa.org\/fr\/wp-json\/wp\/v2\/types\/page"}],"author":[{"embeddable":true,"href":"https:\/\/www.dfh-ufa.org\/fr\/wp-json\/wp\/v2\/users\/23"}],"replies":[{"embeddable":true,"href":"https:\/\/www.dfh-ufa.org\/fr\/wp-json\/wp\/v2\/comments?post=12509"}],"version-history":[{"count":43,"href":"https:\/\/www.dfh-ufa.org\/fr\/wp-json\/wp\/v2\/pages\/12509\/revisions"}],"predecessor-version":[{"id":13962,"href":"https:\/\/www.dfh-ufa.org\/fr\/wp-json\/wp\/v2\/pages\/12509\/revisions\/13962"}],"up":[{"embeddable":true,"href":"https:\/\/www.dfh-ufa.org\/fr\/wp-json\/wp\/v2\/pages\/864"}],"wp:attachment":[{"href":"https:\/\/www.dfh-ufa.org\/fr\/wp-json\/wp\/v2\/media?parent=12509"}],"curies":[{"name":"wp","href":"https:\/\/api.w.org\/{rel}","templated":true}]}}