{"id":1273956,"date":"2022-07-13T15:50:30","date_gmt":"2022-07-13T13:50:30","guid":{"rendered":"https:\/\/www.dfh-ufa.org\/fr\/?page_id=1273956"},"modified":"2022-07-13T15:51:02","modified_gmt":"2022-07-13T13:51:02","slug":"remise-du-prix-international-en-sante-planetaire","status":"publish","type":"page","link":"https:\/\/www.dfh-ufa.org\/fr\/vous-etes\/entreprises\/remise-du-prix-international-en-sante-planetaire","title":{"rendered":"Remise du Prix international en Sant\u00e9 plan\u00e9taire"},"content":{"rendered":"<script type=\"text\/javascript\">var gform;gform||(document.addEventListener(\"gform_main_scripts_loaded\",function(){gform.scriptsLoaded=!0}),window.addEventListener(\"DOMContentLoaded\",function(){gform.domLoaded=!0}),gform={domLoaded:!1,scriptsLoaded:!1,initializeOnLoaded:function(o){gform.domLoaded&&gform.scriptsLoaded?o():!gform.domLoaded&&gform.scriptsLoaded?window.addEventListener(\"DOMContentLoaded\",o):document.addEventListener(\"gform_main_scripts_loaded\",o)},hooks:{action:{},filter:{}},addAction:function(o,n,r,t){gform.addHook(\"action\",o,n,r,t)},addFilter:function(o,n,r,t){gform.addHook(\"filter\",o,n,r,t)},doAction:function(o){gform.doHook(\"action\",o,arguments)},applyFilters:function(o){return gform.doHook(\"filter\",o,arguments)},removeAction:function(o,n){gform.removeHook(\"action\",o,n)},removeFilter:function(o,n,r){gform.removeHook(\"filter\",o,n,r)},addHook:function(o,n,r,t,i){null==gform.hooks[o][n]&&(gform.hooks[o][n]=[]);var e=gform.hooks[o][n];null==i&&(i=n+\"_\"+e.length),gform.hooks[o][n].push({tag:i,callable:r,priority:t=null==t?10:t})},doHook:function(n,o,r){var t;if(r=Array.prototype.slice.call(r,1),null!=gform.hooks[n][o]&&((o=gform.hooks[n][o]).sort(function(o,n){return o.priority-n.priority}),o.forEach(function(o){\"function\"!=typeof(t=o.callable)&&(t=window[t]),\"action\"==n?t.apply(null,r):r[0]=t.apply(null,r)})),\"filter\"==n)return r[0]},removeHook:function(o,n,t,i){var r;null!=gform.hooks[o][n]&&(r=(r=gform.hooks[o][n]).filter(function(o,n,r){return!!(null!=i&&i!=o.tag||null!=t&&t!=o.priority)}),gform.hooks[o][n]=r)}});<\/script>\n                <div class='gf_browser_gecko gform_wrapper gform_legacy_markup_wrapper' id='gform_wrapper_67' style='display:none'>\n                        <div class='gform_heading'>\n                            <h3 class=\"gform_title\">Formulaire d'inscription: Remise du Prix international en Sant\u00e9 plan\u00e9taire<\/h3>\n                            <span class='gform_description'><\/span>\n                        <\/div><form method='post' enctype='multipart\/form-data'  id='gform_67'  action='\/fr\/wp-json\/wp\/v2\/pages\/1273956' novalidate>\n                        <div class='gform_body gform-body'><ul id='gform_fields_67' class='gform_fields top_label form_sublabel_above description_below'><li id=\"field_67_66\"  class=\"gfield gfield_html gfield_html_formatted gfield_no_follows_desc field_sublabel_above field_description_below gfield_visibility_visible\"  data-js-reload=\"field_67_66\">Pour vous inscrire, merci de bien vouloir remplir le formulaire d\u2019inscription jusqu\u2019au 9 octobre 2022. Une liste d\u00b4attente sera \u00e9tablie en cas de d\u00e9passement du nombre de places disponibles.<\/li><li id=\"field_67_26\"  class=\"gfield gsection field_sublabel_above field_description_below gfield_visibility_visible\"  data-js-reload=\"field_67_26\"><h2 class=\"gsection_title\"><\/h2><\/li><li id=\"field_67_12\"  class=\"gfield field_sublabel_above field_description_below gfield_visibility_visible\"  data-js-reload=\"field_67_12\"><label class='gfield_label' for='input_67_12' >Titre<\/label><div class='ginput_container ginput_container_text'><input name='input_12' id='input_67_12' type='text' value='' class='medium'      aria-invalid=\"false\"   \/> <\/div><\/li><li id=\"field_67_28\"  class=\"gfield gsection field_sublabel_above field_description_below gfield_visibility_visible\"  data-js-reload=\"field_67_28\"><h2 class=\"gsection_title\"><\/h2><\/li><li id=\"field_67_2\"  class=\"gfield gfield_contains_required field_sublabel_above field_description_below gfield_visibility_visible\"  data-js-reload=\"field_67_2\"><label class='gfield_label' for='input_67_2' >Pr\u00e9nom<span class=\"gfield_required\"><span class=\"gfield_required gfield_required_asterisk\">*<\/span><\/span><\/label><div class='ginput_container ginput_container_text'><input name='input_2' id='input_67_2' type='text' value='' class='medium'     aria-required=\"true\" aria-invalid=\"false\"   \/> <\/div><\/li><li id=\"field_67_29\"  class=\"gfield gsection field_sublabel_above field_description_below gfield_visibility_visible\"  data-js-reload=\"field_67_29\"><h2 class=\"gsection_title\"><\/h2><\/li><li id=\"field_67_68\"  class=\"gfield gfield--width-full gfield_contains_required field_sublabel_above field_description_below gfield_visibility_visible\"  data-js-reload=\"field_67_68\"><label class='gfield_label' for='input_67_68' >Nom<span class=\"gfield_required\"><span class=\"gfield_required gfield_required_asterisk\">*<\/span><\/span><\/label><div class='ginput_container ginput_container_text'><input name='input_68' id='input_67_68' type='text' value='' class='medium'     aria-required=\"true\" aria-invalid=\"false\"   \/> <\/div><\/li><li id=\"field_67_69\"  class=\"gfield gsection field_sublabel_above field_description_below gfield_visibility_visible\"  data-js-reload=\"field_67_69\"><h2 class=\"gsection_title\"><\/h2><\/li><li id=\"field_67_6\"  class=\"gfield gfield_contains_required field_sublabel_above field_description_below gfield_visibility_visible\"  data-js-reload=\"field_67_6\"><label class='gfield_label gfield_label_before_complex'  >Adresse e-mail<span class=\"gfield_required\"><span class=\"gfield_required gfield_required_asterisk\">*<\/span><\/span><\/label><div class='ginput_complex ginput_container ginput_container_email' id='input_67_6_container'>\n                                <span id='input_67_6_1_container' class='ginput_left'>\n                                    <label for='input_67_6'>Saisissez un e-mail<\/label>\n                                    <input class='' type='email' name='input_6' id='input_67_6' value=''    aria-required=\"true\" aria-invalid=\"false\"  \/>\n                                <\/span>\n                                <span id='input_67_6_2_container' class='ginput_right'>\n                                    <label for='input_67_6_2' >Confirmez l\u2019e-mail<\/label>\n                                    <input class='' type='email' name='input_6_2' id='input_67_6_2' value=''    aria-required=\"true\" aria-invalid=\"false\"  \/>\n                                <\/span>\n                                <div class='gf_clear gf_clear_complex'><\/div>\n                            <\/div><\/li><li id=\"field_67_30\"  class=\"gfield gsection field_sublabel_above field_description_below gfield_visibility_visible\"  data-js-reload=\"field_67_30\"><h2 class=\"gsection_title\"><\/h2><\/li><li id=\"field_67_3\"  class=\"gfield gfield_contains_required field_sublabel_above field_description_below gfield_visibility_visible\"  data-js-reload=\"field_67_3\"><label class='gfield_label' for='input_67_3' >Entreprise\/Etablissement<span class=\"gfield_required\"><span class=\"gfield_required gfield_required_asterisk\">*<\/span><\/span><\/label><div class='ginput_container ginput_container_text'><input name='input_3' id='input_67_3' type='text' value='' class='medium'     aria-required=\"true\" aria-invalid=\"false\"   \/> <\/div><\/li><li id=\"field_67_31\"  class=\"gfield gsection field_sublabel_above field_description_below gfield_visibility_visible\"  data-js-reload=\"field_67_31\"><h2 class=\"gsection_title\"><\/h2><\/li><li id=\"field_67_5\"  class=\"gfield gfield_contains_required field_sublabel_above field_description_below gfield_visibility_visible\"  data-js-reload=\"field_67_5\"><label class='gfield_label' for='input_67_5' >Fonction<span class=\"gfield_required\"><span class=\"gfield_required gfield_required_asterisk\">*<\/span><\/span><\/label><div class='ginput_container ginput_container_text'><input name='input_5' id='input_67_5' type='text' value='' class='medium'     aria-required=\"true\" aria-invalid=\"false\"   \/> <\/div><\/li><li id=\"field_67_37\"  class=\"gfield gsection field_sublabel_above field_description_below gfield_visibility_visible\"  data-js-reload=\"field_67_37\"><h2 class=\"gsection_title\"><\/h2><\/li><li id=\"field_67_19\"  class=\"gfield gfield_contains_required field_sublabel_above field_description_below gfield_visibility_visible\"  data-js-reload=\"field_67_19\"><label class='gfield_label'  >Participation \u00e0 la remise du prix :<span class=\"gfield_required\"><span class=\"gfield_required gfield_required_asterisk\">*<\/span><\/span><\/label><div class='ginput_container ginput_container_radio'><ul class='gfield_radio' id='input_67_19'>\n\t\t\t<li class='gchoice gchoice_67_19_0'>\n\t\t\t\t<input name='input_19' type='radio' value='Oui'  id='choice_67_19_0'    \/>\n\t\t\t\t<label for='choice_67_19_0' id='label_67_19_0'>Oui<\/label>\n\t\t\t<\/li>\n\t\t\t<li class='gchoice gchoice_67_19_1'>\n\t\t\t\t<input name='input_19' type='radio' value='Non'  id='choice_67_19_1'    \/>\n\t\t\t\t<label for='choice_67_19_1' id='label_67_19_1'>Non<\/label>\n\t\t\t<\/li><\/ul><\/div><\/li><li id=\"field_67_73\"  class=\"gfield gsection field_sublabel_above field_description_below gfield_visibility_visible\"  data-js-reload=\"field_67_73\"><h2 class=\"gsection_title\"><\/h2><\/li><li id=\"field_67_20\"  class=\"gfield gfield_contains_required field_sublabel_above field_description_below gfield_visibility_visible\"  data-js-reload=\"field_67_20\"><label class='gfield_label'  >Participation au Cocktail :<span class=\"gfield_required\"><span class=\"gfield_required gfield_required_asterisk\">*<\/span><\/span><\/label><div class='ginput_container ginput_container_radio'><ul class='gfield_radio' id='input_67_20'>\n\t\t\t<li class='gchoice gchoice_67_20_0'>\n\t\t\t\t<input name='input_20' type='radio' value='Oui'  id='choice_67_20_0'    \/>\n\t\t\t\t<label for='choice_67_20_0' id='label_67_20_0'>Oui<\/label>\n\t\t\t<\/li>\n\t\t\t<li class='gchoice gchoice_67_20_1'>\n\t\t\t\t<input name='input_20' type='radio' value='Non'  id='choice_67_20_1'    \/>\n\t\t\t\t<label for='choice_67_20_1' id='label_67_20_1'>Non<\/label>\n\t\t\t<\/li><\/ul><\/div><\/li><li id=\"field_67_71\"  class=\"gfield gsection field_sublabel_above field_description_below gfield_visibility_visible\"  data-js-reload=\"field_67_71\"><h2 class=\"gsection_title\"><\/h2><\/li><li id=\"field_67_72\"  class=\"gfield gfield--width-full gfield_contains_required field_sublabel_above field_description_below gfield_visibility_visible\"  data-js-reload=\"field_67_72\"><label class='gfield_label'  >Avez-vous des allergies alimentaires?<span class=\"gfield_required\"><span class=\"gfield_required gfield_required_asterisk\">*<\/span><\/span><\/label><div class='ginput_container ginput_container_radio'><ul class='gfield_radio' id='input_67_72'>\n\t\t\t<li class='gchoice gchoice_67_72_0'>\n\t\t\t\t<input name='input_72' type='radio' value='Oui'  id='choice_67_72_0'    \/>\n\t\t\t\t<label for='choice_67_72_0' id='label_67_72_0'>Oui<\/label>\n\t\t\t<\/li>\n\t\t\t<li class='gchoice gchoice_67_72_1'>\n\t\t\t\t<input name='input_72' type='radio' value='Non'  id='choice_67_72_1'    \/>\n\t\t\t\t<label for='choice_67_72_1' id='label_67_72_1'>Non<\/label>\n\t\t\t<\/li><\/ul><\/div><\/li><li id=\"field_67_75\"  class=\"gfield gfield--width-full field_sublabel_above field_description_below gfield_visibility_visible\"  data-js-reload=\"field_67_75\"><label class='gfield_label' for='input_67_75' >Si oui, les quelles?<\/label><div class='ginput_container ginput_container_text'><input name='input_75' id='input_67_75' type='text' value='' class='large'      aria-invalid=\"false\"   \/> <\/div><\/li><li id=\"field_67_57\"  class=\"gfield gsection field_sublabel_above field_description_below gfield_visibility_visible\"  data-js-reload=\"field_67_57\"><h2 class=\"gsection_title\"><\/h2><\/li><li id=\"field_67_56\"  class=\"gfield gfield_html gfield_html_formatted gfield_no_follows_desc field_sublabel_above field_description_below gfield_visibility_visible\"  data-js-reload=\"field_67_56\">Par la pr\u00e9sente, je consens \u00e0 ce que les prises de vue (photos et vid\u00e9os) r\u00e9alis\u00e9es sur ma personne dans le cadre de la c\u00e9r\u00e9monie de remise du Prix International en Sant\u00e9 plan\u00e9taire le 12 octobre 2022 puissent \u00eatre diffus\u00e9es, reproduites et expos\u00e9es dans l'espace public par l'UFA. L'Universit\u00e9 franco-allemande est autoris\u00e9e \u00e0 transmettre ces prises de vue \u00e0 des tiers ou \u00e0 accorder des licences \u00e0 des tiers en vue de l'utilisation des photos et vid\u00e9os concern\u00e9es. Ce consentement est volontaire. Je peux \u00e0 tout moment r\u00e9voquer mon consentement avec effet imm\u00e9diat.<\/li><li id=\"field_67_65\"  class=\"gfield gfield_contains_required field_sublabel_above field_description_below gfield_visibility_visible\"  data-js-reload=\"field_67_65\"><label class='gfield_label'  >Autorisation<span class=\"gfield_required\"><span class=\"gfield_required gfield_required_asterisk\">*<\/span><\/span><\/label><div class='ginput_container ginput_container_radio'><ul class='gfield_radio' id='input_67_65'>\n\t\t\t<li class='gchoice gchoice_67_65_0'>\n\t\t\t\t<input name='input_65' type='radio' value='Oui'  id='choice_67_65_0'    \/>\n\t\t\t\t<label for='choice_67_65_0' id='label_67_65_0'>Oui<\/label>\n\t\t\t<\/li>\n\t\t\t<li class='gchoice gchoice_67_65_1'>\n\t\t\t\t<input name='input_65' type='radio' value='Non'  id='choice_67_65_1'    \/>\n\t\t\t\t<label for='choice_67_65_1' id='label_67_65_1'>Non<\/label>\n\t\t\t<\/li><\/ul><\/div><\/li><li id=\"field_67_53\"  class=\"gfield gfield_html gfield_html_formatted gfield_no_follows_desc field_sublabel_above field_description_below gfield_visibility_visible\"  data-js-reload=\"field_67_53\">Apr\u00e8s avoir saisi vos donn\u00e9es nous vous prions de bien vouloir v\u00e9rifier vos donn\u00e9es avant de cliquer sur le bouton <b>\"envoyer\"<\/b> en bas de cette page.\n\n<br>\n<br>\nUne fois le formulaire envoy\u00e9, vous recevrez un <b>message automatique de confirmation<\/b> au courriel indiqu\u00e9 dans le formulaire (merci de bien vouloir v\u00e9rifier \u00e9galement votre dossier spam).\n<br>\nSi vous n'avez pas re\u00e7u de message automatique, notre syst\u00e8me n'a pas enregistr\u00e9 votre inscription. Nous vous prions de bien vouloir l'effectuer \u00e0 nouveau dans ce cas-l\u00e0.\n<br>\n<br>\nEn cas de probl\u00e8me, merci de bien vouloir nous contacter : <a href=\"mailto:onehealthaward@dfh-ufa.org\">onehealthaward(at)dfh-ufa.org<\/a> <\/p><\/li><\/ul><\/div>\n        <div class='gform_footer top_label'> <input type='submit' id='gform_submit_button_67' class='gform_button button' value='Envoyer'  onclick='if(window[\"gf_submitting_67\"]){return false;}  if( !jQuery(\"#gform_67\")[0].checkValidity || jQuery(\"#gform_67\")[0].checkValidity()){window[\"gf_submitting_67\"]=true;}  ' onkeypress='if( event.keyCode == 13 ){ if(window[\"gf_submitting_67\"]){return false;} if( !jQuery(\"#gform_67\")[0].checkValidity || jQuery(\"#gform_67\")[0].checkValidity()){window[\"gf_submitting_67\"]=true;}  jQuery(\"#gform_67\").trigger(\"submit\",[true]); }' \/> \n            <input type='hidden' class='gform_hidden' name='is_submit_67' value='1' \/>\n            <input type='hidden' class='gform_hidden' name='gform_submit' value='67' \/>\n            \n            <input type='hidden' class='gform_hidden' name='gform_unique_id' value='' \/>\n            <input type='hidden' class='gform_hidden' name='state_67' value='WyJbXSIsIjAwYmQ1ZTQ3NWM2ZjliNjBhNGE1ZWJkNWNkYWI1YmNjIl0=' \/>\n            <input type='hidden' class='gform_hidden' name='gform_target_page_number_67' id='gform_target_page_number_67' value='0' \/>\n            <input type='hidden' class='gform_hidden' name='gform_source_page_number_67' id='gform_source_page_number_67' value='1' \/>\n            <input type='hidden' name='gform_field_values' value='' \/>\n            \n        <\/div>\n                        <\/form>\n                        <\/div>\n","protected":false},"excerpt":{"rendered":"","protected":false},"author":400,"featured_media":0,"parent":861,"menu_order":1376,"comment_status":"closed","ping_status":"closed","template":"","meta":{"_bbp_topic_count":0,"_bbp_reply_count":0,"_bbp_total_topic_count":0,"_bbp_total_reply_count":0,"_bbp_voice_count":0,"_bbp_anonymous_reply_count":0,"_bbp_topic_count_hidden":0,"_bbp_reply_count_hidden":0,"_bbp_forum_subforum_count":0,"inline_featured_image":false},"acf":[],"_links":{"self":[{"href":"https:\/\/www.dfh-ufa.org\/fr\/wp-json\/wp\/v2\/pages\/1273956"}],"collection":[{"href":"https:\/\/www.dfh-ufa.org\/fr\/wp-json\/wp\/v2\/pages"}],"about":[{"href":"https:\/\/www.dfh-ufa.org\/fr\/wp-json\/wp\/v2\/types\/page"}],"author":[{"embeddable":true,"href":"https:\/\/www.dfh-ufa.org\/fr\/wp-json\/wp\/v2\/users\/400"}],"replies":[{"embeddable":true,"href":"https:\/\/www.dfh-ufa.org\/fr\/wp-json\/wp\/v2\/comments?post=1273956"}],"version-history":[{"count":1,"href":"https:\/\/www.dfh-ufa.org\/fr\/wp-json\/wp\/v2\/pages\/1273956\/revisions"}],"predecessor-version":[{"id":1273957,"href":"https:\/\/www.dfh-ufa.org\/fr\/wp-json\/wp\/v2\/pages\/1273956\/revisions\/1273957"}],"up":[{"embeddable":true,"href":"https:\/\/www.dfh-ufa.org\/fr\/wp-json\/wp\/v2\/pages\/861"}],"wp:attachment":[{"href":"https:\/\/www.dfh-ufa.org\/fr\/wp-json\/wp\/v2\/media?parent=1273956"}],"curies":[{"name":"wp","href":"https:\/\/api.w.org\/{rel}","templated":true}]}}