{"id":1274914,"date":"2022-08-17T10:05:42","date_gmt":"2022-08-17T08:05:42","guid":{"rendered":"https:\/\/www.dfh-ufa.org\/fr\/?page_id=1274914"},"modified":"2022-11-09T10:40:51","modified_gmt":"2022-11-09T09:40:51","slug":"remise-du-prix-international-en-sante-planetaire","status":"publish","type":"page","link":"https:\/\/www.dfh-ufa.org\/fr\/actualites\/news\/remise-du-prix-international-en-sante-planetaire","title":{"rendered":"Remise du Prix International en Sant\u00e9 Plan\u00e9taire"},"content":{"rendered":"<div id=\"pl-1274914\"  class=\"panel-layout\" ><div id=\"pg-1274914-0\"  class=\"panel-grid panel-no-style\" ><div id=\"pgc-1274914-0-0\"  class=\"panel-grid-cell\" ><div id=\"panel-1274914-0-0-0\" class=\"so-panel widget widget_sow-editor panel-first-child\" data-index=\"0\" ><div class=\"so-widget-sow-editor so-widget-sow-editor-base\">\n<div class=\"siteorigin-widget-tinymce textwidget\">\n\t<p style=\"text-align: center\"><strong>12 Octobre 2022 <\/strong><br \/>\n<strong>\u00c0 17h<br \/>\n<\/strong><strong>Amphith\u00e9\u00e2tre Laprade de l\u2019Universit\u00e9 Lumi\u00e8re Lyon 2, <\/strong><strong>18 quai Claude Bernard<\/strong><\/p>\n<p>&nbsp;<\/p>\n<table border=\"4\">\n<tbody>\n<tr>\n<td><a href=\"https:\/\/www.boehringer-ingelheim.fr\/\" target=\"_blank\" rel=\"noopener\"><img decoding=\"async\" loading=\"lazy\" class=\"aligncenter wp-image-1274920 size-large\" src=\"https:\/\/www.dfh-ufa.org\/app\/uploads\/2022\/08\/BI_Logo_Blue-1024x310.png\" alt=\"\" width=\"1024\" height=\"310\" srcset=\"https:\/\/www.dfh-ufa.org\/app\/uploads\/2022\/08\/BI_Logo_Blue-1024x310.png 1024w, https:\/\/www.dfh-ufa.org\/app\/uploads\/2022\/08\/BI_Logo_Blue-250x76.png 250w, https:\/\/www.dfh-ufa.org\/app\/uploads\/2022\/08\/BI_Logo_Blue-768x233.png 768w, https:\/\/www.dfh-ufa.org\/app\/uploads\/2022\/08\/BI_Logo_Blue.png 1195w\" sizes=\"(max-width: 1024px) 100vw, 1024px\" \/><\/a><\/td>\n<td><a href=\"https:\/\/www.dfh-ufa.org\/fr\/?noredirect=fr_FR\" target=\"_blank\" rel=\"noopener\"><img decoding=\"async\" loading=\"lazy\" class=\"aligncenter wp-image-1274918 size-large\" src=\"https:\/\/www.dfh-ufa.org\/app\/uploads\/2022\/08\/LOGO_UFA-DFH_RGB_2009_01-1024x340.jpg\" alt=\"\" width=\"1024\" height=\"340\" srcset=\"https:\/\/www.dfh-ufa.org\/app\/uploads\/2022\/08\/LOGO_UFA-DFH_RGB_2009_01-1024x340.jpg 1024w, https:\/\/www.dfh-ufa.org\/app\/uploads\/2022\/08\/LOGO_UFA-DFH_RGB_2009_01-250x83.jpg 250w, https:\/\/www.dfh-ufa.org\/app\/uploads\/2022\/08\/LOGO_UFA-DFH_RGB_2009_01-768x255.jpg 768w, https:\/\/www.dfh-ufa.org\/app\/uploads\/2022\/08\/LOGO_UFA-DFH_RGB_2009_01-1536x510.jpg 1536w, https:\/\/www.dfh-ufa.org\/app\/uploads\/2022\/08\/LOGO_UFA-DFH_RGB_2009_01-2048x680.jpg 2048w\" sizes=\"(max-width: 1024px) 100vw, 1024px\" \/><\/a><\/td>\n<td><a href=\"https:\/\/www.institut-merieux.com\/fr\/accueil\/\" target=\"_blank\" rel=\"noopener\"><img decoding=\"async\" loading=\"lazy\" class=\"aligncenter wp-image-1274919 size-large\" src=\"https:\/\/www.dfh-ufa.org\/app\/uploads\/2022\/08\/IM_print-1024x379.jpg\" alt=\"\" width=\"1024\" height=\"379\" srcset=\"https:\/\/www.dfh-ufa.org\/app\/uploads\/2022\/08\/IM_print-1024x379.jpg 1024w, https:\/\/www.dfh-ufa.org\/app\/uploads\/2022\/08\/IM_print-250x93.jpg 250w, https:\/\/www.dfh-ufa.org\/app\/uploads\/2022\/08\/IM_print-768x285.jpg 768w, https:\/\/www.dfh-ufa.org\/app\/uploads\/2022\/08\/IM_print-1536x569.jpg 1536w, https:\/\/www.dfh-ufa.org\/app\/uploads\/2022\/08\/IM_print-2048x759.jpg 2048w\" sizes=\"(max-width: 1024px) 100vw, 1024px\" \/><\/a><\/td>\n<\/tr>\n<\/tbody>\n<\/table>\n<\/div>\n<\/div><\/div><div id=\"panel-1274914-0-0-1\" class=\"widget_text so-panel widget widget_custom_html\" data-index=\"1\" ><div class=\"textwidget custom-html-widget\"><div style=\"text-align:center\">\n<b> <\/b>\n<br>\n<b><\/b>\n<br>\n<b><\/b>\n<\/div><\/div><\/div><div id=\"panel-1274914-0-0-2\" class=\"so-panel widget widget_accordion\" data-index=\"2\" >        <div class=\"accordion\" data-collapse=\"1\">\n\n\t\t\t\t\t\t\t\t\t\t\t\t                    <div class=\"accordion__item\" id=\"69e7ba34606f8\">\n\n\t\t\t\t\t\t                            <header class=\"accordion__header\">\n                                <h2 class=\"accordion__title\">Le programme <\/h2>\n                            <\/header>\n\t\t\t\t\t\t\n\t\t\t\t\t\t                            <div class=\"accordion__content\">\n\t\t\t\t\t\t\t\t<ul>\n<li><strong>Date et heure<br \/>\n<\/strong>12 octobre - C\u00e9r\u00e9monie \u00e0 17h, suivie d'un cocktail \u00e0 partir de 18h<\/li>\n<li><strong>Lieu de<\/strong><strong> l\u2018\u00e9v\u00e9nement<br \/>\n<\/strong>Universit\u00e9 Lumi\u00e8re Lyon 2, Amphith\u00e9\u00e2tre Laprade, 18 quai Claude Bernard, 69007 Lyon.<\/li>\n<\/ul>\n<ul style=\"list-style-type: circle\">\n<li><strong>Participant*es<\/strong><\/li>\n<\/ul>\n<p><em>Universit\u00e9 Lumi\u00e8re Lyon 2 <\/em><\/p>\n<p style=\"padding-left: 40px\">Jim Walker, Vice-pr\u00e9sident,charg\u00e9 des relations internationales \u00e0 l\u2019Universit\u00e9 Lumi\u00e8re Lyon 2<\/p>\n<p><em>Universit\u00e9 Franco-Allemande<br \/>\n<\/em><\/p>\n<p style=\"padding-left: 40px\">Philippe Gr\u00e9ciano, Pr\u00e9sident de l\u2019UFA<\/p>\n<p><em>Institut M\u00e9rieux<\/em><\/p>\n<p style=\"padding-left: 40px\">Marc Bonneville, Vice-Pr\u00e9sident pour les Affaires m\u00e9dicales et scientifiques<\/p>\n<p><em>Boehringer Ingelheim<\/em><\/p>\n<p style=\"padding-left: 40px\">Magali Hainaut, Directrice R&amp;D France<\/p>\n<p><em>Laur\u00e9at<\/em><\/p>\n<p style=\"padding-left: 40px\">Guilherme Dias de Melo, Expert chercheur associ\u00e9 \u00e0 l\u2019Unit\u00e9 d\u2019\u00e9pid\u00e9miologie et de neuropathologie des lyssavirus, D\u00e9partement d\u2019Infection et d\u2019Epid\u00e9miologie, Institut Pasteur<\/p>\n<p>&nbsp;<\/p>\n<ul>\n<li><strong>D\u00e9roulement<\/strong><\/li>\n<\/ul>\n<p><em>17:00\u00a0\u00a0\u00a0\u00a0\u00a0\u00a0\u00a0\u00a0\u00a0\u00a0\u00a0\u00a0 Mots de bienvenue<\/em><\/p>\n<p><em>17:20\u00a0\u00a0\u00a0\u00a0\u00a0\u00a0\u00a0\u00a0\u00a0\u00a0\u00a0\u00a0 Remise du Prix au laur\u00e9at<\/em><\/p>\n<p><em>17:25\u00a0\u00a0\u00a0\u00a0\u00a0\u00a0\u00a0\u00a0\u00a0\u00a0\u00a0\u00a0 Prise de parole du laur\u00e9at : br\u00e8ve pr\u00e9sentation des travaux de recherche<\/em><\/p>\n<p><em>17:40\u00a0\u00a0\u00a0\u00a0\u00a0\u00a0\u00a0\u00a0\u00a0\u00a0\u00a0\u00a0 S\u00e9ances questions-r\u00e9ponses<\/em><\/p>\n<p><em>17:55\u00a0\u00a0\u00a0\u00a0\u00a0\u00a0\u00a0\u00a0\u00a0\u00a0\u00a0\u00a0 Photo de groupe avec l\u2019ensemble des participant*es<\/em><\/p>\n<p><em>18:00\u00a0\u00a0\u00a0\u00a0\u00a0\u00a0\u00a0\u00a0 \u00a0\u00a0 Cocktail<\/em><\/p>\n                            <\/div>\n\t\t\t\t\t\t\n\t\t\t\t\t\t\n                    <\/div><!-- .accordion -->\n\n\t\t\t\t\n\t\t\t\t\t\t\t\t\t                    <div class=\"accordion__item\" id=\"69e7ba3460761\">\n\n\t\t\t\t\t\t                            <header class=\"accordion__header\">\n                                <h2 class=\"accordion__title\">L'appel \u00e0 candidature <\/h2>\n                            <\/header>\n\t\t\t\t\t\t\n\t\t\t\t\t\t                            <div class=\"accordion__content\">\n\t\t\t\t\t\t\t\t<ul>\n<li class=\"download__list__item\"><a href=\"https:\/\/www.dfh-ufa.org\/app\/uploads\/2022\/05\/AAP_Prix-Sante%CC%81-plane%CC%81taire.pdf\" target=\"_blank\" rel=\"noopener noreferrer\">Appel \u00e0 candidature<\/a><\/li>\n<\/ul>\n                            <\/div>\n\t\t\t\t\t\t\n\t\t\t\t\t\t\n                    <\/div><!-- .accordion -->\n\n\t\t\t\t\n\t\t\t\t\t\t\t\t\t                    <div class=\"accordion__item\" id=\"69e7ba3460772\">\n\n\t\t\t\t\t\t                            <header class=\"accordion__header\">\n                                <h2 class=\"accordion__title\">Le laur\u00e9at<\/h2>\n                            <\/header>\n\t\t\t\t\t\t\n\t\t\t\t\t\t                            <div class=\"accordion__content\">\n\t\t\t\t\t\t\t\t<p style=\"text-align: center\">Cette ann\u00e9e, le Dr Guilherme Dias de Melo de l'Institut Pasteur est r\u00e9compens\u00e9 pour son excellent parcours acad\u00e9mique et professionnel. Ses travaux de recherche portent sur les dynamiques spatio-temporelles des infections virales neurotropes (notamment le bornavirus, la rage et le SARS-CoV-2) et leur transmission de l'animal \u00e0 l'homme.<\/p>\n<p>Pr\u00e9sentation des travaux de recherche du laur\u00e9at : <a href=\"https:\/\/www.dfh-ufa.org\/app\/uploads\/2022\/11\/Pre\u0301sentation-Prix-UFA_GDM.pdf\" target=\"_blank\" rel=\"noopener\">pre\u0301sentation<\/a><\/p>\n                            <\/div>\n\t\t\t\t\t\t\n\t\t\t\t\t\t\n                    <\/div><!-- .accordion -->\n\n\t\t\t\t\n\t\t\t\t\t\t\t\n        <\/div><!-- .accordion -->\n\n\t\t<\/div><div id=\"panel-1274914-0-0-3\" class=\"widget_text so-panel widget widget_custom_html\" data-index=\"3\" ><div class=\"textwidget custom-html-widget\"><div style=\"text-align:center\">\n<b> <\/b>\n<br>\n<b><\/b>\n<br>\n<b><\/b>\n<\/div>\n\n\n<\/div><\/div><div id=\"panel-1274914-0-0-4\" class=\"so-panel widget widget_sow-slider\" data-index=\"4\" ><div class=\"so-widget-sow-slider so-widget-sow-slider-default-53fd0f98de19-1274914\"><div class=\"sow-slider-base\" style=\"display: none\"><ul\n\t\t\t\t\tclass=\"sow-slider-images\"\n\t\t\t\t\tdata-settings=\"{&quot;pagination&quot;:true,&quot;speed&quot;:300,&quot;timeout&quot;:3000,&quot;paused&quot;:false,&quot;pause_on_hover&quot;:false,&quot;swipe&quot;:true,&quot;nav_always_show_desktop&quot;:true,&quot;nav_always_show_mobile&quot;:true,&quot;breakpoint&quot;:&quot;780px&quot;,&quot;unmute&quot;:false,&quot;anchor&quot;:null}\"\n\t\t\t\t\t\t\t\t\t>\t\t<li class=\"sow-slider-image  sow-slider-image-cover\" style=\"background-image: url(https:\/\/www.dfh-ufa.org\/app\/uploads\/2022\/10\/LCP_9308-scaled.jpg)\" >\n\t\t\t\t\t\t\t\t\t<img width=\"2560\" height=\"1977\" src=\"https:\/\/www.dfh-ufa.org\/app\/uploads\/2022\/10\/LCP_9308-scaled.jpg\" class=\"sow-slider-background-image skip-lazy\" alt=\"\" decoding=\"async\" loading=\"eager\" srcset=\"https:\/\/www.dfh-ufa.org\/app\/uploads\/2022\/10\/LCP_9308-scaled.jpg 2560w, https:\/\/www.dfh-ufa.org\/app\/uploads\/2022\/10\/LCP_9308-250x193.jpg 250w, https:\/\/www.dfh-ufa.org\/app\/uploads\/2022\/10\/LCP_9308-1024x791.jpg 1024w, https:\/\/www.dfh-ufa.org\/app\/uploads\/2022\/10\/LCP_9308-768x593.jpg 768w, https:\/\/www.dfh-ufa.org\/app\/uploads\/2022\/10\/LCP_9308-1536x1186.jpg 1536w, https:\/\/www.dfh-ufa.org\/app\/uploads\/2022\/10\/LCP_9308-2048x1581.jpg 2048w\" sizes=\"(max-width: 2560px) 100vw, 2560px\" \/>\t\t\t\t\t\t\t\t<\/li>\n\t\t\t\t<li class=\"sow-slider-image  sow-slider-image-cover\" style=\"background-image: url(https:\/\/www.dfh-ufa.org\/app\/uploads\/2022\/10\/LCP_9222-scaled.jpg)\" >\n\t\t\t\t\t\t\t\t\t<img width=\"2560\" height=\"1161\" src=\"https:\/\/www.dfh-ufa.org\/app\/uploads\/2022\/10\/LCP_9222-scaled.jpg\" class=\"sow-slider-background-image skip-lazy\" alt=\"\" decoding=\"async\" loading=\"eager\" srcset=\"https:\/\/www.dfh-ufa.org\/app\/uploads\/2022\/10\/LCP_9222-scaled.jpg 2560w, https:\/\/www.dfh-ufa.org\/app\/uploads\/2022\/10\/LCP_9222-250x113.jpg 250w, https:\/\/www.dfh-ufa.org\/app\/uploads\/2022\/10\/LCP_9222-1024x465.jpg 1024w, https:\/\/www.dfh-ufa.org\/app\/uploads\/2022\/10\/LCP_9222-768x348.jpg 768w, https:\/\/www.dfh-ufa.org\/app\/uploads\/2022\/10\/LCP_9222-1536x697.jpg 1536w, https:\/\/www.dfh-ufa.org\/app\/uploads\/2022\/10\/LCP_9222-2048x929.jpg 2048w\" sizes=\"(max-width: 2560px) 100vw, 2560px\" \/>\t\t\t\t\t\t\t\t<\/li>\n\t\t\t\t<li class=\"sow-slider-image  sow-slider-image-cover\" style=\"background-image: url(https:\/\/www.dfh-ufa.org\/app\/uploads\/2022\/10\/LCP_9185-scaled.jpg)\" >\n\t\t\t\t\t\t\t\t\t<img width=\"2560\" height=\"1707\" src=\"https:\/\/www.dfh-ufa.org\/app\/uploads\/2022\/10\/LCP_9185-scaled.jpg\" class=\"sow-slider-background-image skip-lazy\" alt=\"\" decoding=\"async\" loading=\"eager\" srcset=\"https:\/\/www.dfh-ufa.org\/app\/uploads\/2022\/10\/LCP_9185-scaled.jpg 2560w, https:\/\/www.dfh-ufa.org\/app\/uploads\/2022\/10\/LCP_9185-250x167.jpg 250w, https:\/\/www.dfh-ufa.org\/app\/uploads\/2022\/10\/LCP_9185-1024x683.jpg 1024w, https:\/\/www.dfh-ufa.org\/app\/uploads\/2022\/10\/LCP_9185-768x512.jpg 768w, https:\/\/www.dfh-ufa.org\/app\/uploads\/2022\/10\/LCP_9185-1536x1024.jpg 1536w, https:\/\/www.dfh-ufa.org\/app\/uploads\/2022\/10\/LCP_9185-2048x1365.jpg 2048w, https:\/\/www.dfh-ufa.org\/app\/uploads\/2022\/10\/LCP_9185-272x182.jpg 272w\" sizes=\"(max-width: 2560px) 100vw, 2560px\" \/>\t\t\t\t\t\t\t\t<\/li>\n\t\t\t\t<li class=\"sow-slider-image  sow-slider-image-cover\" style=\"background-image: url(https:\/\/www.dfh-ufa.org\/app\/uploads\/2022\/10\/LCP_9195-scaled.jpg)\" >\n\t\t\t\t\t\t\t\t\t<img width=\"2560\" height=\"1707\" src=\"https:\/\/www.dfh-ufa.org\/app\/uploads\/2022\/10\/LCP_9195-scaled.jpg\" class=\"sow-slider-background-image skip-lazy\" alt=\"\" decoding=\"async\" loading=\"eager\" srcset=\"https:\/\/www.dfh-ufa.org\/app\/uploads\/2022\/10\/LCP_9195-scaled.jpg 2560w, https:\/\/www.dfh-ufa.org\/app\/uploads\/2022\/10\/LCP_9195-250x167.jpg 250w, https:\/\/www.dfh-ufa.org\/app\/uploads\/2022\/10\/LCP_9195-1024x683.jpg 1024w, https:\/\/www.dfh-ufa.org\/app\/uploads\/2022\/10\/LCP_9195-768x512.jpg 768w, https:\/\/www.dfh-ufa.org\/app\/uploads\/2022\/10\/LCP_9195-1536x1024.jpg 1536w, https:\/\/www.dfh-ufa.org\/app\/uploads\/2022\/10\/LCP_9195-2048x1365.jpg 2048w, https:\/\/www.dfh-ufa.org\/app\/uploads\/2022\/10\/LCP_9195-272x182.jpg 272w\" sizes=\"(max-width: 2560px) 100vw, 2560px\" \/>\t\t\t\t\t\t\t\t<\/li>\n\t\t\t\t<li class=\"sow-slider-image  sow-slider-image-cover\" style=\"background-image: url(https:\/\/www.dfh-ufa.org\/app\/uploads\/2022\/10\/NEW_5557-scaled.jpg)\" >\n\t\t\t\t\t\t\t\t\t<img width=\"2560\" height=\"2291\" src=\"https:\/\/www.dfh-ufa.org\/app\/uploads\/2022\/10\/NEW_5557-scaled.jpg\" class=\"sow-slider-background-image skip-lazy\" alt=\"\" decoding=\"async\" loading=\"eager\" srcset=\"https:\/\/www.dfh-ufa.org\/app\/uploads\/2022\/10\/NEW_5557-scaled.jpg 2560w, https:\/\/www.dfh-ufa.org\/app\/uploads\/2022\/10\/NEW_5557-250x224.jpg 250w, https:\/\/www.dfh-ufa.org\/app\/uploads\/2022\/10\/NEW_5557-1024x917.jpg 1024w, https:\/\/www.dfh-ufa.org\/app\/uploads\/2022\/10\/NEW_5557-768x687.jpg 768w, https:\/\/www.dfh-ufa.org\/app\/uploads\/2022\/10\/NEW_5557-1536x1375.jpg 1536w, https:\/\/www.dfh-ufa.org\/app\/uploads\/2022\/10\/NEW_5557-2048x1833.jpg 2048w\" sizes=\"(max-width: 2560px) 100vw, 2560px\" \/>\t\t\t\t\t\t\t\t<\/li>\n\t\t\t\t<li class=\"sow-slider-image  sow-slider-image-cover\" style=\"background-image: url(https:\/\/www.dfh-ufa.org\/app\/uploads\/2022\/10\/LCP_9211-scaled.jpg)\" >\n\t\t\t\t\t\t\t\t\t<img width=\"2560\" height=\"1707\" src=\"https:\/\/www.dfh-ufa.org\/app\/uploads\/2022\/10\/LCP_9211-scaled.jpg\" class=\"sow-slider-background-image skip-lazy\" alt=\"\" decoding=\"async\" loading=\"eager\" srcset=\"https:\/\/www.dfh-ufa.org\/app\/uploads\/2022\/10\/LCP_9211-scaled.jpg 2560w, https:\/\/www.dfh-ufa.org\/app\/uploads\/2022\/10\/LCP_9211-250x167.jpg 250w, https:\/\/www.dfh-ufa.org\/app\/uploads\/2022\/10\/LCP_9211-1024x683.jpg 1024w, https:\/\/www.dfh-ufa.org\/app\/uploads\/2022\/10\/LCP_9211-768x512.jpg 768w, https:\/\/www.dfh-ufa.org\/app\/uploads\/2022\/10\/LCP_9211-1536x1024.jpg 1536w, https:\/\/www.dfh-ufa.org\/app\/uploads\/2022\/10\/LCP_9211-2048x1365.jpg 2048w, https:\/\/www.dfh-ufa.org\/app\/uploads\/2022\/10\/LCP_9211-272x182.jpg 272w\" sizes=\"(max-width: 2560px) 100vw, 2560px\" \/>\t\t\t\t\t\t\t\t<\/li>\n\t\t<\/ul>\t\t\t\t<ol class=\"sow-slider-pagination\">\n\t\t\t\t\t\t\t\t\t\t\t<li><a href=\"#\" data-goto=\"0\" aria-label=\"afficher la diapositive 1\"><\/a><\/li>\n\t\t\t\t\t\t\t\t\t\t\t<li><a href=\"#\" data-goto=\"1\" aria-label=\"afficher la diapositive 2\"><\/a><\/li>\n\t\t\t\t\t\t\t\t\t\t\t<li><a href=\"#\" data-goto=\"2\" aria-label=\"afficher la diapositive 3\"><\/a><\/li>\n\t\t\t\t\t\t\t\t\t\t\t<li><a href=\"#\" data-goto=\"3\" aria-label=\"afficher la diapositive 4\"><\/a><\/li>\n\t\t\t\t\t\t\t\t\t\t\t<li><a href=\"#\" data-goto=\"4\" aria-label=\"afficher la diapositive 5\"><\/a><\/li>\n\t\t\t\t\t\t\t\t\t\t\t<li><a href=\"#\" data-goto=\"5\" aria-label=\"afficher la diapositive 6\"><\/a><\/li>\n\t\t\t\t\t\t\t\t\t<\/ol>\n\n\t\t\t\t<div class=\"sow-slide-nav sow-slide-nav-next\">\n\t\t\t\t\t<a href=\"#\" data-goto=\"next\" aria-label=\"diapositive suivante\" data-action=\"next\">\n\t\t\t\t\t\t<em class=\"sow-sld-icon-thin-right\"><\/em>\n\t\t\t\t\t<\/a>\n\t\t\t\t<\/div>\n\n\t\t\t\t<div class=\"sow-slide-nav sow-slide-nav-prev\">\n\t\t\t\t\t<a href=\"#\" data-goto=\"previous\" aria-label=\"diapositive pr\u00e9c\u00e9dente\" data-action=\"prev\">\n\t\t\t\t\t\t<em class=\"sow-sld-icon-thin-left\"><\/em>\n\t\t\t\t\t<\/a>\n\t\t\t\t<\/div>\n\t\t\t\t<\/div><\/div><\/div><div id=\"panel-1274914-0-0-5\" class=\"so-panel widget widget_text panel-last-child\" data-index=\"5\" >\t\t\t<div class=\"textwidget\"><p><em>Copyright : Laurent Carpentier<\/em><\/p>\n<\/div>\n\t\t<\/div><\/div><\/div><\/div>","protected":false},"excerpt":{"rendered":"<p>12 Octobre 2022 \u00c0 17h Amphith\u00e9\u00e2tre Laprade de l\u2019Universit\u00e9 Lumi\u00e8re Lyon 2, 18 quai Claude Bernard &nbsp; Copyright : Laurent Carpentier<\/p>\n","protected":false},"author":449,"featured_media":0,"parent":869,"menu_order":3,"comment_status":"closed","ping_status":"closed","template":"","meta":{"_bbp_topic_count":0,"_bbp_reply_count":0,"_bbp_total_topic_count":0,"_bbp_total_reply_count":0,"_bbp_voice_count":0,"_bbp_anonymous_reply_count":0,"_bbp_topic_count_hidden":0,"_bbp_reply_count_hidden":0,"_bbp_forum_subforum_count":0,"inline_featured_image":false},"acf":[],"_links":{"self":[{"href":"https:\/\/www.dfh-ufa.org\/fr\/wp-json\/wp\/v2\/pages\/1274914"}],"collection":[{"href":"https:\/\/www.dfh-ufa.org\/fr\/wp-json\/wp\/v2\/pages"}],"about":[{"href":"https:\/\/www.dfh-ufa.org\/fr\/wp-json\/wp\/v2\/types\/page"}],"author":[{"embeddable":true,"href":"https:\/\/www.dfh-ufa.org\/fr\/wp-json\/wp\/v2\/users\/449"}],"replies":[{"embeddable":true,"href":"https:\/\/www.dfh-ufa.org\/fr\/wp-json\/wp\/v2\/comments?post=1274914"}],"version-history":[{"count":118,"href":"https:\/\/www.dfh-ufa.org\/fr\/wp-json\/wp\/v2\/pages\/1274914\/revisions"}],"predecessor-version":[{"id":1661863,"href":"https:\/\/www.dfh-ufa.org\/fr\/wp-json\/wp\/v2\/pages\/1274914\/revisions\/1661863"}],"up":[{"embeddable":true,"href":"https:\/\/www.dfh-ufa.org\/fr\/wp-json\/wp\/v2\/pages\/869"}],"wp:attachment":[{"href":"https:\/\/www.dfh-ufa.org\/fr\/wp-json\/wp\/v2\/media?parent=1274914"}],"curies":[{"name":"wp","href":"https:\/\/api.w.org\/{rel}","templated":true}]}}