{"id":137781,"date":"2020-03-07T22:48:49","date_gmt":"2020-03-07T21:48:49","guid":{"rendered":"https:\/\/www.dfh-ufa.org\/fr\/?page_id=137781"},"modified":"2021-02-09T16:25:25","modified_gmt":"2021-02-09T15:25:25","slug":"rencontre_d_experts_2020","status":"publish","type":"page","link":"https:\/\/www.dfh-ufa.org\/fr\/actualites\/news\/rencontre_d_experts_2020","title":{"rendered":"Rencontre d&rsquo;experts \u00ab\u00a0Pr\u00e9parer une th\u00e8se en Europe: Mettre \u00e0 profit l&rsquo;expertise franco-allemande\u00a0\u00bb"},"content":{"rendered":"<div id=\"pl-137781\"  class=\"panel-layout\" ><div id=\"pg-137781-0\"  class=\"panel-grid panel-no-style\" ><div id=\"pgc-137781-0-0\"  class=\"panel-grid-cell\" ><div id=\"panel-137781-0-0-0\" class=\"widget_text so-panel widget widget_custom_html panel-first-child\" data-index=\"0\" ><div class=\"widget_text panel-widget-style panel-widget-style-for-137781-0-0-0\" ><div class=\"textwidget custom-html-widget\"><b>16 octobre 2020<\/b> \n<br>\n<br>\n<\/div><\/div><\/div><div id=\"panel-137781-0-0-1\" class=\"so-panel widget widget_accordion\" data-index=\"1\" >        <div class=\"accordion\" data-collapse=\"1\">\n\n\t\t\t\t\t\t\t\t\t\t\t\t                    <div class=\"accordion__item\" id=\"69e4b5204c444\">\n\n\t\t\t\t\t\t                            <header class=\"accordion__header\">\n                                <h2 class=\"accordion__title\">Programme <\/h2>\n                            <\/header>\n\t\t\t\t\t\t\n\t\t\t\t\t\t                            <div class=\"accordion__content\">\n\t\t\t\t\t\t\t\t<div id=\"c38958\" class=\"csc-default\">\n<div class=\"csc-header csc-header-n1\">\n<h3>Rencontre d'experts, 16 Octobre 2020<\/h3>\n<\/div>\n<\/div>\n<div id=\"c44697\" class=\"csc-default\">\n<div class=\"table-responsive\">\n<table class=\"contenttable contenttable-0 table\" style=\"width: 100.879%;height: 1562px\">\n<tbody>\n<tr style=\"height: 24px\">\n<td style=\"width: 16.5611%;height: 58px\">10h00-10h30<\/td>\n<td style=\"width: 226.509%;height: 58px\"><em><strong>Mot de bienvenue et introduction<\/strong><\/em><\/td>\n<\/tr>\n<tr style=\"height: 192px\">\n<td style=\"width: 16.5611%;height: 192px\"><\/td>\n<td style=\"width: 226.509%;height: 192px\"><em><strong>\u00a0<\/strong><\/em><\/p>\n<p><strong>Olivier Mentz<\/strong>, pr\u00e9sident de l'Universit\u00e9 franco-allemande (UFA) :<br \/>\nFormation et encadrement doctoral en Europe : un bilan de l'expertise de l'UFA<br \/>\n<span lang=\"FR-BE\"><strong>Viviane Hoffmann<\/strong>, Directrice-G\u00e9n\u00e9rale adjointe \u00e0 la DG \u00c9ducation et Culture de la Commission Europ\u00e9enne<\/span> : Le r\u00f4le des r\u00e9seaux d'universit\u00e9s dans l'espace europ\u00e9en de l'enseignement sup\u00e9rieur et de la recherche<\/td>\n<\/tr>\n<tr style=\"height: 48px\">\n<td style=\"width: 16.5611%;height: 48px\">10h30-12h00<\/td>\n<td style=\"width: 226.509%;height: 48px\"><em><strong>Premi\u00e8re session des groupes de travail : t\u00e9moignages et \u00e9change de bonnes pratiques<\/strong><\/em><\/td>\n<\/tr>\n<tr style=\"height: 1144px\">\n<td style=\"width: 16.5611%;height: 1144px\"><\/td>\n<td style=\"width: 226.509%;height: 1144px\">&nbsp;<\/p>\n<p><em>Groupe de travail I : La cotutelle de th\u00e8se : d\u00e9fis et\/ou atouts ?<\/em><br \/>\nMod\u00e9ration :<br \/>\n<strong>Stefano Guerrini<\/strong>, pr\u00e9sident de l\u2019Universit\u00e9 franco-italienne (UFI)<br \/>\nT\u00e9moignage :<br \/>\n<strong>Charlotte Rault<\/strong>, laur\u00e9ate du prix de la meilleure th\u00e8se, doctorat en cotutelle, Universit\u00e9 Paris 1 Panth\u00e9on-Sorbonne et Humboldt Universit\u00e4t zu Berlin<br \/>\nRetours d\u2019exp\u00e9rience :<br \/>\n<strong>Nicole Colin<\/strong>, professeure en \u00e9tudes germaniques, Universit\u00e9 Aix-Marseille<br \/>\n<strong>Matthias K\u00f6hler<\/strong>, directeur g\u00e9n\u00e9ral adjoint de la GRADE Academy, Goethe-Universit\u00e4t Frankfurt am Main, au nom de la <span class=\"st\">Conf\u00e9rence allemande des recteurs d'universit\u00e9s (HRK)<\/span><br \/>\nRapporteur :<br \/>\n<strong>Harald Kosch<\/strong>, pr\u00e9sident de la commission scientifique de l\u2019UFA<\/p>\n<p>&nbsp;<\/p>\n<p><em>Groupe de travail II : Formations doctorales europ\u00e9ennes structur\u00e9es : approches parall\u00e8les et\/ou compl\u00e9mentaires ?<\/em><br \/>\nMod\u00e9ration :<br \/>\n<strong>Alain Beretz<\/strong>, professeur de pharmacologie, Universit\u00e9 de Strasbourg, ancien charg\u00e9 de mission Universit\u00e9s europ\u00e9ennes aupr\u00e8s du Premier ministre<br \/>\nT\u00e9moignage :<br \/>\n<strong>Eva Feig<\/strong>, doctorante du Coll\u00e8ge doctoral franco-allemand entre Karlsruhe, Coblence-Landau, Strasbourg, B\u00e2le et Chieti-Pescara<br \/>\nRetours d\u2019exp\u00e9rience :<br \/>\n<strong>Stephan Jolie<\/strong>, vice-pr\u00e9sident, Johannes Gutenberg-Universit\u00e4t Mainz<br \/>\n<strong>Murielle Umbhauer<\/strong>, directrice de l\u2019Institut de formation doctorale, Sorbonne Universit\u00e9<br \/>\nRapporteure :<br \/>\n<strong>Andrea von H\u00fclsen-Esch<\/strong>, professeure en histoire de l'art, Heinrich-Heine-Universit\u00e4t D\u00fcsseldorf<\/p>\n<p>&nbsp;<\/p>\n<p><em>Groupe de travail III : Encadrement des doctorants et insertion professionnelle en Europe :<\/em><br \/>\n<em>valoriser l'exp\u00e9rience de la cotutelle<\/em><br \/>\nMod\u00e9ration :<br \/>\n<strong>Myriam Comte<\/strong>, pr\u00e9sidente de la commission Recherche et innovation, Conf\u00e9rence des Directeurs des \u00c9coles Fran\u00e7aises d'Ing\u00e9nieurs (CDEFI)<br \/>\nT\u00e9moignage :<br \/>\n<strong>Vincent Mignotte<\/strong>, directeur, Association Bernard Gregory (ABG)<br \/>\nRetours d\u2019exp\u00e9rience :<br \/>\n<strong>Christian Wagner<\/strong>, vice-pr\u00e9sident, Universit\u00e4t des Saarlandes<br \/>\n<strong>Carle Bonafous-Murat<\/strong>, d\u00e9l\u00e9gu\u00e9 permanent de la Conf\u00e9rence des pr\u00e9sidents d'universit\u00e9 (CPU) aupr\u00e8s de l'Europe \u00e0 Bruxelles<br \/>\nRapporteur :<br \/>\n<strong>Florian Schweigert<\/strong>, vice-pr\u00e9sident, Universit\u00e4t Potsdam<\/td>\n<\/tr>\n<tr style=\"height: 24px\">\n<td style=\"width: 16.5611%;height: 24px\">12h00-13h00<\/td>\n<td style=\"width: 226.509%;height: 24px\"><em><strong>Pause de midi<br \/>\n<\/strong><\/em><\/td>\n<\/tr>\n<tr style=\"height: 24px\">\n<td style=\"width: 16.5611%;height: 24px\">13h00-14h00<\/td>\n<td style=\"width: 226.509%;height: 24px\"><em><strong>Seconde session des groupes de travail : enjeux et solutions<\/strong><\/em><\/p>\n<div><em>Continuation des travaux dans les m\u00eames groupes de travail que lors de la session du matin<\/em><\/div>\n<div><\/div>\n<div><em>Groupe de travail I : La cotutelle de th\u00e8se : d\u00e9fis et\/ou atouts ?<\/em><\/div>\n<div><\/div>\n<div><em>Groupe de travail II : Formations doctorales europ\u00e9ennes structur\u00e9es : approches parall\u00e8les et\/ou compl\u00e9mentaires ?<\/em><\/div>\n<div><\/div>\n<div><em>Groupe de travail III : Encadrement des doctorants et insertion professionnelle en Europe :<\/em><br \/>\n<em>valoriser l'exp\u00e9rience de la cotutelle<\/em><\/div>\n<\/td>\n<\/tr>\n<tr style=\"height: 24px\">\n<td style=\"width: 16.5611%;height: 24px\">14h00-14h15<\/td>\n<td style=\"width: 226.509%;height: 24px\"><em><strong>Pause<br \/>\n<\/strong><\/em><\/td>\n<\/tr>\n<tr style=\"height: 24px\">\n<td style=\"width: 16.5611%;height: 24px\">14h15-15h00<\/td>\n<td style=\"width: 226.509%;height: 24px\"><em><strong>S\u00e9ance pl\u00e9ni\u00e8re : r\u00e9sultats et propositions<\/strong><\/em><\/p>\n<p>&nbsp;<\/p>\n<p><em><strong>Mot de cl\u00f4ture :<br \/>\n<\/strong><\/em><strong>Philippe Gr\u00e9ciano, <\/strong>vice-pr\u00e9sident de l'Universit\u00e9 franco-allemande (UFA)<\/td>\n<\/tr>\n<tr style=\"height: 24px\">\n<td style=\"width: 16.5611%;height: 24px\"><\/td>\n<td style=\"width: 226.509%;height: 24px\">Langues de travail : fran\u00e7ais et allemand (traduction simultan\u00e9e)<\/td>\n<\/tr>\n<\/tbody>\n<\/table>\n<hr \/>\n<div id=\"c38954\" class=\"csc-default\">\n<div class=\"table-responsive\"><\/div>\n<\/div>\n<\/div>\n<\/div>\n                            <\/div>\n\t\t\t\t\t\t\n\t\t\t\t\t\t\n                    <\/div><!-- .accordion -->\n\n\t\t\t\t\n\t\t\t\t\t\t\t\t\t                    <div class=\"accordion__item\" id=\"69e4b5204c731\">\n\n\t\t\t\t\t\t                            <header class=\"accordion__header\">\n                                <h2 class=\"accordion__title\">Vid\u00e9os<\/h2>\n                            <\/header>\n\t\t\t\t\t\t\n\t\t\t\t\t\t                            <div class=\"accordion__content\">\n\t\t\t\t\t\t\t\t<p><em>Discours d'ouverture : <\/em><strong>Olivier Mentz<\/strong>, pr\u00e9sident de l'Universit\u00e9 franco-allemande (UFA) : <em>Formation et encadrement doctoral en Europe : un bilan de l'expertise de l'UFA<\/em><\/p>\n<p><a href=\"https:\/\/www.youtube.com\/watch?v=b5jVNZ-CnP8\" target=\"_blank\" rel=\"noopener\"><img class=\"alignnone wp-image-416073\" src=\"https:\/\/www.dfh-ufa.org\/app\/uploads\/2020\/10\/O-Mentz-1024x575.png\" alt=\"\" width=\"600\" height=\"337\" \/><\/a><\/p>\n<p>&nbsp;<\/p>\n<p><span lang=\"FR-BE\"><em>Introduction : <\/em><strong>Viviane Hoffmann<\/strong>, Directrice-G\u00e9n\u00e9rale adjointe \u00e0 la DG \u00c9ducation et Culture de la Commission Europ\u00e9enne<\/span> : <em>Le r\u00f4le des r\u00e9seaux d'universit\u00e9s dans l'espace europ\u00e9en de l'enseignement sup\u00e9rieur et de la recherche<\/em><\/p>\n<p><a href=\"https:\/\/www.youtube.com\/watch?v=M8kVLspSxGQ\" target=\"_blank\" rel=\"noopener\"><img class=\"alignnone wp-image-416075 \" src=\"https:\/\/www.dfh-ufa.org\/app\/uploads\/2020\/10\/V-Hoffmann-1024x576.png\" alt=\"\" width=\"601\" height=\"338\" \/><\/a><\/p>\n<p>&nbsp;<\/p>\n<p><strong>S\u00e9ance pl\u00e9ni\u00e8re :<\/strong> r\u00e9sultats et propositions<\/p>\n<p><a href=\"https:\/\/www.youtube.com\/watch?v=vIi8-wRx33Q\" target=\"_blank\" rel=\"noopener\"><img class=\"alignnone wp-image-417580 \" src=\"https:\/\/www.dfh-ufa.org\/app\/uploads\/2020\/10\/Capture-decran-2020-10-22-163254-1024x574.png\" alt=\"\" width=\"599\" height=\"336\" \/><\/a><\/p>\n<p>&nbsp;<\/p>\n<p><em>Mot de cl\u00f4ture :<\/em><strong> Philippe Gr\u00e9ciano<\/strong>, vice-pr\u00e9sident de l'Universit\u00e9 franco-allemande (UFA)<\/p>\n<p><a href=\"https:\/\/www.youtube.com\/watch?v=Aq2VF0y1Ju0\" target=\"_blank\" rel=\"noopener\"><img class=\"alignnone wp-image-416074 \" src=\"https:\/\/www.dfh-ufa.org\/app\/uploads\/2020\/10\/P-Greciano-1024x766.png\" alt=\"\" width=\"600\" height=\"449\" \/><\/a><\/p>\n<p>&nbsp;<\/p>\n                            <\/div>\n\t\t\t\t\t\t\n\t\t\t\t\t\t\n                    <\/div><!-- .accordion -->\n\n\t\t\t\t\n\t\t\t\t\t\t\t\t\t                    <div class=\"accordion__item\" id=\"69e4b5204c7ed\">\n\n\t\t\t\t\t\t                            <header class=\"accordion__header\">\n                                <h2 class=\"accordion__title\">Rapports des groupes de travail<\/h2>\n                            <\/header>\n\t\t\t\t\t\t\n\t\t\t\t\t\t                            <div class=\"accordion__content\">\n\t\t\t\t\t\t\t\t<p><strong>Seuls sont pr\u00e9sent\u00e9s les documents dont les auteurs ont autoris\u00e9 la publication.<\/strong><\/p>\n<p>&nbsp;<\/p>\n<p><strong><a href=\"https:\/\/www.dfh-ufa.org\/app\/uploads\/2020\/12\/Bericht_AG-I_FR.pdf\" target=\"_blank\" rel=\"noopener\">Rapport du GT I : La cotutelle de th\u00e8se : d\u00e9fis et\/ou atouts ?, Harald Kosch<\/a><br \/>\n<\/strong><\/p>\n<p><strong><a href=\"https:\/\/www.dfh-ufa.org\/app\/uploads\/2020\/12\/Bericht_AG-II_FR.pdf\" target=\"_blank\" rel=\"noopener\">Rapport du GT II : Formations doctorales europ\u00e9ennes structur\u00e9es : approches parall\u00e8les et\/ou compl\u00e9mentaires ?, Andrea von H\u00fclsen-Esch<\/a><br \/>\n<\/strong><\/p>\n<p><strong><a href=\"https:\/\/www.dfh-ufa.org\/app\/uploads\/2020\/12\/Bericht_AG-III_-FR.pdf\" target=\"_blank\" rel=\"noopener\">Rapport du GT III : Encadrement des doctorants et insertion professionnelle en Europe : valoriser l'exp\u00e9rience de la cotutelle, Florian Schweigert<\/a><br \/>\n<\/strong><\/p>\n                            <\/div>\n\t\t\t\t\t\t\n\t\t\t\t\t\t\n                    <\/div><!-- .accordion -->\n\n\t\t\t\t\n\t\t\t\t\t\t\t\t\t                    <div class=\"accordion__item\" id=\"69e4b5204c84e\">\n\n\t\t\t\t\t\t                            <header class=\"accordion__header\">\n                                <h2 class=\"accordion__title\">Check-list cotutelle<\/h2>\n                            <\/header>\n\t\t\t\t\t\t\n\t\t\t\t\t\t                            <div class=\"accordion__content\">\n\t\t\t\t\t\t\t\t<p><a href=\"https:\/\/www.dfh-ufa.org\/app\/uploads\/2020\/12\/TOP_06.1_2_F_Checkliste.pdf\" target=\"_blank\" rel=\"noopener\">Check-list-cotutelle_F<\/a><\/p>\n                            <\/div>\n\t\t\t\t\t\t\n\t\t\t\t\t\t\n                    <\/div><!-- .accordion -->\n\n\t\t\t\t\n\t\t\t\t\t\t\t\t\t                    <div class=\"accordion__item\" id=\"69e4b5204c86c\">\n\n\t\t\t\t\t\t                            <header class=\"accordion__header\">\n                                <h2 class=\"accordion__title\">Communiqu\u00e9 de presse<\/h2>\n                            <\/header>\n\t\t\t\t\t\t\n\t\t\t\t\t\t                            <div class=\"accordion__content\">\n\t\t\t\t\t\t\t\t<p><a href=\"https:\/\/www.dfh-ufa.org\/app\/uploads\/2020\/10\/2020-10-22_CP_rencontre_d_experts_formation_doctorale.pdf\">2020-10-22_CP_rencontre_d_experts_formation_doctorale<\/a><\/p>\n                            <\/div>\n\t\t\t\t\t\t\n\t\t\t\t\t\t\n                    <\/div><!-- .accordion -->\n\n\t\t\t\t\n\t\t\t\t\t\t\t\n        <\/div><!-- .accordion -->\n\n\t\t<\/div><div id=\"panel-137781-0-0-2\" class=\"so-panel widget widget_text\" data-index=\"2\" >\t\t\t<div class=\"textwidget\"><\/div>\n\t\t<\/div><div id=\"panel-137781-0-0-3\" class=\"so-panel widget widget_sow-slider\" data-index=\"3\" ><div class=\"so-widget-sow-slider so-widget-sow-slider-default-53fd0f98de19-137781\"><div class=\"sow-slider-base\" style=\"display: none\"><ul\n\t\t\t\t\tclass=\"sow-slider-images\"\n\t\t\t\t\tdata-settings=\"{&quot;pagination&quot;:true,&quot;speed&quot;:800,&quot;timeout&quot;:8000,&quot;paused&quot;:false,&quot;pause_on_hover&quot;:false,&quot;swipe&quot;:true,&quot;nav_always_show_desktop&quot;:&quot;&quot;,&quot;nav_always_show_mobile&quot;:&quot;&quot;,&quot;breakpoint&quot;:&quot;780px&quot;,&quot;unmute&quot;:false,&quot;anchor&quot;:null}\"\n\t\t\t\t\t\t\t\t\t>\t\t<li class=\"sow-slider-image\" style=\"\" >\n\t\t\t\t\t\t\t\t\t\t\t\t\t\t\t\t\t<\/li>\n\t\t<\/ul>\t\t\t\t<ol class=\"sow-slider-pagination\">\n\t\t\t\t\t\t\t\t\t\t\t<li><a href=\"#\" data-goto=\"0\" aria-label=\"afficher la diapositive 1\"><\/a><\/li>\n\t\t\t\t\t\t\t\t\t<\/ol>\n\n\t\t\t\t<div class=\"sow-slide-nav sow-slide-nav-next\">\n\t\t\t\t\t<a href=\"#\" data-goto=\"next\" aria-label=\"diapositive suivante\" data-action=\"next\">\n\t\t\t\t\t\t<em class=\"sow-sld-icon-thin-right\"><\/em>\n\t\t\t\t\t<\/a>\n\t\t\t\t<\/div>\n\n\t\t\t\t<div class=\"sow-slide-nav sow-slide-nav-prev\">\n\t\t\t\t\t<a href=\"#\" data-goto=\"previous\" aria-label=\"diapositive pr\u00e9c\u00e9dente\" data-action=\"prev\">\n\t\t\t\t\t\t<em class=\"sow-sld-icon-thin-left\"><\/em>\n\t\t\t\t\t<\/a>\n\t\t\t\t<\/div>\n\t\t\t\t<\/div><\/div><\/div><div id=\"panel-137781-0-0-4\" class=\"so-panel widget widget_accordion panel-last-child\" data-index=\"4\" >        <div class=\"accordion\" data-collapse=\"1\">\n\n\t\t\t\t\t\t\t\t\t\t\t\t                    <div class=\"accordion__item\" id=\"69e4b5204cfdb\">\n\n\t\t\t\t\t\t                            <header class=\"accordion__header\">\n                                <h2 class=\"accordion__title\">Retours<\/h2>\n                            <\/header>\n\t\t\t\t\t\t\n\t\t\t\t\t\t                            <div class=\"accordion__content\">\n\t\t\t\t\t\t\t\t<p>            <section class=\"testimonials\">\n                <blockquote class=\"testimonial\">\n\n    <div class=\"testimonial__container\">\n\n        <div class=\"testimonial__content\">\n            <p>Cette rencontre a mis en \u00e9vidence que le concept d\u2019universit\u00e9s europ\u00e9ennes a \u00e9t\u00e9 construit sans bases r\u00e8glementaires solides pour ce qui concerne la co-diplomation, et en particulier le doctorat. Gr\u00e2ce \u00e0 l\u2019experience acquise \u00e0 l\u2019UFA dans ce domaine, notre atelier a permis d\u2019aboutir \u00e0 quelques propositions concr\u00e8tes qui pourraient contribuer \u00e0 combler ce d\u00e9ficit.<\/p>\n        <\/div><!-- .testimonial__content -->\n\n        <footer class=\"testimonial__footer\">\n            <cite class=\"testimonial__author\">\n                <b>Alain Beretz, professeur de pharmacologie, Universit\u00e9 de Strasbourg, ancien charg\u00e9 de mission Universit\u00e9s europ\u00e9ennes aupr\u00e8s du Premier ministre<\/b><br \/>\n                <br \/>\n                            <\/cite>\n        <\/footer><!-- .testimonial__Foter -->\n\n    <\/div><!-- .testimonial__container -->\n\n    \n<\/blockquote><!-- .testimonial -->\n<blockquote class=\"testimonial\">\n\n    <div class=\"testimonial__container\">\n\n        <div class=\"testimonial__content\">\n            <p>Cette rencontre a bien montr\u00e9, selon moi, que la mise en \u0153uvre de la proc\u00e9dure de cotutelles de th\u00e8se constitue une sorte de stage de formation continue car, pour ce faire, nous devons activer et approfondir nous-m\u00eames les comp\u00e9tences interculturelles que nous souhaitons transmettre \u00e0 nos \u00e9tudiant*es et nos doctorant*es.<\/p>\n        <\/div><!-- .testimonial__content -->\n\n        <footer class=\"testimonial__footer\">\n            <cite class=\"testimonial__author\">\n                <b>Nicole Colin, professeure en \u00e9tudes germaniques, Universit\u00e9 Aix-Marseille<\/b><br \/>\n                <br \/>\n                            <\/cite>\n        <\/footer><!-- .testimonial__Foter -->\n\n    <\/div><!-- .testimonial__container -->\n\n    \n<\/blockquote><!-- .testimonial -->\n<blockquote class=\"testimonial\">\n\n    <div class=\"testimonial__container\">\n\n        <div class=\"testimonial__content\">\n            <p>Les \u00e9changes ont \u00e9t\u00e9 riches et constructifs. Je retiendrais les propositions de charte de bonne conduite pour les co-encadrants et le label pour valoriser les docteurs ayant soutenu une th\u00e8se en co-tutelle. Label qui serait \u00e0 distinguer du label europ\u00e9en puisque les comp\u00e9tences acquises seraient diff\u00e9rentes. De futurs \u00e9changes int\u00e9ressants en perspective !<\/p>\n        <\/div><!-- .testimonial__content -->\n\n        <footer class=\"testimonial__footer\">\n            <cite class=\"testimonial__author\">\n                <b>Myriam Comte, pr\u00e9sidente de la commission Recherche et innovation, Conf\u00e9rence des Directeurs des \u00c9coles Fran\u00e7aises d\u2019Ing\u00e9nieurs (CDEFI)<\/b><br \/>\n                <br \/>\n                            <\/cite>\n        <\/footer><!-- .testimonial__Foter -->\n\n    <\/div><!-- .testimonial__container -->\n\n    \n<\/blockquote><!-- .testimonial -->\n<blockquote class=\"testimonial\">\n\n    <div class=\"testimonial__container\">\n\n        <div class=\"testimonial__content\">\n            <p>L\u2019id\u00e9e centrale de cette rencontre a \u00e9t\u00e9 pour moi l\u2019europ\u00e9anisation ascendante du d\u00e9roulement des \u00e9tudes, gr\u00e2ce \u00e0 la mise en place d\u2019offres de formation \u00e0 des niveaux plus accessibles ! Cette id\u00e9e correspond exactement \u00e0 ce que j\u2019aurais toujours souhait\u00e9 avoir au d\u00e9but de mon parcours universitaire, au moment o\u00f9 tout \u00e9tudiant d\u00e9sire int\u00e9grer plus de mobilit\u00e9 et d\u2019apprentissage interculturel dans le d\u00e9roulement de ses \u00e9tudes, mais o\u00f9 le financement de s\u00e9jours d\u2019\u00e9tudes de longue dur\u00e9e n\u2019est souvent pas possible. Les initiatives en faveur d\u2019un syst\u00e8me modulaire de labels portent \u00e0 croire que la formation interculturelle ne demeurera plus le privil\u00e8ge des \u00e9lites.<\/p>\n<p>La seconde id\u00e9e que j\u2019ai trouv\u00e9e tr\u00e8s importante concerne l\u2019assurance-qualit\u00e9 et l\u2019instauration de ce label en tant que v\u00e9ritable certificat qui apportera une plus-value \u00e0 tout employeur. En effet, en dehors du monde universitaire, les comp\u00e9tences interculturelles ne sont toujours pas reconnues \u00e0 leur juste valeur et sont donc beaucoup trop n\u00e9glig\u00e9es. Sur ce point, je souhaiterais qu\u2019en tant qu\u2019ambassadeurs agissant entre diff\u00e9rentes communaut\u00e9s linguistiques et culturelles, nous acc\u00e9dions bient\u00f4t \u00e0 autant de reconnaissance que d\u2019autres expert*es et consultant*es.<\/p>\n        <\/div><!-- .testimonial__content -->\n\n        <footer class=\"testimonial__footer\">\n            <cite class=\"testimonial__author\">\n                <b>\u00c9va Feig, doctorante du Coll\u00e8ge doctoral franco-allemand entre Carlsruhe, Coblence-Landau, Strasbourg, B\u00e2le et Chieti-Pescara<\/b><br \/>\n                <br \/>\n                            <\/cite>\n        <\/footer><!-- .testimonial__Foter -->\n\n    <\/div><!-- .testimonial__container -->\n\n    \n<\/blockquote><!-- .testimonial -->\n<blockquote class=\"testimonial\">\n\n    <div class=\"testimonial__container\">\n\n        <div class=\"testimonial__content\">\n            <p>J\u2019estime que l\u2019id\u00e9e de transposer l\u2019exp\u00e9rience franco-allemande au niveau europ\u00e9en est importante et utile. Notamment eu \u00e9gard aux universit\u00e9s europ\u00e9ennes, il ne peut s\u2019agir de soutenir uniquement les meilleures th\u00e8ses, bien que ce type de soutien pr\u00e9sente sans doute \u00e9galement un int\u00e9r\u00eat ; il s\u2019agit bien plut\u00f4t que les formations doctorales puissent d\u00e9sormais b\u00e9n\u00e9ficier d\u2019un \u00e9change entre pays europ\u00e9ens, permettant d\u2019instaurer durablement une vision plus large qui d\u00e9passe les simples fronti\u00e8res r\u00e9gionales et nationales. Pour ce faire, il faut cr\u00e9er des incitations pour les doctorant*es, au moyen par exemple de certificats plus largement reconnus. Nos d\u00e9bats l\u2019ont tr\u00e8s clairement d\u00e9montr\u00e9.<\/p>\n        <\/div><!-- .testimonial__content -->\n\n        <footer class=\"testimonial__footer\">\n            <cite class=\"testimonial__author\">\n                <b>Stephan Jolie, vice-pr\u00e9sident, Johannes Gutenberg-Universit\u00e4t Mainz<\/b><br \/>\n                <br \/>\n                            <\/cite>\n        <\/footer><!-- .testimonial__Foter -->\n\n    <\/div><!-- .testimonial__container -->\n\n    \n<\/blockquote><!-- .testimonial -->\n<blockquote class=\"testimonial\">\n\n    <div class=\"testimonial__container\">\n\n        <div class=\"testimonial__content\">\n            <p>Cet atelier d\u2019experts a eu lieu juste au bon moment car l\u2019initiative des universit\u00e9s europ\u00e9ennes se trouve encore au tout d\u00e9but de ses travaux concernant l\u2019encadrement conjoint des doctorants, et pourra donc ainsi b\u00e9n\u00e9ficier de l\u2019exp\u00e9rience de l\u2019UFA dans ce domaine.<\/p>\n        <\/div><!-- .testimonial__content -->\n\n        <footer class=\"testimonial__footer\">\n            <cite class=\"testimonial__author\">\n                <b>Janosch Nieden, Directeur, Eucor \u2013 Le Campus europ\u00e9en<\/b><br \/>\n                <br \/>\n                            <\/cite>\n        <\/footer><!-- .testimonial__Foter -->\n\n    <\/div><!-- .testimonial__container -->\n\n    \n<\/blockquote><!-- .testimonial -->\n<blockquote class=\"testimonial\">\n\n    <div class=\"testimonial__container\">\n\n        <div class=\"testimonial__content\">\n            <p>Cette manifestation aura constitu\u00e9 une \u00e9tape importante dans le processus de mise en \u0153uvre des cotutelles de th\u00e8se, pas seulement entre la France et l\u2019Allemagne, mais aussi dans le contexte des universit\u00e9s europ\u00e9ennes. Pour autant, de nombreux obstacles restent encore \u00e0 surmonter.<\/p>\n        <\/div><!-- .testimonial__content -->\n\n        <footer class=\"testimonial__footer\">\n            <cite class=\"testimonial__author\">\n                <b>Joern P\u00fctz, Vice-pr\u00e9sident d\u00e9l\u00e9gu\u00e9 aux relations franco-allemandes, Universit\u00e9 de Strasbourg<\/b><br \/>\n                <br \/>\n                            <\/cite>\n        <\/footer><!-- .testimonial__Foter -->\n\n    <\/div><!-- .testimonial__container -->\n\n    \n<\/blockquote><!-- .testimonial -->\n<blockquote class=\"testimonial\">\n\n    <div class=\"testimonial__container\">\n\n        <div class=\"testimonial__content\">\n            <p>Je retiens deux choses de cette journ\u00e9e : l\u2019\u00e9dition prochaine par l\u2019UFA d\u2019un vade-mecum \u00e0 destination des Universit\u00e9s pour le soutien aux cotutelles, qui pourra servir aux doctorant*e*s, aux professeurs mais aussi aux services administratifs (\u00e9cole doctorale, bureau des th\u00e8ses\u2026). Et l\u2019existence du label europ\u00e9en du doctorat qu\u2019il peut \u00eatre utile de valoriser.<\/p>\n        <\/div><!-- .testimonial__content -->\n\n        <footer class=\"testimonial__footer\">\n            <cite class=\"testimonial__author\">\n                <b>Yoan Vilain, responsable par int\u00e9rim pour l\u2019international \u00e0 la Humboldt-Universit\u00e4t zu Berlin<\/b><br \/>\n                <br \/>\n                            <\/cite>\n        <\/footer><!-- .testimonial__Foter -->\n\n    <\/div><!-- .testimonial__container -->\n\n    \n<\/blockquote><!-- .testimonial -->\n            <\/section><!-- .testimonials -->\n            <\/p>\n                            <\/div>\n\t\t\t\t\t\t\n\t\t\t\t\t\t\n                    <\/div><!-- .accordion -->\n\n\t\t\t\t\n\t\t\t\t\t\t\t\n        <\/div><!-- .accordion -->\n\n\t\t<\/div><\/div><\/div><\/div>","protected":false},"excerpt":{"rendered":"","protected":false},"author":2,"featured_media":0,"parent":869,"menu_order":38,"comment_status":"closed","ping_status":"closed","template":"","meta":{"_bbp_topic_count":0,"_bbp_reply_count":0,"_bbp_total_topic_count":0,"_bbp_total_reply_count":0,"_bbp_voice_count":0,"_bbp_anonymous_reply_count":0,"_bbp_topic_count_hidden":0,"_bbp_reply_count_hidden":0,"_bbp_forum_subforum_count":0,"inline_featured_image":false},"acf":[],"_links":{"self":[{"href":"https:\/\/www.dfh-ufa.org\/fr\/wp-json\/wp\/v2\/pages\/137781"}],"collection":[{"href":"https:\/\/www.dfh-ufa.org\/fr\/wp-json\/wp\/v2\/pages"}],"about":[{"href":"https:\/\/www.dfh-ufa.org\/fr\/wp-json\/wp\/v2\/types\/page"}],"author":[{"embeddable":true,"href":"https:\/\/www.dfh-ufa.org\/fr\/wp-json\/wp\/v2\/users\/2"}],"replies":[{"embeddable":true,"href":"https:\/\/www.dfh-ufa.org\/fr\/wp-json\/wp\/v2\/comments?post=137781"}],"version-history":[{"count":162,"href":"https:\/\/www.dfh-ufa.org\/fr\/wp-json\/wp\/v2\/pages\/137781\/revisions"}],"predecessor-version":[{"id":577190,"href":"https:\/\/www.dfh-ufa.org\/fr\/wp-json\/wp\/v2\/pages\/137781\/revisions\/577190"}],"up":[{"embeddable":true,"href":"https:\/\/www.dfh-ufa.org\/fr\/wp-json\/wp\/v2\/pages\/869"}],"wp:attachment":[{"href":"https:\/\/www.dfh-ufa.org\/fr\/wp-json\/wp\/v2\/media?parent=137781"}],"curies":[{"name":"wp","href":"https:\/\/api.w.org\/{rel}","templated":true}]}}