{"id":1384561,"date":"2022-10-17T14:24:28","date_gmt":"2022-10-17T12:24:28","guid":{"rendered":"https:\/\/www.dfh-ufa.org\/fr\/?page_id=1384561"},"modified":"2022-11-24T15:13:47","modified_gmt":"2022-11-24T14:13:47","slug":"dialogue-avec-le-monde-economique-2022","status":"publish","type":"page","link":"https:\/\/www.dfh-ufa.org\/fr\/vous-etes\/entreprises\/manifestations\/dialogue-avec-le-monde-economique-2022","title":{"rendered":"Dialogue avec le monde \u00e9conomique 2022"},"content":{"rendered":"<h4 style=\"text-align: center\"><img decoding=\"async\" loading=\"lazy\" class=\"alignnone wp-image-1395800 \" src=\"https:\/\/www.dfh-ufa.org\/app\/uploads\/2022\/10\/banniere-logo-dialogues.png\" alt=\"\" width=\"330\" height=\"83\" srcset=\"https:\/\/www.dfh-ufa.org\/app\/uploads\/2022\/10\/banniere-logo-dialogues.png 1976w, https:\/\/www.dfh-ufa.org\/app\/uploads\/2022\/10\/banniere-logo-dialogues-250x63.png 250w, https:\/\/www.dfh-ufa.org\/app\/uploads\/2022\/10\/banniere-logo-dialogues-1024x257.png 1024w, https:\/\/www.dfh-ufa.org\/app\/uploads\/2022\/10\/banniere-logo-dialogues-768x193.png 768w, https:\/\/www.dfh-ufa.org\/app\/uploads\/2022\/10\/banniere-logo-dialogues-1536x386.png 1536w\" sizes=\"(max-width: 330px) 100vw, 330px\" \/><\/h4>\n<h4 style=\"text-align: center\">Table ronde \u00e0 la veille du Forum Franco-Allemand (FFA)<\/h4>\n<h4 style=\"text-align: center\">\u00ab Alternance, formation duale et stages pratiques : quelles synergies franco-allemandes entre entreprises et enseignement sup\u00e9rieur ? \u00bb<\/h4>\n<h5 style=\"text-align: center\">le 24 novembre \u00e0 18 heures<br \/>\nau Palais des Congr\u00e8s \u00e0 Strasbourg<\/h5>\n<p>&nbsp;<\/p>\n<p>Dialogue entre repr\u00e9sentant*es \u00e9conomiques, institutionnels et universitaires, d\u2019une part, et Alumni de l\u2019UFA, d\u2019autre part, autour des th\u00e8mes de l\u2019alternance binationale, de l\u2019insertion professionnelle et de l\u2019optimisation des parcours internationaux des dipl\u00f4m\u00e9*es et jeunes chercheur*es form\u00e9*es au sein du r\u00e9seau de l&rsquo;UFA<\/p>\n<p>&nbsp;<\/p>\n<p>17h30 <strong>Inscription<\/strong><\/p>\n<p>18h00 <strong>Mot de bienvenue<\/strong> : Philippe Gr\u00e9ciano, Pr\u00e9sident de l\u2019UFA<\/p>\n<p><strong>Table ronde<\/strong> anim\u00e9e par Eva Martha Eckkrammer, Pr\u00e9sidente du Forum Franco-Allemand, Vice-Pr\u00e9sidente de l&rsquo;UFA<\/p>\n<ul>\n<li>Timoth\u00e9e Arnal, Consultant D\u00e9veloppement Professionnel, Apec<\/li>\n<li>Dominik G\u00f6tz, dipl\u00f4m\u00e9 UFA (\u00ab International Business Management \u00bb entre Colmar, L\u00f6rrach et B\u00e2le) et laur\u00e9at d\u2019un Prix d\u2019Excellence 2019, Audit Assistant EY Vienne<\/li>\n<li>Christina Jablonski, charg\u00e9e des ressources humaines, Europa-Park<\/li>\n<li>C\u00e9line Lasnier, responsable de programme UFA, Universit\u00e9 Paris Dauphine-PSL<\/li>\n<li><span id=\"zv__CLV-main__CV__header_subject\" class=\"subject\" title=\"Xavier Sust\u00e9rac, President Beauty &amp; Home EMEA, Aptar\" role=\"heading\">Xavier Susterac, Pr\u00e9sident Beauty &amp; Home EMEA, Aptar<\/span><\/li>\n<\/ul>\n<p>&nbsp;<\/p>\n<p><strong>\u00c9changes<\/strong> avec le public<\/p>\n<p><strong>Mot de cl\u00f4ture<\/strong> : Pamela Stenzel, CCEF, Office K61, avocate allemande<\/p>\n<p>19h30<strong> Cocktail et \u00e9changes informels<\/strong><\/p>\n<p>&nbsp;<\/p>\n<p>&nbsp;<\/p>\n<p><a class=\"button primary\" href=\"https:\/\/www.dfh-ufa.org\/fr\/vous-etes\/entreprises\/manifestations\/dialogue-avec-le-monde-economique-2022\/formulaire-dinscription\" target=\"_blank\" rel=\"noopener\">Formulaire d&rsquo;inscription<\/a><\/p>\n","protected":false},"excerpt":{"rendered":"<p>Table ronde \u00e0 la veille du Forum Franco-Allemand (FFA) \u00ab Alternance, formation duale et stages pratiques : quelles synergies franco-allemandes entre entreprises et enseignement sup\u00e9rieur ? \u00bb le 24 novembre \u00e0 18 heures au Palais des Congr\u00e8s \u00e0 Strasbourg &nbsp; Dialogue entre repr\u00e9sentant*es \u00e9conomiques, institutionnels et universitaires, d\u2019une part, et Alumni de l\u2019UFA, d\u2019autre part, [&hellip;]<\/p>\n","protected":false},"author":23,"featured_media":0,"parent":864,"menu_order":111,"comment_status":"closed","ping_status":"closed","template":"","meta":{"_bbp_topic_count":0,"_bbp_reply_count":0,"_bbp_total_topic_count":0,"_bbp_total_reply_count":0,"_bbp_voice_count":0,"_bbp_anonymous_reply_count":0,"_bbp_topic_count_hidden":0,"_bbp_reply_count_hidden":0,"_bbp_forum_subforum_count":0,"inline_featured_image":false},"acf":[],"_links":{"self":[{"href":"https:\/\/www.dfh-ufa.org\/fr\/wp-json\/wp\/v2\/pages\/1384561"}],"collection":[{"href":"https:\/\/www.dfh-ufa.org\/fr\/wp-json\/wp\/v2\/pages"}],"about":[{"href":"https:\/\/www.dfh-ufa.org\/fr\/wp-json\/wp\/v2\/types\/page"}],"author":[{"embeddable":true,"href":"https:\/\/www.dfh-ufa.org\/fr\/wp-json\/wp\/v2\/users\/23"}],"replies":[{"embeddable":true,"href":"https:\/\/www.dfh-ufa.org\/fr\/wp-json\/wp\/v2\/comments?post=1384561"}],"version-history":[{"count":31,"href":"https:\/\/www.dfh-ufa.org\/fr\/wp-json\/wp\/v2\/pages\/1384561\/revisions"}],"predecessor-version":[{"id":1395796,"href":"https:\/\/www.dfh-ufa.org\/fr\/wp-json\/wp\/v2\/pages\/1384561\/revisions\/1395796"}],"up":[{"embeddable":true,"href":"https:\/\/www.dfh-ufa.org\/fr\/wp-json\/wp\/v2\/pages\/864"}],"wp:attachment":[{"href":"https:\/\/www.dfh-ufa.org\/fr\/wp-json\/wp\/v2\/media?parent=1384561"}],"curies":[{"name":"wp","href":"https:\/\/api.w.org\/{rel}","templated":true}]}}