{"id":14590,"date":"2019-02-20T13:23:54","date_gmt":"2019-02-20T12:23:54","guid":{"rendered":"https:\/\/www.dfh-ufa.org\/fr\/?page_id=14590"},"modified":"2026-02-12T15:44:16","modified_gmt":"2026-02-12T14:44:16","slug":"documents-generaux-relatifs-a-la-procedure-devaluation-2","status":"publish","type":"page","link":"https:\/\/www.dfh-ufa.org\/fr\/lufa\/lufa-en-bref\/organisation\/les-instances-consultatives\/la-commission-scientifique\/login-commission-scientifique\/evaluation_cs\/ge-ing-sn\/documents-generaux-relatifs-a-la-procedure-devaluation-2","title":{"rendered":"Documents g\u00e9n\u00e9raux relatifs \u00e0 la proc\u00e9dure d&rsquo;\u00e9valuation ING,SN"},"content":{"rendered":"<div class=\"members-access-error\">D\u00e9sol\u00e9, vous n&rsquo;\u00eates pas autoris\u00e9*e \u00e0 voir ce contenu.<\/div>\n","protected":false},"excerpt":{"rendered":"<div class=\"members-access-error\">D\u00e9sol\u00e9, vous n&rsquo;\u00eates pas autoris\u00e9*e \u00e0 voir ce contenu.<\/div>\n","protected":false},"author":2,"featured_media":0,"parent":14407,"menu_order":0,"comment_status":"closed","ping_status":"closed","template":"templates\/tpl.wb.php","meta":{"_bbp_topic_count":0,"_bbp_reply_count":0,"_bbp_total_topic_count":0,"_bbp_total_reply_count":0,"_bbp_voice_count":0,"_bbp_anonymous_reply_count":0,"_bbp_topic_count_hidden":0,"_bbp_reply_count_hidden":0,"_bbp_forum_subforum_count":0,"inline_featured_image":false},"acf":[],"_links":{"self":[{"href":"https:\/\/www.dfh-ufa.org\/fr\/wp-json\/wp\/v2\/pages\/14590"}],"collection":[{"href":"https:\/\/www.dfh-ufa.org\/fr\/wp-json\/wp\/v2\/pages"}],"about":[{"href":"https:\/\/www.dfh-ufa.org\/fr\/wp-json\/wp\/v2\/types\/page"}],"author":[{"embeddable":true,"href":"https:\/\/www.dfh-ufa.org\/fr\/wp-json\/wp\/v2\/users\/2"}],"replies":[{"embeddable":true,"href":"https:\/\/www.dfh-ufa.org\/fr\/wp-json\/wp\/v2\/comments?post=14590"}],"version-history":[{"count":29,"href":"https:\/\/www.dfh-ufa.org\/fr\/wp-json\/wp\/v2\/pages\/14590\/revisions"}],"predecessor-version":[{"id":1963238,"href":"https:\/\/www.dfh-ufa.org\/fr\/wp-json\/wp\/v2\/pages\/14590\/revisions\/1963238"}],"up":[{"embeddable":true,"href":"https:\/\/www.dfh-ufa.org\/fr\/wp-json\/wp\/v2\/pages\/14407"}],"wp:attachment":[{"href":"https:\/\/www.dfh-ufa.org\/fr\/wp-json\/wp\/v2\/media?parent=14590"}],"curies":[{"name":"wp","href":"https:\/\/api.w.org\/{rel}","templated":true}]}}