{"id":14595,"date":"2019-02-20T13:31:38","date_gmt":"2019-02-20T12:31:38","guid":{"rendered":"https:\/\/www.dfh-ufa.org\/fr\/?page_id=14595"},"modified":"2026-02-12T13:12:02","modified_gmt":"2026-02-12T12:12:02","slug":"demandes","status":"publish","type":"page","link":"https:\/\/www.dfh-ufa.org\/fr\/lufa\/lufa-en-bref\/organisation\/les-instances-consultatives\/la-commission-scientifique\/login-commission-scientifique\/evaluation_cs\/eg-wiwi-jura\/demandes","title":{"rendered":"Demandes Eco-Droit"},"content":{"rendered":"<div class=\"members-access-error\">D\u00e9sol\u00e9, vous n&rsquo;\u00eates pas autoris\u00e9*e \u00e0 voir ce contenu.<\/div>\n","protected":false},"excerpt":{"rendered":"<div class=\"members-access-error\">D\u00e9sol\u00e9, vous n&rsquo;\u00eates pas autoris\u00e9*e \u00e0 voir ce contenu.<\/div>\n","protected":false},"author":2,"featured_media":0,"parent":12145,"menu_order":6,"comment_status":"closed","ping_status":"closed","template":"templates\/tpl.wb.php","meta":{"_bbp_topic_count":0,"_bbp_reply_count":0,"_bbp_total_topic_count":0,"_bbp_total_reply_count":0,"_bbp_voice_count":0,"_bbp_anonymous_reply_count":0,"_bbp_topic_count_hidden":0,"_bbp_reply_count_hidden":0,"_bbp_forum_subforum_count":0,"inline_featured_image":false},"acf":[],"_links":{"self":[{"href":"https:\/\/www.dfh-ufa.org\/fr\/wp-json\/wp\/v2\/pages\/14595"}],"collection":[{"href":"https:\/\/www.dfh-ufa.org\/fr\/wp-json\/wp\/v2\/pages"}],"about":[{"href":"https:\/\/www.dfh-ufa.org\/fr\/wp-json\/wp\/v2\/types\/page"}],"author":[{"embeddable":true,"href":"https:\/\/www.dfh-ufa.org\/fr\/wp-json\/wp\/v2\/users\/2"}],"replies":[{"embeddable":true,"href":"https:\/\/www.dfh-ufa.org\/fr\/wp-json\/wp\/v2\/comments?post=14595"}],"version-history":[{"count":25,"href":"https:\/\/www.dfh-ufa.org\/fr\/wp-json\/wp\/v2\/pages\/14595\/revisions"}],"predecessor-version":[{"id":1963227,"href":"https:\/\/www.dfh-ufa.org\/fr\/wp-json\/wp\/v2\/pages\/14595\/revisions\/1963227"}],"up":[{"embeddable":true,"href":"https:\/\/www.dfh-ufa.org\/fr\/wp-json\/wp\/v2\/pages\/12145"}],"wp:attachment":[{"href":"https:\/\/www.dfh-ufa.org\/fr\/wp-json\/wp\/v2\/media?parent=14595"}],"curies":[{"name":"wp","href":"https:\/\/api.w.org\/{rel}","templated":true}]}}