{"id":1482418,"date":"2025-03-24T10:26:06","date_gmt":"2025-03-24T09:26:06","guid":{"rendered":"https:\/\/www.dfh-ufa.org\/fr\/?page_id=1482418"},"modified":"2026-02-26T11:47:34","modified_gmt":"2026-02-26T10:47:34","slug":"professeur","status":"publish","type":"page","link":"https:\/\/www.dfh-ufa.org\/fr\/vous-etes\/professeur","title":{"rendered":"Enseignant\u00b7e"},"content":{"rendered":"<div id=\"pl-1482418\"  class=\"panel-layout\" ><div id=\"pg-1482418-0\"  class=\"panel-grid panel-no-style\" ><div id=\"pgc-1482418-0-0\"  class=\"panel-grid-cell\" ><div id=\"panel-1482418-0-0-0\" class=\"so-panel widget widget_sow-editor panel-first-child\" data-index=\"0\" ><div class=\"so-widget-sow-editor so-widget-sow-editor-base\">\n<div class=\"siteorigin-widget-tinymce textwidget\">\n\t<h4><strong>Vous \u00eates professeur\u00b7e et souhaitez \u00e9voquer l'UFA et ses diff\u00e9rentes offres dans le cadre de vos cours ?<br \/>\nL'UFA a rassembl\u00e9 pour vous une s\u00e9lection d'offres et de liens pratiques.<\/strong><\/h4>\n<hr \/>\n<h2>Pour commencer : vid\u00e9o d'introduction de l'UFA<\/h2>\n<h3>Vid\u00e9o : Qu\u2019est-ce que l\u2019UFA ?<\/h3>\n<p>Ces vid\u00e9os expliquent bri\u00e8vement le fonctionnement, les avantages et les perspectives d'avenir des \u00e9tudes \u00e0 l'UFA. Utilisez-les en classe pour pr\u00e9senter l'UFA et motiver vos \u00e9l\u00e8ves \u00e0 faire des \u00e9tudes en France et en Allemagne.<\/p>\n<p><a href=\"https:\/\/www.instagram.com\/p\/DJmOxxgPznO\/\"><img decoding=\"async\" loading=\"lazy\" class=\"wp-image-2012980 size-medium aligncenter\" title=\"Insta Bref\" src=\"https:\/\/www.dfh-ufa.org\/app\/uploads\/2025\/05\/Insta_Bref-141x250.png\" alt=\"Insta Bref\" width=\"141\" height=\"250\" \/><\/a><\/p>\n<p>&nbsp;<\/p>\n<table style=\"width: 100.134%;border-collapse: collapse;border-color: #f7f5f7\" border=\"0\" cellpadding=\"10\">\n<tbody>\n<tr>\n<td style=\"width: 25%\"><iframe loading=\"lazy\" src=\"\/\/www.youtube.com\/embed\/lXyFkYV3GqE?feature=shared\" width=\"560\" height=\"314\" allowfullscreen=\"allowfullscreen\"><\/iframe><\/td>\n<td style=\"width: 25%\"><\/td>\n<td style=\"width: 25%\"><\/td>\n<td style=\"width: 25%\"><iframe loading=\"lazy\" src=\"\/\/www.youtube.com\/embed\/OMkzT_PEAMs?feature=shared\" width=\"560\" height=\"314\" allowfullscreen=\"allowfullscreen\"><\/iframe><\/td>\n<\/tr>\n<\/tbody>\n<\/table>\n<p>&nbsp;<\/p>\n<hr \/>\n<h3>Testez vos connaissances<\/h3>\n<p>Apr\u00e8s l'introduction, demandez \u00e0 vos \u00e9l\u00e8ves de tester leurs connaissances sur l'UFA. Cliquez ici pour acc\u00e9der \u00e0 notre <a href=\"https:\/\/www.dfh-ufa.org\/fr\/vous-etes\/infos-pour-futurs-etudiants\/testez-vos-connaissances-sur-lufa\">quiz en ligne<\/a>. L'avantage : d\u00e8s qu'ils\u00b7elles ont termin\u00e9, ils\u00b7elles peuvent v\u00e9rifier leurs r\u00e9ponses eux\u00b7elles-m\u00eames.<\/p>\n<hr \/>\n<h3>T\u00e9moignages des \u00e9tudiant\u00b7es<\/h3>\n<table style=\"height: 48px;width: 100%;border-collapse: collapse;border-color: #ffffff\" border=\"0\">\n<tbody>\n<tr style=\"height: 24px\">\n<td style=\"width: 44.0701%;height: 24px;text-align: center\">\n<h4>Inviter un\u00b7e ambassadeur\u00b7drice<\/h4>\n<\/td>\n<td style=\"width: 4.64962%;text-align: center\"><strong>\u00a0<\/strong><\/td>\n<td style=\"width: 51.2803%;height: 24px;text-align: center\">\n<h4>Notre podcast Almer Mater Europa<\/h4>\n<\/td>\n<\/tr>\n<tr style=\"height: 24px\">\n<td style=\"width: 44.0701%;height: 24px;text-align: center\">&nbsp;<\/p>\n<p>En tant qu'enseignant*e, vous avez la possibilit\u00e9 d'inviter \u00e0 tout moment un\u00b7e <a href=\"https:\/\/www.dfh-ufa.org\/fr\/vous-etes\/etudiant\/ambassadeurs-de-lufa\/inviter-un-ambassadeur-de-lufa\">ambassadeur\u00b7drice de l'UFA<\/a>. Ce sont eux\u00b7elles-m\u00eames des \u00e9tudiant\u00b7es d'un cursus franco-allemand qui viennent parler de leur exp\u00e9rience personnelle dans votre classe. De plus, ils\u00b7elles r\u00e9pondront volontiers \u00e0 toutes vos questions.<\/p>\n<\/td>\n<td style=\"width: 4.64962%;text-align: center\"><\/td>\n<td style=\"width: 51.2803%;height: 24px;text-align: center\">Il peut \u00e9galement \u00eatre int\u00e9ressant de faire \u00e9couter \u00e0 vos \u00e9l\u00e8ves notre <a href=\"https:\/\/podcast.ausha.co\/alma-mater-europa-fr\">podcast Almer Mater Europa<\/a>. Vous y d\u00e9couvrirez comment d'ancien\u00b7nes \u00e9tudiant\u00b7es ont rejoint les \u00e9tudes \u00e0 l'UFA, ce qu'ils\u00b7elles font aujourd'hui et surtout pourquoi ils\u00b7elles recommanderaient sans h\u00e9sitation un cursus franco-allemand.<\/td>\n<\/tr>\n<\/tbody>\n<\/table>\n<table style=\"height: 48px;width: 100%;border-collapse: collapse;border-color: #ffffff\" border=\"0\">\n<tbody>\n<tr>\n<td style=\"width: 100%\">\n<h4><\/h4>\n<h4 style=\"text-align: center\">Replay de nos Lives Instagram<\/h4>\n<\/td>\n<\/tr>\n<tr>\n<td style=\"width: 100%;text-align: center\">&nbsp;<\/p>\n<p style=\"text-align: left\">Des \u00e9tudiant\u00b7es de diff\u00e9rentes disciplines parlent de leurs \u00e9tudes franco-allemandes. Apprenez-en plus sur la candidature, les contenus d'\u00e9tudes, les stages passionnants, la recherche de logement ainsi que la vie quotidienne dans le pays partenaire - le tout accompagn\u00e9 de petites anecdotes.<\/p>\n<p>&nbsp;<\/p>\n<ul>\n<li style=\"text-align: left\"><span class=\"x1lliihq x1plvlek xryxfnj x1n2onr6 x1ji0vk5 x18bv5gf x193iq5w xeuugli x1fj9vlw x13faqbe x1vvkbs x1s928wv xhkezso x1gmr53x x1cpjm7i x1fgarty x1943h6x x1i0vuye xvs91rp xo1l8bm x5n08af x10wh9bi x1wdrske x8viiok x18hxmgj\" dir=\"auto\"><span class=\"x193iq5w xeuugli x1fj9vlw x13faqbe x1vvkbs xt0psk2 x1i0vuye xvs91rp xo1l8bm x5n08af x10wh9bi x1wdrske x8viiok x18hxmgj\"><a href=\"https:\/\/www.instagram.com\/p\/DGlcSwHs1cW\/\" target=\"_blank\" rel=\"noopener\"><strong>Charles,<\/strong> \u00e9tudiant en licence Management franco-allemand et international &amp;\u00a0 <strong>Ma\u00ebva,<\/strong> \u00e9tudiante en licence de langues, communication et commerce europ\u00e9ens<\/a><\/span><\/span><\/li>\n<li style=\"text-align: left\"><span class=\"x1lliihq x1plvlek xryxfnj x1n2onr6 x1ji0vk5 x18bv5gf x193iq5w xeuugli x1fj9vlw x13faqbe x1vvkbs x1s928wv xhkezso x1gmr53x x1cpjm7i x1fgarty x1943h6x x1i0vuye xvs91rp xo1l8bm x5n08af x10wh9bi x1wdrske x8viiok x18hxmgj\" dir=\"auto\"><span class=\"x193iq5w xeuugli x1fj9vlw x13faqbe x1vvkbs xt0psk2 x1i0vuye xvs91rp xo1l8bm x5n08af x10wh9bi x1wdrske x8viiok x18hxmgj\"><a href=\"https:\/\/www.instagram.com\/p\/DG04vh7sUTS\/\"><strong>Sil\u00e8ne,<\/strong> \u00e9tudiante en Master G\u00e9nie m\u00e9canique &amp; <strong>Mathis,<\/strong> \u00e9tudiant en Master de communication et coop\u00e9ration internationales<\/a><br \/>\n<\/span><\/span><\/li>\n<li style=\"text-align: left\"><a href=\"https:\/\/www.instagram.com\/p\/DHEV2kgMfEJ\/\" target=\"_blank\" rel=\"noopener\"><strong>Marie,<\/strong> \u00e9tudiante en licence de langues, lettres, philosophie et sciences humaines avec option formation des enseignants &amp; <strong>Emma,<\/strong> \u00e9tudiante en master de sciences politiques appliqu\u00e9es<\/a><\/li>\n<li style=\"text-align: left\"><a href=\"https:\/\/www.instagram.com\/p\/C4bEhWWMW70\/\" target=\"_blank\" rel=\"noopener\"><strong>Sofia,<\/strong> \u00e9tudiante en Sciences politiques et sociales &amp; <strong>Daniel,<\/strong> \u00e9tudiant en Management du tourisme international<\/a><\/li>\n<li style=\"text-align: left\"><a href=\"https:\/\/www.instagram.com\/p\/C4dohCrs_jA\/\" target=\"_blank\" rel=\"noopener\"><strong>El\u00e9onore,<\/strong> \u00e9tudiante en master int\u00e9gr\u00e9 franco-allemand, sp\u00e9cialis\u00e9 en droit de l'entreprise &amp; <strong>Laure-Anne<\/strong>, \u00e9tudiante en International Business Management<\/a><\/li>\n<li style=\"text-align: left\"><a href=\"https:\/\/www.instagram.com\/p\/C6rNmFRskF7\/\" target=\"_blank\" rel=\"noopener\"><strong>Isabelle,<\/strong> \u00e9tudiante en communication et coop\u00e9ration transfrontali\u00e8res &amp; <strong>In\u00e8s,<\/strong> \u00e9tudiante en histoire<\/a><\/li>\n<li style=\"text-align: left\"><a href=\"https:\/\/www.instagram.com\/p\/C7CUStzsYPL\/\" target=\"_blank\" rel=\"noopener\"><strong>Jana,<\/strong> \u00e9tudiante en International Management &amp; <strong>Simon,<\/strong> \u00e9tudiant en g\u00e9nie civil et management en Europe<\/a><\/li>\n<\/ul>\n<\/td>\n<\/tr>\n<\/tbody>\n<\/table>\n<hr \/>\n<h3>Des brochures de l\u2019UFA<\/h3>\n<p>Il peut \u00e9galement \u00eatre utile d'apporter quelques brochures de l\u2019UFA en classe et de les distribuer \u00e0 vos \u00e9l\u00e8ves. Ils\u00b7elles pourront ainsi se faire une id\u00e9e de l'offre d'\u00e9tudes franco-allemande en toute tranquillit\u00e9 \u00e0 la maison.<\/p>\n<p>&nbsp;<\/p>\n<\/div>\n<\/div><\/div><div id=\"panel-1482418-0-0-1\" class=\"so-panel widget widget_sow-button\" data-index=\"1\" ><div class=\"so-widget-sow-button so-widget-sow-button-atom-571e039dc88b-1482418\"><div class=\"ow-button-base ow-button-align-left\">\n\t<a href=\"https:\/\/www.dfh-ufa.org\/fr\/commander-des-brochures?noredirect=fr_FR\" class=\"ow-icon-placement-left ow-button-hover\" \t\t>\n\t\t<span>\n\t\t\t\n\t\t\tCliquez ici pour commander\t\t<\/span>\n\t<\/a>\n<\/div>\n<\/div><\/div><div id=\"panel-1482418-0-0-2\" class=\"so-panel widget widget_sow-editor\" data-index=\"2\" ><div class=\"so-widget-sow-editor so-widget-sow-editor-base\">\n<div class=\"siteorigin-widget-tinymce textwidget\">\n\t<p>&nbsp;<\/p>\n<hr \/>\n<h2>Recommandations pour vos \u00e9l\u00e8ves<\/h2>\n<p><img decoding=\"async\" loading=\"lazy\" class=\"alignnone wp-image-1959346\" src=\"https:\/\/www.dfh-ufa.org\/app\/uploads\/2025\/03\/DFH_89187-scaled-245x250.jpg\" alt=\"\" width=\"310\" height=\"316\" srcset=\"https:\/\/www.dfh-ufa.org\/app\/uploads\/2025\/03\/DFH_89187-scaled-245x250.jpg 245w, https:\/\/www.dfh-ufa.org\/app\/uploads\/2025\/03\/DFH_89187-scaled-1004x1024.jpg 1004w, https:\/\/www.dfh-ufa.org\/app\/uploads\/2025\/03\/DFH_89187-scaled-768x783.jpg 768w, https:\/\/www.dfh-ufa.org\/app\/uploads\/2025\/03\/DFH_89187-scaled-1506x1536.jpg 1506w, https:\/\/www.dfh-ufa.org\/app\/uploads\/2025\/03\/DFH_89187-scaled-2008x2048.jpg 2008w\" sizes=\"(max-width: 310px) 100vw, 310px\" \/><\/p>\n<p>Vous trouverez ici tous les sites utiles que vous pouvez recommander \u00e0 vos \u00e9l\u00e8ves.<\/p>\n<p>&nbsp;<\/p>\n<\/div>\n<\/div><\/div><div id=\"panel-1482418-0-0-3\" class=\"so-panel widget widget_accordion\" data-index=\"3\" >        <div class=\"accordion\" data-collapse=\"1\">\n\n\t\t\t\t\t\t\t\t\t\t\t\t                    <div class=\"accordion__item\" id=\"69d4460b91520\">\n\n\t\t\t\t\t\t                            <header class=\"accordion__header\">\n                                <h2 class=\"accordion__title\">Le guide des \u00e9tudes en ligne<\/h2>\n                            <\/header>\n\t\t\t\t\t\t\n\t\t\t\t\t\t                            <div class=\"accordion__content\">\n\t\t\t\t\t\t\t\t<p><a href=\"https:\/\/www.dfh-ufa.org\/fr\/vous-etes\/infos-pour-futurs-etudiants\/guide-des-etudes\">Le guide des \u00e9tudes<\/a> en ligne offre un aper\u00e7u de tous les cursus de l'UFA. Particuli\u00e8rement pratique : on peut filtrer par domaine d'\u00e9tudes, type de dipl\u00f4me et lieu. Ainsi, chaque \u00e9l\u00e8ve trouve la fili\u00e8re qui lui convient.<\/p>\n<p>Vous pouvez \u00e9galement consulter notre <a href=\"https:\/\/www.dfh-ufa.org\/app\/uploads\/2024\/09\/uebersicht_studiengaenge_2024_web.pdf\">brochure<\/a> pr\u00e9sentant l'ensemble des cursus de l'UFA.<\/p>\n                            <\/div>\n\t\t\t\t\t\t\n\t\t\t\t\t\t\n                    <\/div><!-- .accordion -->\n\n\t\t\t\t\n\t\t\t\t\t\t\t\t\t                    <div class=\"accordion__item\" id=\"69d4460b91540\">\n\n\t\t\t\t\t\t                            <header class=\"accordion__header\">\n                                <h2 class=\"accordion__title\">Rubrique web pour futur*es \u00e9tudiant*es<\/h2>\n                            <\/header>\n\t\t\t\t\t\t\n\t\t\t\t\t\t                            <div class=\"accordion__content\">\n\t\t\t\t\t\t\t\t<p>Sur notre site Internet, vos \u00e9l\u00e8ves trouveront une <a href=\"https:\/\/www.dfh-ufa.org\/fr\/vous-etes\/infos-pour-futurs-etudiants\">rubrique<\/a> contenant toutes les informations utiles pour futur*es \u00e9tudiant*es. Ils y trouveront tous les d\u00e9tails sur les diff\u00e9rentes cursus franco-allemandes.<\/p>\n<p><img class=\"alignnone size-medium wp-image-1959341\" src=\"https:\/\/www.dfh-ufa.org\/app\/uploads\/2025\/03\/QR-Code-Studiinteressierte_FR-1-250x250.png\" alt=\"\" width=\"250\" height=\"250\" \/><\/p>\n                            <\/div>\n\t\t\t\t\t\t\n\t\t\t\t\t\t\n                    <\/div><!-- .accordion -->\n\n\t\t\t\t\n\t\t\t\t\t\t\t\t\t                    <div class=\"accordion__item\" id=\"69d4460b91556\">\n\n\t\t\t\t\t\t                            <header class=\"accordion__header\">\n                                <h2 class=\"accordion__title\">Pr\u00e9sentation de l'UFA<\/h2>\n                            <\/header>\n\t\t\t\t\t\t\n\t\t\t\t\t\t                            <div class=\"accordion__content\">\n\t\t\t\t\t\t\t\t<p>Vous souhaitez pr\u00e9senter l'UFA \u00e0 vos \u00e9l\u00e8ves ? Alors utilisez notre <a href=\"https:\/\/www.dfh-ufa.org\/app\/uploads\/2025\/05\/2025-05-05_DFH-Praesentation_F_SALONS-Evenements-1.pptx\">pr\u00e9sentation PowerPoint<\/a> pour leur en dire plus sur l'UFA. Vous y trouverez tous les avantages des \u00e9tudes franco-allemandes, des chiffres et des faits importants ainsi que des informations pratiques et des liens pour vos \u00e9l\u00e8ves.<\/p>\n                            <\/div>\n\t\t\t\t\t\t\n\t\t\t\t\t\t\n                    <\/div><!-- .accordion -->\n\n\t\t\t\t\n\t\t\t\t\t\t\t\t\t                    <div class=\"accordion__item\" id=\"69d4460b91566\">\n\n\t\t\t\t\t\t                            <header class=\"accordion__header\">\n                                <h2 class=\"accordion__title\">Salon des formations sup\u00e9rieures :  Forum franco-allemand <\/h2>\n                            <\/header>\n\t\t\t\t\t\t\n\t\t\t\t\t\t                            <div class=\"accordion__content\">\n\t\t\t\t\t\t\t\t<p>Le salon des formations sup\u00e9rieures, le <a href=\"https:\/\/www.ffa-dff.org\/fr\/accueil\" target=\"_blank\" rel=\"noopener\">Forum Franco-Allemand<\/a> a lieu une fois par an, en automne, \u00e0 Strasbourg. Les \u00e9l\u00e8ves peuvent s'y informer sur les cursus internationaux et rencontrer plus de 120 \u00e9tablissements d'enseignement sup\u00e9rieur lors d'entretiens personnels.<\/p>\n<p><iframe src=\"\/\/www.youtube.com\/embed\/MNN1J1RCr2o?feature=shared\" width=\"560\" height=\"314\" allowfullscreen=\"allowfullscreen\"><\/iframe><\/p>\n                            <\/div>\n\t\t\t\t\t\t\n\t\t\t\t\t\t\n                    <\/div><!-- .accordion -->\n\n\t\t\t\t\n\t\t\t\t\t\t\t\t\t                    <div class=\"accordion__item\" id=\"69d4460b9157b\">\n\n\t\t\t\t\t\t                            <header class=\"accordion__header\">\n                                <h2 class=\"accordion__title\">Vid\u00e9os : \u00ab L\u2019allemand, pari gagnant \u00bb<\/h2>\n                            <\/header>\n\t\t\t\t\t\t\n\t\t\t\t\t\t                            <div class=\"accordion__content\">\n\t\t\t\t\t\t\t\t<p>Vous trouverez <a href=\"https:\/\/youtube.com\/playlist?list=PLnzszzC8VKHjON--BJ8un-xAbshs0kiEX&amp;feature=shared\">ici<\/a> des vid\u00e9os de l'ADEAF <span class=\"yt-core-attributed-string yt-core-attributed-string--white-space-pre-wrap\" dir=\"auto\" role=\"text\">(Association pour le D\u00e9veloppement de l'Enseignement de l'Allemand en France) <\/span> sur les opportunit\u00e9s dans les \u00e9tudes et le monde de travail pour les germanistes. Trop peu d'\u00e9l\u00e8ves apprennent l'allemand aujourd'hui alors que les entreprises ont de nombreux jobs \u00e0 leur offrir. Ecoutez les t\u00e9moignages de jeunes et moins jeunes qui ont r\u00e9ussi leurs \u00e9tudes ou leur carri\u00e8re gr\u00e2ce \u00e0 l'allemand. Vous y trouverez \u00e9galement une <a href=\"https:\/\/youtu.be\/D2-9FqgWDhE?feature=shared\">vid\u00e9o sur le double dipl\u00f4me avec l'UFA<\/a>.<\/p>\n                            <\/div>\n\t\t\t\t\t\t\n\t\t\t\t\t\t\n                    <\/div><!-- .accordion -->\n\n\t\t\t\t\n\t\t\t\t\t\t\t\t\t                    <div class=\"accordion__item\" id=\"69d4460b91590\">\n\n\t\t\t\t\t\t                            <header class=\"accordion__header\">\n                                <h2 class=\"accordion__title\">Livret : \u00c9tudier en Allemagne - de la part d'\u00e9tudiant*es pour des \u00e9tudiant*es<\/h2>\n                            <\/header>\n\t\t\t\t\t\t\n\t\t\t\t\t\t                            <div class=\"accordion__content\">\n\t\t\t\t\t\t\t\t<p>Le <a href=\"https:\/\/www.dfh-ufa.org\/app\/uploads\/2024\/07\/Livret-de-letudiant-UFA.pdf\">guide de la repr\u00e9sentation \u00e9tudiante<\/a> r\u00e9pond \u00e0 toutes les questions sur l'UFA ainsi que les \u00e9tudes et la mobilit\u00e9 en Allemagne.<\/p>\n                            <\/div>\n\t\t\t\t\t\t\n\t\t\t\t\t\t\n                    <\/div><!-- .accordion -->\n\n\t\t\t\t\n\t\t\t\t\t\t\t\t\t                    <div class=\"accordion__item\" id=\"69d4460b9159d\">\n\n\t\t\t\t\t\t                            <header class=\"accordion__header\">\n                                <h2 class=\"accordion__title\">Brochure : \u00ab L\u2019allemand t'attend \u00bb<\/h2>\n                            <\/header>\n\t\t\t\t\t\t\n\t\t\t\t\t\t                            <div class=\"accordion__content\">\n\t\t\t\t\t\t\t\t<p>La brochure \u00ab\u00a0<a href=\"https:\/\/www.goethe.de\/resources\/files\/pdf341\/241017-gi-brochure-allemand-planches-web.pdf\" target=\"_blank\" rel=\"noopener\">L\u2019allemand t'attend<\/a> \u00bb montre aux enfants et aux parents pourquoi il vaut la peine d'apprendre l'allemand et motive les \u00e9l\u00e8ves \u00e0 choisir cette mati\u00e8re.<\/p>\n                            <\/div>\n\t\t\t\t\t\t\n\t\t\t\t\t\t\n                    <\/div><!-- .accordion -->\n\n\t\t\t\t\n\t\t\t\t\t\t\t\t\t                    <div class=\"accordion__item\" id=\"69d4460b915ab\">\n\n\t\t\t\t\t\t                            <header class=\"accordion__header\">\n                                <h2 class=\"accordion__title\">Instagram<\/h2>\n                            <\/header>\n\t\t\t\t\t\t\n\t\t\t\t\t\t                            <div class=\"accordion__content\">\n\t\t\t\t\t\t\t\t<p>Il est \u00e9galement possible de s'informer sur l'UFA et ses programmes d'\u00e9tudes sur <a href=\"https:\/\/www.instagram.com\/ufadfh\/?hl=fr\">Instagram<\/a>. Gr\u00e2ce \u00e0 des images et des vid\u00e9os explicatives, on y trouve un aper\u00e7u vari\u00e9 de l'offre d'\u00e9tudes de l'UFA.<\/p>\n                            <\/div>\n\t\t\t\t\t\t\n\t\t\t\t\t\t\n                    <\/div><!-- .accordion -->\n\n\t\t\t\t\n\t\t\t\t\t\t\t\n        <\/div><!-- .accordion -->\n\n\t\t<\/div><div id=\"panel-1482418-0-0-4\" class=\"so-panel widget widget_sow-editor panel-last-child\" data-index=\"4\" ><div class=\"so-widget-sow-editor so-widget-sow-editor-base\">\n<div class=\"siteorigin-widget-tinymce textwidget\">\n\t<h3><\/h3>\n<hr \/>\n<h2><\/h2>\n<h3><strong>Vous avez des questions ? N'h\u00e9sitez pas \u00e0 nous contacter !<\/strong><\/h3>\n<p><strong>Sandra Reuther<\/strong><br \/>\nResponsable adjointe du d\u00e9partement \u00ab Relations publiques et partenariales \u00bb<br \/>\nTel. : +49 (0) 681 93812-322<a href=\"mailto:leeder@dfh.ufa.org\"><br \/>\n<\/a>E-Mail:\u00a0 <a href=\"mailto:reuther@dfh-ufa.org\" target=\"_blank\" rel=\"nofollow noopener noreferrer\">reuther(at)dfh-ufa.org<\/a><\/p>\n<p><strong>Kenbougoul Samb<br \/>\n<\/strong>Charg\u00e9e de mission \u00ab Prospection de nouveaux \u00e9tudiants, salons et manifestations \u00bb<br \/>\nTel. : +49 (0) 681 93812-144<br \/>\nE-Mail: <a href=\"mailto:samb@dfh-ufa.org\" target=\"_blank\" rel=\"nofollow noopener noreferrer\">samb(at)dfh-ufa.org<\/a><\/p>\n<p>&nbsp;<\/p>\n<\/div>\n<\/div><\/div><\/div><\/div><\/div>","protected":false},"excerpt":{"rendered":"<p>Vous \u00eates professeur\u00b7e et souhaitez \u00e9voquer l&rsquo;UFA et ses diff\u00e9rentes offres dans le cadre de vos cours ? L&rsquo;UFA a rassembl\u00e9 pour vous une s\u00e9lection d&rsquo;offres et de liens pratiques. Pour commencer : vid\u00e9o d&rsquo;introduction de l&rsquo;UFA Vid\u00e9o : Qu\u2019est-ce que l\u2019UFA ? Ces vid\u00e9os expliquent bri\u00e8vement le fonctionnement, les avantages et les perspectives d&rsquo;avenir [&hellip;]<\/p>\n","protected":false},"author":452,"featured_media":0,"parent":811,"menu_order":28,"comment_status":"closed","ping_status":"closed","template":"","meta":{"_bbp_topic_count":0,"_bbp_reply_count":0,"_bbp_total_topic_count":0,"_bbp_total_reply_count":0,"_bbp_voice_count":0,"_bbp_anonymous_reply_count":0,"_bbp_topic_count_hidden":0,"_bbp_reply_count_hidden":0,"_bbp_forum_subforum_count":0,"inline_featured_image":false},"acf":[],"_links":{"self":[{"href":"https:\/\/www.dfh-ufa.org\/fr\/wp-json\/wp\/v2\/pages\/1482418"}],"collection":[{"href":"https:\/\/www.dfh-ufa.org\/fr\/wp-json\/wp\/v2\/pages"}],"about":[{"href":"https:\/\/www.dfh-ufa.org\/fr\/wp-json\/wp\/v2\/types\/page"}],"author":[{"embeddable":true,"href":"https:\/\/www.dfh-ufa.org\/fr\/wp-json\/wp\/v2\/users\/452"}],"replies":[{"embeddable":true,"href":"https:\/\/www.dfh-ufa.org\/fr\/wp-json\/wp\/v2\/comments?post=1482418"}],"version-history":[{"count":79,"href":"https:\/\/www.dfh-ufa.org\/fr\/wp-json\/wp\/v2\/pages\/1482418\/revisions"}],"predecessor-version":[{"id":1963125,"href":"https:\/\/www.dfh-ufa.org\/fr\/wp-json\/wp\/v2\/pages\/1482418\/revisions\/1963125"}],"up":[{"embeddable":true,"href":"https:\/\/www.dfh-ufa.org\/fr\/wp-json\/wp\/v2\/pages\/811"}],"wp:attachment":[{"href":"https:\/\/www.dfh-ufa.org\/fr\/wp-json\/wp\/v2\/media?parent=1482418"}],"curies":[{"name":"wp","href":"https:\/\/api.w.org\/{rel}","templated":true}]}}