{"id":1482438,"date":"2022-12-20T14:49:08","date_gmt":"2022-12-20T13:49:08","guid":{"rendered":"https:\/\/www.dfh-ufa.org\/fr\/?page_id=1482438"},"modified":"2023-01-24T09:48:09","modified_gmt":"2023-01-24T08:48:09","slug":"26_01_23","status":"publish","type":"page","link":"https:\/\/www.dfh-ufa.org\/fr\/vous-etes\/entreprises\/prix-dexcellence\/26_01_23","title":{"rendered":""},"content":{"rendered":"<table style=\"border-collapse: collapse;width: 100%;height: 24px\">\n<tbody>\n<tr style=\"height: 24px\">\n<td style=\"width: 33.3333%;height: 24px\"><img decoding=\"async\" loading=\"lazy\" class=\"alignnone wp-image-1514320\" src=\"https:\/\/www.dfh-ufa.org\/app\/uploads\/2022\/12\/logoamb-allemagne.jpg\" alt=\"\" width=\"239\" height=\"166\" \/><\/td>\n<td style=\"width: 33.3333%;height: 24px\"><\/td>\n<td style=\"width: 33.3333%;height: 24px\"><img decoding=\"async\" loading=\"lazy\" class=\"wp-image-1514322 alignleft\" src=\"https:\/\/www.dfh-ufa.org\/app\/uploads\/2022\/12\/LOGO_transparent.png\" alt=\"\" width=\"437\" height=\"145\" \/><\/td>\n<\/tr>\n<\/tbody>\n<\/table>\n<h3 style=\"text-align: center\"><strong>Remise des Prix d\u2019Excellence et de la Meilleure Th\u00e8se de l\u2019UFA<br \/>\n<\/strong><\/h3>\n<h4 style=\"text-align: center\">le 26 janvier 2023<\/h4>\n<h4 style=\"text-align: center\">\u00e0 l&rsquo;Ambassade de France \u00e0 Berlin<\/h4>\n<p>&nbsp;<\/p>\n<table style=\"border-collapse: collapse;width: 100%;height: 240px\">\n<tbody>\n<tr style=\"height: 24px\">\n<td style=\"width: 19.7438%;height: 24px;text-align: right\"><strong>18h00<br \/>\n<\/strong><\/td>\n<td style=\"width: 1.9794%;text-align: left;height: 24px\"><strong>\u00a0<\/strong><\/td>\n<td style=\"width: 78.2768%;height: 24px\">Accueil des invit\u00e9*es<\/td>\n<\/tr>\n<tr style=\"height: 24px\">\n<td style=\"width: 19.7438%;height: 24px;text-align: right\"><\/td>\n<td style=\"width: 1.9794%;text-align: left;height: 24px\"><\/td>\n<td style=\"width: 78.2768%;height: 24px\">Mot de bienvenue de Monsieur l\u2019Ambassadeur de France, Fran\u00e7ois Delattre<\/td>\n<\/tr>\n<tr style=\"height: 24px\">\n<td style=\"width: 19.7438%;height: 24px;text-align: right\"><\/td>\n<td style=\"width: 1.9794%;text-align: left;height: 24px\"><\/td>\n<td style=\"width: 78.2768%;height: 24px\">Mot de bienvenue du Pr\u00e9sident de l\u2019UFA, Monsieur Philippe Gr\u00e9ciano<\/td>\n<\/tr>\n<tr style=\"height: 24px\">\n<td style=\"width: 19.7438%;height: 24px;text-align: right\"><\/td>\n<td style=\"width: 1.9794%;text-align: left;height: 24px\"><\/td>\n<td style=\"width: 78.2768%;height: 24px\">Remise des <strong>Prix de la Meilleure Th\u00e8se<\/strong><\/td>\n<\/tr>\n<tr style=\"height: 24px\">\n<td style=\"width: 19.7438%;height: 24px;text-align: right\"><\/td>\n<td style=\"width: 1.9794%;text-align: left;height: 24px\"><\/td>\n<td style=\"width: 78.2768%;height: 24px\">Entracte musical<\/td>\n<\/tr>\n<tr style=\"height: 24px\">\n<td style=\"width: 19.7438%;height: 24px;text-align: right\"><\/td>\n<td style=\"width: 1.9794%;text-align: left;height: 24px\"><\/td>\n<td style=\"width: 78.2768%;height: 24px\">Remise des<strong> Prix d\u2019Excellence<\/strong><\/td>\n<\/tr>\n<tr style=\"height: 24px\">\n<td style=\"width: 19.7438%;height: 24px;text-align: right\"><\/td>\n<td style=\"width: 1.9794%;text-align: left;height: 24px\"><\/td>\n<td style=\"width: 78.2768%;height: 24px\">Entracte musical<\/td>\n<\/tr>\n<tr style=\"height: 24px\">\n<td style=\"width: 19.7438%;height: 24px;text-align: right\"><\/td>\n<td style=\"width: 1.9794%;text-align: left;height: 24px\"><\/td>\n<td style=\"width: 78.2768%;height: 24px\">Remise de trois bourses<strong> \u00ab\u00a0BNP Paribas-UFA\u00a0\u00bb<\/strong><\/td>\n<\/tr>\n<tr style=\"height: 24px\">\n<td style=\"width: 19.7438%;height: 24px;text-align: right\"><\/td>\n<td style=\"width: 1.9794%;text-align: left;height: 24px\"><\/td>\n<td style=\"width: 78.2768%;height: 24px\">Discours de remerciements d\u2019un*e laur\u00e9at*e (au nom de tou*tes les dipl\u00f4m\u00e9*es r\u00e9compens\u00e9*es)<\/td>\n<\/tr>\n<tr style=\"height: 24px\">\n<td style=\"width: 19.7438%;height: 24px;text-align: right\"><strong>\u00c0 partir de 19h30<br \/>\n<\/strong><\/td>\n<td style=\"width: 1.9794%;text-align: left;height: 24px\"><strong>\u00a0<\/strong><\/td>\n<td style=\"width: 78.2768%;height: 24px\">Cocktail d\u00eenatoire<\/td>\n<\/tr>\n<\/tbody>\n<\/table>\n<p>&nbsp;<\/p>\n<p>&nbsp;<\/p>\n","protected":false},"excerpt":{"rendered":"<p>Remise des Prix d\u2019Excellence et de la Meilleure Th\u00e8se de l\u2019UFA le 26 janvier 2023 \u00e0 l&rsquo;Ambassade de France \u00e0 Berlin &nbsp; 18h00 \u00a0 Accueil des invit\u00e9*es Mot de bienvenue de Monsieur l\u2019Ambassadeur de France, Fran\u00e7ois Delattre Mot de bienvenue du Pr\u00e9sident de l\u2019UFA, Monsieur Philippe Gr\u00e9ciano Remise des Prix de la Meilleure Th\u00e8se Entracte [&hellip;]<\/p>\n","protected":false},"author":400,"featured_media":0,"parent":866,"menu_order":0,"comment_status":"closed","ping_status":"closed","template":"","meta":{"_bbp_topic_count":0,"_bbp_reply_count":0,"_bbp_total_topic_count":0,"_bbp_total_reply_count":0,"_bbp_voice_count":0,"_bbp_anonymous_reply_count":0,"_bbp_topic_count_hidden":0,"_bbp_reply_count_hidden":0,"_bbp_forum_subforum_count":0,"inline_featured_image":false},"acf":[],"_links":{"self":[{"href":"https:\/\/www.dfh-ufa.org\/fr\/wp-json\/wp\/v2\/pages\/1482438"}],"collection":[{"href":"https:\/\/www.dfh-ufa.org\/fr\/wp-json\/wp\/v2\/pages"}],"about":[{"href":"https:\/\/www.dfh-ufa.org\/fr\/wp-json\/wp\/v2\/types\/page"}],"author":[{"embeddable":true,"href":"https:\/\/www.dfh-ufa.org\/fr\/wp-json\/wp\/v2\/users\/400"}],"replies":[{"embeddable":true,"href":"https:\/\/www.dfh-ufa.org\/fr\/wp-json\/wp\/v2\/comments?post=1482438"}],"version-history":[{"count":25,"href":"https:\/\/www.dfh-ufa.org\/fr\/wp-json\/wp\/v2\/pages\/1482438\/revisions"}],"predecessor-version":[{"id":1534225,"href":"https:\/\/www.dfh-ufa.org\/fr\/wp-json\/wp\/v2\/pages\/1482438\/revisions\/1534225"}],"up":[{"embeddable":true,"href":"https:\/\/www.dfh-ufa.org\/fr\/wp-json\/wp\/v2\/pages\/866"}],"wp:attachment":[{"href":"https:\/\/www.dfh-ufa.org\/fr\/wp-json\/wp\/v2\/media?parent=1482438"}],"curies":[{"name":"wp","href":"https:\/\/api.w.org\/{rel}","templated":true}]}}