{"id":15571,"date":"2019-04-18T11:55:44","date_gmt":"2019-04-18T09:55:44","guid":{"rendered":"https:\/\/www.dfh-ufa.org\/fr\/?page_id=15571"},"modified":"2021-02-10T16:43:27","modified_gmt":"2021-02-10T15:43:27","slug":"contenu","status":"publish","type":"page","link":"https:\/\/www.dfh-ufa.org\/fr\/actualites\/news\/contenu","title":{"rendered":"Contenu"},"content":{"rendered":"<div id=\"pl-15571\"  class=\"panel-layout\" ><div id=\"pg-15571-0\"  class=\"panel-grid panel-no-style\" ><div id=\"pgc-15571-0-0\"  class=\"panel-grid-cell\" ><div id=\"panel-15571-0-0-0\" class=\"so-panel widget widget_sow-editor panel-first-child\" data-index=\"0\" ><div class=\"so-widget-sow-editor so-widget-sow-editor-base\">\n<div class=\"siteorigin-widget-tinymce textwidget\">\n\t<h5 style=\"text-align: left;\"><strong>Vorstellung der Deutsch-Franz\u00f6sischen Hochschule, <\/strong><strong>ihrer deutsch-franz\u00f6sischen Studieng\u00e4nge und Doktorandenausbildung <\/strong><strong>sowie wissenschaftlichen Veranstaltungen f\u00fcr Nachwuchswissenschaftler<\/strong><strong>&nbsp;<\/strong><\/h5>\n<h5 style=\"text-align: left;\"><strong><u>Heinrich-Heine-Universit\u00e4t D\u00fcsseldorf, Vortragsraum der ULB, Geb\u00e4ude 24.41 <\/u><\/strong><strong><u>den 9. Ma<\/u><\/strong><strong><u>i 2019<\/u><\/strong><\/h5>\n<\/div>\n<\/div><\/div><div id=\"panel-15571-0-0-1\" class=\"so-panel widget widget_sow-editor\" data-index=\"1\" ><div class=\"so-widget-sow-editor so-widget-sow-editor-base\">\n<div class=\"siteorigin-widget-tinymce textwidget\">\n\t<h5><\/h5>\n<h5><\/h5>\n<h5><\/h5>\n<table class=\" alignleft\" style=\"height: 1549px; width: 694px; border-style: outset; border-color: #e1e9ed;\" width=\"632\">\n<tbody>\n<tr style=\"height: 175px;\">\n<td style=\"height: 175px; width: 105.167px; background-color: #ede8e8; border-style: inset; border-color: #e6dada;\"><strong>10.00<\/strong><\/td>\n<td style=\"height: 175px; width: 572.833px; background-color: #ede8e8; border-style: inset; border-color: #e6dada;\"><strong>Begr\u00fc\u00dfung<\/strong><\/p>\n<p>&nbsp;<\/p>\n<p>Prof. Dr. Andrea von H\u00fclsen-Esch, Heinrich-Heine-Universit\u00e4t D\u00fcsseldorf (angefragt)<\/p>\n<h4><em>\u00a0<\/em><\/h4>\n<\/td>\n<\/tr>\n<tr style=\"height: 200px;\">\n<td style=\"height: 200px; width: 105.167px; border-style: inset; border-color: #e6dada;\">&nbsp;<\/p>\n<p><strong>10.10<\/strong><\/p>\n<p><strong>\u00a0<\/strong><\/p>\n<p><strong>\u00a0<\/strong><\/p>\n<p><strong>\u00a0<\/strong><\/p>\n<\/td>\n<td style=\"height: 200px; width: 572.833px; border-style: inset; border-color: #e6dada;\"><strong>Vorstellung der Deutsch-Franz\u00f6sischen Hochschule<\/strong><\/p>\n<p><strong><br \/>\n<\/strong><strong>\u00a0<\/strong>Dr. Marjorie Berthomier, stellvertretende Generalsekret\u00e4rin der Deutsch-Franz\u00f6sischen Hochschule<\/p>\n<\/td>\n<\/tr>\n<tr style=\"height: 200px;\">\n<td style=\"height: 200px; width: 105.167px; background-color: #ede8e8; border-style: inset; border-color: #e6dada;\"><strong>10.20<\/strong><\/td>\n<td style=\"height: 200px; width: 572.833px; background-color: #ede8e8; border-style: inset; border-color: #e6dada;\"><strong>Vorstellung der deutsch-franz\u00f6sischen Studieng\u00e4nge<br \/>\n<\/strong><strong><br \/>\n<\/strong>Carole Reimeringer, Leiterin des Referats \"Studieng\u00e4nge und Promotion \" der Deutsch-Franz\u00f6sischen Hochschule<\/td>\n<\/tr>\n<tr style=\"height: 224px;\">\n<td style=\"height: 224px; width: 105.167px; border-style: inset; border-color: #e6dada;\"><strong>10.50<\/strong><\/p>\n<p><strong>\u00a0<\/strong><\/p>\n<p><strong>\u00a0<\/strong><\/p>\n<p><strong>\u00a0<\/strong><\/p>\n<\/td>\n<td style=\"height: 224px; width: 572.833px; border-style: inset; border-color: #e6dada;\"><strong>Vorstellung der Doktorandenausbildung und wissenschaftlichen Veranstaltungen f\u00fcr Nachwuchswissenschaftler<\/strong><\/p>\n<p>&nbsp;<\/p>\n<p><strong>\u00a0<\/strong>Eva-Maria Hengsbach, Referentin \"Promotion\" der Deutsch-Franz\u00f6sischen Hochschule<\/p>\n<\/td>\n<\/tr>\n<tr style=\"height: 208px;\">\n<td style=\"height: 208px; width: 105.167px; background-color: #ede8e8; border-style: inset; border-color: #e6dada;\"><strong>11.20<\/strong><\/td>\n<td style=\"height: 208px; width: 572.833px; background-color: #ede8e8; border-style: inset; border-color: #e6dada;\"><strong>Vorstellung des binationalen Studiengangs \u201eDeutsches und franz\u00f6sisches Recht\u201c zwischen der Universit\u00e9 de Cergy-Pontoise und der Heinrich-Heine-Universit\u00e4t D\u00fcsseldorf<\/strong><\/p>\n<p>&nbsp;<\/p>\n<p>Prof. Dr. Andreas Feuerborn, Programmbeauftragter - Heinrich-Heine-Universit\u00e4t D\u00fcsseldorf<\/p>\n<\/td>\n<\/tr>\n<tr style=\"height: 224px;\">\n<td style=\"height: 224px; width: 105.167px; border-style: inset; border-color: #e6dada;\"><strong>11.40<\/strong><\/td>\n<td style=\"height: 224px; width: 572.833px; border-style: inset; border-color: #e6dada;\"><strong>Vorstellung des Doktorandenkollegs zwischen der Universit\u00e9 Nice Sophia Antipolis und der Universit\u00e4t Bochum im Bereich \u201eNanostrukturierte Halbleiter mit Bandl\u00fcckenmodulationen\u201c<\/strong><\/p>\n<p>&nbsp;<\/p>\n<p>Prof. Dr. Andreas Wieck, Programmbeauftragter - Universit\u00e4t Bochum<\/p>\n<p><strong>\u00a0<\/strong><\/p>\n<\/td>\n<\/tr>\n<tr style=\"height: 96px;\">\n<td style=\"height: 96px; width: 105.167px; background-color: #ede8e8; border-style: inset; border-color: #e6dada;\"><strong>12.00<\/strong><\/td>\n<td style=\"height: 96px; width: 572.833px; background-color: #ede8e8; border-style: inset; border-color: #e6dada;\"><strong>Mittagspause \u2013 Imbiss auf Einladung der DFH<\/strong><\/td>\n<\/tr>\n<tr style=\"height: 96px;\">\n<td style=\"height: 96px; width: 105.167px; border-style: inset; border-color: #e6dada;\"><strong>14.00 \u2013 15.00<\/strong><\/td>\n<td style=\"height: 96px; width: 572.833px; border-style: inset; border-color: #e6dada;\"><strong>Individuelle Gespr\u00e4che<\/strong><\/td>\n<\/tr>\n<\/tbody>\n<\/table>\n<\/div>\n<\/div><\/div><div id=\"panel-15571-0-0-2\" class=\"so-panel widget widget_sow-editor panel-last-child\" data-index=\"2\" ><div class=\"so-widget-sow-editor so-widget-sow-editor-base\">\n<div class=\"siteorigin-widget-tinymce textwidget\">\n\t<p>&nbsp;<\/p>\n<p><a href=\"https:\/\/www.dfh-ufa.org\/app\/uploads\/2019\/04\/Programm-1.doc\">Programme visible directement et \u00e0 t\u00e9l\u00e9charger<\/a><\/p>\n<p><a href=\"https:\/\/www.dfh-ufa.org\/app\/uploads\/2019\/04\/Einschreibeformular-1.doc\">Coupon-r\u00e9ponse \u00e0 t\u00e9l\u00e9charger <\/a><\/p>\n<\/div>\n<\/div><\/div><\/div><\/div><\/div>","protected":false},"excerpt":{"rendered":"<p>Vorstellung der Deutsch-Franz\u00f6sischen Hochschule, ihrer deutsch-franz\u00f6sischen Studieng\u00e4nge und Doktorandenausbildung sowie wissenschaftlichen Veranstaltungen f\u00fcr Nachwuchswissenschaftler&nbsp; Heinrich-Heine-Universit\u00e4t D\u00fcsseldorf, Vortragsraum der ULB, Geb\u00e4ude 24.41 den 9. Mai 2019 10.00 Begr\u00fc\u00dfung &nbsp; Prof. Dr. Andrea von H\u00fclsen-Esch, Heinrich-Heine-Universit\u00e4t D\u00fcsseldorf (angefragt) \u00a0 &nbsp; 10.10 \u00a0 \u00a0 \u00a0 Vorstellung der Deutsch-Franz\u00f6sischen Hochschule \u00a0Dr. Marjorie Berthomier, stellvertretende Generalsekret\u00e4rin der Deutsch-Franz\u00f6sischen Hochschule 10.20 [&hellip;]<\/p>\n","protected":false},"author":2,"featured_media":0,"parent":869,"menu_order":38,"comment_status":"closed","ping_status":"closed","template":"","meta":{"_bbp_topic_count":0,"_bbp_reply_count":0,"_bbp_total_topic_count":0,"_bbp_total_reply_count":0,"_bbp_voice_count":0,"_bbp_anonymous_reply_count":0,"_bbp_topic_count_hidden":0,"_bbp_reply_count_hidden":0,"_bbp_forum_subforum_count":0,"inline_featured_image":false},"acf":[],"_links":{"self":[{"href":"https:\/\/www.dfh-ufa.org\/fr\/wp-json\/wp\/v2\/pages\/15571"}],"collection":[{"href":"https:\/\/www.dfh-ufa.org\/fr\/wp-json\/wp\/v2\/pages"}],"about":[{"href":"https:\/\/www.dfh-ufa.org\/fr\/wp-json\/wp\/v2\/types\/page"}],"author":[{"embeddable":true,"href":"https:\/\/www.dfh-ufa.org\/fr\/wp-json\/wp\/v2\/users\/2"}],"replies":[{"embeddable":true,"href":"https:\/\/www.dfh-ufa.org\/fr\/wp-json\/wp\/v2\/comments?post=15571"}],"version-history":[{"count":12,"href":"https:\/\/www.dfh-ufa.org\/fr\/wp-json\/wp\/v2\/pages\/15571\/revisions"}],"predecessor-version":[{"id":1963564,"href":"https:\/\/www.dfh-ufa.org\/fr\/wp-json\/wp\/v2\/pages\/15571\/revisions\/1963564"}],"up":[{"embeddable":true,"href":"https:\/\/www.dfh-ufa.org\/fr\/wp-json\/wp\/v2\/pages\/869"}],"wp:attachment":[{"href":"https:\/\/www.dfh-ufa.org\/fr\/wp-json\/wp\/v2\/media?parent=15571"}],"curies":[{"name":"wp","href":"https:\/\/api.w.org\/{rel}","templated":true}]}}