{"id":15627,"date":"2019-04-25T08:54:23","date_gmt":"2019-04-25T06:54:23","guid":{"rendered":"https:\/\/www.dfh-ufa.org\/fr\/?page_id=15627"},"modified":"2019-06-11T13:25:48","modified_gmt":"2019-06-11T11:25:48","slug":"inscription","status":"publish","type":"page","link":"https:\/\/www.dfh-ufa.org\/fr\/actualites\/news\/assemblee-des-etablissements-membres-rencontre-des-responsables-de-programmes-2019\/inscription","title":{"rendered":""},"content":{"rendered":"<p><img decoding=\"async\" src=\"https:\/\/www.dfh-ufa.org\/app\/uploads\/2019\/03\/dfh-ufa-2019-schirmherrschaft-fr.png\" width=\"800\" border=\"0\" \/><\/p>\n<h4>R\u00e9ception \u00e0 l\u2019H\u00f4tel de Ville de la Ville Libre et Hans\u00e9atique de Hambourg \u00e0 l\u2019occasion du 20\u00e8me anniversaire de l\u2019UFA et c\u00e9r\u00e9monie d\u2019ouverture de la double manifestation le 12 juin 2019 \u00e0 partir de 19h00<\/h4>\n<p><strong>en pr\u00e9sence de<\/strong><\/p>\n<p><strong>Armin Laschet, pl\u00e9nipotentiaire de la R\u00e9publique f\u00e9d\u00e9rale d\u2019Allemagne charg\u00e9 des relations culturelles franco-allemandes et ministre-pr\u00e9sident du <em>Land<\/em> de Rh\u00e9nanie-du-Nord-Westphalie<\/strong><\/p>\n<p><strong>Anja Karliczek, ministre allemande de l&rsquo;\u00c9ducation et de la Recherche<\/strong><\/p>\n<p><strong>Fr\u00e9d\u00e9rique Vidal, ministre de l\u2019Enseignement sup\u00e9rieur, de la Recherche et de l\u2019Innovation<\/strong><\/p>\n<p><strong>Anne-Marie Desc\u00f4tes, ambassadrice de la R\u00e9publique fran\u00e7aise en R\u00e9publique f\u00e9d\u00e9rale d\u2019Allemagne<\/strong><\/p>\n<p><strong>R. Alexander Lorz, ministre de l\u2019\u00c9ducation du <em>Land<\/em> de Hesse et pr\u00e9sident de la Conf\u00e9rence permanente des ministres de l\u2019\u00c9ducation des <em>L\u00e4nder<\/em> de la R\u00e9publique f\u00e9d\u00e9rale d\u2019Allemagne<\/strong><\/p>\n<p><strong>Laurent Toulouse, consul g\u00e9n\u00e9ral de la R\u00e9publique fran\u00e7aise \u00e0 Hambourg<\/strong><\/p>\n<p>&nbsp;<\/p>\n<h3><strong>Formulaire d&rsquo;inscription <\/strong><\/h3>\n<p>&nbsp;<\/p>\n","protected":false},"excerpt":{"rendered":"<p>R\u00e9ception \u00e0 l\u2019H\u00f4tel de Ville de la Ville Libre et Hans\u00e9atique de Hambourg \u00e0 l\u2019occasion du 20\u00e8me anniversaire de l\u2019UFA et c\u00e9r\u00e9monie d\u2019ouverture de la double manifestation le 12 juin 2019 \u00e0 partir de 19h00 en pr\u00e9sence de Armin Laschet, pl\u00e9nipotentiaire de la R\u00e9publique f\u00e9d\u00e9rale d\u2019Allemagne charg\u00e9 des relations culturelles franco-allemandes et ministre-pr\u00e9sident du Land [&hellip;]<\/p>\n","protected":false},"author":2,"featured_media":0,"parent":10422,"menu_order":0,"comment_status":"closed","ping_status":"closed","template":"","meta":{"_bbp_topic_count":0,"_bbp_reply_count":0,"_bbp_total_topic_count":0,"_bbp_total_reply_count":0,"_bbp_voice_count":0,"_bbp_anonymous_reply_count":0,"_bbp_topic_count_hidden":0,"_bbp_reply_count_hidden":0,"_bbp_forum_subforum_count":0,"inline_featured_image":false},"acf":[],"_links":{"self":[{"href":"https:\/\/www.dfh-ufa.org\/fr\/wp-json\/wp\/v2\/pages\/15627"}],"collection":[{"href":"https:\/\/www.dfh-ufa.org\/fr\/wp-json\/wp\/v2\/pages"}],"about":[{"href":"https:\/\/www.dfh-ufa.org\/fr\/wp-json\/wp\/v2\/types\/page"}],"author":[{"embeddable":true,"href":"https:\/\/www.dfh-ufa.org\/fr\/wp-json\/wp\/v2\/users\/2"}],"replies":[{"embeddable":true,"href":"https:\/\/www.dfh-ufa.org\/fr\/wp-json\/wp\/v2\/comments?post=15627"}],"version-history":[{"count":13,"href":"https:\/\/www.dfh-ufa.org\/fr\/wp-json\/wp\/v2\/pages\/15627\/revisions"}],"predecessor-version":[{"id":16220,"href":"https:\/\/www.dfh-ufa.org\/fr\/wp-json\/wp\/v2\/pages\/15627\/revisions\/16220"}],"up":[{"embeddable":true,"href":"https:\/\/www.dfh-ufa.org\/fr\/wp-json\/wp\/v2\/pages\/10422"}],"wp:attachment":[{"href":"https:\/\/www.dfh-ufa.org\/fr\/wp-json\/wp\/v2\/media?parent=15627"}],"curies":[{"name":"wp","href":"https:\/\/api.w.org\/{rel}","templated":true}]}}