{"id":16194,"date":"2019-06-06T16:16:46","date_gmt":"2019-06-06T14:16:46","guid":{"rendered":"https:\/\/www.dfh-ufa.org\/fr\/?page_id=16194"},"modified":"2019-06-06T17:54:27","modified_gmt":"2019-06-06T15:54:27","slug":"gtt-rs","status":"publish","type":"page","link":"https:\/\/www.dfh-ufa.org\/fr\/actualites\/news\/gtt-rs","title":{"rendered":"Groupe de travail th\u00e9matique"},"content":{"rendered":"<script type=\"text\/javascript\">var gform;gform||(document.addEventListener(\"gform_main_scripts_loaded\",function(){gform.scriptsLoaded=!0}),window.addEventListener(\"DOMContentLoaded\",function(){gform.domLoaded=!0}),gform={domLoaded:!1,scriptsLoaded:!1,initializeOnLoaded:function(o){gform.domLoaded&&gform.scriptsLoaded?o():!gform.domLoaded&&gform.scriptsLoaded?window.addEventListener(\"DOMContentLoaded\",o):document.addEventListener(\"gform_main_scripts_loaded\",o)},hooks:{action:{},filter:{}},addAction:function(o,n,r,t){gform.addHook(\"action\",o,n,r,t)},addFilter:function(o,n,r,t){gform.addHook(\"filter\",o,n,r,t)},doAction:function(o){gform.doHook(\"action\",o,arguments)},applyFilters:function(o){return gform.doHook(\"filter\",o,arguments)},removeAction:function(o,n){gform.removeHook(\"action\",o,n)},removeFilter:function(o,n,r){gform.removeHook(\"filter\",o,n,r)},addHook:function(o,n,r,t,i){null==gform.hooks[o][n]&&(gform.hooks[o][n]=[]);var e=gform.hooks[o][n];null==i&&(i=n+\"_\"+e.length),gform.hooks[o][n].push({tag:i,callable:r,priority:t=null==t?10:t})},doHook:function(n,o,r){var t;if(r=Array.prototype.slice.call(r,1),null!=gform.hooks[n][o]&&((o=gform.hooks[n][o]).sort(function(o,n){return o.priority-n.priority}),o.forEach(function(o){\"function\"!=typeof(t=o.callable)&&(t=window[t]),\"action\"==n?t.apply(null,r):r[0]=t.apply(null,r)})),\"filter\"==n)return r[0]},removeHook:function(o,n,t,i){var r;null!=gform.hooks[o][n]&&(r=(r=gform.hooks[o][n]).filter(function(o,n,r){return!!(null!=i&&i!=o.tag||null!=t&&t!=o.priority)}),gform.hooks[o][n]=r)}});<\/script>\n                <div class='gf_browser_gecko gform_wrapper gform_legacy_markup_wrapper' id='gform_wrapper_17' >\n                        <div class='gform_heading'>\n                            <h3 class=\"gform_title\">Communiquer avec ses partenaires institutionnels et sur les r\u00e9seaux sociaux<\/h3>\n                            <span class='gform_description'><\/span>\n                        <\/div><form method='post' enctype='multipart\/form-data'  id='gform_17'  action='\/fr\/wp-json\/wp\/v2\/pages\/16194' novalidate>\n                        <div class='gform_body gform-body'><ul id='gform_fields_17' class='gform_fields top_label form_sublabel_below description_below'><li id=\"field_17_8\"  class=\"gfield gfield_contains_required field_sublabel_below field_description_below gfield_visibility_visible\"  data-js-reload=\"field_17_8\"><label class='gfield_label gfield_label_before_complex'  >Vos nom et pr\u00e9nom<span class=\"gfield_required\"><span class=\"gfield_required gfield_required_asterisk\">*<\/span><\/span><\/label><div class='ginput_complex ginput_container no_prefix has_first_name no_middle_name has_last_name no_suffix gf_name_has_2 ginput_container_name' id='input_17_8'>\n                            \n                            <span id='input_17_8_3_container' class='name_first' >\n                                                    <input type='text' name='input_8.3' id='input_17_8_3' value=''   aria-required='true'     \/>\n                                                    <label for='input_17_8_3' >Pr\u00e9nom<\/label>\n                                                <\/span>\n                            \n                            <span id='input_17_8_6_container' class='name_last' >\n                                                    <input type='text' name='input_8.6' id='input_17_8_6' value=''   aria-required='true'     \/>\n                                                    <label for='input_17_8_6' >Nom<\/label>\n                                                <\/span>\n                            \n                        <\/div><\/li><li id=\"field_17_126\"  class=\"gfield gsection field_sublabel_below field_description_below gfield_visibility_visible\"  data-js-reload=\"field_17_126\"><h2 class=\"gsection_title\"><\/h2><\/li><li id=\"field_17_7\"  class=\"gfield gfield_contains_required field_sublabel_below field_description_below gfield_visibility_visible\"  data-js-reload=\"field_17_7\"><label class='gfield_label gfield_label_before_complex'  >Votre adresse mail<span class=\"gfield_required\"><span class=\"gfield_required gfield_required_asterisk\">*<\/span><\/span><\/label><div class='ginput_complex ginput_container ginput_container_email' id='input_17_7_container'>\n                                <span id='input_17_7_1_container' class='ginput_left'>\n                                    <input class='' type='email' name='input_7' id='input_17_7' value=''    aria-required=\"true\" aria-invalid=\"false\"  \/>\n                                    <label for='input_17_7' >Saisissez un e-mail<\/label>\n                                <\/span>\n                                <span id='input_17_7_2_container' class='ginput_right'>\n                                    <input class='' type='email' name='input_7_2' id='input_17_7_2' value=''    aria-required=\"true\" aria-invalid=\"false\"  \/>\n                                    <label for='input_17_7_2' >Confirmez l\u2019e-mail<\/label>\n                                <\/span>\n                                <div class='gf_clear gf_clear_complex'><\/div>\n                            <\/div><\/li><li id=\"field_17_130\"  class=\"gfield gsection field_sublabel_below field_description_below gfield_visibility_visible\"  data-js-reload=\"field_17_130\"><h2 class=\"gsection_title\"><\/h2><\/li><li id=\"field_17_9\"  class=\"gfield gfield_contains_required field_sublabel_below field_description_below gfield_visibility_visible\"  data-js-reload=\"field_17_9\"><label class='gfield_label gfield_label_before_complex'  >Utilisation de votre adresse mail<span class=\"gfield_required\"><span class=\"gfield_required gfield_required_asterisk\">*<\/span><\/span><\/label><div class='ginput_container ginput_container_checkbox'><ul class='gfield_checkbox' id='input_17_9'><li class='gchoice gchoice_17_9_1'>\n\t\t\t\t\t\t\t\t<input class='gfield-choice-input' name='input_9.1' type='checkbox'  value='Vous \u00eates d&#039;accord pour que votre adresse mail soit utilis\u00e9e pour toutes les communications \u00e9manant de l\u2019UFA'  id='choice_17_9_1'   \/>\n\t\t\t\t\t\t\t\t<label for='choice_17_9_1' id='label_17_9_1'>Vous \u00eates d'accord pour que votre adresse mail soit utilis\u00e9e pour toutes les communications \u00e9manant de l\u2019UFA<\/label>\n\t\t\t\t\t\t\t<\/li><\/ul><\/div><\/li><li id=\"field_17_131\"  class=\"gfield gsection field_sublabel_below field_description_below gfield_visibility_visible\"  data-js-reload=\"field_17_131\"><h2 class=\"gsection_title\"><\/h2><\/li><li id=\"field_17_52\"  class=\"gfield gfield_contains_required field_sublabel_below field_description_below gfield_visibility_visible\"  data-js-reload=\"field_17_52\"><label class='gfield_label gfield_label_before_complex'  >Quels sont vos objectifs en mati\u00e8re de communication ? (plusieurs r\u00e9ponses possibles)<span class=\"gfield_required\"><span class=\"gfield_required gfield_required_asterisk\">*<\/span><\/span><\/label><div class='ginput_container ginput_container_checkbox'><ul class='gfield_checkbox' id='input_17_52'><li class='gchoice gchoice_17_52_1'>\n\t\t\t\t\t\t\t\t<input class='gfield-choice-input' name='input_52.1' type='checkbox'  value='D\u00e9velopper l\u2019image de marque de votre cursus'  id='choice_17_52_1'   \/>\n\t\t\t\t\t\t\t\t<label for='choice_17_52_1' id='label_17_52_1'>D\u00e9velopper l\u2019image de marque de votre cursus<\/label>\n\t\t\t\t\t\t\t<\/li><li class='gchoice gchoice_17_52_2'>\n\t\t\t\t\t\t\t\t<input class='gfield-choice-input' name='input_52.2' type='checkbox'  value='Diffuser l\u2019actualit\u00e9 de votre cursus'  id='choice_17_52_2'   \/>\n\t\t\t\t\t\t\t\t<label for='choice_17_52_2' id='label_17_52_2'>Diffuser l\u2019actualit\u00e9 de votre cursus<\/label>\n\t\t\t\t\t\t\t<\/li><li class='gchoice gchoice_17_52_3'>\n\t\t\t\t\t\t\t\t<input class='gfield-choice-input' name='input_52.3' type='checkbox'  value='Cr\u00e9er une relation avec des \u00e9tudiants potentiels'  id='choice_17_52_3'   \/>\n\t\t\t\t\t\t\t\t<label for='choice_17_52_3' id='label_17_52_3'>Cr\u00e9er une relation avec des \u00e9tudiants potentiels<\/label>\n\t\t\t\t\t\t\t<\/li><li class='gchoice gchoice_17_52_4'>\n\t\t\t\t\t\t\t\t<input class='gfield-choice-input' name='input_52.4' type='checkbox'  value='D\u00e9velopper un sentiment d\u2019appartenance'  id='choice_17_52_4'   \/>\n\t\t\t\t\t\t\t\t<label for='choice_17_52_4' id='label_17_52_4'>D\u00e9velopper un sentiment d\u2019appartenance<\/label>\n\t\t\t\t\t\t\t<\/li><li class='gchoice gchoice_17_52_5'>\n\t\t\t\t\t\t\t\t<input class='gfield-choice-input' name='input_52.5' type='checkbox'  value='Faire conna\u00eetre vos domaines d\u2019expertise'  id='choice_17_52_5'   \/>\n\t\t\t\t\t\t\t\t<label for='choice_17_52_5' id='label_17_52_5'>Faire conna\u00eetre vos domaines d\u2019expertise<\/label>\n\t\t\t\t\t\t\t<\/li><li class='gchoice gchoice_17_52_6'>\n\t\t\t\t\t\t\t\t<input class='gfield-choice-input' name='input_52.6' type='checkbox'  value='Renforcer le r\u00e9seau professionnel de votre cursus'  id='choice_17_52_6'   \/>\n\t\t\t\t\t\t\t\t<label for='choice_17_52_6' id='label_17_52_6'>Renforcer le r\u00e9seau professionnel de votre cursus<\/label>\n\t\t\t\t\t\t\t<\/li><li class='gchoice gchoice_17_52_7'>\n\t\t\t\t\t\t\t\t<input class='gfield-choice-input' name='input_52.7' type='checkbox'  value='Autre'  id='choice_17_52_7'   \/>\n\t\t\t\t\t\t\t\t<label for='choice_17_52_7' id='label_17_52_7'>Autre<\/label>\n\t\t\t\t\t\t\t<\/li><\/ul><\/div><\/li><li id=\"field_17_151\"  class=\"gfield field_sublabel_below field_description_below gfield_visibility_visible\"  data-js-reload=\"field_17_151\"><label class='gfield_label' for='input_17_151' >Autre (Veuillez sp\u00e9cifier)<\/label><div class='ginput_container ginput_container_textarea'><textarea name='input_151' id='input_17_151' class='textarea medium'      aria-invalid=\"false\"   rows='10' cols='50'><\/textarea><\/div><\/li><li id=\"field_17_148\"  class=\"gfield gsection field_sublabel_below field_description_below gfield_visibility_visible\"  data-js-reload=\"field_17_148\"><h2 class=\"gsection_title\"><\/h2><\/li><li id=\"field_17_54\"  class=\"gfield gfield_contains_required field_sublabel_below field_description_below gfield_visibility_visible\"  data-js-reload=\"field_17_54\"><label class='gfield_label gfield_label_before_complex'  >Quelles sont les cibles prioritaires que vous souhaitez toucher ? (plusieurs r\u00e9ponses possibles)<span class=\"gfield_required\"><span class=\"gfield_required gfield_required_asterisk\">*<\/span><\/span><\/label><div class='ginput_container ginput_container_checkbox'><ul class='gfield_checkbox' id='input_17_54'><li class='gchoice gchoice_17_54_1'>\n\t\t\t\t\t\t\t\t<input class='gfield-choice-input' name='input_54.1' type='checkbox'  value='Futurs \u00e9tudiants'  id='choice_17_54_1'   \/>\n\t\t\t\t\t\t\t\t<label for='choice_17_54_1' id='label_17_54_1'>Futurs \u00e9tudiants<\/label>\n\t\t\t\t\t\t\t<\/li><li class='gchoice gchoice_17_54_2'>\n\t\t\t\t\t\t\t\t<input class='gfield-choice-input' name='input_54.2' type='checkbox'  value='Lyc\u00e9ens'  id='choice_17_54_2'   \/>\n\t\t\t\t\t\t\t\t<label for='choice_17_54_2' id='label_17_54_2'>Lyc\u00e9ens<\/label>\n\t\t\t\t\t\t\t<\/li><li class='gchoice gchoice_17_54_3'>\n\t\t\t\t\t\t\t\t<input class='gfield-choice-input' name='input_54.3' type='checkbox'  value='\u00c9tudiants'  id='choice_17_54_3'   \/>\n\t\t\t\t\t\t\t\t<label for='choice_17_54_3' id='label_17_54_3'>\u00c9tudiants<\/label>\n\t\t\t\t\t\t\t<\/li><li class='gchoice gchoice_17_54_4'>\n\t\t\t\t\t\t\t\t<input class='gfield-choice-input' name='input_54.4' type='checkbox'  value='Anciens \u00e9tudiants'  id='choice_17_54_4'   \/>\n\t\t\t\t\t\t\t\t<label for='choice_17_54_4' id='label_17_54_4'>Anciens \u00e9tudiants<\/label>\n\t\t\t\t\t\t\t<\/li><li class='gchoice gchoice_17_54_5'>\n\t\t\t\t\t\t\t\t<input class='gfield-choice-input' name='input_54.5' type='checkbox'  value='Journalistes, leaders d&#039;opinion'  id='choice_17_54_5'   \/>\n\t\t\t\t\t\t\t\t<label for='choice_17_54_5' id='label_17_54_5'>Journalistes, leaders d'opinion<\/label>\n\t\t\t\t\t\t\t<\/li><li class='gchoice gchoice_17_54_6'>\n\t\t\t\t\t\t\t\t<input class='gfield-choice-input' name='input_54.6' type='checkbox'  value='Entreprises'  id='choice_17_54_6'   \/>\n\t\t\t\t\t\t\t\t<label for='choice_17_54_6' id='label_17_54_6'>Entreprises<\/label>\n\t\t\t\t\t\t\t<\/li><li class='gchoice gchoice_17_54_7'>\n\t\t\t\t\t\t\t\t<input class='gfield-choice-input' name='input_54.7' type='checkbox'  value='Enseignants-chercheurs'  id='choice_17_54_7'   \/>\n\t\t\t\t\t\t\t\t<label for='choice_17_54_7' id='label_17_54_7'>Enseignants-chercheurs<\/label>\n\t\t\t\t\t\t\t<\/li><li class='gchoice gchoice_17_54_8'>\n\t\t\t\t\t\t\t\t<input class='gfield-choice-input' name='input_54.8' type='checkbox'  value='Personnel interne \u00e0 vos \u00e9tablissements'  id='choice_17_54_8'   \/>\n\t\t\t\t\t\t\t\t<label for='choice_17_54_8' id='label_17_54_8'>Personnel interne \u00e0 vos \u00e9tablissements<\/label>\n\t\t\t\t\t\t\t<\/li><li class='gchoice gchoice_17_54_9'>\n\t\t\t\t\t\t\t\t<input class='gfield-choice-input' name='input_54.9' type='checkbox'  value='Autre'  id='choice_17_54_9'   \/>\n\t\t\t\t\t\t\t\t<label for='choice_17_54_9' id='label_17_54_9'>Autre<\/label>\n\t\t\t\t\t\t\t<\/li><\/ul><\/div><\/li><li id=\"field_17_152\"  class=\"gfield field_sublabel_below field_description_below gfield_visibility_visible\"  data-js-reload=\"field_17_152\"><label class='gfield_label' for='input_17_152' >Autre (Veuillez sp\u00e9cifier)<\/label><div class='ginput_container ginput_container_textarea'><textarea name='input_152' id='input_17_152' class='textarea medium'      aria-invalid=\"false\"   rows='10' cols='50'><\/textarea><\/div><\/li><li id=\"field_17_159\"  class=\"gfield gsection field_sublabel_below field_description_below gfield_visibility_visible\"  data-js-reload=\"field_17_159\"><h2 class=\"gsection_title\"><\/h2><\/li><li id=\"field_17_110\"  class=\"gfield field_sublabel_below field_description_below gfield_visibility_visible\"  data-js-reload=\"field_17_110\"><label class='gfield_label'  >Votre cursus est-il pr\u00e9sent sur les r\u00e9seaux sociaux ?<\/label><div class='ginput_container ginput_container_radio'><ul class='gfield_radio' id='input_17_110'>\n\t\t\t<li class='gchoice gchoice_17_110_0'>\n\t\t\t\t<input name='input_110' type='radio' value='Oui, depuis plus de 5 ans'  id='choice_17_110_0'    \/>\n\t\t\t\t<label for='choice_17_110_0' id='label_17_110_0'>Oui, depuis plus de 5 ans<\/label>\n\t\t\t<\/li>\n\t\t\t<li class='gchoice gchoice_17_110_1'>\n\t\t\t\t<input name='input_110' type='radio' value='Oui, depuis plus de 3 ans'  id='choice_17_110_1'    \/>\n\t\t\t\t<label for='choice_17_110_1' id='label_17_110_1'>Oui, depuis plus de 3 ans<\/label>\n\t\t\t<\/li>\n\t\t\t<li class='gchoice gchoice_17_110_2'>\n\t\t\t\t<input name='input_110' type='radio' value='Oui, depuis plus d&#039;un an'  id='choice_17_110_2'    \/>\n\t\t\t\t<label for='choice_17_110_2' id='label_17_110_2'>Oui, depuis plus d'un an<\/label>\n\t\t\t<\/li>\n\t\t\t<li class='gchoice gchoice_17_110_3'>\n\t\t\t\t<input name='input_110' type='radio' value='Oui, depuis moins d\u2019un an'  id='choice_17_110_3'    \/>\n\t\t\t\t<label for='choice_17_110_3' id='label_17_110_3'>Oui, depuis moins d\u2019un an<\/label>\n\t\t\t<\/li>\n\t\t\t<li class='gchoice gchoice_17_110_4'>\n\t\t\t\t<input name='input_110' type='radio' value='Non, nous ne le souhaitons pas'  id='choice_17_110_4'    \/>\n\t\t\t\t<label for='choice_17_110_4' id='label_17_110_4'>Non, nous ne le souhaitons pas<\/label>\n\t\t\t<\/li>\n\t\t\t<li class='gchoice gchoice_17_110_5'>\n\t\t\t\t<input name='input_110' type='radio' value='Non, mais nous l\u2019envisageons'  id='choice_17_110_5'    \/>\n\t\t\t\t<label for='choice_17_110_5' id='label_17_110_5'>Non, mais nous l\u2019envisageons<\/label>\n\t\t\t<\/li>\n\t\t\t<li class='gchoice gchoice_17_110_6'>\n\t\t\t\t<input name='input_110' type='radio' value='Non (autres raisons)'  id='choice_17_110_6'    \/>\n\t\t\t\t<label for='choice_17_110_6' id='label_17_110_6'>Non (autres raisons)<\/label>\n\t\t\t<\/li><\/ul><\/div><\/li><li id=\"field_17_177\"  class=\"gfield gsection field_sublabel_below field_description_below gfield_visibility_visible\"  data-js-reload=\"field_17_177\"><h2 class=\"gsection_title\"><\/h2><\/li><li id=\"field_17_111\"  class=\"gfield field_sublabel_below field_description_below gfield_visibility_visible\"  data-js-reload=\"field_17_111\"><label class='gfield_label gfield_label_before_complex'  >Si oui, sur quels r\u00e9seaux sociaux ?<\/label><div class='ginput_container ginput_container_checkbox'><ul class='gfield_checkbox' id='input_17_111'><li class='gchoice gchoice_17_111_1'>\n\t\t\t\t\t\t\t\t<input class='gfield-choice-input' name='input_111.1' type='checkbox'  value='Dailymotion'  id='choice_17_111_1'   \/>\n\t\t\t\t\t\t\t\t<label for='choice_17_111_1' id='label_17_111_1'>Dailymotion<\/label>\n\t\t\t\t\t\t\t<\/li><li class='gchoice gchoice_17_111_2'>\n\t\t\t\t\t\t\t\t<input class='gfield-choice-input' name='input_111.2' type='checkbox'  value='Facebook'  id='choice_17_111_2'   \/>\n\t\t\t\t\t\t\t\t<label for='choice_17_111_2' id='label_17_111_2'>Facebook<\/label>\n\t\t\t\t\t\t\t<\/li><li class='gchoice gchoice_17_111_3'>\n\t\t\t\t\t\t\t\t<input class='gfield-choice-input' name='input_111.3' type='checkbox'  value='Google+'  id='choice_17_111_3'   \/>\n\t\t\t\t\t\t\t\t<label for='choice_17_111_3' id='label_17_111_3'>Google+<\/label>\n\t\t\t\t\t\t\t<\/li><li class='gchoice gchoice_17_111_4'>\n\t\t\t\t\t\t\t\t<input class='gfield-choice-input' name='input_111.4' type='checkbox'  value='Instagram'  id='choice_17_111_4'   \/>\n\t\t\t\t\t\t\t\t<label for='choice_17_111_4' id='label_17_111_4'>Instagram<\/label>\n\t\t\t\t\t\t\t<\/li><li class='gchoice gchoice_17_111_5'>\n\t\t\t\t\t\t\t\t<input class='gfield-choice-input' name='input_111.5' type='checkbox'  value='LinkedIn'  id='choice_17_111_5'   \/>\n\t\t\t\t\t\t\t\t<label for='choice_17_111_5' id='label_17_111_5'>LinkedIn<\/label>\n\t\t\t\t\t\t\t<\/li><li class='gchoice gchoice_17_111_6'>\n\t\t\t\t\t\t\t\t<input class='gfield-choice-input' name='input_111.6' type='checkbox'  value='Periscope'  id='choice_17_111_6'   \/>\n\t\t\t\t\t\t\t\t<label for='choice_17_111_6' id='label_17_111_6'>Periscope<\/label>\n\t\t\t\t\t\t\t<\/li><li class='gchoice gchoice_17_111_7'>\n\t\t\t\t\t\t\t\t<input class='gfield-choice-input' name='input_111.7' type='checkbox'  value='Pinterest'  id='choice_17_111_7'   \/>\n\t\t\t\t\t\t\t\t<label for='choice_17_111_7' id='label_17_111_7'>Pinterest<\/label>\n\t\t\t\t\t\t\t<\/li><li class='gchoice gchoice_17_111_8'>\n\t\t\t\t\t\t\t\t<input class='gfield-choice-input' name='input_111.8' type='checkbox'  value='Snapchat'  id='choice_17_111_8'   \/>\n\t\t\t\t\t\t\t\t<label for='choice_17_111_8' id='label_17_111_8'>Snapchat<\/label>\n\t\t\t\t\t\t\t<\/li><li class='gchoice gchoice_17_111_9'>\n\t\t\t\t\t\t\t\t<input class='gfield-choice-input' name='input_111.9' type='checkbox'  value='Twitter'  id='choice_17_111_9'   \/>\n\t\t\t\t\t\t\t\t<label for='choice_17_111_9' id='label_17_111_9'>Twitter<\/label>\n\t\t\t\t\t\t\t<\/li><li class='gchoice gchoice_17_111_11'>\n\t\t\t\t\t\t\t\t<input class='gfield-choice-input' name='input_111.11' type='checkbox'  value='Viadeo'  id='choice_17_111_11'   \/>\n\t\t\t\t\t\t\t\t<label for='choice_17_111_11' id='label_17_111_11'>Viadeo<\/label>\n\t\t\t\t\t\t\t<\/li><li class='gchoice gchoice_17_111_12'>\n\t\t\t\t\t\t\t\t<input class='gfield-choice-input' name='input_111.12' type='checkbox'  value='Xing'  id='choice_17_111_12'   \/>\n\t\t\t\t\t\t\t\t<label for='choice_17_111_12' id='label_17_111_12'>Xing<\/label>\n\t\t\t\t\t\t\t<\/li><li class='gchoice gchoice_17_111_13'>\n\t\t\t\t\t\t\t\t<input class='gfield-choice-input' name='input_111.13' type='checkbox'  value='YouTube'  id='choice_17_111_13'   \/>\n\t\t\t\t\t\t\t\t<label for='choice_17_111_13' id='label_17_111_13'>YouTube<\/label>\n\t\t\t\t\t\t\t<\/li><li class='gchoice gchoice_17_111_14'>\n\t\t\t\t\t\t\t\t<input class='gfield-choice-input' name='input_111.14' type='checkbox'  value='Autre'  id='choice_17_111_14'   \/>\n\t\t\t\t\t\t\t\t<label for='choice_17_111_14' id='label_17_111_14'>Autre<\/label>\n\t\t\t\t\t\t\t<\/li><\/ul><\/div><\/li><li id=\"field_17_182\"  class=\"gfield field_sublabel_below field_description_below gfield_visibility_visible\"  data-js-reload=\"field_17_182\"><label class='gfield_label' for='input_17_182' >Autre (Veuillez sp\u00e9cifier)<\/label><div class='ginput_container ginput_container_textarea'><textarea name='input_182' id='input_17_182' class='textarea medium'      aria-invalid=\"false\"   rows='10' cols='50'><\/textarea><\/div><\/li><li id=\"field_17_178\"  class=\"gfield gsection field_sublabel_below field_description_below gfield_visibility_visible\"  data-js-reload=\"field_17_178\"><h2 class=\"gsection_title\"><\/h2><\/li><li id=\"field_17_181\"  class=\"gfield field_sublabel_below field_description_below gfield_visibility_visible\"  data-js-reload=\"field_17_181\"><label class='gfield_label' for='input_17_181' >Avez-vous des remarques et\/ou des questions ?<\/label><div class='ginput_container ginput_container_textarea'><textarea name='input_181' id='input_17_181' class='textarea medium'      aria-invalid=\"false\"   rows='10' cols='50'><\/textarea><\/div><\/li><\/ul><\/div>\n        <div class='gform_footer top_label'> <input type='submit' id='gform_submit_button_17' class='gform_button button' value='Envoyer'  onclick='if(window[\"gf_submitting_17\"]){return false;}  if( !jQuery(\"#gform_17\")[0].checkValidity || jQuery(\"#gform_17\")[0].checkValidity()){window[\"gf_submitting_17\"]=true;}  ' onkeypress='if( event.keyCode == 13 ){ if(window[\"gf_submitting_17\"]){return false;} if( !jQuery(\"#gform_17\")[0].checkValidity || jQuery(\"#gform_17\")[0].checkValidity()){window[\"gf_submitting_17\"]=true;}  jQuery(\"#gform_17\").trigger(\"submit\",[true]); }' \/> \n            <input type='hidden' class='gform_hidden' name='is_submit_17' value='1' \/>\n            <input type='hidden' class='gform_hidden' name='gform_submit' value='17' \/>\n            \n            <input type='hidden' class='gform_hidden' name='gform_unique_id' value='' \/>\n            <input type='hidden' class='gform_hidden' name='state_17' value='WyJbXSIsIjAwYmQ1ZTQ3NWM2ZjliNjBhNGE1ZWJkNWNkYWI1YmNjIl0=' \/>\n            <input type='hidden' class='gform_hidden' name='gform_target_page_number_17' id='gform_target_page_number_17' value='0' \/>\n            <input type='hidden' class='gform_hidden' name='gform_source_page_number_17' id='gform_source_page_number_17' value='1' \/>\n            <input type='hidden' name='gform_field_values' value='' \/>\n            \n        <\/div>\n                        <\/form>\n                        <\/div>\n","protected":false},"excerpt":{"rendered":"","protected":false},"author":2,"featured_media":0,"parent":869,"menu_order":84,"comment_status":"closed","ping_status":"closed","template":"","meta":{"_bbp_topic_count":0,"_bbp_reply_count":0,"_bbp_total_topic_count":0,"_bbp_total_reply_count":0,"_bbp_voice_count":0,"_bbp_anonymous_reply_count":0,"_bbp_topic_count_hidden":0,"_bbp_reply_count_hidden":0,"_bbp_forum_subforum_count":0,"inline_featured_image":false},"acf":[],"_links":{"self":[{"href":"https:\/\/www.dfh-ufa.org\/fr\/wp-json\/wp\/v2\/pages\/16194"}],"collection":[{"href":"https:\/\/www.dfh-ufa.org\/fr\/wp-json\/wp\/v2\/pages"}],"about":[{"href":"https:\/\/www.dfh-ufa.org\/fr\/wp-json\/wp\/v2\/types\/page"}],"author":[{"embeddable":true,"href":"https:\/\/www.dfh-ufa.org\/fr\/wp-json\/wp\/v2\/users\/2"}],"replies":[{"embeddable":true,"href":"https:\/\/www.dfh-ufa.org\/fr\/wp-json\/wp\/v2\/comments?post=16194"}],"version-history":[{"count":5,"href":"https:\/\/www.dfh-ufa.org\/fr\/wp-json\/wp\/v2\/pages\/16194\/revisions"}],"predecessor-version":[{"id":16201,"href":"https:\/\/www.dfh-ufa.org\/fr\/wp-json\/wp\/v2\/pages\/16194\/revisions\/16201"}],"up":[{"embeddable":true,"href":"https:\/\/www.dfh-ufa.org\/fr\/wp-json\/wp\/v2\/pages\/869"}],"wp:attachment":[{"href":"https:\/\/www.dfh-ufa.org\/fr\/wp-json\/wp\/v2\/media?parent=16194"}],"curies":[{"name":"wp","href":"https:\/\/api.w.org\/{rel}","templated":true}]}}