{"id":16350,"date":"2019-06-26T11:34:20","date_gmt":"2019-06-26T09:34:20","guid":{"rendered":"https:\/\/www.dfh-ufa.org\/fr\/?page_id=16350"},"modified":"2022-01-12T16:09:35","modified_gmt":"2022-01-12T15:09:35","slug":"reunion-de-travail-des-responsables-de-programmes-et-des-experts-et-assemblee-des-etablissements-membres-a-metz-2018","status":"publish","type":"page","link":"https:\/\/www.dfh-ufa.org\/fr\/vous-etes\/etablissements\/reunion-de-travail-des-responsables-de-programmes-et-des-experts-et-assemblee-des-etablissements-membres-a-metz-2018","title":{"rendered":"Rencontre des responsables de programmes et Assembl\u00e9e des \u00e9tablissements membres \u00e0 Metz 2018"},"content":{"rendered":"<div id=\"pl-16350\"  class=\"panel-layout\" ><div id=\"pg-16350-0\"  class=\"panel-grid panel-no-style\" ><div id=\"pgc-16350-0-0\"  class=\"panel-grid-cell\" ><div id=\"panel-16350-0-0-0\" class=\"so-panel widget widget_sow-editor panel-first-child\" data-index=\"0\" ><div class=\"so-widget-sow-editor so-widget-sow-editor-base\">\n<div class=\"siteorigin-widget-tinymce textwidget\">\n\t<div id=\"c40453\" class=\"csc-default\">\n<div class=\"csc-header csc-header-n9\">\n<h2>Rencontre des responsables de programmes le 23 mai<\/h2>\n<p>&nbsp;<\/p>\n<\/div>\n<\/div>\n<div id=\"c45386\" class=\"csc-default\">\n<div class=\"csc-header csc-header-n10\">\n<h2>Actes du colloque<\/h2>\n<p>&nbsp;<\/p>\n<\/div>\n<\/div>\n<div id=\"c40408\" class=\"csc-default\">\n<div class=\"csc-header csc-header-n11\">\n<h3>Groupes disciplinaires<\/h3>\n<p>&nbsp;<\/p>\n<\/div>\n<p><a href=\"https:\/\/www.dfh-ufa.org\/gd-shs\/\">GD Sciences humaines et sociales<\/a> (Jean-Marc Bobillon, Ellen Widder)<\/p>\n<p><a href=\"https:\/\/www.dfh-ufa.org\/app\/uploads\/2019\/06\/UFA-CR-Metz-18-05-23-Sciences-de-ling\u00e9nieur-V0.pdf\">GD Sciences de l'ing\u00e9nieur et sciences naturelles, math\u00e9matiques et informatique<\/a> (Denis Matheis, Christian Wagner)<\/p>\n<p><a href=\"https:\/\/www.dfh-ufa.org\/pv-23-mai-2018-droit\/\"><span lang=\"EN-GB\">GD Droit<\/span><\/a><span lang=\"EN-GB\"> (Julien Walther, Andreas Feuerborn)<\/span><\/p>\n<p><a href=\"https:\/\/www.dfh-ufa.org\/protokoll-arbeitsgruppentreffen-lehrerbildung-metz-23-05-2018\/\">GD Formation des enseignants<\/a> (Christine Schmider, Lutz Baumann)<\/p>\n<p><a href=\"https:\/\/www.dfh-ufa.org\/protokoll-pbt-fg-wirtschaftswissenschaften-metz-2018\/\">GD Sciences \u00c9conomiques<\/a> (Connie Stubbe, Thomas Bousonville)<\/p>\n<\/div>\n<div id=\"c40406\" class=\"csc-default\">\n<div class=\"csc-header csc-header-n11\">\n<div id=\"c40396\" class=\"csc-default\">\n<p>&nbsp;<\/p>\n<\/div>\n<\/div>\n<\/div>\n<\/div>\n<\/div><\/div><div id=\"panel-16350-0-0-1\" class=\"so-panel widget widget_sow-editor\" data-index=\"1\" ><div class=\"so-widget-sow-editor so-widget-sow-editor-base\">\n<div class=\"siteorigin-widget-tinymce textwidget\">\n\t<hr \/>\n<h3>Impressions<\/h3>\n<\/div>\n<\/div><\/div><div id=\"panel-16350-0-0-2\" class=\"so-panel widget widget_sow-slider\" data-index=\"2\" ><div class=\"so-widget-sow-slider so-widget-sow-slider-default-53fd0f98de19-16350\"><div class=\"sow-slider-base\" style=\"display: none\"><ul\n\t\t\t\t\tclass=\"sow-slider-images\"\n\t\t\t\t\tdata-settings=\"{&quot;pagination&quot;:true,&quot;speed&quot;:800,&quot;timeout&quot;:8000,&quot;paused&quot;:false,&quot;pause_on_hover&quot;:false,&quot;swipe&quot;:true,&quot;nav_always_show_desktop&quot;:&quot;&quot;,&quot;nav_always_show_mobile&quot;:&quot;&quot;,&quot;breakpoint&quot;:&quot;780px&quot;,&quot;unmute&quot;:false,&quot;anchor&quot;:null}\"\n\t\t\t\t\t\t\t\t\t>\t\t<li class=\"sow-slider-image\" style=\"\" >\n\t\t\t\t\t\t\t\t\t\t\t\t\t\t\t\t\t<\/li>\n\t\t\t\t<li class=\"sow-slider-image\" style=\"\" >\n\t\t\t\t\t\t\t\t\t\t\t\t\t\t\t\t\t<\/li>\n\t\t\t\t<li class=\"sow-slider-image\" style=\"\" >\n\t\t\t\t\t\t\t\t\t\t\t\t\t\t\t\t\t<\/li>\n\t\t\t\t<li class=\"sow-slider-image\" style=\"\" >\n\t\t\t\t\t\t\t\t\t\t\t\t\t\t\t\t\t<\/li>\n\t\t\t\t<li class=\"sow-slider-image\" style=\"\" >\n\t\t\t\t\t\t\t\t\t\t\t\t\t\t\t\t\t<\/li>\n\t\t\t\t<li class=\"sow-slider-image\" style=\"\" >\n\t\t\t\t\t\t\t\t\t\t\t\t\t\t\t\t\t<\/li>\n\t\t\t\t<li class=\"sow-slider-image\" style=\"\" >\n\t\t\t\t\t\t\t\t\t\t\t\t\t\t\t\t\t<\/li>\n\t\t\t\t<li class=\"sow-slider-image\" style=\"\" >\n\t\t\t\t\t\t\t\t\t\t\t\t\t\t\t\t\t<\/li>\n\t\t\t\t<li class=\"sow-slider-image\" style=\"\" >\n\t\t\t\t\t\t\t\t\t\t\t\t\t\t\t\t\t<\/li>\n\t\t\t\t<li class=\"sow-slider-image\" style=\"\" >\n\t\t\t\t\t\t\t\t\t\t\t\t\t\t\t\t\t<\/li>\n\t\t\t\t<li class=\"sow-slider-image\" style=\"\" >\n\t\t\t\t\t\t\t\t\t\t\t\t\t\t\t\t\t<\/li>\n\t\t\t\t<li class=\"sow-slider-image\" style=\"\" >\n\t\t\t\t\t\t\t\t\t\t\t\t\t\t\t\t\t<\/li>\n\t\t\t\t<li class=\"sow-slider-image\" style=\"\" >\n\t\t\t\t\t\t\t\t\t\t\t\t\t\t\t\t\t<\/li>\n\t\t<\/ul>\t\t\t\t<ol class=\"sow-slider-pagination\">\n\t\t\t\t\t\t\t\t\t\t\t<li><a href=\"#\" data-goto=\"0\" aria-label=\"afficher la diapositive 1\"><\/a><\/li>\n\t\t\t\t\t\t\t\t\t\t\t<li><a href=\"#\" data-goto=\"1\" aria-label=\"afficher la diapositive 2\"><\/a><\/li>\n\t\t\t\t\t\t\t\t\t\t\t<li><a href=\"#\" data-goto=\"2\" aria-label=\"afficher la diapositive 3\"><\/a><\/li>\n\t\t\t\t\t\t\t\t\t\t\t<li><a href=\"#\" data-goto=\"3\" aria-label=\"afficher la diapositive 4\"><\/a><\/li>\n\t\t\t\t\t\t\t\t\t\t\t<li><a href=\"#\" data-goto=\"4\" aria-label=\"afficher la diapositive 5\"><\/a><\/li>\n\t\t\t\t\t\t\t\t\t\t\t<li><a href=\"#\" data-goto=\"5\" aria-label=\"afficher la diapositive 6\"><\/a><\/li>\n\t\t\t\t\t\t\t\t\t\t\t<li><a href=\"#\" data-goto=\"6\" aria-label=\"afficher la diapositive 7\"><\/a><\/li>\n\t\t\t\t\t\t\t\t\t\t\t<li><a href=\"#\" data-goto=\"7\" aria-label=\"afficher la diapositive 8\"><\/a><\/li>\n\t\t\t\t\t\t\t\t\t\t\t<li><a href=\"#\" data-goto=\"8\" aria-label=\"afficher la diapositive 9\"><\/a><\/li>\n\t\t\t\t\t\t\t\t\t\t\t<li><a href=\"#\" data-goto=\"9\" aria-label=\"afficher la diapositive 10\"><\/a><\/li>\n\t\t\t\t\t\t\t\t\t\t\t<li><a href=\"#\" data-goto=\"10\" aria-label=\"afficher la diapositive 11\"><\/a><\/li>\n\t\t\t\t\t\t\t\t\t\t\t<li><a href=\"#\" data-goto=\"11\" aria-label=\"afficher la diapositive 12\"><\/a><\/li>\n\t\t\t\t\t\t\t\t\t\t\t<li><a href=\"#\" data-goto=\"12\" aria-label=\"afficher la diapositive 13\"><\/a><\/li>\n\t\t\t\t\t\t\t\t\t<\/ol>\n\n\t\t\t\t<div class=\"sow-slide-nav sow-slide-nav-next\">\n\t\t\t\t\t<a href=\"#\" data-goto=\"next\" aria-label=\"diapositive suivante\" data-action=\"next\">\n\t\t\t\t\t\t<em class=\"sow-sld-icon-thin-right\"><\/em>\n\t\t\t\t\t<\/a>\n\t\t\t\t<\/div>\n\n\t\t\t\t<div class=\"sow-slide-nav sow-slide-nav-prev\">\n\t\t\t\t\t<a href=\"#\" data-goto=\"previous\" aria-label=\"diapositive pr\u00e9c\u00e9dente\" data-action=\"prev\">\n\t\t\t\t\t\t<em class=\"sow-sld-icon-thin-left\"><\/em>\n\t\t\t\t\t<\/a>\n\t\t\t\t<\/div>\n\t\t\t\t<\/div><\/div><\/div><div id=\"panel-16350-0-0-3\" class=\"so-panel widget widget_sow-editor panel-last-child\" data-index=\"3\" ><div class=\"so-widget-sow-editor so-widget-sow-editor-base\">\n<div class=\"siteorigin-widget-tinymce textwidget\">\n\t<div class=\"csc-textpic-text\">\n<p>Copyright: DFH-UFA<\/p>\n<hr \/>\n<\/div>\n<\/div>\n<\/div><\/div><\/div><\/div><\/div>","protected":false},"excerpt":{"rendered":"<p>Rencontre des responsables de programmes le 23 mai &nbsp; Actes du colloque &nbsp; Groupes disciplinaires &nbsp; GD Sciences humaines et sociales (Jean-Marc Bobillon, Ellen Widder) GD Sciences de l&rsquo;ing\u00e9nieur et sciences naturelles, math\u00e9matiques et informatique (Denis Matheis, Christian Wagner) GD Droit (Julien Walther, Andreas Feuerborn) GD Formation des enseignants (Christine Schmider, Lutz Baumann) GD Sciences [&hellip;]<\/p>\n","protected":false},"author":8,"featured_media":0,"parent":844,"menu_order":33,"comment_status":"closed","ping_status":"closed","template":"","meta":{"_bbp_topic_count":0,"_bbp_reply_count":0,"_bbp_total_topic_count":0,"_bbp_total_reply_count":0,"_bbp_voice_count":0,"_bbp_anonymous_reply_count":0,"_bbp_topic_count_hidden":0,"_bbp_reply_count_hidden":0,"_bbp_forum_subforum_count":0,"inline_featured_image":false},"acf":[],"_links":{"self":[{"href":"https:\/\/www.dfh-ufa.org\/fr\/wp-json\/wp\/v2\/pages\/16350"}],"collection":[{"href":"https:\/\/www.dfh-ufa.org\/fr\/wp-json\/wp\/v2\/pages"}],"about":[{"href":"https:\/\/www.dfh-ufa.org\/fr\/wp-json\/wp\/v2\/types\/page"}],"author":[{"embeddable":true,"href":"https:\/\/www.dfh-ufa.org\/fr\/wp-json\/wp\/v2\/users\/8"}],"replies":[{"embeddable":true,"href":"https:\/\/www.dfh-ufa.org\/fr\/wp-json\/wp\/v2\/comments?post=16350"}],"version-history":[{"count":23,"href":"https:\/\/www.dfh-ufa.org\/fr\/wp-json\/wp\/v2\/pages\/16350\/revisions"}],"predecessor-version":[{"id":1017308,"href":"https:\/\/www.dfh-ufa.org\/fr\/wp-json\/wp\/v2\/pages\/16350\/revisions\/1017308"}],"up":[{"embeddable":true,"href":"https:\/\/www.dfh-ufa.org\/fr\/wp-json\/wp\/v2\/pages\/844"}],"wp:attachment":[{"href":"https:\/\/www.dfh-ufa.org\/fr\/wp-json\/wp\/v2\/media?parent=16350"}],"curies":[{"name":"wp","href":"https:\/\/api.w.org\/{rel}","templated":true}]}}