{"id":16748,"date":"2019-07-24T16:06:27","date_gmt":"2019-07-24T14:06:27","guid":{"rendered":"https:\/\/www.dfh-ufa.org\/fr\/?page_id=16748"},"modified":"2020-08-12T12:33:44","modified_gmt":"2020-08-12T10:33:44","slug":"rencontre-des-responsables-de-programmes-et-assemblee-des-etablissements-membres-2020","status":"publish","type":"page","link":"https:\/\/www.dfh-ufa.org\/fr\/actualites\/news\/rencontre-des-responsables-de-programmes-et-assemblee-des-etablissements-membres-2020","title":{"rendered":"Rencontre des responsables de programmes et Assembl\u00e9e des \u00e9tablissements membres 2020"},"content":{"rendered":"<div id=\"pl-16748\"  class=\"panel-layout\" ><div id=\"pg-16748-0\"  class=\"panel-grid panel-no-style\" ><div id=\"pgc-16748-0-0\"  class=\"panel-grid-cell\" ><div id=\"panel-16748-0-0-0\" class=\"widget_text so-panel widget widget_custom_html panel-first-child\" data-index=\"0\" ><div class=\"textwidget custom-html-widget\"><h1 class=\"entry__title\">Rencontre des responsables de programmes et Assembl\u00e9e des \u00e9tablissements membres 2020<\/h1>\n<br \/><br \/>\n<\/div><\/div><div id=\"panel-16748-0-0-1\" class=\"so-panel widget widget_text\" data-index=\"1\" ><div class=\"panel-widget-style panel-widget-style-for-16748-0-0-1\" >\t\t\t<div class=\"textwidget\"><p>&nbsp;<\/p>\n<p><strong>En raison <span lang=\"FR\">de la crise sanitaire mondiale et des mesures mises en place <\/span><span lang=\"FR\">en France et en Allemagne <\/span><span lang=\"FR\">qui en r\u00e9sultent<\/span><\/strong><span lang=\"FR\"><strong>, la direction de l\u2019UFA a d\u00e9cid\u00e9 en \u00e9troite concertation avec Sciences Po Bordeaux de reporter la tenue de sa double manifestation.<\/strong> <\/span><\/p>\n<p><strong>Le r\u00e9seau sera inform\u00e9 en temps venu d&rsquo;une solution ult\u00e9rieure.<\/strong><\/p>\n<div><\/div>\n<p>&nbsp;<\/p>\n<\/div>\n\t\t<\/div><\/div><div id=\"panel-16748-0-0-2\" class=\"widget_text so-panel widget widget_custom_html\" data-index=\"2\" ><div class=\"widget_text panel-widget-style panel-widget-style-for-16748-0-0-2\" ><div class=\"textwidget custom-html-widget\">\n<br><br>\n<\/div><\/div><\/div><div id=\"panel-16748-0-0-3\" class=\"so-panel widget widget_accordion\" data-index=\"3\" >        <div class=\"accordion\" data-collapse=\"1\">\n\n\t\t\t\t\t\t\t\t\t\t\t\t                    <div class=\"accordion__item\" id=\"69e7b9f078837\">\n\n\t\t\t\t\t\t                            <header class=\"accordion__header\">\n                                <h2 class=\"accordion__title\">Programme provisoire<\/h2>\n                            <\/header>\n\t\t\t\t\t\t\n\t\t\t\t\t\t                            <div class=\"accordion__content\">\n\t\t\t\t\t\t\t\t<div id=\"c38958\" class=\"csc-default\">\n<div class=\"csc-header csc-header-n1\">\n<h3>Rencontre des responsables de programmes, 28 mai 2020<\/h3>\n<\/div>\n<\/div>\n<div id=\"c44697\" class=\"csc-default\">\n<div class=\"table-responsive\">\n<table class=\"contenttable contenttable-0 table\" style=\"width: 763px;height: 640px\">\n<tbody>\n<tr class=\"tr-even tr-0\" style=\"height: 24px\">\n<td class=\"td-0\" style=\"width: 103px;height: 24px\">8h30<\/td>\n<td class=\"td-last td-1\" style=\"width: 644px;height: 24px\">Accueil des participants<\/td>\n<\/tr>\n<tr style=\"height: 144px\">\n<td style=\"width: 103px;height: 144px\">9h00<\/td>\n<td style=\"width: 644px;height: 144px\">Ouverture de la rencontre des responsables de programmes par la Direction de Sciences Po Bordeaux<\/p>\n<p>Ouverture de la rencontre des responsables de programmes par Monsieur Olivier Mentz, Pr\u00e9sident de l\u2019UFA<\/p>\n<\/td>\n<\/tr>\n<tr style=\"height: 280px\">\n<td style=\"width: 103px;height: 280px\">9h30<\/td>\n<td style=\"width: 644px;height: 280px\">R\u00e9union des groupes disciplinaires (<strong>sans traduction<\/strong>)<\/p>\n<p>&nbsp;<\/p>\n<p>GD Sciences humaines et sociales (Jean-Marc Bobillon &amp; Ellen Widder)<\/p>\n<p>GD Math\u00e9matiques - Informatique, Sciences de l'ing\u00e9nieur, Sciences et Architecture\u00a0(B\u00e9n\u00e9dicte Mah\u00e9 &amp; Christian Wagner)<\/p>\n<p>GD Droit\u00a0(Julien Walther &amp; Andreas Feuerborn)<\/p>\n<p>GD Formation des enseignants\u00a0(Lutz Baumann)<\/p>\n<p>GD \u00c9conomie\/Gestion\u00a0(Connie Stubbe &amp; Thomas Bousonville)<\/p>\n<\/td>\n<\/tr>\n<tr class=\"tr-odd tr-1\" style=\"height: 24px\">\n<td class=\"td-0\" style=\"width: 103px;height: 24px\">11h00<\/td>\n<td class=\"td-last td-1\" style=\"width: 644px;height: 24px\">Pause caf\u00e9<\/td>\n<\/tr>\n<tr style=\"height: 24px\">\n<td style=\"width: 103px;height: 24px\">11h30<\/td>\n<td style=\"width: 644px;height: 24px\">Reprise des travaux des groupes de travail disciplinaires<\/td>\n<\/tr>\n<tr style=\"height: 48px\">\n<td style=\"width: 103px;height: 48px\">13h00<\/td>\n<td style=\"width: 644px;height: 48px\">Pause d\u00e9jeuner et \u00e9changes<\/td>\n<\/tr>\n<tr style=\"height: 96px\">\n<td style=\"width: 103px;height: 96px\">14h30<\/td>\n<td style=\"width: 644px;height: 96px\">R\u00e9union des groupes de travail th\u00e9matiques\u00a0(<strong>sans traduction<\/strong>)<\/p>\n<p>&nbsp;<\/p>\n<p>Optimiser la gestion de son programme<\/p>\n<p>Soutenir le d\u00e9veloppement de projets scientifiques et la mobilit\u00e9 des jeunes chercheurs<\/p>\n<p>D\u00e9velopper les formations sup\u00e9rieures franco-allemandes en alternance<\/p>\n<p>Optimiser les relations diplom\u00e9s et entreprises<\/p>\n<p>Prospecter et augmenter le vivier de futurs \u00e9tudiants<\/p>\n<\/td>\n<\/tr>\n<tr>\n<td style=\"width: 103px\">16h30<\/td>\n<td style=\"width: 644px\">Pause caf\u00e9<\/td>\n<\/tr>\n<tr>\n<td style=\"width: 103px\">17h00<\/td>\n<td style=\"width: 644px\">S\u00e9ance pl\u00e9ni\u00e8re et discussion de th\u00e8mes actuels<\/p>\n<p>Cl\u00f4ture de la r\u00e9union<\/p>\n<\/td>\n<\/tr>\n<tr>\n<td style=\"width: 103px\">18h00<\/td>\n<td style=\"width: 644px\">Transfert en tram<\/td>\n<\/tr>\n<tr>\n<td style=\"width: 103px\">19h00<\/td>\n<td style=\"width: 644px\">Soir\u00e9e avec d\u00eener<\/td>\n<\/tr>\n<\/tbody>\n<\/table>\n<hr \/>\n<h3>Assembl\u00e9e des \u00e9tablissements membres, 29 mai 2020<\/h3>\n<div id=\"c38954\" class=\"csc-default\">\n<div class=\"table-responsive\">\n<table class=\"contenttable contenttable-0 table\" style=\"width: 795px;height: 192px\">\n<tbody>\n<tr class=\"tr-even tr-0\" style=\"height: 24px\">\n<td class=\"td-0\" style=\"width: 110px;height: 24px\">9h00<\/td>\n<td class=\"td-last td-1\" style=\"width: 669px;height: 24px\">Allocution de bienvenue par le directeur de Sciences Po Bordeaux<\/p>\n<p>Ouverture de la r\u00e9union par le pr\u00e9sident de l\u2019Universit\u00e9 franco-allemande<\/p>\n<\/td>\n<\/tr>\n<tr style=\"height: 24px\">\n<td style=\"width: 110px;height: 24px\"><\/td>\n<td style=\"width: 669px;height: 24px\">1. Adoption de l\u2019ordre du jour<\/td>\n<\/tr>\n<tr style=\"height: 24px\">\n<td style=\"width: 110px;height: 24px\"><\/td>\n<td style=\"width: 669px;height: 24px\">2. Adoption du proc\u00e8s-verbal de l\u2019assembl\u00e9e pr\u00e9c\u00e9dente<\/td>\n<\/tr>\n<tr style=\"height: 24px\">\n<td style=\"width: 110px;height: 24px\"><\/td>\n<td style=\"width: 669px;height: 24px\">3.\u00a0Rapport du pr\u00e9sident de l\u2019UFA<\/td>\n<\/tr>\n<tr class=\"tr-odd tr-3\" style=\"height: 24px\">\n<td class=\"td-0\" style=\"width: 110px;height: 24px\"><\/td>\n<td class=\"td-last td-1\" style=\"width: 669px;height: 24px\">4. Rapport des repr\u00e9sentants des \u00e9tablissements membres au sein du conseil d\u2019universit\u00e9<\/td>\n<\/tr>\n<tr style=\"height: 24px\">\n<td style=\"width: 110px;height: 24px\"><\/td>\n<td style=\"width: 669px;height: 24px\">5.\u00a0Rapport des repr\u00e9sentants des \u00e9tudiants<\/td>\n<\/tr>\n<tr style=\"height: 24px\">\n<td style=\"width: 110px;height: 24px\"><\/td>\n<td style=\"width: 669px;height: 24px\">6. D\u00e9bat strat\u00e9gique : \u00ab L\u2019internationalisation de l'enseignement sup\u00e9rieur et de la recherche : Enjeux et perspectives pour l\u2019Europe et la coop\u00e9ration franco-allemande \u00bb<\/td>\n<\/tr>\n<tr style=\"height: 24px\">\n<td style=\"width: 110px;height: 24px\"><\/td>\n<td style=\"width: 669px;height: 24px\">D\u00e9jeuner<\/td>\n<\/tr>\n<tr>\n<td style=\"width: 110px\"><\/td>\n<td style=\"width: 669px\">7. Pr\u00e9sentation des candidats \u00e0 l\u2019\u00e9lection des repr\u00e9sentants des \u00e9tablissements membres au sein du conseil d\u2019universit\u00e9 de l\u2019UFA<\/td>\n<\/tr>\n<tr>\n<td style=\"width: 110px\"><\/td>\n<td style=\"width: 669px\">8. \u00c9lection des repr\u00e9sentants des \u00e9tablissements membres<\/td>\n<\/tr>\n<tr>\n<td style=\"width: 110px\"><\/td>\n<td style=\"width: 669px\">9.\u00a0Pr\u00e9sentation du lieu de la manifestation de l\u2019assembl\u00e9e des \u00e9tablissements membres et de la<br \/>\nr\u00e9union des responsables de programmes 2021<\/td>\n<\/tr>\n<tr>\n<td style=\"width: 110px\"><\/td>\n<td style=\"width: 669px\">10. Annonce des r\u00e9sultats du vote<\/td>\n<\/tr>\n<tr>\n<td style=\"width: 110px\"><\/td>\n<td style=\"width: 669px\">11.\u00a0Divers<\/td>\n<\/tr>\n<tr>\n<td style=\"width: 110px\">17h00<\/td>\n<td style=\"width: 669px\">Fin de la r\u00e9union<\/td>\n<\/tr>\n<\/tbody>\n<\/table>\n<\/div>\n<\/div>\n<\/div>\n<\/div>\n<hr \/>\n<h3>Programme culturel facultatif, 30. Mai 2020<\/h3>\n<table class=\"contenttable contenttable-0 table\" style=\"width: 795px\">\n<tbody>\n<tr class=\"tr-even tr-0\">\n<td class=\"td-0\" style=\"width: 107.133px\">10h00 - 12h00<\/td>\n<td class=\"td-last td-1\" style=\"width: 672.867px\">visite guid\u00e9e<\/td>\n<\/tr>\n<\/tbody>\n<\/table>\n                            <\/div>\n\t\t\t\t\t\t\n\t\t\t\t\t\t\n                    <\/div><!-- .accordion -->\n\n\t\t\t\t\n\t\t\t\t\t\t\t\t\t                    <div class=\"accordion__item\" id=\"69e7b9f078984\">\n\n\t\t\t\t\t\t                            <header class=\"accordion__header\">\n                                <h2 class=\"accordion__title\">Inscription<\/h2>\n                            <\/header>\n\t\t\t\t\t\t\n\t\t\t\t\t\t                            <div class=\"accordion__content\">\n\t\t\t\t\t\t\t\t<div id=\"c44722\" class=\"panel-collapse collapse in\">\n<div class=\"panel-body\">\n<div id=\"c44741\" class=\"csc-default\">\n<div class=\"csc-textpic-text\">\n<p>Vous pouvez vous inscrire \u00e0 l'aide du formulaire en ligne que vous trouverez <a href=\"https:\/\/www.dfh-ufa.org\/fr\/actualites\/news\/rencontre-des-responsables-de-programmes-et-assemblee-des-etablissements-membres-2020\/inscription\/\" target=\"_blank\" rel=\"noopener\"><strong>ici<\/strong><\/a>.<\/p>\n<h4>Consignes<\/h4>\n<p><span id=\"powermail_field_hinweis\">Apr\u00e8s avoir saisi vos donn\u00e9es nous vous prions de bien vouloir v\u00e9rifier vos donn\u00e9es avant de cliquer sur le bouton <b>\"envoyer\"<\/b> en bas de cette page.<\/span><\/p>\n<p>Une fois le formulaire envoy\u00e9, vous recevrez un <b>message automatique de confirmation<\/b> au courriel indiqu\u00e9 dans le formulaire (merci de bien vouloir v\u00e9rifier \u00e9galement votre dossier spam). Si vous n'avez pas r\u00e9\u00e7u de message automatique, notre syst\u00e8me n'a pas enregistr\u00e9 votre inscription. Nous vous prions de bien vouloir l'effectuer \u00e0 nouveau dans ce cas-l\u00e0.<\/p>\n<p>En cas de probl\u00e8me, merci de bien vouloir nous contacter : <span id=\"OBJ_PREFIX_DWT499_ZmEmailObjectHandler\" class=\"Object\"><span id=\"OBJ_PREFIX_DWT507_ZmEmailObjectHandler\" class=\"Object\"><span id=\"OBJ_PREFIX_DWT3149_ZmEmailObjectHandler\" class=\"Object\" role=\"link\"><span id=\"OBJ_PREFIX_DWT3153_ZmEmailObjectHandler\" class=\"Object\" role=\"link\"><a href=\"mailto:bordeaux2020@dfh-ufa.org\" target=\"_blank\" rel=\"nofollow%20noopener%20noreferrer nofollow noopener noreferrer\">bordeaux2020(at)dfh-ufa.org<\/a><\/span><\/span><\/span><\/span><\/p>\n<\/div>\n<\/div>\n<\/div>\n<\/div>\n                            <\/div>\n\t\t\t\t\t\t\n\t\t\t\t\t\t\n                    <\/div><!-- .accordion -->\n\n\t\t\t\t\n\t\t\t\t\t\t\t\t\t                    <div class=\"accordion__item\" id=\"69e7b9f0789bf\">\n\n\t\t\t\t\t\t                            <header class=\"accordion__header\">\n                                <h2 class=\"accordion__title\">Informations concernant le droit de vote<\/h2>\n                            <\/header>\n\t\t\t\t\t\t\n\t\t\t\t\t\t                            <div class=\"accordion__content\">\n\t\t\t\t\t\t\t\t<div id=\"c34451\" class=\"csc-default\">\n<div class=\"csc-textpicHeader csc-textpicHeader-2\">\n<div class=\"csc-header csc-header-n1\">\n<h3 class=\"csc-firstHeader\">A propos du droit de vote lors de l'assembl\u00e9e des \u00e9tablissements membres<\/h3>\n<\/div>\n<\/div>\n<div class=\"csc-textpic-text\">\n<p>La liste ci-dessous vous permet de d\u00e9terminer si votre \u00e9tablissement a le statut d'\u00e9tablissement membre (ayant le droit de vote lors de l'assembl\u00e9e des \u00e9tablissements membres) ou d'\u00e9tablissement partenaire (sans droit de vote).<\/p>\n<p>Les repr\u00e9sentants des \u00e9tablissements partenaires peuvent participer \u00e0 l'assembl\u00e9e des \u00e9tablissements membres en tant qu'observateurs.<\/p>\n<ul>\n<li class=\"download__list__item\"><a href=\"https:\/\/www.dfh-ufa.org\/app\/uploads\/2020\/01\/Liste-der-Hochschulen-im-Netzwerk-der-DFH-2019-2020_Stand-Januar-2020-1.pdf\" target=\"_blank\" rel=\"noopener\">Liste des \u00e9tablissements membres et des \u00e9tablissements partenaires de l'UFA<\/a><\/li>\n<\/ul>\n<\/div>\n<\/div>\n                            <\/div>\n\t\t\t\t\t\t\n\t\t\t\t\t\t\n                    <\/div><!-- .accordion -->\n\n\t\t\t\t\n\t\t\t\t\t\t\t\t\t                    <div class=\"accordion__item\" id=\"69e7b9f0789e4\">\n\n\t\t\t\t\t\t                            <header class=\"accordion__header\">\n                                <h2 class=\"accordion__title\">Formulaires et t\u00e9l\u00e9chargements<\/h2>\n                            <\/header>\n\t\t\t\t\t\t\n\t\t\t\t\t\t                            <div class=\"accordion__content\">\n\t\t\t\t\t\t\t\t<li class=\"download__list__item\"><a href=\"https:\/\/www.dfh-ufa.org\/app\/uploads\/2020\/02\/Programme-PBT_2020-1.pdf\" target=\"_blank\" rel=\"noopener\">Programme de la rencontre des responsables de programmes<\/a><\/li>\n<li class=\"download__list__item\"><a href=\"https:\/\/www.dfh-ufa.org\/app\/uploads\/2020\/02\/TO-OJ-MV-20-05-29_Stand-20-02-24_extern.pdf\" target=\"_blank\" rel=\"noopener\">Ordre du jour de l'assembl\u00e9e des \u00e9tablissements membres<\/a><\/li>\n<li class=\"download__list__item\"><a href=\"https:\/\/www.dfh-ufa.org\/app\/uploads\/2020\/02\/BV-MHS-2020-2.pdf\" target=\"_blank\" rel=\"noopener\">Formulaire D\u00e9signation d'un repr\u00e9sentant de l'\u00e9tablissement membre (Au cas o\u00f9 aucun membre de la direction de VOTRE \u00e9tablissement ne pourrait participer personnellement \u00e0 l'assembl\u00e9e)<\/a><\/li>\n<li class=\"download__list__item\"><a href=\"https:\/\/www.dfh-ufa.org\/app\/uploads\/2020\/02\/STR\u00dc-MHS-2020-1.pdf\" target=\"_blank\" rel=\"noopener\">Formulaire Procuration de vote \u00e0 un AUTRE \u00e9tablissement membre<\/a><\/li>\n<li class=\"download__list__item\"><a href=\"https:\/\/www.dfh-ufa.org\/app\/uploads\/2020\/01\/Liste-der-Hochschulen-im-Netzwerk-der-DFH-2019-2020_Stand-Januar-2020.pdf\" target=\"_blank\" rel=\"noopener\">Liste des \u00e9tablissements faisant partie du r\u00e9seau de l\u2019UFA 2019\/20<\/a><\/li>\n<p>&nbsp;<\/p>\n                            <\/div>\n\t\t\t\t\t\t\n\t\t\t\t\t\t\n                    <\/div><!-- .accordion -->\n\n\t\t\t\t\n\t\t\t\t\t\t\t\t\t                    <div class=\"accordion__item\" id=\"69e7b9f078a0a\">\n\n\t\t\t\t\t\t                            <header class=\"accordion__header\">\n                                <h2 class=\"accordion__title\">Plan d'acc\u00e8s<\/h2>\n                            <\/header>\n\t\t\t\t\t\t\n\t\t\t\t\t\t                            <div class=\"accordion__content\">\n\t\t\t\t\t\t\t\t<ul style=\"list-style-type: disc\">\n<li>Adresse:<\/li>\n<\/ul>\n<p>Sciences Po Bordeaux [B.207]<br \/>\n11 all\u00e9e Ausone | Domaine universitaire<br \/>\nF-33600 Pessac<\/p>\n<ul>\n<li class=\"download__list__item\"><a href=\"https:\/\/www.dfh-ufa.org\/app\/uploads\/2020\/01\/Plan-reseau-tramway-Bordeaux-1.pdf\" target=\"_blank\" rel=\"noopener\">Carte du r\u00e9seau de tramway<\/a><\/li>\n<li class=\"download__list__item\"><a href=\"https:\/\/www.google.com\/maps\/d\/viewer?mid=1jD4OKtBaQfXhy-oPLfRxKjSFufmfTbGo&amp;ll=44.833622147692324%2C-0.590449079082191&amp;z=14\" target=\"_blank\" rel=\"noopener\">Plan de la ville de Bordeaux (avec h\u00f4tels)<\/a><\/li>\n<\/ul>\n                            <\/div>\n\t\t\t\t\t\t\n\t\t\t\t\t\t\n                    <\/div><!-- .accordion -->\n\n\t\t\t\t\n\t\t\t\t\t\t\t\t\t                    <div class=\"accordion__item\" id=\"69e7b9f078a28\">\n\n\t\t\t\t\t\t                            <header class=\"accordion__header\">\n                                <h2 class=\"accordion__title\">R\u00e9servations h\u00f4teli\u00e8res<\/h2>\n                            <\/header>\n\t\t\t\t\t\t\n\t\t\t\t\t\t                            <div class=\"accordion__content\">\n\t\t\t\t\t\t\t\t<p>&nbsp;<\/p>\n<ul>\n<li class=\"download__list__item\"><a href=\"https:\/\/www.dfh-ufa.org\/app\/uploads\/2020\/02\/liste-dh\u00f4tels-avec-contingents.pdf\" target=\"_blank\" rel=\"noopener\">Liste des h\u00f4tels avec contingents r\u00e9serv\u00e9s<\/a><\/li>\n<\/ul>\n<div class=\"csc-textpic-text\">\n<ul>\n<li class=\"download__list__item\"><a href=\"https:\/\/www.google.com\/maps\/d\/viewer?mid=1jD4OKtBaQfXhy-oPLfRxKjSFufmfTbGo&amp;ll=44.833622147692324%2C-0.590449079082191&amp;z=14\" target=\"_blank\" rel=\"noopener\">Plan de localisation des h\u00f4tels<\/a><\/li>\n<\/ul>\n<\/div>\n<div class=\"csc-textpic-text\">\n<ul>\n<li class=\"download__list__item\"><a href=\"https:\/\/www.dfh-ufa.org\/app\/uploads\/2019\/11\/Fiche-de-r\u00e9servation-pour-les-h\u00f4tels-Ibis-Bordeaux.pdf\" target=\"_blank\" rel=\"noopener\">Formulaire de r\u00e9servation pour les h\u00f4tels Ibis<\/a><\/li>\n<\/ul>\n<\/div>\n<div class=\"csc-textpic-text\"><\/div>\n<p>Les r\u00e9servations sont \u00e0 effectuer sous la responsabilit\u00e9 individuelle exclusive des participants. Veuillez voir pour les modalit\u00e9s de r\u00e9servations dans la <strong>liste des h\u00f4tels avec contingens r\u00e9serv\u00e9s<\/strong>.<\/p>\n                            <\/div>\n\t\t\t\t\t\t\n\t\t\t\t\t\t\n                    <\/div><!-- .accordion -->\n\n\t\t\t\t\n\t\t\t\t\t\t\t\n        <\/div><!-- .accordion -->\n\n\t\t<\/div><div id=\"panel-16748-0-0-4\" class=\"so-panel widget widget_text\" data-index=\"4\" >\t\t\t<div class=\"textwidget\"><p>&nbsp;<\/p>\n<p>&nbsp;<\/p>\n<\/div>\n\t\t<\/div><div id=\"panel-16748-0-0-5\" class=\"so-panel widget widget_sow-slider\" data-index=\"5\" ><div class=\"so-widget-sow-slider so-widget-sow-slider-default-53fd0f98de19-16748\"><div class=\"sow-slider-base\" style=\"display: none\"><ul\n\t\t\t\t\tclass=\"sow-slider-images\"\n\t\t\t\t\tdata-settings=\"{&quot;pagination&quot;:true,&quot;speed&quot;:800,&quot;timeout&quot;:8000,&quot;paused&quot;:false,&quot;pause_on_hover&quot;:false,&quot;swipe&quot;:true,&quot;nav_always_show_desktop&quot;:&quot;&quot;,&quot;nav_always_show_mobile&quot;:&quot;&quot;,&quot;breakpoint&quot;:&quot;780px&quot;,&quot;unmute&quot;:false,&quot;anchor&quot;:null}\"\n\t\t\t\t\t\t\t\t\t>\t\t<li class=\"sow-slider-image\" style=\"\" >\n\t\t\t\t\t\t\t\t\t\t\t\t\t\t\t\t\t<\/li>\n\t\t\t\t<li class=\"sow-slider-image\" style=\"\" >\n\t\t\t\t\t\t\t\t\t\t\t\t\t\t\t\t\t<\/li>\n\t\t\t\t<li class=\"sow-slider-image\" style=\"\" >\n\t\t\t\t\t\t\t\t\t\t\t\t\t\t\t\t\t<\/li>\n\t\t\t\t<li class=\"sow-slider-image\" style=\"\" >\n\t\t\t\t\t\t\t\t\t\t\t\t\t\t\t\t\t<\/li>\n\t\t\t\t<li class=\"sow-slider-image\" style=\"\" >\n\t\t\t\t\t\t\t\t\t\t\t\t\t\t\t\t\t<\/li>\n\t\t\t\t<li class=\"sow-slider-image\" style=\"\" >\n\t\t\t\t\t\t\t\t\t\t\t\t\t\t\t\t\t<\/li>\n\t\t\t\t<li class=\"sow-slider-image\" style=\"\" >\n\t\t\t\t\t\t\t\t\t\t\t\t\t\t\t\t\t<\/li>\n\t\t\t\t<li class=\"sow-slider-image\" style=\"\" >\n\t\t\t\t\t\t\t\t\t\t\t\t\t\t\t\t\t<\/li>\n\t\t<\/ul>\t\t\t\t<ol class=\"sow-slider-pagination\">\n\t\t\t\t\t\t\t\t\t\t\t<li><a href=\"#\" data-goto=\"0\" aria-label=\"afficher la diapositive 1\"><\/a><\/li>\n\t\t\t\t\t\t\t\t\t\t\t<li><a href=\"#\" data-goto=\"1\" aria-label=\"afficher la diapositive 2\"><\/a><\/li>\n\t\t\t\t\t\t\t\t\t\t\t<li><a href=\"#\" data-goto=\"2\" aria-label=\"afficher la diapositive 3\"><\/a><\/li>\n\t\t\t\t\t\t\t\t\t\t\t<li><a href=\"#\" data-goto=\"3\" aria-label=\"afficher la diapositive 4\"><\/a><\/li>\n\t\t\t\t\t\t\t\t\t\t\t<li><a href=\"#\" data-goto=\"4\" aria-label=\"afficher la diapositive 5\"><\/a><\/li>\n\t\t\t\t\t\t\t\t\t\t\t<li><a href=\"#\" data-goto=\"5\" aria-label=\"afficher la diapositive 6\"><\/a><\/li>\n\t\t\t\t\t\t\t\t\t\t\t<li><a href=\"#\" data-goto=\"6\" aria-label=\"afficher la diapositive 7\"><\/a><\/li>\n\t\t\t\t\t\t\t\t\t\t\t<li><a href=\"#\" data-goto=\"7\" aria-label=\"afficher la diapositive 8\"><\/a><\/li>\n\t\t\t\t\t\t\t\t\t<\/ol>\n\n\t\t\t\t<div class=\"sow-slide-nav sow-slide-nav-next\">\n\t\t\t\t\t<a href=\"#\" data-goto=\"next\" aria-label=\"diapositive suivante\" data-action=\"next\">\n\t\t\t\t\t\t<em class=\"sow-sld-icon-thin-right\"><\/em>\n\t\t\t\t\t<\/a>\n\t\t\t\t<\/div>\n\n\t\t\t\t<div class=\"sow-slide-nav sow-slide-nav-prev\">\n\t\t\t\t\t<a href=\"#\" data-goto=\"previous\" aria-label=\"diapositive pr\u00e9c\u00e9dente\" data-action=\"prev\">\n\t\t\t\t\t\t<em class=\"sow-sld-icon-thin-left\"><\/em>\n\t\t\t\t\t<\/a>\n\t\t\t\t<\/div>\n\t\t\t\t<\/div><\/div><\/div><div id=\"panel-16748-0-0-6\" class=\"so-panel widget widget_text panel-last-child\" data-index=\"6\" >\t\t\t<div class=\"textwidget\"><\/div>\n\t\t<\/div><\/div><\/div><\/div>","protected":false},"excerpt":{"rendered":"<p>&nbsp; En raison de la crise sanitaire mondiale et des mesures mises en place en France et en Allemagne qui en r\u00e9sultent, la direction de l\u2019UFA a d\u00e9cid\u00e9 en \u00e9troite concertation avec Sciences Po Bordeaux de reporter la tenue de sa double manifestation. Le r\u00e9seau sera inform\u00e9 en temps venu d&rsquo;une solution ult\u00e9rieure. &nbsp; &nbsp; [&hellip;]<\/p>\n","protected":false},"author":3,"featured_media":0,"parent":869,"menu_order":85,"comment_status":"closed","ping_status":"closed","template":"templates\/tpl.no-headline.php","meta":{"_bbp_topic_count":0,"_bbp_reply_count":0,"_bbp_total_topic_count":0,"_bbp_total_reply_count":0,"_bbp_voice_count":0,"_bbp_anonymous_reply_count":0,"_bbp_topic_count_hidden":0,"_bbp_reply_count_hidden":0,"_bbp_forum_subforum_count":0,"inline_featured_image":false},"acf":[],"_links":{"self":[{"href":"https:\/\/www.dfh-ufa.org\/fr\/wp-json\/wp\/v2\/pages\/16748"}],"collection":[{"href":"https:\/\/www.dfh-ufa.org\/fr\/wp-json\/wp\/v2\/pages"}],"about":[{"href":"https:\/\/www.dfh-ufa.org\/fr\/wp-json\/wp\/v2\/types\/page"}],"author":[{"embeddable":true,"href":"https:\/\/www.dfh-ufa.org\/fr\/wp-json\/wp\/v2\/users\/3"}],"replies":[{"embeddable":true,"href":"https:\/\/www.dfh-ufa.org\/fr\/wp-json\/wp\/v2\/comments?post=16748"}],"version-history":[{"count":146,"href":"https:\/\/www.dfh-ufa.org\/fr\/wp-json\/wp\/v2\/pages\/16748\/revisions"}],"predecessor-version":[{"id":1963566,"href":"https:\/\/www.dfh-ufa.org\/fr\/wp-json\/wp\/v2\/pages\/16748\/revisions\/1963566"}],"up":[{"embeddable":true,"href":"https:\/\/www.dfh-ufa.org\/fr\/wp-json\/wp\/v2\/pages\/869"}],"wp:attachment":[{"href":"https:\/\/www.dfh-ufa.org\/fr\/wp-json\/wp\/v2\/media?parent=16748"}],"curies":[{"name":"wp","href":"https:\/\/api.w.org\/{rel}","templated":true}]}}