{"id":16820,"date":"2019-09-26T10:41:21","date_gmt":"2019-09-26T08:41:21","guid":{"rendered":"https:\/\/www.dfh-ufa.org\/fr\/?page_id=16820"},"modified":"2020-06-25T16:16:03","modified_gmt":"2020-06-25T14:16:03","slug":"rrdp-et-ag-hambourg-2019","status":"publish","type":"page","link":"https:\/\/www.dfh-ufa.org\/fr\/actualites\/news\/rrdp-et-ag-hambourg-2019","title":{"rendered":"Rencontre des responsables de programmes et Assembl\u00e9e des \u00e9tablissements membres \u00e0 Hambourg 2019"},"content":{"rendered":"<div id=\"pl-16820\"  class=\"panel-layout\" ><div id=\"pg-16820-0\"  class=\"panel-grid panel-no-style\" ><div id=\"pgc-16820-0-0\"  class=\"panel-grid-cell\" ><div id=\"panel-16820-0-0-0\" class=\"widget_text so-panel widget widget_custom_html panel-first-child\" data-index=\"0\" ><div class=\"textwidget custom-html-widget\">\t<img src=\"https:\/\/www.dfh-ufa.org\/app\/uploads\/2019\/03\/dfh-ufa-2019-schirmherrschaft-fr.png\" width=\"800\" border=\"0\" \/>\n<\/div><\/div><div id=\"panel-16820-0-0-1\" class=\"widget_text so-panel widget widget_custom_html\" data-index=\"1\" ><div class=\"textwidget custom-html-widget\"><h1 class=\"entry__title\">Rencontre des responsables de programmes et Assembl\u00e9e des \u00e9tablissements membres 2019<\/h1>\n<br \/><br \/>\n<\/div><\/div><div id=\"panel-16820-0-0-2\" class=\"widget_text so-panel widget widget_custom_html\" data-index=\"2\" ><div class=\"textwidget custom-html-widget\"><center><img src=\"https:\/\/www.dfh-ufa.org\/app\/uploads\/2019\/02\/UFA_logo_20ans-250x250.png\" width=\"200\" border=\"0\" \/><\/center>\n<\/div><\/div><div id=\"panel-16820-0-0-3\" class=\"widget_text so-panel widget widget_custom_html\" data-index=\"3\" ><div class=\"widget_text panel-widget-style panel-widget-style-for-16820-0-0-3\" ><div class=\"textwidget custom-html-widget\"><br> <br>\n\n<br><\/div><\/div><\/div><div id=\"panel-16820-0-0-4\" class=\"so-panel widget widget_accordion\" data-index=\"4\" >        <div class=\"accordion\" data-collapse=\"1\">\n\n\t\t\t\t\t\t\t\t\t\t\t\t                    <div class=\"accordion__item\" id=\"69e0f7d5717f4\">\n\n\t\t\t\t\t\t                            <header class=\"accordion__header\">\n                                <h2 class=\"accordion__title\">C\u00e9l\u00e9bration des 20 ans<\/h2>\n                            <\/header>\n\t\t\t\t\t\t\n\t\t\t\t\t\t                            <div class=\"accordion__content\">\n\t\t\t\t\t\t\t\t<div class=\"accordion__content\">\n<h4>R\u00e9ception \u00e0 l'H\u00f4tel de ville<\/h4>\n<ul>\n<li><a href=\"https:\/\/www.dfh-ufa.org\/app\/uploads\/2019\/10\/Redebeitrag_HH-Senat_Poerksen-1.pdf\" target=\"_blank\" rel=\"noopener\">Discours de Monsieur le Conseiller d'\u00c9tat Jan P\u00f6rksen, Chef de la Chancellerie du S\u00e9nat de la Ville Libre et Hans\u00e9atique de Hambourg<\/a><\/li>\n<li><a href=\"https:\/\/www.dfh-ufa.org\/app\/uploads\/2019\/11\/Redebeitrag_Buero-II_Laschet-1.pdf\" target=\"_blank\" rel=\"noopener\">Discours de Monsieur le Ministre-pr\u00e9sident Armin Laschet, Ministre-pr\u00e9sident et pl\u00e9nipotentiaire de la R\u00e9publique f\u00e9d\u00e9rale d\u2019Allemagne charg\u00e9 des relations culturelles franco-allemandes<\/a><\/li>\n<li><a href=\"https:\/\/www.dfh-ufa.org\/app\/uploads\/2019\/10\/Redebeitrag_BMBF_Karliczek-1.pdf\" target=\"_blank\" rel=\"noopener\">Discours de Madame la Ministre Anja Karliczek, Minist\u00e8re allemand de l'\u00c9ducation et de la Recherche<\/a><\/li>\n<li><a href=\"https:\/\/www.dfh-ufa.org\/app\/uploads\/2019\/10\/Redebeitrag_AA_Annen-1.pdf\" target=\"_blank\" rel=\"noopener\">Discours de Monsieur le Ministre adjoint Niels Annen, Minist\u00e8re allemand des Affaires \u00e9trang\u00e8res<\/a><\/li>\n<li><a href=\"https:\/\/www.dfh-ufa.org\/app\/uploads\/2019\/09\/Redebeitrag_KMK_Lorz-1.pdf\" target=\"_blank\" rel=\"noopener\">Discours de\u00a0Monsieur R. Alexander Lorz, Pr\u00e9sident de la Conf\u00e9rence permanente des ministres de l'\u00c9ducation et des Affaires culturelles des L\u00e4nder<\/a><\/li>\n<li><a href=\"https:\/\/www.dfh-ufa.org\/app\/uploads\/2019\/10\/Redebeitrag_DFH_Capitant-1.pdf\" target=\"_blank\" rel=\"noopener\">Discours de Monsieur David Capitant, Pr\u00e9sident de l'UFA<\/a><\/li>\n<\/ul>\n<h4><a href=\"https:\/\/youtu.be\/9J79DBq2Gc4\" target=\"_blank\" rel=\"noopener\">Diaporama de la manifestation et de la solennit\u00e9<\/a><\/h4>\n<\/div>\n                            <\/div>\n\t\t\t\t\t\t\n\t\t\t\t\t\t\n                    <\/div><!-- .accordion -->\n\n\t\t\t\t\n\t\t\t\t\t\t\t\t\t                    <div class=\"accordion__item\" id=\"69e0f7d571840\">\n\n\t\t\t\t\t\t                            <header class=\"accordion__header\">\n                                <h2 class=\"accordion__title\">Programme<\/h2>\n                            <\/header>\n\t\t\t\t\t\t\n\t\t\t\t\t\t                            <div class=\"accordion__content\">\n\t\t\t\t\t\t\t\t<div id=\"c38958\" class=\"csc-default\">\n<div class=\"csc-header csc-header-n1\">\n<h3 class=\"csc-firstHeader\">Rencontre des responsables de programmes I, 12 juin 2019<\/h3>\n<\/div>\n<div class=\"table-responsive\">\n<table class=\"contenttable contenttable-0 table\" style=\"height: 96px\">\n<tbody>\n<tr class=\"tr-odd tr-1\" style=\"height: 24px\">\n<td class=\"td-0\" style=\"width: 105px;height: 24px\">14h00<\/td>\n<td class=\"td-last td-1\" style=\"width: 668px;height: 24px\">Ouverture de la rencontre des responsables de programmes<\/td>\n<\/tr>\n<tr class=\"tr-odd tr-3\" style=\"height: 24px\">\n<td class=\"td-0\" style=\"width: 105px;height: 24px\">14h30<\/td>\n<td class=\"td-last td-1\" style=\"width: 668px;height: 24px\">R\u00e9union des groupes de travail disciplinaires (sans traduction)<\/td>\n<\/tr>\n<tr>\n<td style=\"width: 105px\">18h00<\/td>\n<td style=\"width: 668px\">Fin de la r\u00e9union<\/td>\n<\/tr>\n<tr class=\"tr-even tr-8\" style=\"height: 24px\">\n<td class=\"td-0\" style=\"width: 105px;height: 24px\">19h00-21h00<\/td>\n<td class=\"td-last td-1\" style=\"width: 668px;height: 24px\">R\u00e9ception \u00e0 l\u2019occasion du 20\u00e8me anniversaire de l\u2019UFA et c\u00e9r\u00e9monie d'ouverture de la double manifestation, \u00e0 l'invitation du S\u00e9nat de la Ville Libre et Hans\u00e9atique de Hambourg, repr\u00e9sent\u00e9e par M. Jan P\u00f6rksen, conseiller d'\u00c9tat et chef de la Chancellerie du S\u00e9nat<\/p>\n<p>avec la participation de<\/p>\n<p>Armin Laschet, pl\u00e9nipotentiaire de la R\u00e9publique f\u00e9d\u00e9rale d\u2019Allemagne charg\u00e9 des relations culturelles franco-allemandes et ministre-pr\u00e9sident du <em>Land<\/em> de Rh\u00e9nanie-du-Nord-Westphalie<\/p>\n<p>Anja Karliczek, ministre allemande de l'\u00c9ducation et de la Recherche<\/p>\n<p>Niels Annen, ministre adjoint allemand aux Affaires \u00e9trang\u00e8res<\/p>\n<p>S.E. Anne-Marie Desc\u00f4tes, ambassadrice de la R\u00e9publique fran\u00e7aise en R\u00e9publique f\u00e9d\u00e9rale d\u2019Allemagne<\/p>\n<p>R. Alexander Lorz, ministre de l\u2019\u00c9ducation du <em>Land<\/em> de Hesse et pr\u00e9sident de la Conf\u00e9rence permanente des ministres de l\u2019\u00c9ducation des <em>L\u00e4nder<\/em> de la R\u00e9publique f\u00e9d\u00e9rale d\u2019Allemagne<\/p>\n<p>Dieter Lenzen, Pr\u00e9sident de l'Universit\u00e9 de Hambourg<\/p>\n<\/td>\n<\/tr>\n<\/tbody>\n<\/table>\n<\/div>\n<\/div>\n<div id=\"c44697\" class=\"csc-default\">\n<div class=\"csc-header csc-header-n2\">\n<h3>Rencontre des responsables de programmes II, 13 juin 2019<\/h3>\n<\/div>\n<div class=\"table-responsive\">\n<table class=\"contenttable contenttable-0 table\" style=\"width: 795px\">\n<tbody>\n<tr class=\"tr-even tr-0\">\n<td class=\"td-0\" style=\"width: 107.133px\">9h00<\/td>\n<td class=\"td-last td-1\" style=\"width: 672.867px\">R\u00e9union des groupes de travail th\u00e9matiques (sans traduction)<\/td>\n<\/tr>\n<tr>\n<td style=\"width: 107.133px\">11h00<\/td>\n<td style=\"width: 672.867px\">S\u00e9ance pl\u00e9ni\u00e8re et th\u00e8mes actuels<\/td>\n<\/tr>\n<tr class=\"tr-odd tr-1\">\n<td class=\"td-0\" style=\"width: 107.133px\">12h30<\/td>\n<td class=\"td-last td-1\" style=\"width: 672.867px\">Pause d\u00e9jeuner et \u00e9changes<\/td>\n<\/tr>\n<\/tbody>\n<\/table>\n<p>&nbsp;<\/p>\n<hr \/>\n<div id=\"c38956\" class=\"csc-default\">\n<div class=\"csc-header csc-header-n1\">\n<h3 class=\"csc-firstHeader\">Assembl\u00e9e des \u00e9tablissements membres I, 13 juin 2019<\/h3>\n<\/div>\n<div class=\"table-responsive\">\n<table class=\"contenttable contenttable-0 table\" style=\"height: 226px\">\n<tbody>\n<tr class=\"tr-odd tr-1\" style=\"height: 24px\">\n<td class=\"td-0\" style=\"width: 125.75px;height: 24px\">14h00<\/td>\n<td class=\"td-last td-1\" style=\"width: 793.417px;height: 24px\">Ouverture de la r\u00e9union<\/td>\n<\/tr>\n<tr class=\"tr-even tr-6\" style=\"height: 24px\">\n<td class=\"td-0\" style=\"width: 125.75px;height: 24px\"><\/td>\n<td class=\"td-last td-1\" style=\"width: 793.417px;height: 24px\">Rapport du Pr\u00e9sident<\/td>\n<\/tr>\n<tr style=\"height: 24px\">\n<td style=\"width: 125.75px;height: 24px\"><\/td>\n<td style=\"width: 793.417px;height: 24px\">Pr\u00e9sentation des candidats au poste du prochain membre fran\u00e7ais de la pr\u00e9sidence de l\u2019UFA<\/td>\n<\/tr>\n<tr style=\"height: 24px\">\n<td style=\"width: 125.75px;height: 24px\"><\/td>\n<td style=\"width: 793.417px;height: 24px\">Election du prochain membre fran\u00e7ais de la pr\u00e9sidence de l\u2019UFA<\/td>\n<\/tr>\n<tr style=\"height: 24px\">\n<td style=\"width: 125.75px;height: 24px\"><\/td>\n<td style=\"width: 793.417px;height: 24px\">Rapports des repr\u00e9sentants des \u00e9tablissements membres et des \u00e9tudiants<\/td>\n<\/tr>\n<tr style=\"height: 48px\">\n<td style=\"width: 125.75px;height: 48px\"><\/td>\n<td style=\"width: 793.417px;height: 48px\">Pr\u00e9sentation du lieu de la manifestation de l'assembl\u00e9e des \u00e9tablissements membres et de la rencontre des responsables de programmes 2020<\/td>\n<\/tr>\n<tr class=\"tr-odd tr-last\" style=\"height: 24px\">\n<td class=\"td-0\" style=\"width: 125.75px;height: 24px\">18h45<\/td>\n<td class=\"td-last td-1\" style=\"width: 793.417px;height: 24px\">Fin de la r\u00e9union<\/td>\n<\/tr>\n<tr style=\"height: 24px\">\n<td style=\"width: 125.75px;height: 24px\">19h30<\/td>\n<td style=\"width: 793.417px;height: 24px\">Soir\u00e9e sur le \u00ab\u00a0Cap San Diego\u00a0\u00bb<\/td>\n<\/tr>\n<\/tbody>\n<\/table>\n<\/div>\n<\/div>\n<div id=\"c38954\" class=\"csc-default\">\n<div class=\"csc-header csc-header-n2\">\n<h3><\/h3>\n<h3>Assembl\u00e9e des \u00e9tablissements membres II, 14 juin 2019<\/h3>\n<\/div>\n<div class=\"table-responsive\">\n<table class=\"contenttable contenttable-0 table\">\n<tbody>\n<tr class=\"tr-even tr-0\">\n<td class=\"td-0\" style=\"width: 148px\">9h30<\/td>\n<td class=\"td-last td-1\" style=\"width: 984px\">1er d\u00e9bat strat\u00e9gique\u00a0: \u00ab\u00a0R\u00f4le et valeurs de l\u2019Europe dans le monde\u00a0: bilan et perspectives pour l\u2019Union europ\u00e9enne\u00a0\u00bb, Intervenante : Gabriele Clemens, titulaire de la ChaireJean Monnet \u00ab Histoire de l\u2019int\u00e9gration europ\u00e9enne - \u00c9tudes europ\u00e9ennes \u00bb\u00e0 l\u2019Universit\u00e9 d\u2019Hambourg<\/td>\n<\/tr>\n<tr>\n<td style=\"width: 148px\">11h15<\/td>\n<td style=\"width: 984px\">2\u00e8me d\u00e9bat strat\u00e9gique\u00a0: \u00ab\u00a0Alternance, mobilit\u00e9 et apprentissage en Europe\u00a0: quels d\u00e9fis pour les formations universitaires franco-allemandes\u00a0?\u00a0\u00bb Intervenant : Fran\u00e7ois Vives, directeur op\u00e9rationnel du Campus des m\u00e9tiers et des qualifications A\u00e9ronautique et spatial Occitanie<\/td>\n<\/tr>\n<tr class=\"tr-odd tr-3\">\n<td class=\"td-0\" style=\"width: 148px\">12h30<\/td>\n<td class=\"td-last td-1\" style=\"width: 984px\">D\u00e9jeuner<\/td>\n<\/tr>\n<tr class=\"tr-even tr-last\">\n<td class=\"td-0\" style=\"width: 148px\">Apr\u00e8s-midi<\/td>\n<td class=\"td-last td-1\" style=\"width: 984px\">Programme culturel (facultatif)<\/p>\n<ul>\n<li>Visite de l'usine d'Airbus (13h00-18h00), transfert en bus<\/li>\n<li>Terrasse de la Philharmonie de l'Elbe (15h30-16h00)<\/li>\n<li>Visite guid\u00e9e de la ville (16h15-17h45), d\u00e9part: Philharmonie de l'Elbe<\/li>\n<li>Tour du port en bateau (16h30-18h30), d\u00e9part: Philharmonie de l'Elbe<\/li>\n<\/ul>\n<p>&nbsp;<\/p>\n<\/td>\n<\/tr>\n<\/tbody>\n<\/table>\n<\/div>\n<\/div>\n<\/div>\n<\/div>\n                            <\/div>\n\t\t\t\t\t\t\n\t\t\t\t\t\t\n                    <\/div><!-- .accordion -->\n\n\t\t\t\t\n\t\t\t\t\t\t\t\t\t                    <div class=\"accordion__item\" id=\"69e0f7d57196a\">\n\n\t\t\t\t\t\t                            <header class=\"accordion__header\">\n                                <h2 class=\"accordion__title\">Groupes disciplinaires<\/h2>\n                            <\/header>\n\t\t\t\t\t\t\n\t\t\t\t\t\t                            <div class=\"accordion__content\">\n\t\t\t\t\t\t\t\t<div class=\"accordion__content\">\n<ul>\n<li><a href=\"https:\/\/www.dfh-ufa.org\/app\/uploads\/2019\/10\/Compte-rendu-GD-SHS_fr_HH-19.pdf\" target=\"_blank\" rel=\"noopener\">Sciences humaines et sociales<\/a><\/li>\n<li><a href=\"https:\/\/www.dfh-ufa.org\/app\/uploads\/2019\/10\/Protokoll-FG-Jura_HH-19-1.pdf\" target=\"_blank\" rel=\"noopener\">Droit<\/a><\/li>\n<li><a href=\"https:\/\/www.dfh-ufa.org\/app\/uploads\/2019\/09\/CR_Groupe-travail_AG-UFA-Hambourg_ING-2019.pdf\" target=\"_blank\" rel=\"noopener\">Sciences de l'ing\u00e9nieur et Sciences, math\u00e9matiques et informatique<\/a><\/li>\n<li><a href=\"https:\/\/www.dfh-ufa.org\/app\/uploads\/2020\/06\/Protokoll-FG-Lehrerbildung_HH-19-1.pdf\" target=\"_blank\" rel=\"noopener\">Formation des enseignants<\/a><\/li>\n<li>Sciences \u00e9conomiques<\/li>\n<\/ul>\n<\/div>\n                            <\/div>\n\t\t\t\t\t\t\n\t\t\t\t\t\t\n                    <\/div><!-- .accordion -->\n\n\t\t\t\t\n\t\t\t\t\t\t\t\t\t                    <div class=\"accordion__item\" id=\"69e0f7d57198c\">\n\n\t\t\t\t\t\t                            <header class=\"accordion__header\">\n                                <h2 class=\"accordion__title\">Groupes de travail<\/h2>\n                            <\/header>\n\t\t\t\t\t\t\n\t\t\t\t\t\t                            <div class=\"accordion__content\">\n\t\t\t\t\t\t\t\t<ul>\n<li><a href=\"https:\/\/www.dfh-ufa.org\/app\/uploads\/2019\/09\/Gestion_des_programmes_Hambourg_2019.pdf\" target=\"_blank\" rel=\"noopener\">G\u00e9rer son programme de mani\u00e8re optimale<\/a><\/li>\n<li><a href=\"https:\/\/www.dfh-ufa.org\/app\/uploads\/2019\/09\/Soutenir-le-d\u00e9veloppement-de-projets-scientifiques_Hambourg_2019.pdf\" target=\"_blank\" rel=\"noopener\">Soutenir le d\u00e9veloppement de projets scientifiques et la mobilit\u00e9 des jeunes chercheurs<\/a><\/li>\n<li><a href=\"https:\/\/www.dfh-ufa.org\/app\/uploads\/2019\/09\/Formation-en-alternance_Hambourg_2019.pdf\" target=\"_blank\" rel=\"noopener\">Formation en alternance dans l\u2018enseignement sup\u00e9rieur<\/a><\/li>\n<li><a href=\"https:\/\/www.dfh-ufa.org\/app\/uploads\/2019\/09\/Communiquer-avec-ses-partenaires-institutionnels-et-sur-les-r\u00e9seaux-soxiaux.pdf\" target=\"_blank\" rel=\"noopener\">Communiquer avec ses partenaires institutionnels et sur les r\u00e9seaux sociaux<\/a><\/li>\n<li><a href=\"https:\/\/www.dfh-ufa.org\/app\/uploads\/2019\/09\/Prospecter_fideliser_Hamburg_2019.pdf\" target=\"_blank\" rel=\"noopener\">Prospecter et fid\u00e9liser<\/a><\/li>\n<\/ul>\n                            <\/div>\n\t\t\t\t\t\t\n\t\t\t\t\t\t\n                    <\/div><!-- .accordion -->\n\n\t\t\t\t\n\t\t\t\t\t\t\t\t\t                    <div class=\"accordion__item\" id=\"69e0f7d5719b0\">\n\n\t\t\t\t\t\t                            <header class=\"accordion__header\">\n                                <h2 class=\"accordion__title\">Pr\u00e9sentation PowerPoint<\/h2>\n                            <\/header>\n\t\t\t\t\t\t\n\t\t\t\t\t\t                            <div class=\"accordion__content\">\n\t\t\t\t\t\t\t\t<ul>\n<li><a href=\"https:\/\/www.dfh-ufa.org\/app\/uploads\/2019\/10\/Tagungsreader_DFH_MV-PPT_2019-06-13-14-1.pdf\" target=\"_blank\" rel=\"noopener\">Pr\u00e9sentation de l'assembl\u00e9e des \u00e9tablissements membres<\/a><\/li>\n<\/ul>\n                            <\/div>\n\t\t\t\t\t\t\n\t\t\t\t\t\t\n                    <\/div><!-- .accordion -->\n\n\t\t\t\t\n\t\t\t\t\t\t\t\t\t                    <div class=\"accordion__item\" id=\"69e0f7d5719bc\">\n\n\t\t\t\t\t\t                            <header class=\"accordion__header\">\n                                <h2 class=\"accordion__title\">D\u00e9bats strat\u00e9giques<\/h2>\n                            <\/header>\n\t\t\t\t\t\t\n\t\t\t\t\t\t                            <div class=\"accordion__content\">\n\t\t\t\t\t\t\t\t<ul>\n<li>Madame la professeure Gabriele Clemens :\u00a0 <a href=\"https:\/\/www.dfh-ufa.org\/app\/uploads\/2019\/09\/Vortrag-DFH_Frau-Professor-Clemens-1.pdf\" target=\"_blank\" rel=\"noopener\">\u00ab R\u00f4le et valeurs de l\u2019Europe dans le monde : bilanet perspectives pour l\u2019Union europ\u00e9enne \u00bb<\/a><\/li>\n<li>Monsieur Fran\u00e7ois Vives : <a href=\"https:\/\/www.dfh-ufa.org\/app\/uploads\/2019\/09\/Presentation-Aeronautics-Space-Campus-14-juin-2019-UFA-V3-1.pdf\" target=\"_blank\" rel=\"noopener\">\u00ab Alternance, mobilit\u00e9 et apprentissage enEurope : quels d\u00e9fis pour les formations universitaires franco-allemandes ? \u00bb<\/a><\/li>\n<\/ul>\n                            <\/div>\n\t\t\t\t\t\t\n\t\t\t\t\t\t\n                    <\/div><!-- .accordion -->\n\n\t\t\t\t\n\t\t\t\t\t\t\t\n        <\/div><!-- .accordion -->\n\n\t\t<\/div><div id=\"panel-16820-0-0-5\" class=\"so-panel widget widget_text\" data-index=\"5\" >\t\t\t<div class=\"textwidget\"><div id=\"c41126\" class=\"csc-default\">\n<div class=\"csc-textpic-text\">\n<p><span id=\"OBJ_PREFIX_DWT3486_com_zimbra_url\"><br \/>\n<\/span><span id=\"OBJ_PREFIX_DWT3488_com_zimbra_url\"><\/span><\/p>\n<\/div>\n<\/div>\n<\/div>\n\t\t<\/div><div id=\"panel-16820-0-0-6\" class=\"so-panel widget widget_text\" data-index=\"6\" >\t\t\t<div class=\"textwidget\"><\/div>\n\t\t<\/div><div id=\"panel-16820-0-0-7\" class=\"so-panel widget widget_sow-slider panel-last-child\" data-index=\"7\" ><div class=\"so-widget-sow-slider so-widget-sow-slider-default-53fd0f98de19-16820\"><div class=\"sow-slider-base\" style=\"display: none\"><ul\n\t\t\t\t\tclass=\"sow-slider-images\"\n\t\t\t\t\tdata-settings=\"{&quot;pagination&quot;:true,&quot;speed&quot;:800,&quot;timeout&quot;:8000,&quot;paused&quot;:false,&quot;pause_on_hover&quot;:false,&quot;swipe&quot;:true,&quot;nav_always_show_desktop&quot;:&quot;&quot;,&quot;nav_always_show_mobile&quot;:&quot;&quot;,&quot;breakpoint&quot;:&quot;780px&quot;,&quot;unmute&quot;:false,&quot;anchor&quot;:null}\"\n\t\t\t\t\t\t\t\t\t>\t\t<li class=\"sow-slider-image\" style=\"\" >\n\t\t\t\t\t\t\t\t\t\t\t\t\t\t\t\t\t<\/li>\n\t\t\t\t<li class=\"sow-slider-image\" style=\"\" >\n\t\t\t\t\t\t\t\t\t\t\t\t\t\t\t\t\t<\/li>\n\t\t\t\t<li class=\"sow-slider-image\" style=\"\" >\n\t\t\t\t\t\t\t\t\t\t\t\t\t\t\t\t\t<\/li>\n\t\t\t\t<li class=\"sow-slider-image\" style=\"\" >\n\t\t\t\t\t\t\t\t\t\t\t\t\t\t\t\t\t<\/li>\n\t\t\t\t<li class=\"sow-slider-image\" style=\"\" >\n\t\t\t\t\t\t\t\t\t\t\t\t\t\t\t\t\t<\/li>\n\t\t\t\t<li class=\"sow-slider-image\" style=\"\" >\n\t\t\t\t\t\t\t\t\t\t\t\t\t\t\t\t\t<\/li>\n\t\t\t\t<li class=\"sow-slider-image\" style=\"\" >\n\t\t\t\t\t\t\t\t\t\t\t\t\t\t\t\t\t<\/li>\n\t\t\t\t<li class=\"sow-slider-image\" style=\"\" >\n\t\t\t\t\t\t\t\t\t\t\t\t\t\t\t\t\t<\/li>\n\t\t\t\t<li class=\"sow-slider-image\" style=\"\" >\n\t\t\t\t\t\t\t\t\t\t\t\t\t\t\t\t\t<\/li>\n\t\t\t\t<li class=\"sow-slider-image\" style=\"\" >\n\t\t\t\t\t\t\t\t\t\t\t\t\t\t\t\t\t<\/li>\n\t\t\t\t<li class=\"sow-slider-image\" style=\"\" >\n\t\t\t\t\t\t\t\t\t\t\t\t\t\t\t\t\t<\/li>\n\t\t\t\t<li class=\"sow-slider-image\" style=\"\" >\n\t\t\t\t\t\t\t\t\t\t\t\t\t\t\t\t\t<\/li>\n\t\t\t\t<li class=\"sow-slider-image\" style=\"\" >\n\t\t\t\t\t\t\t\t\t\t\t\t\t\t\t\t\t<\/li>\n\t\t\t\t<li class=\"sow-slider-image\" style=\"\" >\n\t\t\t\t\t\t\t\t\t\t\t\t\t\t\t\t\t<\/li>\n\t\t<\/ul>\t\t\t\t<ol class=\"sow-slider-pagination\">\n\t\t\t\t\t\t\t\t\t\t\t<li><a href=\"#\" data-goto=\"0\" aria-label=\"afficher la diapositive 1\"><\/a><\/li>\n\t\t\t\t\t\t\t\t\t\t\t<li><a href=\"#\" data-goto=\"1\" aria-label=\"afficher la diapositive 2\"><\/a><\/li>\n\t\t\t\t\t\t\t\t\t\t\t<li><a href=\"#\" data-goto=\"2\" aria-label=\"afficher la diapositive 3\"><\/a><\/li>\n\t\t\t\t\t\t\t\t\t\t\t<li><a href=\"#\" data-goto=\"3\" aria-label=\"afficher la diapositive 4\"><\/a><\/li>\n\t\t\t\t\t\t\t\t\t\t\t<li><a href=\"#\" data-goto=\"4\" aria-label=\"afficher la diapositive 5\"><\/a><\/li>\n\t\t\t\t\t\t\t\t\t\t\t<li><a href=\"#\" data-goto=\"5\" aria-label=\"afficher la diapositive 6\"><\/a><\/li>\n\t\t\t\t\t\t\t\t\t\t\t<li><a href=\"#\" data-goto=\"6\" aria-label=\"afficher la diapositive 7\"><\/a><\/li>\n\t\t\t\t\t\t\t\t\t\t\t<li><a href=\"#\" data-goto=\"7\" aria-label=\"afficher la diapositive 8\"><\/a><\/li>\n\t\t\t\t\t\t\t\t\t\t\t<li><a href=\"#\" data-goto=\"8\" aria-label=\"afficher la diapositive 9\"><\/a><\/li>\n\t\t\t\t\t\t\t\t\t\t\t<li><a href=\"#\" data-goto=\"9\" aria-label=\"afficher la diapositive 10\"><\/a><\/li>\n\t\t\t\t\t\t\t\t\t\t\t<li><a href=\"#\" data-goto=\"10\" aria-label=\"afficher la diapositive 11\"><\/a><\/li>\n\t\t\t\t\t\t\t\t\t\t\t<li><a href=\"#\" data-goto=\"11\" aria-label=\"afficher la diapositive 12\"><\/a><\/li>\n\t\t\t\t\t\t\t\t\t\t\t<li><a href=\"#\" data-goto=\"12\" aria-label=\"afficher la diapositive 13\"><\/a><\/li>\n\t\t\t\t\t\t\t\t\t\t\t<li><a href=\"#\" data-goto=\"13\" aria-label=\"afficher la diapositive 14\"><\/a><\/li>\n\t\t\t\t\t\t\t\t\t<\/ol>\n\n\t\t\t\t<div class=\"sow-slide-nav sow-slide-nav-next\">\n\t\t\t\t\t<a href=\"#\" data-goto=\"next\" aria-label=\"diapositive suivante\" data-action=\"next\">\n\t\t\t\t\t\t<em class=\"sow-sld-icon-thin-right\"><\/em>\n\t\t\t\t\t<\/a>\n\t\t\t\t<\/div>\n\n\t\t\t\t<div class=\"sow-slide-nav sow-slide-nav-prev\">\n\t\t\t\t\t<a href=\"#\" data-goto=\"previous\" aria-label=\"diapositive pr\u00e9c\u00e9dente\" data-action=\"prev\">\n\t\t\t\t\t\t<em class=\"sow-sld-icon-thin-left\"><\/em>\n\t\t\t\t\t<\/a>\n\t\t\t\t<\/div>\n\t\t\t\t<\/div><\/div><\/div><\/div><\/div><\/div>","protected":false},"excerpt":{"rendered":"<p>Rencontre des responsables de programmes et Assembl\u00e9e des \u00e9tablissements membres 2019 C\u00e9l\u00e9bration des 20 ans R\u00e9ception \u00e0 l&rsquo;H\u00f4tel de ville Discours de Monsieur le Conseiller d&rsquo;\u00c9tat Jan P\u00f6rksen, Chef de la Chancellerie du S\u00e9nat de la Ville Libre et Hans\u00e9atique de Hambourg Discours de Monsieur le Ministre-pr\u00e9sident Armin Laschet, Ministre-pr\u00e9sident et pl\u00e9nipotentiaire de la R\u00e9publique [&hellip;]<\/p>\n","protected":false},"author":3,"featured_media":0,"parent":869,"menu_order":76,"comment_status":"closed","ping_status":"closed","template":"templates\/tpl.no-headline.php","meta":{"_bbp_topic_count":0,"_bbp_reply_count":0,"_bbp_total_topic_count":0,"_bbp_total_reply_count":0,"_bbp_voice_count":0,"_bbp_anonymous_reply_count":0,"_bbp_topic_count_hidden":0,"_bbp_reply_count_hidden":0,"_bbp_forum_subforum_count":0,"inline_featured_image":false},"acf":[],"_links":{"self":[{"href":"https:\/\/www.dfh-ufa.org\/fr\/wp-json\/wp\/v2\/pages\/16820"}],"collection":[{"href":"https:\/\/www.dfh-ufa.org\/fr\/wp-json\/wp\/v2\/pages"}],"about":[{"href":"https:\/\/www.dfh-ufa.org\/fr\/wp-json\/wp\/v2\/types\/page"}],"author":[{"embeddable":true,"href":"https:\/\/www.dfh-ufa.org\/fr\/wp-json\/wp\/v2\/users\/3"}],"replies":[{"embeddable":true,"href":"https:\/\/www.dfh-ufa.org\/fr\/wp-json\/wp\/v2\/comments?post=16820"}],"version-history":[{"count":66,"href":"https:\/\/www.dfh-ufa.org\/fr\/wp-json\/wp\/v2\/pages\/16820\/revisions"}],"predecessor-version":[{"id":235528,"href":"https:\/\/www.dfh-ufa.org\/fr\/wp-json\/wp\/v2\/pages\/16820\/revisions\/235528"}],"up":[{"embeddable":true,"href":"https:\/\/www.dfh-ufa.org\/fr\/wp-json\/wp\/v2\/pages\/869"}],"wp:attachment":[{"href":"https:\/\/www.dfh-ufa.org\/fr\/wp-json\/wp\/v2\/media?parent=16820"}],"curies":[{"name":"wp","href":"https:\/\/api.w.org\/{rel}","templated":true}]}}