{"id":16863,"date":"2019-08-21T14:22:12","date_gmt":"2019-08-21T12:22:12","guid":{"rendered":"https:\/\/www.dfh-ufa.org\/fr\/?page_id=16863"},"modified":"2022-05-05T10:43:28","modified_gmt":"2022-05-05T08:43:28","slug":"dialogue-avec-le-monde-economique-2019","status":"publish","type":"page","link":"https:\/\/www.dfh-ufa.org\/fr\/vous-etes\/entreprises\/manifestations\/dialogue-avec-le-monde-economique-2019","title":{"rendered":"Dialogue avec le monde \u00e9conomique 2019"},"content":{"rendered":"<div id=\"c40915\" class=\"csc-default\">\n<div class=\"table-responsive\"><img decoding=\"async\" loading=\"lazy\" class=\"aligncenter wp-image-17008 size-full\" src=\"https:\/\/www.dfh-ufa.org\/app\/uploads\/2019\/08\/Banner-logos.png\" alt=\"\" width=\"1787\" height=\"187\" srcset=\"https:\/\/www.dfh-ufa.org\/app\/uploads\/2019\/08\/Banner-logos.png 1787w, https:\/\/www.dfh-ufa.org\/app\/uploads\/2019\/08\/Banner-logos-250x26.png 250w, https:\/\/www.dfh-ufa.org\/app\/uploads\/2019\/08\/Banner-logos-768x80.png 768w, https:\/\/www.dfh-ufa.org\/app\/uploads\/2019\/08\/Banner-logos-1024x107.png 1024w\" sizes=\"(max-width: 1787px) 100vw, 1787px\" \/><\/div>\n<div><\/div>\n<div><\/div>\n<p>&nbsp;<\/p>\n<p style=\"text-align: center\"><strong>Manifestation commune de l&rsquo;Universit\u00e9 franco-allemande (UFA), <\/strong><br \/>\n<strong>des Conseillers du Commerce Ext\u00e9rieur de la France en Allemagne (CCEF) <\/strong><br \/>\n<strong>et du Club des Affaires de la Hesse<\/strong><\/p>\n<p style=\"text-align: center\"><strong>le 18 novembre 2019 \u00e0 partir de 18 heures<\/strong><br \/>\n<strong>dans les locaux de BNP Paribas \u00e0 Francfort<br \/>\n<\/strong><\/p>\n<\/div>\n<h4><\/h4>\n<p>&nbsp;<\/p>\n<div id=\"c40915\" class=\"csc-default\">\n<p style=\"text-align: center\"><strong><span lang=\"FR\">\u00ab Les d\u00e9fis li\u00e9s \u00e0 la transformation num\u00e9rique dans le monde du travail &#8211;<br \/>\n<\/span><\/strong><strong><span lang=\"FR\"> comp\u00e9tences requises et mise en \u0153uvre concr\u00e8te dans les entreprises \u00bb<\/span><\/strong><\/p>\n<\/div>\n<p>&nbsp;<\/p>\n<p>L\u2019objectif de cette manifestation est de renforcer les \u00e9changes entre enseignement sup\u00e9rieur, \u00e9tudiant*es et monde \u00e9conomique. Parall\u00e8lement \u00e0 la mise en r\u00e9seau et aux \u00e9changes y seront abord\u00e9s des th\u00e8mes tels que la plus-value des parcours universitaires et scientifiques internationaux, l\u2019insertion professionnelle et l\u2019optimisation des parcours professionnels \u00e0 l\u2019\u00e8re de la transition num\u00e9rique.<\/p>\n<hr \/>\n<h4>Programme<\/h4>\n<p>17h30\u00a0\u00a0 <strong>Inscription<\/strong><\/p>\n<p>18h00\u00a0\u00a0 <strong>Mots de bienvenue<br \/>\n<\/strong><\/p>\n<p>&#8211; Carsten Esbach, COO BNP Paribas Allemagne<br \/>\n&#8211; Nathalie Maier-Bridou, Pr\u00e9sidente du Club des Affaires de la Hesse<br \/>\n&#8211; Eric Guyot, Pr\u00e9sident des CCEF en Hesse, Rh\u00e9nanie-Palatinat et Sarre<br \/>\n&#8211; David Capitant, Pr\u00e9sident de l&rsquo;UFA<\/p>\n<p>18h20\u00a0\u00a0\u00a0 <strong>Discours d&rsquo;ouverture<\/strong>\u00a0propos\u00e9 par Anna Wiesinger, partner, McKinsey &amp; Company, et Lena Johanna Schmitt, Senior Change Strategist, RCKT GmbH<\/p>\n<p>18h45\u00a0\u00a0\u00a0 <strong>Table ronde<\/strong>, anim\u00e9e par Pamela Stenzel, CCEF, Office K61, Avocate allemande<\/p>\n<p>&#8211; Fran\u00e7ois de Belsunce, Directeur g\u00e9n\u00e9ral, Banque europ\u00e9enne du Cr\u00e9dit Mutuel (BECM)<br \/>\n&#8211; Pia-Maria Zecevic, Director Communications Central Europe, Pan-Region Coordinator, Sodexo Allemagne<br \/>\n&#8211; <span lang=\"FR\">Axelle Cheney, International Scientific Cooperation Manager, Universit\u00e9 de Passau<\/span><br \/>\n&#8211;\u00a0Sebastian Aichele, dipl\u00f4m\u00e9 de l&rsquo;UFA et charg\u00e9 de projet &#8211; Afrique du Nord, KfW Banque de d\u00e9veloppement<\/p>\n<p><strong>Questions\/\u00e9changes <\/strong>avec les participants : acteurs du monde \u00e9conomique et responsables de programmes, \u00e9tudiants et dipl\u00f4m\u00e9s de l&rsquo;UFA<\/p>\n<p>20h00\u00a0\u00a0 <strong>Mot de cl\u00f4ture<\/strong> propos\u00e9 par Andrea von H\u00fclsen-Esch, Heinrich-Heine-Universit\u00e4t D\u00fcsseldorf (membre de la commission scientifique de l&rsquo;UFA), et Cyrille Beau, Vice President Administrative Officer Europe North, Michelin Allemagne<\/p>\n<p>20h15\u00a0\u00a0\u00a0\u00a0<strong>Cocktail<\/strong> et \u00e9changes informels<\/p>\n<p>&nbsp;<\/p>\n<hr \/>\n<p><a class=\"primary button\" href=\"https:\/\/cdn-pays.bnpparibas.com\/wp-content\/blogs.dir\/64\/files\/2017\/07\/Anfahrtsbeschreibung-BNP-Paribas-in-Frankfurt.pdf\" target=\"_blank\" rel=\"noopener\">Plan d&rsquo;acc\u00e8s<\/a><\/p>\n<hr \/>\n<h4>Pour plus d&rsquo;informations<\/h4>\n<p>Patricia Rohland<br \/>\nT\u00e9l.: +49 (0) 681 9 38 12 \u2013 146<br \/>\nCourriel: rohland@dfh-ufa.org<\/p>\n","protected":false},"excerpt":{"rendered":"<p>&nbsp; Manifestation commune de l&rsquo;Universit\u00e9 franco-allemande (UFA), des Conseillers du Commerce Ext\u00e9rieur de la France en Allemagne (CCEF) et du Club des Affaires de la Hesse le 18 novembre 2019 \u00e0 partir de 18 heures dans les locaux de BNP Paribas \u00e0 Francfort &nbsp; \u00ab Les d\u00e9fis li\u00e9s \u00e0 la transformation num\u00e9rique dans le monde [&hellip;]<\/p>\n","protected":false},"author":3,"featured_media":0,"parent":864,"menu_order":113,"comment_status":"closed","ping_status":"closed","template":"","meta":{"_bbp_topic_count":0,"_bbp_reply_count":0,"_bbp_total_topic_count":0,"_bbp_total_reply_count":0,"_bbp_voice_count":0,"_bbp_anonymous_reply_count":0,"_bbp_topic_count_hidden":0,"_bbp_reply_count_hidden":0,"_bbp_forum_subforum_count":0,"inline_featured_image":false},"acf":[],"_links":{"self":[{"href":"https:\/\/www.dfh-ufa.org\/fr\/wp-json\/wp\/v2\/pages\/16863"}],"collection":[{"href":"https:\/\/www.dfh-ufa.org\/fr\/wp-json\/wp\/v2\/pages"}],"about":[{"href":"https:\/\/www.dfh-ufa.org\/fr\/wp-json\/wp\/v2\/types\/page"}],"author":[{"embeddable":true,"href":"https:\/\/www.dfh-ufa.org\/fr\/wp-json\/wp\/v2\/users\/3"}],"replies":[{"embeddable":true,"href":"https:\/\/www.dfh-ufa.org\/fr\/wp-json\/wp\/v2\/comments?post=16863"}],"version-history":[{"count":81,"href":"https:\/\/www.dfh-ufa.org\/fr\/wp-json\/wp\/v2\/pages\/16863\/revisions"}],"predecessor-version":[{"id":1373344,"href":"https:\/\/www.dfh-ufa.org\/fr\/wp-json\/wp\/v2\/pages\/16863\/revisions\/1373344"}],"up":[{"embeddable":true,"href":"https:\/\/www.dfh-ufa.org\/fr\/wp-json\/wp\/v2\/pages\/864"}],"wp:attachment":[{"href":"https:\/\/www.dfh-ufa.org\/fr\/wp-json\/wp\/v2\/media?parent=16863"}],"curies":[{"name":"wp","href":"https:\/\/api.w.org\/{rel}","templated":true}]}}