{"id":1731222,"date":"2023-06-15T14:14:22","date_gmt":"2023-06-15T12:14:22","guid":{"rendered":"https:\/\/www.dfh-ufa.org\/fr\/?page_id=1731222"},"modified":"2024-06-26T17:12:13","modified_gmt":"2024-06-26T15:12:13","slug":"rencontre-des-responsables-de-programmes-et-assemblee-des-etablissements-membres-2024","status":"publish","type":"page","link":"https:\/\/www.dfh-ufa.org\/fr\/actualites\/news\/rencontre-des-responsables-de-programmes-et-assemblee-des-etablissements-membres-2024","title":{"rendered":"Rencontre des responsables de programmes et Assembl\u00e9e des \u00e9tablissements membres 2024"},"content":{"rendered":"<div id=\"pl-1731222\"  class=\"panel-layout\" ><div id=\"pg-1731222-0\"  class=\"panel-grid panel-no-style\" ><div id=\"pgc-1731222-0-0\"  class=\"panel-grid-cell\" ><div id=\"panel-1731222-0-0-0\" class=\"widget_text so-panel widget widget_custom_html panel-first-child\" data-index=\"0\" ><div class=\"textwidget custom-html-widget\"><h3 class=\"entry__title\">les 6 et 7 juin \u00e0 l'Universit\u00e9 Paris-Panth\u00e9on-Assas<\/h3>\n<\/div><\/div><div id=\"panel-1731222-0-0-1\" class=\"so-panel widget widget_text\" data-index=\"1\" >\t\t\t<div class=\"textwidget\"><p>&nbsp;<\/p>\n<p><strong>Depuis 25 ans d\u00e9j\u00e0, l\u2019Universit\u00e9 franco-allemande (UFA) \u0153uvre \u00e0 la mise en place et au soutien de programmes d\u2019\u00e9tudes transfrontaliers. Cr\u00e9\u00e9e dans l\u2019objectif de renforcer la coop\u00e9ration entre la France et l\u2019Allemagne dans le domaine de l\u2019enseignement sup\u00e9rieur et de la recherche, l\u2019UFA s\u2019est forg\u00e9e au fil des ann\u00e9es une solide r\u00e9putation en tant qu\u2019institution acad\u00e9mique internationale. Le succ\u00e8s de ce beau projet franco-allemand a non seulement marqu\u00e9 durablement les plus de 25\u00a0000 dipl\u00f4m\u00e9*es qu\u2019il a contribu\u00e9 \u00e0 former, mais \u00e9galement particip\u00e9 \u00e0 la construction de l\u2019espace europ\u00e9en de l\u2019enseignement sup\u00e9rieur.<\/strong><\/p>\n<p>La c\u00e9r\u00e9monie d\u2019ouverture de cet important anniversaire s\u2019est d\u00e9roul\u00e9e hier soir dans le Grand Amphith\u00e9\u00e2tre de la Sorbonne, \u00e0 l\u2019invitation de l\u2019Universit\u00e9 Paris-Panth\u00e9on-Assas. Parmi les intervenants figuraient entre autres Benjamin Leperchey, repr\u00e9sentant du minist\u00e8re de l\u2019Enseignement sup\u00e9rieur et de la Recherche (MESR), et St\u00e9phane Braconnier, pr\u00e9sident de l\u2019Universit\u00e9 Paris-Panth\u00e9on-Assas.<\/p>\n<p>\u00ab\u00a0Nous sommes tr\u00e8s fiers du formidable bilan dont peut se pr\u00e9valoir aujourd\u2019hui l\u2019UFA\u00a0\u00bb, se f\u00e9licite Eva Martha Eckkrammer, pr\u00e9sidente de l\u2019UFA. \u00ab\u00a0Plus de 200\u00a0\u00e9tablissements universitaires r\u00e9partis sur plus de 140 sites en France, en Allemagne et dans de nombreux autres pays font actuellement partie de notre r\u00e9seau. Ensemble, nous offrons aux \u00e9tudiant*es et aux jeunes chercheur*euses l\u2019opportunit\u00e9 d\u2019effectuer leur formation par-del\u00e0 les fronti\u00e8res \u2013 une exp\u00e9rience tout \u00e0 fait exceptionnelle tant au niveau du d\u00e9roulement des \u00e9tudes que sur le plan personnel et qui plus est, une contribution pr\u00e9cieuse au renforcement de l\u2019espace franco-allemand et europ\u00e9en de l\u2019enseignement sup\u00e9rieur et de la recherche.\u00a0\u00bb<\/p>\n<p>\u00c0 la t\u00eate d\u2019un r\u00e9seau universitaire d\u2019excellence et d\u2019un projet pr\u00e9curseur en termes de promotion de carri\u00e8res internationales, l\u2019UFA est aujourd\u2019hui un laboratoire d\u2019id\u00e9es au service de l\u2019internationalisation de l\u2019espace universitaire europ\u00e9en et constitue une r\u00e9f\u00e9rence dans le contexte des alliances d\u2019universit\u00e9s europ\u00e9ennes. La cr\u00e9ation r\u00e9cente de nouveaux mod\u00e8les de coop\u00e9ration porteurs d\u2019avenir tels que les chaires et les tutorats franco-allemands t\u00e9moigne de cette \u00e9volution. L\u2019engagement de l\u2019UFA porte \u00e9galement sur de grands sujets de soci\u00e9t\u00e9 comme le d\u00e9veloppement durable, la num\u00e9risation, le plurilinguisme, la paix et la justice.<\/p>\n<p>Depuis le lancement de ses activit\u00e9s en 1999, l\u2019UFA coordonne \u00e0 partir de son si\u00e8ge install\u00e9 \u00e0 Sarrebruck (Allemagne) la mise en place, l\u2019\u00e9valuation et le soutien de nombreux programmes d\u2019\u00e9tudes et de recherche franco-allemands. Au fil des ann\u00e9es, elle a \u00e9largi son offre de formations binationales et trinationales propos\u00e9e dans de tr\u00e8s nombreuses disciplines qui, de 90 initialement, est pass\u00e9e \u00e0 pr\u00e8s de 200 actuellement. Par ailleurs, l\u2019UFA soutient aujourd\u2019hui un total de 34 coll\u00e8ges doctoraux franco-allemands et une centaine de manifestations scientifiques pour jeunes chercheur*euses.<\/p>\n<\/div>\n\t\t<\/div><div id=\"panel-1731222-0-0-2\" class=\"widget_text so-panel widget widget_custom_html\" data-index=\"2\" ><div class=\"textwidget custom-html-widget\"><br><\/div><\/div><div id=\"panel-1731222-0-0-3\" class=\"so-panel widget widget_sow-layout-slider\" data-index=\"3\" ><div class=\"so-widget-sow-layout-slider so-widget-sow-layout-slider-default-7280b0932ab0-1731222\"><div class=\"sow-slider-base\" style=\"display: none\"><ul\n\t\t\t\t\tclass=\"sow-slider-images\"\n\t\t\t\t\tdata-settings=\"{&quot;pagination&quot;:true,&quot;speed&quot;:800,&quot;timeout&quot;:3000,&quot;paused&quot;:false,&quot;pause_on_hover&quot;:false,&quot;swipe&quot;:true,&quot;nav_always_show_desktop&quot;:true,&quot;nav_always_show_mobile&quot;:true,&quot;breakpoint&quot;:&quot;780px&quot;,&quot;unmute&quot;:false,&quot;anchor&quot;:null}\"\n\t\t\t\t\tstyle=\"min-height: 630px\"\t\t\t\t>\t\t<li class=\"sow-slider-image\" style=\"background-color: #ffffff\" >\n\t\t\t\t\t<div class=\"sow-slider-image-container\">\n\t\t\t<div class=\"sow-slider-image-wrapper\">\n\t\t\t\t<div id=\"pl-w72decb24\"  class=\"panel-layout\" ><div id=\"pg-w72decb24-0\"  class=\"panel-grid panel-no-style\" ><div id=\"pgc-w72decb24-0-0\"  class=\"panel-grid-cell\" ><div id=\"panel-w72decb24-0-0-0\" class=\"so-panel widget widget_media_image panel-first-child panel-last-child\" data-index=\"0\" ><img width=\"1300\" height=\"867\" src=\"https:\/\/www.dfh-ufa.org\/app\/uploads\/2023\/06\/20230522-facadepantheon.jpg\" class=\"image wp-image-1753069  attachment-full size-full\" alt=\"\" decoding=\"async\" loading=\"lazy\" style=\"max-width: 100%; height: auto;\" srcset=\"https:\/\/www.dfh-ufa.org\/app\/uploads\/2023\/06\/20230522-facadepantheon.jpg 1300w, https:\/\/www.dfh-ufa.org\/app\/uploads\/2023\/06\/20230522-facadepantheon-250x167.jpg 250w, https:\/\/www.dfh-ufa.org\/app\/uploads\/2023\/06\/20230522-facadepantheon-1024x683.jpg 1024w, https:\/\/www.dfh-ufa.org\/app\/uploads\/2023\/06\/20230522-facadepantheon-768x512.jpg 768w, https:\/\/www.dfh-ufa.org\/app\/uploads\/2023\/06\/20230522-facadepantheon-272x182.jpg 272w\" sizes=\"(max-width: 1300px) 100vw, 1300px\" \/><\/div><\/div><\/div><\/div>\t\t\t<\/div>\n\t\t<\/div>\n\t\t\t\t<\/li>\n\t\t\t\t<li class=\"sow-slider-image\" style=\"background-color: #ffffff\" >\n\t\t\t\t\t<div class=\"sow-slider-image-container\">\n\t\t\t<div class=\"sow-slider-image-wrapper\">\n\t\t\t\t<div id=\"pl-w741a5b74\"  class=\"panel-layout\" ><div id=\"pg-w741a5b74-0\"  class=\"panel-grid panel-no-style\" ><div id=\"pgc-w741a5b74-0-0\"  class=\"panel-grid-cell\" ><div id=\"panel-w741a5b74-0-0-0\" class=\"so-panel widget widget_media_image panel-first-child panel-last-child\" data-index=\"0\" ><img width=\"1300\" height=\"867\" src=\"https:\/\/www.dfh-ufa.org\/app\/uploads\/2023\/06\/20230419-Assas-Bibliotheque-3.jpg\" class=\"image wp-image-1753072  attachment-full size-full\" alt=\"\" decoding=\"async\" loading=\"lazy\" style=\"max-width: 100%; height: auto;\" srcset=\"https:\/\/www.dfh-ufa.org\/app\/uploads\/2023\/06\/20230419-Assas-Bibliotheque-3.jpg 1300w, https:\/\/www.dfh-ufa.org\/app\/uploads\/2023\/06\/20230419-Assas-Bibliotheque-3-250x167.jpg 250w, https:\/\/www.dfh-ufa.org\/app\/uploads\/2023\/06\/20230419-Assas-Bibliotheque-3-1024x683.jpg 1024w, https:\/\/www.dfh-ufa.org\/app\/uploads\/2023\/06\/20230419-Assas-Bibliotheque-3-768x512.jpg 768w, https:\/\/www.dfh-ufa.org\/app\/uploads\/2023\/06\/20230419-Assas-Bibliotheque-3-272x182.jpg 272w\" sizes=\"(max-width: 1300px) 100vw, 1300px\" \/><\/div><\/div><\/div><\/div>\t\t\t<\/div>\n\t\t<\/div>\n\t\t\t\t<\/li>\n\t\t\t\t<li class=\"sow-slider-image\" style=\"background-color: #ffffff\" >\n\t\t\t\t\t<div class=\"sow-slider-image-container\">\n\t\t\t<div class=\"sow-slider-image-wrapper\">\n\t\t\t\t<div id=\"pl-w602eab74\"  class=\"panel-layout\" ><div id=\"pg-w602eab74-0\"  class=\"panel-grid panel-no-style\" ><div id=\"pgc-w602eab74-0-0\"  class=\"panel-grid-cell\" ><div id=\"panel-w602eab74-0-0-0\" class=\"so-panel widget widget_media_image panel-first-child panel-last-child\" data-index=\"0\" ><img width=\"850\" height=\"567\" src=\"https:\/\/www.dfh-ufa.org\/app\/uploads\/2023\/06\/AssasUniv-centre-Assas.jpg\" class=\"image wp-image-1753070  attachment-full size-full\" alt=\"\" decoding=\"async\" loading=\"lazy\" style=\"max-width: 100%; height: auto;\" srcset=\"https:\/\/www.dfh-ufa.org\/app\/uploads\/2023\/06\/AssasUniv-centre-Assas.jpg 850w, https:\/\/www.dfh-ufa.org\/app\/uploads\/2023\/06\/AssasUniv-centre-Assas-250x167.jpg 250w, https:\/\/www.dfh-ufa.org\/app\/uploads\/2023\/06\/AssasUniv-centre-Assas-768x512.jpg 768w, https:\/\/www.dfh-ufa.org\/app\/uploads\/2023\/06\/AssasUniv-centre-Assas-272x182.jpg 272w\" sizes=\"(max-width: 850px) 100vw, 850px\" \/><\/div><\/div><\/div><\/div>\t\t\t<\/div>\n\t\t<\/div>\n\t\t\t\t<\/li>\n\t\t<\/ul>\t\t\t\t<ol class=\"sow-slider-pagination\">\n\t\t\t\t\t\t\t\t\t\t\t<li><a href=\"#\" data-goto=\"0\" aria-label=\"afficher la diapositive 1\"><\/a><\/li>\n\t\t\t\t\t\t\t\t\t\t\t<li><a href=\"#\" data-goto=\"1\" aria-label=\"afficher la diapositive 2\"><\/a><\/li>\n\t\t\t\t\t\t\t\t\t\t\t<li><a href=\"#\" data-goto=\"2\" aria-label=\"afficher la diapositive 3\"><\/a><\/li>\n\t\t\t\t\t\t\t\t\t<\/ol>\n\n\t\t\t\t<div class=\"sow-slide-nav sow-slide-nav-next\">\n\t\t\t\t\t<a href=\"#\" data-goto=\"next\" aria-label=\"diapositive suivante\" data-action=\"next\">\n\t\t\t\t\t\t<em class=\"sow-sld-icon-thin-right\"><\/em>\n\t\t\t\t\t<\/a>\n\t\t\t\t<\/div>\n\n\t\t\t\t<div class=\"sow-slide-nav sow-slide-nav-prev\">\n\t\t\t\t\t<a href=\"#\" data-goto=\"previous\" aria-label=\"diapositive pr\u00e9c\u00e9dente\" data-action=\"prev\">\n\t\t\t\t\t\t<em class=\"sow-sld-icon-thin-left\"><\/em>\n\t\t\t\t\t<\/a>\n\t\t\t\t<\/div>\n\t\t\t\t<\/div><\/div><\/div><div id=\"panel-1731222-0-0-4\" class=\"so-panel widget widget_text\" data-index=\"4\" >\t\t\t<div class=\"textwidget\"><p><strong>\u00c9tablissement h\u00f4te :<\/strong><br \/>\nUniversit\u00e9 Paris-Panth\u00e9on-Assas, Centre Assas, 92 rue d&rsquo;Assas, 75006 Paris<\/p>\n<p>L\u2019Universit\u00e9 Paris-Panth\u00e9on-Assas cultive une synergie entre la recherche, l\u2019enseignement et la professionnalisation. Elle offre un large choix de cursus en droit, science politique, \u00e9conomie, gestion, information-communication, journalisme, management, mais aussi dans le num\u00e9rique, l\u2019entrepreneuriat et la strat\u00e9gie d\u2019entreprise.<br \/>\nAu total, elle compte plus de 23 000 \u00e9tudiant*es fran\u00e7ais*es et 4 000 \u00e9tudiant*es d&rsquo;autres pays, 26 centres de recherche, 1 500 enseignant*es, 340 formations initiales ou continues et 3 campus \u00e0 l\u2019international ainsi que 600 \u00e9changes internationaux.<\/p>\n<p>Depuis le 1er janvier 2022, l\u2019Universit\u00e9 Paris-Panth\u00e9on-Assas est devenu un \u00e9tablissement public exp\u00e9rimental qui a donn\u00e9 naissance \u00e0 un nouveau p\u00f4le d\u2019enseignement et de recherche au c\u0153ur de Paris, b\u00e2ti sur un mod\u00e8le int\u00e9grateur et in\u00e9dit.<\/p>\n<p>Pionni\u00e8re dans sa d\u00e9marche, l\u2019Universit\u00e9 Paris-Panth\u00e9on-Assas est la premi\u00e8re en France \u00e0 reposer sur un partenariat public-priv\u00e9. En compl\u00e9mentarit\u00e9 du droit, des sciences \u00e9conomiques, de la Maison des sciences de gestion et de l\u2019Institut Fran\u00e7ais de Presse, elle int\u00e8gre autour d\u2019elle 4 grandes \u00e9coles priv\u00e9es reconnues d\u2019int\u00e9r\u00eat g\u00e9n\u00e9ral (EESPIG) \u00e0 la pointe dans leur domaine.<\/p>\n<p>L\u2019Universit\u00e9 Paris-Panth\u00e9on-Assas s\u2019est impos\u00e9e en tant que nouvel acteur acad\u00e9mique avec une ambition affich\u00e9e : accompagner et soutenir les transformations du monde contemporain en tant qu\u2019\u00e9tablissement d\u2019enseignement sup\u00e9rieur et de recherche de premier plan, en France, en Europe et dans le monde.<\/p>\n<\/div>\n\t\t<\/div><div id=\"panel-1731222-0-0-5\" class=\"widget_text so-panel widget widget_custom_html\" data-index=\"5\" ><div class=\"textwidget custom-html-widget\"><br><\/div><\/div><div id=\"panel-1731222-0-0-6\" class=\"widget_text so-panel widget widget_custom_html\" data-index=\"6\" ><div class=\"textwidget custom-html-widget\"><br><\/div><\/div><div id=\"panel-1731222-0-0-7\" class=\"so-panel widget widget_accordion panel-last-child\" data-index=\"7\" >        <div class=\"accordion\" data-collapse=\"1\">\n\n\t\t\t\t\t\t\t\t\t\t\t\t                    <div class=\"accordion__item\" id=\"69e7ba497dec4\">\n\n\t\t\t\t\t\t                            <header class=\"accordion__header\">\n                                <h2 class=\"accordion__title\">Programme<\/h2>\n                            <\/header>\n\t\t\t\t\t\t\n\t\t\t\t\t\t                            <div class=\"accordion__content\">\n\t\t\t\t\t\t\t\t<p><a href=\"https:\/\/www.dfh-ufa.org\/app\/uploads\/2024\/05\/Programm_complet_MVPBT_2024_2605_def.pdf\">Voir le programme<\/a><\/p>\n                            <\/div>\n\t\t\t\t\t\t\n\t\t\t\t\t\t\n                    <\/div><!-- .accordion -->\n\n\t\t\t\t\n\t\t\t\t\t\t\t\t\t                    <div class=\"accordion__item\" id=\"69e7ba497ded8\">\n\n\t\t\t\t\t\t                            <header class=\"accordion__header\">\n                                <h2 class=\"accordion__title\">Plan du campus Centre Assas<\/h2>\n                            <\/header>\n\t\t\t\t\t\t\n\t\t\t\t\t\t                            <div class=\"accordion__content\">\n\t\t\t\t\t\t\t\t<p><a href=\"https:\/\/www.dfh-ufa.org\/app\/uploads\/2024\/05\/FR_Plan-Centre-Assas-fur-Teilnehmer-Mappen-extern_a-publier.pdf\">Vers le plan du campus<\/a><\/p>\n                            <\/div>\n\t\t\t\t\t\t\n\t\t\t\t\t\t\n                    <\/div><!-- .accordion -->\n\n\t\t\t\t\n\t\t\t\t\t\t\t\n        <\/div><!-- .accordion -->\n\n\t\t<\/div><\/div><\/div><\/div>","protected":false},"excerpt":{"rendered":"<p>&nbsp; Depuis 25 ans d\u00e9j\u00e0, l\u2019Universit\u00e9 franco-allemande (UFA) \u0153uvre \u00e0 la mise en place et au soutien de programmes d\u2019\u00e9tudes transfrontaliers. Cr\u00e9\u00e9e dans l\u2019objectif de renforcer la coop\u00e9ration entre la France et l\u2019Allemagne dans le domaine de l\u2019enseignement sup\u00e9rieur et de la recherche, l\u2019UFA s\u2019est forg\u00e9e au fil des ann\u00e9es une solide r\u00e9putation en tant [&hellip;]<\/p>\n","protected":false},"author":2,"featured_media":0,"parent":869,"menu_order":3,"comment_status":"closed","ping_status":"closed","template":"","meta":{"_bbp_topic_count":0,"_bbp_reply_count":0,"_bbp_total_topic_count":0,"_bbp_total_reply_count":0,"_bbp_voice_count":0,"_bbp_anonymous_reply_count":0,"_bbp_topic_count_hidden":0,"_bbp_reply_count_hidden":0,"_bbp_forum_subforum_count":0,"inline_featured_image":false},"acf":[],"_links":{"self":[{"href":"https:\/\/www.dfh-ufa.org\/fr\/wp-json\/wp\/v2\/pages\/1731222"}],"collection":[{"href":"https:\/\/www.dfh-ufa.org\/fr\/wp-json\/wp\/v2\/pages"}],"about":[{"href":"https:\/\/www.dfh-ufa.org\/fr\/wp-json\/wp\/v2\/types\/page"}],"author":[{"embeddable":true,"href":"https:\/\/www.dfh-ufa.org\/fr\/wp-json\/wp\/v2\/users\/2"}],"replies":[{"embeddable":true,"href":"https:\/\/www.dfh-ufa.org\/fr\/wp-json\/wp\/v2\/comments?post=1731222"}],"version-history":[{"count":78,"href":"https:\/\/www.dfh-ufa.org\/fr\/wp-json\/wp\/v2\/pages\/1731222\/revisions"}],"predecessor-version":[{"id":1955234,"href":"https:\/\/www.dfh-ufa.org\/fr\/wp-json\/wp\/v2\/pages\/1731222\/revisions\/1955234"}],"up":[{"embeddable":true,"href":"https:\/\/www.dfh-ufa.org\/fr\/wp-json\/wp\/v2\/pages\/869"}],"wp:attachment":[{"href":"https:\/\/www.dfh-ufa.org\/fr\/wp-json\/wp\/v2\/media?parent=1731222"}],"curies":[{"name":"wp","href":"https:\/\/api.w.org\/{rel}","templated":true}]}}