{"id":1765642,"date":"2023-07-05T13:31:42","date_gmt":"2023-07-05T11:31:42","guid":{"rendered":"https:\/\/www.dfh-ufa.org\/fr\/?page_id=1765642"},"modified":"2025-12-02T11:00:19","modified_gmt":"2025-12-02T10:00:19","slug":"temoignages-prix-dexcellence-et-de-la-meilleure-these","status":"publish","type":"page","link":"https:\/\/www.dfh-ufa.org\/fr\/vous-etes\/etudiant\/prix-d%e2%80%99excellence\/temoignages-prix-dexcellence-et-de-la-meilleure-these","title":{"rendered":"Appel \u00e0 t\u00e9moignages pour les laur\u00e9at\u00b7es du Prix d&rsquo;Excellence et du Prix de la Meilleure Th\u00e8se"},"content":{"rendered":"<p>Afin de promouvoir ses Prix d\u2019Excellence et le Prix de la Meilleure Th\u00e8se, l\u2019Universit\u00e9 franco-allemande souhaite pr\u00e9senter les laur\u00e9at\u00b7es des deux derni\u00e8res ann\u00e9es dans des publications sur ses r\u00e9seaux sociaux.<\/p>\n<p>Ces t\u00e9moignages incluront une citation &#8211; que nous s\u00e9lectionnerons parmi vos r\u00e9ponses \u00e0 ce formulaire &#8211; accompagn\u00e9e d&rsquo;une photo prise lors de la c\u00e9r\u00e9monie de remise des prix.<\/p>\n<p>Le formulaire ne vous prendra que quelques minutes \u00e0 remplir. Votre t\u00e9moignage nous permettra de faire conna\u00eetre plus largement les Prix d&rsquo;Excellence et de la Meilleure Th\u00e8se aupr\u00e8s des \u00e9tudiant\u00b7es et dipl\u00f4m\u00e9\u00b7es de l&rsquo;UFA. Nous vous remercions de votre participation !<\/p>\n<script type=\"text\/javascript\">var gform;gform||(document.addEventListener(\"gform_main_scripts_loaded\",function(){gform.scriptsLoaded=!0}),window.addEventListener(\"DOMContentLoaded\",function(){gform.domLoaded=!0}),gform={domLoaded:!1,scriptsLoaded:!1,initializeOnLoaded:function(o){gform.domLoaded&&gform.scriptsLoaded?o():!gform.domLoaded&&gform.scriptsLoaded?window.addEventListener(\"DOMContentLoaded\",o):document.addEventListener(\"gform_main_scripts_loaded\",o)},hooks:{action:{},filter:{}},addAction:function(o,n,r,t){gform.addHook(\"action\",o,n,r,t)},addFilter:function(o,n,r,t){gform.addHook(\"filter\",o,n,r,t)},doAction:function(o){gform.doHook(\"action\",o,arguments)},applyFilters:function(o){return gform.doHook(\"filter\",o,arguments)},removeAction:function(o,n){gform.removeHook(\"action\",o,n)},removeFilter:function(o,n,r){gform.removeHook(\"filter\",o,n,r)},addHook:function(o,n,r,t,i){null==gform.hooks[o][n]&&(gform.hooks[o][n]=[]);var e=gform.hooks[o][n];null==i&&(i=n+\"_\"+e.length),gform.hooks[o][n].push({tag:i,callable:r,priority:t=null==t?10:t})},doHook:function(n,o,r){var t;if(r=Array.prototype.slice.call(r,1),null!=gform.hooks[n][o]&&((o=gform.hooks[n][o]).sort(function(o,n){return o.priority-n.priority}),o.forEach(function(o){\"function\"!=typeof(t=o.callable)&&(t=window[t]),\"action\"==n?t.apply(null,r):r[0]=t.apply(null,r)})),\"filter\"==n)return r[0]},removeHook:function(o,n,t,i){var r;null!=gform.hooks[o][n]&&(r=(r=gform.hooks[o][n]).filter(function(o,n,r){return!!(null!=i&&i!=o.tag||null!=t&&t!=o.priority)}),gform.hooks[o][n]=r)}});<\/script>\n                <div class='gf_browser_gecko gform_wrapper gravity-theme' id='gform_wrapper_77' >\n                        <div class='gform_heading'>\n                            <span class='gform_description'><\/span>\n\t\t\t\t\t\t\t<p class='gform_required_legend'>\u00ab\u00a0<span class=\"gfield_required gfield_required_asterisk\">*<\/span>\u00a0\u00bb indique les champs n\u00e9cessaires<\/p>\n                        <\/div><form method='post' enctype='multipart\/form-data'  id='gform_77'  action='\/fr\/wp-json\/wp\/v2\/pages\/1765642' novalidate>\n                        <div class='gform_body gform-body'><div id='gform_fields_77' class='gform_fields top_label form_sublabel_below description_below'><fieldset id=\"field_77_3\"  class=\"gfield gfield_contains_required field_sublabel_above field_description_below gfield_visibility_visible\"  data-js-reload=\"field_77_3\"><legend class='gfield_label gfield_label_before_complex'  >Qui \u00eates-vous ?<span class=\"gfield_required\"><span class=\"gfield_required gfield_required_asterisk\">*<\/span><\/span><\/legend><div class='ginput_complex ginput_container no_prefix has_first_name no_middle_name has_last_name no_suffix gf_name_has_2 ginput_container_name' id='input_77_3'>\n                            \n                            <span id='input_77_3_3_container' class='name_first' >\n                                                    <label for='input_77_3_3' >Pr\u00e9nom<\/label>\n                                                    <input type='text' name='input_3.3' id='input_77_3_3' value=''   aria-required='true'     \/>\n                                                <\/span>\n                            \n                            <span id='input_77_3_6_container' class='name_last' >\n                                                            <label for='input_77_3_6' >Nom<\/label>\n                                                            <input type='text' name='input_3.6' id='input_77_3_6' value=''   aria-required='true'     \/>\n                                                        <\/span>\n                            \n                        <\/div><\/fieldset><div id=\"field_77_4\"  class=\"gfield gfield_contains_required field_sublabel_below field_description_below gfield_visibility_visible\"  data-js-reload=\"field_77_4\"><label class='gfield_label' for='input_77_4' >E-mail<span class=\"gfield_required\"><span class=\"gfield_required gfield_required_asterisk\">*<\/span><\/span><\/label><div class='ginput_container ginput_container_email'>\n                            <input name='input_4' id='input_77_4' type='email' value='' class='large'    aria-required=\"true\" aria-invalid=\"false\"  \/>\n                        <\/div><\/div><div id=\"field_77_26\"  class=\"gfield gfield--width-full gfield_contains_required field_sublabel_below field_description_below gfield_visibility_visible\"  data-js-reload=\"field_77_26\"><label class='gfield_label' for='input_77_26' >Nom de votre cursus UFA<span class=\"gfield_required\"><span class=\"gfield_required gfield_required_asterisk\">*<\/span><\/span><\/label><div class='ginput_container ginput_container_text'><input name='input_26' id='input_77_26' type='text' value='' class='large'     aria-required=\"true\" aria-invalid=\"false\"   \/> <\/div><\/div><div id=\"field_77_28\"  class=\"gfield gfield--width-full gfield_contains_required field_sublabel_below field_description_below gfield_visibility_visible\"  data-js-reload=\"field_77_28\"><label class='gfield_label' for='input_77_28' >Etablissement en Allemagne<span class=\"gfield_required\"><span class=\"gfield_required gfield_required_asterisk\">*<\/span><\/span><\/label><div class='ginput_container ginput_container_text'><input name='input_28' id='input_77_28' type='text' value='' class='large'     aria-required=\"true\" aria-invalid=\"false\"   \/> <\/div><\/div><div id=\"field_77_29\"  class=\"gfield gfield--width-full gfield_contains_required field_sublabel_below field_description_below gfield_visibility_visible\"  data-js-reload=\"field_77_29\"><label class='gfield_label' for='input_77_29' >Etablissement en France<span class=\"gfield_required\"><span class=\"gfield_required gfield_required_asterisk\">*<\/span><\/span><\/label><div class='ginput_container ginput_container_text'><input name='input_29' id='input_77_29' type='text' value='' class='large'     aria-required=\"true\" aria-invalid=\"false\"   \/> <\/div><\/div><div id=\"field_77_30\"  class=\"gfield gfield--width-full gfield_contains_required field_sublabel_below field_description_below gfield_visibility_visible\"  data-js-reload=\"field_77_30\"><label class='gfield_label' for='input_77_30' >Etablissement dans un pays tiers<span class=\"gfield_required\"><span class=\"gfield_required gfield_required_asterisk\">*<\/span><\/span><\/label><div class='ginput_container ginput_container_text'><input name='input_30' id='input_77_30' type='text' value='' class='large'     aria-required=\"true\" aria-invalid=\"false\"   \/> <\/div><\/div><fieldset id=\"field_77_7\"  class=\"gfield gfield_contains_required field_sublabel_below field_description_below gfield_visibility_visible\"  data-js-reload=\"field_77_7\"><legend class='gfield_label gfield_label_before_complex'  >Quel prix avez-vous re\u00e7u ?<span class=\"gfield_required\"><span class=\"gfield_required gfield_required_asterisk\">*<\/span><\/span><\/legend><div class='ginput_container ginput_container_checkbox'><div class='gfield_checkbox' id='input_77_7'><div class='gchoice gchoice_77_7_1'>\n\t\t\t\t\t\t\t\t<input class='gfield-choice-input' name='input_7.1' type='checkbox'  value='Prix d&#039;Excellence'  id='choice_77_7_1'   \/>\n\t\t\t\t\t\t\t\t<label for='choice_77_7_1' id='label_77_7_1'>Prix d'Excellence<\/label>\n\t\t\t\t\t\t\t<\/div><div class='gchoice gchoice_77_7_2'>\n\t\t\t\t\t\t\t\t<input class='gfield-choice-input' name='input_7.2' type='checkbox'  value='Prix de la Meilleure Th\u00e8se'  id='choice_77_7_2'   \/>\n\t\t\t\t\t\t\t\t<label for='choice_77_7_2' id='label_77_7_2'>Prix de la Meilleure Th\u00e8se<\/label>\n\t\t\t\t\t\t\t<\/div><\/div><\/div><\/fieldset><div id=\"field_77_31\"  class=\"gfield gfield--width-full gfield_contains_required field_sublabel_below field_description_below gfield_visibility_visible\"  data-js-reload=\"field_77_31\"><label class='gfield_label' for='input_77_31' >En quelle ann\u00e9e avez-vous re\u00e7u ce prix ?<span class=\"gfield_required\"><span class=\"gfield_required gfield_required_asterisk\">*<\/span><\/span><\/label><div class='ginput_container ginput_container_text'><input name='input_31' id='input_77_31' type='text' value='' class='large'     aria-required=\"true\" aria-invalid=\"false\"   \/> <\/div><\/div><div id=\"field_77_8\"  class=\"gfield gfield_contains_required field_sublabel_below field_description_below gfield_visibility_visible\"  data-js-reload=\"field_77_8\"><label class='gfield_label' for='input_77_8' >Quelles opportunit\u00e9s vous a ouvert ce prix ?<span class=\"gfield_required\"><span class=\"gfield_required gfield_required_asterisk\">*<\/span><\/span><\/label><div class='ginput_container ginput_container_textarea'><textarea name='input_8' id='input_77_8' class='textarea large'   maxlength='250'  aria-required=\"true\" aria-invalid=\"false\"   rows='10' cols='50'><\/textarea><\/div><\/div><div id=\"field_77_9\"  class=\"gfield gfield_contains_required field_sublabel_below field_description_below gfield_visibility_visible\"  data-js-reload=\"field_77_9\"><label class='gfield_label' for='input_77_9' >Quelle activit\u00e9 exercez-vous \u00e0 pr\u00e9sent ?<span class=\"gfield_required\"><span class=\"gfield_required gfield_required_asterisk\">*<\/span><\/span><\/label><div class='ginput_container ginput_container_textarea'><textarea name='input_9' id='input_77_9' class='textarea large'   maxlength='80'  aria-required=\"true\" aria-invalid=\"false\"   rows='10' cols='50'><\/textarea><\/div><\/div><div id=\"field_77_10\"  class=\"gfield gfield_contains_required field_sublabel_below field_description_below gfield_visibility_visible\"  data-js-reload=\"field_77_10\"><label class='gfield_label' for='input_77_10' >Quel souvenir gardez-vous de la remise des prix ?<span class=\"gfield_required\"><span class=\"gfield_required gfield_required_asterisk\">*<\/span><\/span><\/label><div class='ginput_container ginput_container_textarea'><textarea name='input_10' id='input_77_10' class='textarea large'   maxlength='250'  aria-required=\"true\" aria-invalid=\"false\"   rows='10' cols='50'><\/textarea><\/div><\/div><div id=\"field_77_11\"  class=\"gfield gfield_contains_required field_sublabel_below field_description_below gfield_visibility_visible\"  data-js-reload=\"field_77_11\"><label class='gfield_label' for='input_77_11' >Si vous deviez convaincre un*e \u00e9tudiant*e de candidater aux Prix d&#039;Excellence \/ de la Meilleure Th\u00e8se, que diriez-vous ?<span class=\"gfield_required\"><span class=\"gfield_required gfield_required_asterisk\">*<\/span><\/span><\/label><div class='ginput_container ginput_container_textarea'><textarea name='input_11' id='input_77_11' class='textarea large'   maxlength='250'  aria-required=\"true\" aria-invalid=\"false\"   rows='10' cols='50'><\/textarea><\/div><\/div><div id=\"field_77_12\"  class=\"gfield gfield_contains_required field_sublabel_below field_description_below gfield_visibility_visible\"  data-js-reload=\"field_77_12\"><label class='gfield_label' for='input_77_12' >Auriez-vous un conseil pour les candidat*es ?<span class=\"gfield_required\"><span class=\"gfield_required gfield_required_asterisk\">*<\/span><\/span><\/label><div class='ginput_container ginput_container_textarea'><textarea name='input_12' id='input_77_12' class='textarea large'   maxlength='100'  aria-required=\"true\" aria-invalid=\"false\"   rows='10' cols='50'><\/textarea><\/div><\/div><fieldset id=\"field_77_20\"  class=\"gfield gfield--width-full gfield_contains_required field_sublabel_below field_description_above gfield_visibility_visible\"  data-js-reload=\"field_77_20\"><legend class='gfield_label gfield_label_before_complex'  >Accord pour la publication<span class=\"gfield_required\"><span class=\"gfield_required gfield_required_asterisk\">*<\/span><\/span><\/legend><div class='gfield_description' id='gfield_description_77_20'>Je consens \u00e0 la publication de mon t\u00e9moignage (\u00e9galement sous forme de citation), ainsi que de mes nom, pr\u00e9nom et activit\u00e9 sur le site web, les r\u00e9seaux sociaux et les publications papier et num\u00e9riques de l'Universit\u00e9 franco-allemande :<\/div><div class='ginput_container ginput_container_checkbox'><div class='gfield_checkbox' id='input_77_20'><div class='gchoice gchoice_77_20_1'>\n\t\t\t\t\t\t\t\t<input class='gfield-choice-input' name='input_20.1' type='checkbox'  value='Oui, je donne mon accord'  id='choice_77_20_1'   aria-describedby=\"gfield_description_77_20\"\/>\n\t\t\t\t\t\t\t\t<label for='choice_77_20_1' id='label_77_20_1'>Oui, je donne mon accord<\/label>\n\t\t\t\t\t\t\t<\/div><div class='gchoice gchoice_77_20_2'>\n\t\t\t\t\t\t\t\t<input class='gfield-choice-input' name='input_20.2' type='checkbox'  value='Non, je ne donne pas mon accord'  id='choice_77_20_2'   \/>\n\t\t\t\t\t\t\t\t<label for='choice_77_20_2' id='label_77_20_2'>Non, je ne donne pas mon accord<\/label>\n\t\t\t\t\t\t\t<\/div><\/div><\/div><\/fieldset><fieldset id=\"field_77_17\"  class=\"gfield gfield--width-full gfield_contains_required field_sublabel_below field_description_below gfield_visibility_visible\"  data-js-reload=\"field_77_17\"><legend class='gfield_label gfield_label_before_complex'  >Traitement des donn\u00e9es personnelles<span class=\"gfield_required\"><span class=\"gfield_required gfield_required_asterisk\">*<\/span><\/span><\/legend><div class='ginput_container ginput_container_consent'><input name='input_17.1' id='input_77_17_1' type='checkbox' value='1'   aria-required=\"true\" aria-invalid=\"false\"   \/> <label class=\"gfield_consent_label\" for='input_77_17_1' >Je d\u00e9clare avoir pris connaissance de la <a href=\"https:\/\/www.dfh ufa.org\/fr\/donnees_personnelles\">d\u00e9claration sur la protection des donn\u00e9es de l'UFA<\/a> et donne mon accord pour le traitement des donn\u00e9es renseign\u00e9es ci-dessus.<\/label><input type='hidden' name='input_17.2' value='Je d\u00e9clare avoir pris connaissance de la &lt;a href=&quot;https:\/\/www.dfh ufa.org\/fr\/donnees_personnelles&quot;&gt;d\u00e9claration sur la protection des donn\u00e9es de l&#039;UFA&lt;\/a&gt; et donne mon accord pour le traitement des donn\u00e9es renseign\u00e9es ci-dessus.' class='gform_hidden' \/><input type='hidden' name='input_17.3' value='11' class='gform_hidden' \/><\/div><\/fieldset><\/div><\/div>\n        <div class='gform_footer top_label'> <input type='submit' id='gform_submit_button_77' class='gform_button button' value='Envoyer'  onclick='if(window[\"gf_submitting_77\"]){return false;}  if( !jQuery(\"#gform_77\")[0].checkValidity || jQuery(\"#gform_77\")[0].checkValidity()){window[\"gf_submitting_77\"]=true;}  ' onkeypress='if( event.keyCode == 13 ){ if(window[\"gf_submitting_77\"]){return false;} if( !jQuery(\"#gform_77\")[0].checkValidity || jQuery(\"#gform_77\")[0].checkValidity()){window[\"gf_submitting_77\"]=true;}  jQuery(\"#gform_77\").trigger(\"submit\",[true]); }' \/> \n            <input type='hidden' class='gform_hidden' name='is_submit_77' value='1' \/>\n            <input type='hidden' class='gform_hidden' name='gform_submit' value='77' \/>\n            \n            <input type='hidden' class='gform_hidden' name='gform_unique_id' value='' \/>\n            <input type='hidden' class='gform_hidden' name='state_77' value='WyJ7XCIxNy4xXCI6XCI1ZDMwN2E3MmRiOGNlNDlkYWZkNTFmNzVhMmQ3MDY2Y1wiLFwiMTcuMlwiOlwiNTlkOTZjZDkwYTNkZjg1NjllOTllODVlNWM4M2ZiOWRcIixcIjE3LjNcIjpcIjVmN2NiZTIyMDIzMzdlZDU2MGRiYjJkYmYzZWZjYjA3XCJ9IiwiYTYyMDU2YjJhOTg4ZjgyZDZjYTk2YThmNTgzMjI4ODAiXQ==' \/>\n            <input type='hidden' class='gform_hidden' name='gform_target_page_number_77' id='gform_target_page_number_77' value='0' \/>\n            <input type='hidden' class='gform_hidden' name='gform_source_page_number_77' id='gform_source_page_number_77' value='1' \/>\n            <input type='hidden' name='gform_field_values' value='' \/>\n            \n        <\/div>\n                        <\/form>\n                        <\/div>\n","protected":false},"excerpt":{"rendered":"<p>Afin de promouvoir ses Prix d\u2019Excellence et le Prix de la Meilleure Th\u00e8se, l\u2019Universit\u00e9 franco-allemande souhaite pr\u00e9senter les laur\u00e9at\u00b7es des deux derni\u00e8res ann\u00e9es dans des publications sur ses r\u00e9seaux sociaux. Ces t\u00e9moignages incluront une citation &#8211; que nous s\u00e9lectionnerons parmi vos r\u00e9ponses \u00e0 ce formulaire &#8211; accompagn\u00e9e d&rsquo;une photo prise lors de la c\u00e9r\u00e9monie de [&hellip;]<\/p>\n","protected":false},"author":455,"featured_media":0,"parent":824,"menu_order":0,"comment_status":"closed","ping_status":"closed","template":"","meta":{"_bbp_topic_count":0,"_bbp_reply_count":0,"_bbp_total_topic_count":0,"_bbp_total_reply_count":0,"_bbp_voice_count":0,"_bbp_anonymous_reply_count":0,"_bbp_topic_count_hidden":0,"_bbp_reply_count_hidden":0,"_bbp_forum_subforum_count":0,"inline_featured_image":false},"acf":[],"_links":{"self":[{"href":"https:\/\/www.dfh-ufa.org\/fr\/wp-json\/wp\/v2\/pages\/1765642"}],"collection":[{"href":"https:\/\/www.dfh-ufa.org\/fr\/wp-json\/wp\/v2\/pages"}],"about":[{"href":"https:\/\/www.dfh-ufa.org\/fr\/wp-json\/wp\/v2\/types\/page"}],"author":[{"embeddable":true,"href":"https:\/\/www.dfh-ufa.org\/fr\/wp-json\/wp\/v2\/users\/455"}],"replies":[{"embeddable":true,"href":"https:\/\/www.dfh-ufa.org\/fr\/wp-json\/wp\/v2\/comments?post=1765642"}],"version-history":[{"count":17,"href":"https:\/\/www.dfh-ufa.org\/fr\/wp-json\/wp\/v2\/pages\/1765642\/revisions"}],"predecessor-version":[{"id":1962062,"href":"https:\/\/www.dfh-ufa.org\/fr\/wp-json\/wp\/v2\/pages\/1765642\/revisions\/1962062"}],"up":[{"embeddable":true,"href":"https:\/\/www.dfh-ufa.org\/fr\/wp-json\/wp\/v2\/pages\/824"}],"wp:attachment":[{"href":"https:\/\/www.dfh-ufa.org\/fr\/wp-json\/wp\/v2\/media?parent=1765642"}],"curies":[{"name":"wp","href":"https:\/\/api.w.org\/{rel}","templated":true}]}}