{"id":1937611,"date":"2023-10-19T11:34:16","date_gmt":"2023-10-19T09:34:16","guid":{"rendered":"https:\/\/www.dfh-ufa.org\/fr\/?page_id=1937611"},"modified":"2023-10-23T09:25:30","modified_gmt":"2023-10-23T07:25:30","slug":"actes-du-colloque_pbt_mv_potsdam_2023","status":"publish","type":"page","link":"https:\/\/www.dfh-ufa.org\/fr\/vous-etes\/etablissements\/actes-du-colloque_pbt_mv_potsdam_2023","title":{"rendered":"Actes du colloque PBT Potsdam 2023"},"content":{"rendered":"<div id=\"pl-1937611\"  class=\"panel-layout\" ><div id=\"pg-1937611-0\"  class=\"panel-grid panel-no-style\" ><div id=\"pgc-1937611-0-0\"  class=\"panel-grid-cell\" ><div id=\"panel-1937611-0-0-0\" class=\"so-panel widget widget_sow-editor panel-first-child panel-last-child\" data-index=\"0\" ><div class=\"so-widget-sow-editor so-widget-sow-editor-base\">\n<div class=\"siteorigin-widget-tinymce textwidget\">\n\t<div id=\"panel-1937611-0-0-0\" class=\"so-panel widget widget_sow-editor panel-first-child\" data-index=\"0\" data-style=\"{&quot;background_image_attachment&quot;:false,&quot;background_display&quot;:&quot;tile&quot;}\">\n<div class=\"so-widget-sow-editor so-widget-sow-editor-base\">\n<div class=\"siteorigin-widget-tinymce textwidget\">\n<div id=\"c40453\" class=\"csc-default\">\n<div class=\"csc-header csc-header-n9\">\n<h2>R\u00e9union de travail des responsables de programmes les 25 et 26 mai<\/h2>\n<p>&nbsp;<\/p>\n<\/div>\n<\/div>\n<div id=\"c45386\" class=\"csc-default\">\n<div class=\"csc-header csc-header-n10\">\n<h2>Actes du colloque<\/h2>\n<p>&nbsp;<\/p>\n<\/div>\n<\/div>\n<div id=\"c40408\" class=\"csc-default\">\n<div class=\"csc-header csc-header-n11\">\n<h3>Groupes de travail disciplinaires<\/h3>\n<p>&nbsp;<\/p>\n<\/div>\n<p><a href=\"https:\/\/www.dfh-ufa.org\/app\/uploads\/Protokoll_Potsdam_2023_deutsch_SHS.pdf\">GD Sciences humaines et sociales<\/a> (D\u00e9sir\u00e9e Cremer, Eckhard Wirbelauer)<\/p>\n<p><a href=\"https:\/\/www.dfh-ufa.org\/app\/uploads\/Protokoll-der-Sitzung-der-Fachgruppe-Mathematik-Informatik-Ingenieur-und-Naturwissenschaften-Architektur-mai-2023.pdf\">GD Sciences de l'ing\u00e9nieur et sciences naturelles, math\u00e9matiques et informatique<\/a> (Heidi B\u00f6hnert, Christian Wagner)<\/p>\n<p><a href=\"https:\/\/www.dfh-ufa.org\/app\/uploads\/PV-de-la-reunion-du-GD-droit-Potsdam.pdf\"><span lang=\"EN-GB\">GD Droit<\/span><\/a><span lang=\"EN-GB\"> (Julien Walther, J\u00f6rg Gundel)<\/span><\/p>\n<p><a href=\"https:\/\/www.dfh-ufa.org\/app\/uploads\/compte-rendu-Protokoll_Fachgruppe-Lehrerbildung_25.05.2023.pdf\">GD Formation des enseignants<\/a> (Sonia Goldblum)<\/p>\n<\/div>\n<\/div>\n<\/div>\n<\/div>\n<div id=\"panel-1937611-0-0-3\" class=\"so-panel widget widget_sow-editor panel-last-child\" data-index=\"3\" data-style=\"{&quot;background_image_attachment&quot;:false,&quot;background_display&quot;:&quot;tile&quot;}\">\n<div class=\"so-widget-sow-editor so-widget-sow-editor-base\">\n<div class=\"siteorigin-widget-tinymce textwidget\">\n<div class=\"csc-textpic-text\">\n<p>&nbsp;<\/p>\n<\/div>\n<\/div>\n<\/div>\n<\/div>\n<\/div>\n<\/div><\/div><\/div><\/div><\/div>","protected":false},"excerpt":{"rendered":"<p>R\u00e9union de travail des responsables de programmes les 25 et 26 mai &nbsp; Actes du colloque &nbsp; Groupes de travail disciplinaires &nbsp; GD Sciences humaines et sociales (D\u00e9sir\u00e9e Cremer, Eckhard Wirbelauer) GD Sciences de l&rsquo;ing\u00e9nieur et sciences naturelles, math\u00e9matiques et informatique (Heidi B\u00f6hnert, Christian Wagner) GD Droit (Julien Walther, J\u00f6rg Gundel) GD Formation des enseignants [&hellip;]<\/p>\n","protected":false},"author":2,"featured_media":0,"parent":844,"menu_order":33,"comment_status":"closed","ping_status":"closed","template":"","meta":{"_bbp_topic_count":0,"_bbp_reply_count":0,"_bbp_total_topic_count":0,"_bbp_total_reply_count":0,"_bbp_voice_count":0,"_bbp_anonymous_reply_count":0,"_bbp_topic_count_hidden":0,"_bbp_reply_count_hidden":0,"_bbp_forum_subforum_count":0,"inline_featured_image":false},"acf":[],"_links":{"self":[{"href":"https:\/\/www.dfh-ufa.org\/fr\/wp-json\/wp\/v2\/pages\/1937611"}],"collection":[{"href":"https:\/\/www.dfh-ufa.org\/fr\/wp-json\/wp\/v2\/pages"}],"about":[{"href":"https:\/\/www.dfh-ufa.org\/fr\/wp-json\/wp\/v2\/types\/page"}],"author":[{"embeddable":true,"href":"https:\/\/www.dfh-ufa.org\/fr\/wp-json\/wp\/v2\/users\/2"}],"replies":[{"embeddable":true,"href":"https:\/\/www.dfh-ufa.org\/fr\/wp-json\/wp\/v2\/comments?post=1937611"}],"version-history":[{"count":19,"href":"https:\/\/www.dfh-ufa.org\/fr\/wp-json\/wp\/v2\/pages\/1937611\/revisions"}],"predecessor-version":[{"id":1945490,"href":"https:\/\/www.dfh-ufa.org\/fr\/wp-json\/wp\/v2\/pages\/1937611\/revisions\/1945490"}],"up":[{"embeddable":true,"href":"https:\/\/www.dfh-ufa.org\/fr\/wp-json\/wp\/v2\/pages\/844"}],"wp:attachment":[{"href":"https:\/\/www.dfh-ufa.org\/fr\/wp-json\/wp\/v2\/media?parent=1937611"}],"curies":[{"name":"wp","href":"https:\/\/api.w.org\/{rel}","templated":true}]}}