{"id":1952536,"date":"2023-11-09T14:05:59","date_gmt":"2023-11-09T13:05:59","guid":{"rendered":"https:\/\/www.dfh-ufa.org\/fr\/?page_id=1952536"},"modified":"2025-12-18T12:16:39","modified_gmt":"2025-12-18T11:16:39","slug":"inscription-a-la-remise-de-prix-de-lufa-2026-a-paris","status":"publish","type":"page","link":"https:\/\/www.dfh-ufa.org\/fr\/vous-etes\/entreprises\/prix-dexcellence\/inscription-a-la-remise-de-prix-de-lufa-2026-a-paris","title":{"rendered":"Inscription \u00e0 la remise de prix de l\u2019UFA 2026 \u00e0 Paris"},"content":{"rendered":"<script type=\"text\/javascript\">var gform;gform||(document.addEventListener(\"gform_main_scripts_loaded\",function(){gform.scriptsLoaded=!0}),window.addEventListener(\"DOMContentLoaded\",function(){gform.domLoaded=!0}),gform={domLoaded:!1,scriptsLoaded:!1,initializeOnLoaded:function(o){gform.domLoaded&&gform.scriptsLoaded?o():!gform.domLoaded&&gform.scriptsLoaded?window.addEventListener(\"DOMContentLoaded\",o):document.addEventListener(\"gform_main_scripts_loaded\",o)},hooks:{action:{},filter:{}},addAction:function(o,n,r,t){gform.addHook(\"action\",o,n,r,t)},addFilter:function(o,n,r,t){gform.addHook(\"filter\",o,n,r,t)},doAction:function(o){gform.doHook(\"action\",o,arguments)},applyFilters:function(o){return gform.doHook(\"filter\",o,arguments)},removeAction:function(o,n){gform.removeHook(\"action\",o,n)},removeFilter:function(o,n,r){gform.removeHook(\"filter\",o,n,r)},addHook:function(o,n,r,t,i){null==gform.hooks[o][n]&&(gform.hooks[o][n]=[]);var e=gform.hooks[o][n];null==i&&(i=n+\"_\"+e.length),gform.hooks[o][n].push({tag:i,callable:r,priority:t=null==t?10:t})},doHook:function(n,o,r){var t;if(r=Array.prototype.slice.call(r,1),null!=gform.hooks[n][o]&&((o=gform.hooks[n][o]).sort(function(o,n){return o.priority-n.priority}),o.forEach(function(o){\"function\"!=typeof(t=o.callable)&&(t=window[t]),\"action\"==n?t.apply(null,r):r[0]=t.apply(null,r)})),\"filter\"==n)return r[0]},removeHook:function(o,n,t,i){var r;null!=gform.hooks[o][n]&&(r=(r=gform.hooks[o][n]).filter(function(o,n,r){return!!(null!=i&&i!=o.tag||null!=t&&t!=o.priority)}),gform.hooks[o][n]=r)}});<\/script>\n                <div class='gf_browser_gecko gform_wrapper gform_legacy_markup_wrapper' id='gform_wrapper_73' style='display:none'><form method='post' enctype='multipart\/form-data'  id='gform_73'  action='\/fr\/wp-json\/wp\/v2\/pages\/1952536' novalidate>\n                        <div class='gform_body gform-body'><ul id='gform_fields_73' class='gform_fields top_label form_sublabel_above description_above'><li id=\"field_73_46\"  class=\"gfield gsection field_sublabel_above field_description_above gfield_visibility_visible\"  data-js-reload=\"field_73_46\"><h2 class=\"gsection_title\"><\/h2><div class='gsection_description' id='gfield_description_73_46'><h4>Oui, j'assisterai \u00e0 la remise de prix :<\/h4><\/div><\/li><li id=\"field_73_54\"  class=\"gfield gfield_contains_required field_sublabel_above field_description_above gfield_visibility_visible\"  data-js-reload=\"field_73_54\"><label class='gfield_label'  >En tant que...<span class=\"gfield_required\"><span class=\"gfield_required gfield_required_asterisk\">*<\/span><\/span><\/label><div class='ginput_container ginput_container_radio'><ul class='gfield_radio' id='input_73_54'>\n\t\t\t<li class='gchoice gchoice_73_54_0'>\n\t\t\t\t<input name='input_54' type='radio' value='Partenaire finan\u00e7ant l&#039;un des prix'  id='choice_73_54_0'    \/>\n\t\t\t\t<label for='choice_73_54_0' id='label_73_54_0'>Partenaire finan\u00e7ant l'un des prix<\/label>\n\t\t\t<\/li>\n\t\t\t<li class='gchoice gchoice_73_54_1'>\n\t\t\t\t<input name='input_54' type='radio' value='Laur\u00e9at\u00b7e'  id='choice_73_54_1'    \/>\n\t\t\t\t<label for='choice_73_54_1' id='label_73_54_1'>Laur\u00e9at\u00b7e<\/label>\n\t\t\t<\/li>\n\t\t\t<li class='gchoice gchoice_73_54_2'>\n\t\t\t\t<input name='input_54' type='radio' value='Invit\u00e9\u00b7e'  id='choice_73_54_2'    \/>\n\t\t\t\t<label for='choice_73_54_2' id='label_73_54_2'>Invit\u00e9\u00b7e<\/label>\n\t\t\t<\/li><\/ul><\/div><\/li><li id=\"field_73_55\"  class=\"gfield gfield_html gfield_html_formatted gfield_no_follows_desc field_sublabel_above field_description_above gfield_visibility_visible\"  data-js-reload=\"field_73_55\"><\/li><li id=\"field_73_48\"  class=\"gfield gfield_contains_required field_sublabel_above field_description_above gfield_visibility_visible\"  data-js-reload=\"field_73_48\"><label class='gfield_label' for='input_73_48' >Madame\/Monsieur<span class=\"gfield_required\"><span class=\"gfield_required gfield_required_asterisk\">*<\/span><\/span><\/label><div class='ginput_container ginput_container_select'><select name='input_48' id='input_73_48' class='medium gfield_select'    aria-required=\"true\" aria-invalid=\"false\" ><option value='' selected='selected' class='gf_placeholder'>-<\/option><option value='Madame' >Madame<\/option><option value='Monsieur' >Monsieur<\/option><\/select><\/div><\/li><li id=\"field_73_52\"  class=\"gfield field_sublabel_above field_description_above gfield_visibility_visible\"  data-js-reload=\"field_73_52\"><label class='gfield_label' for='input_73_52' >Titre<\/label><div class='ginput_container ginput_container_text'><input name='input_52' id='input_73_52' type='text' value='' class='medium'      aria-invalid=\"false\"   \/> <\/div><\/li><li id=\"field_73_5\"  class=\"gfield gfield_contains_required field_sublabel_above field_description_above gfield_visibility_visible\"  data-js-reload=\"field_73_5\"><label class='gfield_label' for='input_73_5' >Pr\u00e9nom<span class=\"gfield_required\"><span class=\"gfield_required gfield_required_asterisk\">*<\/span><\/span><\/label><div class='ginput_container ginput_container_text'><input name='input_5' id='input_73_5' type='text' value='' class='medium'     aria-required=\"true\" aria-invalid=\"false\"   \/> <\/div><\/li><li id=\"field_73_6\"  class=\"gfield gfield_contains_required field_sublabel_above field_description_above gfield_visibility_visible\"  data-js-reload=\"field_73_6\"><label class='gfield_label' for='input_73_6' >Nom<span class=\"gfield_required\"><span class=\"gfield_required gfield_required_asterisk\">*<\/span><\/span><\/label><div class='ginput_container ginput_container_text'><input name='input_6' id='input_73_6' type='text' value='' class='medium'     aria-required=\"true\" aria-invalid=\"false\"   \/> <\/div><\/li><li id=\"field_73_7\"  class=\"gfield gfield_contains_required field_sublabel_above field_description_above gfield_visibility_visible\"  data-js-reload=\"field_73_7\"><label class='gfield_label' for='input_73_7' >Courriel<span class=\"gfield_required\"><span class=\"gfield_required gfield_required_asterisk\">*<\/span><\/span><\/label><div class='ginput_container ginput_container_email'>\n                            <input name='input_7' id='input_73_7' type='email' value='' class='medium'    aria-required=\"true\" aria-invalid=\"false\"  \/>\n                        <\/div><\/li><li id=\"field_73_9\"  class=\"gfield field_sublabel_above field_description_above gfield_visibility_visible\"  data-js-reload=\"field_73_9\"><label class='gfield_label' for='input_73_9' >Soci\u00e9t\u00e9 \/ Institution \/ \u00c9tablissement<\/label><div class='ginput_container ginput_container_text'><input name='input_9' id='input_73_9' type='text' value='' class='medium'      aria-invalid=\"false\"   \/> <\/div><\/li><li id=\"field_73_10\"  class=\"gfield field_sublabel_above field_description_above gfield_visibility_visible\"  data-js-reload=\"field_73_10\"><label class='gfield_label' for='input_73_10' >Fonction<\/label><div class='ginput_container ginput_container_text'><input name='input_10' id='input_73_10' type='text' value='' class='medium'      aria-invalid=\"false\"   \/> <\/div><\/li><li id=\"field_73_11\"  class=\"gfield gfield_html gfield_html_formatted gfield_no_follows_desc field_sublabel_above field_description_above gfield_visibility_visible\"  data-js-reload=\"field_73_11\"><br><\/li><li id=\"field_73_57\"  class=\"gfield gfield_html gfield_html_formatted gfield_no_follows_desc field_sublabel_above field_description_above gfield_visibility_visible\"  data-js-reload=\"field_73_57\"><h4>Personne vous accompagnant :<\/h4><\/li><li id=\"field_73_56\"  class=\"gfield field_sublabel_above field_description_above gfield_visibility_visible\"  data-js-reload=\"field_73_56\"><label class='gfield_label'  >Seul\/accompagn\u00e9<\/label><div class='ginput_container ginput_container_radio'><ul class='gfield_radio' id='input_73_56'>\n\t\t\t<li class='gchoice gchoice_73_56_0'>\n\t\t\t\t<input name='input_56' type='radio' value='Je viendrai seul\u00b7e.'  id='choice_73_56_0'    \/>\n\t\t\t\t<label for='choice_73_56_0' id='label_73_56_0'>Je viendrai seul\u00b7e.<\/label>\n\t\t\t<\/li>\n\t\t\t<li class='gchoice gchoice_73_56_1'>\n\t\t\t\t<input name='input_56' type='radio' value='Je viendrai accompagn\u00e9\u00b7e d&#039;une autre personne.'  id='choice_73_56_1'    \/>\n\t\t\t\t<label for='choice_73_56_1' id='label_73_56_1'>Je viendrai accompagn\u00e9\u00b7e d'une autre personne.<\/label>\n\t\t\t<\/li><\/ul><\/div><\/li><li id=\"field_73_47\"  class=\"gfield gfield_html gfield_html_formatted gfield_no_follows_desc field_sublabel_above field_description_above gfield_visibility_visible\"  data-js-reload=\"field_73_47\"><h4>Je viendrai accompagn\u00e9*e de :<\/h4><\/li><li id=\"field_73_49\"  class=\"gfield gfield_contains_required field_sublabel_above field_description_above gfield_visibility_visible\"  data-js-reload=\"field_73_49\"><label class='gfield_label' for='input_73_49' >Madame\/Monsieur<span class=\"gfield_required\"><span class=\"gfield_required gfield_required_asterisk\">*<\/span><\/span><\/label><div class='ginput_container ginput_container_select'><select name='input_49' id='input_73_49' class='medium gfield_select'    aria-required=\"true\" aria-invalid=\"false\" ><option value='' selected='selected' class='gf_placeholder'>-<\/option><option value='Madame' >Madame<\/option><option value='Monsieur' >Monsieur<\/option><\/select><\/div><\/li><li id=\"field_73_53\"  class=\"gfield field_sublabel_above field_description_above gfield_visibility_visible\"  data-js-reload=\"field_73_53\"><label class='gfield_label' for='input_73_53' >Titre<\/label><div class='ginput_container ginput_container_text'><input name='input_53' id='input_73_53' type='text' value='' class='medium'      aria-invalid=\"false\"   \/> <\/div><\/li><li id=\"field_73_25\"  class=\"gfield gfield_contains_required field_sublabel_above field_description_above gfield_visibility_visible\"  data-js-reload=\"field_73_25\"><label class='gfield_label' for='input_73_25' >Pr\u00e9nom<span class=\"gfield_required\"><span class=\"gfield_required gfield_required_asterisk\">*<\/span><\/span><\/label><div class='ginput_container ginput_container_text'><input name='input_25' id='input_73_25' type='text' value='' class='medium'     aria-required=\"true\" aria-invalid=\"false\"   \/> <\/div><\/li><li id=\"field_73_26\"  class=\"gfield gfield_contains_required field_sublabel_above field_description_above gfield_visibility_visible\"  data-js-reload=\"field_73_26\"><label class='gfield_label' for='input_73_26' >Nom<span class=\"gfield_required\"><span class=\"gfield_required gfield_required_asterisk\">*<\/span><\/span><\/label><div class='ginput_container ginput_container_text'><input name='input_26' id='input_73_26' type='text' value='' class='medium'     aria-required=\"true\" aria-invalid=\"false\"   \/> <\/div><\/li><li id=\"field_73_27\"  class=\"gfield gfield_contains_required field_sublabel_above field_description_above gfield_visibility_visible\"  data-js-reload=\"field_73_27\"><label class='gfield_label' for='input_73_27' >Courriel<span class=\"gfield_required\"><span class=\"gfield_required gfield_required_asterisk\">*<\/span><\/span><\/label><div class='ginput_container ginput_container_text'><input name='input_27' id='input_73_27' type='text' value='' class='medium'     aria-required=\"true\" aria-invalid=\"false\"   \/> <\/div><\/li><li id=\"field_73_64\"  class=\"gfield gfield--width-full field_sublabel_above field_description_above gfield_visibility_visible\"  data-js-reload=\"field_73_64\"><label class='gfield_label' for='input_73_64' >Le cas \u00e9ch\u00e9ant : Entreprise \/ Institution \/ \u00c9tablissement d&#039;enseignement sup\u00e9rieur<\/label><div class='ginput_container ginput_container_text'><input name='input_64' id='input_73_64' type='text' value='' class='medium'      aria-invalid=\"false\"   \/> <\/div><\/li><li id=\"field_73_29\"  class=\"gfield field_sublabel_above field_description_above gfield_visibility_visible\"  data-js-reload=\"field_73_29\"><label class='gfield_label' for='input_73_29' >Le cas \u00e9ch\u00e9ant : Fonction<\/label><div class='ginput_container ginput_container_text'><input name='input_29' id='input_73_29' type='text' value='' class='medium'      aria-invalid=\"false\"   \/> <\/div><\/li><li id=\"field_73_32\"  class=\"gfield gfield_html gfield_html_formatted gfield_no_follows_desc field_sublabel_above field_description_above gfield_visibility_visible\"  data-js-reload=\"field_73_32\"><br><\/li><li id=\"field_73_38\"  class=\"gfield gfield_html gfield_html_formatted gfield_no_follows_desc field_sublabel_above field_description_above gfield_visibility_visible\"  data-js-reload=\"field_73_38\"><br><\/li><li id=\"field_73_50\"  class=\"gfield gfield_html gfield_html_formatted gfield_no_follows_desc field_sublabel_above field_description_above gfield_visibility_visible\"  data-js-reload=\"field_73_50\"><h4>Important !<\/h4>\nL'acc\u00e8s \u00e0 l'Ambassade est r\u00e9serv\u00e9 aux personnes munies de <b><i>l'invitation officielle<\/i> personnalis\u00e9e<\/b> et d'une <b>pi\u00e8ce d'identit\u00e9<\/b>.\n<br>\n<br>\nIl s'agit d'une invitation personnelle <b>non transf\u00e9rable<\/b>.<\/li><li id=\"field_73_40\"  class=\"gfield gfield_html gfield_html_formatted gfield_no_follows_desc field_sublabel_above field_description_above gfield_visibility_visible\"  data-js-reload=\"field_73_40\"><br><\/li><li id=\"field_73_67\"  class=\"gfield gfield--width-full gfield_contains_required field_sublabel_above field_description_above gfield_visibility_visible\"  data-js-reload=\"field_73_67\"><label class='gfield_label'  >Par la pr\u00e9sente, je consens \u00e0 ce que les prises de vue (photos et vid\u00e9os) de ma personne r\u00e9alis\u00e9es dans le cadre de la remise des prix le 29 janvier 2026 \u00e0 Paris puissent \u00eatre diffus\u00e9es, reproduites et expos\u00e9es dans l&#039;espace public par l&#039;UFA. L&#039;Universit\u00e9 franco-allemande est autoris\u00e9e \u00e0 transmettre ces prises de vue \u00e0 des tiers ou \u00e0 accorder des licences \u00e0 des tiers en vue de l&#039;utilisation des photos et vid\u00e9os concern\u00e9es. Ce consentement est volontaire. Je peux \u00e0 tout moment r\u00e9voquer mon consentement avec effet imm\u00e9diat.<span class=\"gfield_required\"><span class=\"gfield_required gfield_required_asterisk\">*<\/span><\/span><\/label><div class='ginput_container ginput_container_radio'><ul class='gfield_radio' id='input_73_67'>\n\t\t\t<li class='gchoice gchoice_73_67_0'>\n\t\t\t\t<input name='input_67' type='radio' value='Oui'  id='choice_73_67_0'    \/>\n\t\t\t\t<label for='choice_73_67_0' id='label_73_67_0'>Oui<\/label>\n\t\t\t<\/li>\n\t\t\t<li class='gchoice gchoice_73_67_1'>\n\t\t\t\t<input name='input_67' type='radio' value='Non'  id='choice_73_67_1'    \/>\n\t\t\t\t<label for='choice_73_67_1' id='label_73_67_1'>Non<\/label>\n\t\t\t<\/li><\/ul><\/div><\/li><li id=\"field_73_68\"  class=\"gfield gfield--width-full gfield_contains_required field_sublabel_above field_description_above gfield_visibility_visible\"  data-js-reload=\"field_73_68\"><label class='gfield_label'  >Les donn\u00e9es que j&#039;ai fournies dans le pr\u00e9sent formulaire sont trait\u00e9es aux seules fins de mon inscription \u00e0 la remise de prix le 29 janvier 2026 \u00e0 Paris, de l&#039;organisation de cet \u00e9v\u00e9nement et du traitement de mes demandes de renseignement. Pour tout compl\u00e9ment d&#039;information, veuillez consulter la d\u00e9claration sur la protection des donn\u00e9es de l&#039;UFA (www.dfh-ufa.org\/fr\/charte-de-confidentialite). Je confirme par la pr\u00e9sente avoir pris connaissance de la d\u00e9claration de protection des donn\u00e9es.<span class=\"gfield_required\"><span class=\"gfield_required gfield_required_asterisk\">*<\/span><\/span><\/label><div class='ginput_container ginput_container_radio'><ul class='gfield_radio' id='input_73_68'>\n\t\t\t<li class='gchoice gchoice_73_68_0'>\n\t\t\t\t<input name='input_68' type='radio' value='Je suis d&#039;accord'  id='choice_73_68_0'    \/>\n\t\t\t\t<label for='choice_73_68_0' id='label_73_68_0'>Je suis d'accord<\/label>\n\t\t\t<\/li><\/ul><\/div><\/li><li id=\"field_73_51\"  class=\"gfield gfield_html gfield_html_formatted gfield_no_follows_desc field_sublabel_above field_description_above gfield_visibility_visible\"  data-js-reload=\"field_73_51\"><h4>Consignes<\/h4>\nAfin de nous <b>transmettre d\u00e9finitivement<\/b> vos donn\u00e9es, merci de cliquer sur le bouton \u00ab <b>Envoyer<\/b> \u00bb.\n<br>\n<br>\nUne fois le formulaire envoy\u00e9, vous recevrez un <b>message automatique de confirmation<\/b> ainsi qu'un r\u00e9capitulatif de vos donn\u00e9es \u00e0 l'adresse mail indiqu\u00e9e dans le formulaire (merci de bien vouloir v\u00e9rifier \u00e9galement votre dossier spam).\n<br>\n<br>\nEn cas de probl\u00e8me, merci de bien vouloir contacter Annika Matulla : <a href=\"mailto:prix-preise@dfh-ufa.org\">prix-preise(at)dfh-ufa.org<\/a><\/li><li id=\"field_73_42\"  class=\"gfield gfield_html gfield_html_formatted gfield_no_follows_desc field_sublabel_above field_description_above gfield_visibility_visible\"  data-js-reload=\"field_73_42\"><br><\/li><\/ul><\/div>\n        <div class='gform_footer top_label'> <input type='submit' id='gform_submit_button_73' class='gform_button button' value='Envoyer'  onclick='if(window[\"gf_submitting_73\"]){return false;}  if( !jQuery(\"#gform_73\")[0].checkValidity || jQuery(\"#gform_73\")[0].checkValidity()){window[\"gf_submitting_73\"]=true;}  ' onkeypress='if( event.keyCode == 13 ){ if(window[\"gf_submitting_73\"]){return false;} if( !jQuery(\"#gform_73\")[0].checkValidity || jQuery(\"#gform_73\")[0].checkValidity()){window[\"gf_submitting_73\"]=true;}  jQuery(\"#gform_73\").trigger(\"submit\",[true]); }' \/> \n            <input type='hidden' class='gform_hidden' name='is_submit_73' value='1' \/>\n            <input type='hidden' class='gform_hidden' name='gform_submit' value='73' \/>\n            \n            <input type='hidden' class='gform_hidden' name='gform_unique_id' value='' \/>\n            <input type='hidden' class='gform_hidden' name='state_73' value='WyJ7XCI2N1wiOltcIjY2MGUzNzZlNWNlMmY5NTZiNmRkMDFiMGNlNThlNDMzXCIsXCJmODlkOGQxNjBiNGYxMzQ5N2Q3MmNhMTRlNTBjNjgwM1wiXSxcIjY4XCI6W1wiMzcwYTFlZTMzMTcyZGZiZWU1NWI2MmI0NzFmOGY5N2JcIl19IiwiMzMwNjk0YTBhYzhhZDFlZmM4OWEyNmM5ZWFjNDI1Y2QiXQ==' \/>\n            <input type='hidden' class='gform_hidden' name='gform_target_page_number_73' id='gform_target_page_number_73' value='0' \/>\n            <input type='hidden' class='gform_hidden' name='gform_source_page_number_73' id='gform_source_page_number_73' value='1' \/>\n            <input type='hidden' name='gform_field_values' value='' \/>\n            \n        <\/div>\n                        <\/form>\n                        <\/div>\n","protected":false},"excerpt":{"rendered":"","protected":false},"author":400,"featured_media":0,"parent":866,"menu_order":0,"comment_status":"closed","ping_status":"closed","template":"","meta":{"_bbp_topic_count":0,"_bbp_reply_count":0,"_bbp_total_topic_count":0,"_bbp_total_reply_count":0,"_bbp_voice_count":0,"_bbp_anonymous_reply_count":0,"_bbp_topic_count_hidden":0,"_bbp_reply_count_hidden":0,"_bbp_forum_subforum_count":0,"inline_featured_image":false},"acf":[],"_links":{"self":[{"href":"https:\/\/www.dfh-ufa.org\/fr\/wp-json\/wp\/v2\/pages\/1952536"}],"collection":[{"href":"https:\/\/www.dfh-ufa.org\/fr\/wp-json\/wp\/v2\/pages"}],"about":[{"href":"https:\/\/www.dfh-ufa.org\/fr\/wp-json\/wp\/v2\/types\/page"}],"author":[{"embeddable":true,"href":"https:\/\/www.dfh-ufa.org\/fr\/wp-json\/wp\/v2\/users\/400"}],"replies":[{"embeddable":true,"href":"https:\/\/www.dfh-ufa.org\/fr\/wp-json\/wp\/v2\/comments?post=1952536"}],"version-history":[{"count":4,"href":"https:\/\/www.dfh-ufa.org\/fr\/wp-json\/wp\/v2\/pages\/1952536\/revisions"}],"predecessor-version":[{"id":1962394,"href":"https:\/\/www.dfh-ufa.org\/fr\/wp-json\/wp\/v2\/pages\/1952536\/revisions\/1962394"}],"up":[{"embeddable":true,"href":"https:\/\/www.dfh-ufa.org\/fr\/wp-json\/wp\/v2\/pages\/866"}],"wp:attachment":[{"href":"https:\/\/www.dfh-ufa.org\/fr\/wp-json\/wp\/v2\/media?parent=1952536"}],"curies":[{"name":"wp","href":"https:\/\/api.w.org\/{rel}","templated":true}]}}