{"id":1953957,"date":"2024-03-20T16:08:54","date_gmt":"2024-03-20T15:08:54","guid":{"rendered":"https:\/\/www.dfh-ufa.org\/fr\/?page_id=1953957"},"modified":"2026-01-13T12:32:19","modified_gmt":"2026-01-13T11:32:19","slug":"chaires-franco-allemandes","status":"publish","type":"page","link":"https:\/\/www.dfh-ufa.org\/fr\/vous-etes\/etablissements\/chaires-franco-allemandes","title":{"rendered":"Chaires franco-allemandes"},"content":{"rendered":"<h2>Informations relatives \u00e0 l\u2019instrument de soutien<\/h2>\n<p>Afin de d\u00e9velopper et de renforcer la recherche ainsi que les enseignements dans le contexte franco-allemand, l\u2019Universit\u00e9 franco-allemande (UFA) a soutenu, dans le cadre de deux projets pilotes respectivement initi\u00e9s en 2023 et 2024, la mise en place de nouvelles chaires franco-allemandes et de chaires existantes \u00e0 renouveler, pr\u00e9sentant un caract\u00e8re r\u00e9solument franco-allemand.<\/p>\n<p>L\u2019UFA soutient cinq chaires depuis l\u2019ann\u00e9e universitaire 2024\/25. Cinq autres seront soutenues \u00e0 partir de 2025\/26. Ces chaires ont pour objectif de f\u00e9d\u00e9rer l\u2019excellence scientifique et d\u2019aider au recrutement de jeunes chercheur\u00b7euses sur des postes p\u00e9rennes, afin de renforcer durablement la diffusion des savoirs franco-allemands \u00e0 long terme.<\/p>\n<p>Ces projets pilotes s\u2019adressaient \u00e0 tous les types d\u2019universit\u00e9s et d\u2019\u00e9tablissements d\u2019enseignement sup\u00e9rieur. Toute demande de soutien pour une chaire franco-allemande devait obligatoirement s\u2019appuyer sur une coop\u00e9ration entre un \u00e9tablissement fran\u00e7ais et un \u00e9tablissement allemand, la chaire devant \u00eatre rattach\u00e9e \u00e0 l\u2019un des deux \u00e9tablissements.<\/p>\n<p>Le projet pouvait concerner\u00a0:<\/p>\n<ul>\n<li>la cr\u00e9ation d\u2019un nouveau poste d\u2019enseignant\u00b7e-chercheur\u00b7euse (MCF, CPJ, PU) dans le domaine franco-allemand ;<\/li>\n<li>le renouvellement d\u2019un poste existant d\u2019enseignant\u00b7e-chercheur\u00b7euse (MCF, CPJ, PU) dans le domaine franco-allemand.<\/li>\n<\/ul>\n<p>&nbsp;<\/p>\n<p>Le soutien est accord\u00e9 pour une dur\u00e9e de trois ann\u00e9es universitaires, moyennant un montant de 50\u00a0000\u00a0\u20ac par an. Une prolongation partielle ou totale du dispositif est possible pour une dur\u00e9e suppl\u00e9mentaire d\u2019une \u00e0 trois ann\u00e9es universitaires, sous r\u00e9serve de capacit\u00e9 budg\u00e9taire de l\u2019UFA.<\/p>\n<p>Le soutien financier peut couvrir, au prorata, les frais de personnel, les co\u00fbts administratifs, les infrastructures en lien avec le projet, les frais de publication, les frais de d\u00e9placement et d\u2019h\u00e9bergement, les frais de r\u00e9ception et d\u2019accueil, ainsi que les frais li\u00e9s aux actions de communication et de promotion.<\/p>\n<p>Cette dotation est vers\u00e9e \u00e0 l\u2019\u00e9tablissement auquel la chaire s\u00e9lectionn\u00e9e est rattach\u00e9e.<\/p>\n<h3><strong>Chaires b\u00e9n\u00e9ficiant actuellement du soutien de l\u2019UFA<\/strong><\/h3>\n<ul>\n<li><a href=\"https:\/\/actu.univ-rennes.fr\/en\/highlights\/university-rennes-gains-franco-german-chair-tandem-university-potsdam#p-10192\" target=\"_blank\" rel=\"noopener\"><strong>Chair in Earth Systems and Environmental Sciences<\/strong><\/a> de l\u2019<em>Universit\u00e9 de Rennes<\/em> et de l\u2019<em>Universit\u00e4t Potsdam<\/em><\/li>\n<li><strong>Chaire en Gestion de chantiers<\/strong> de l\u2019<em>Universit\u00e9 de Lorraine<\/em> et de la <em>Hochschule f\u00fcr Technik und Wirtschaft des Saarlandes<\/em><\/li>\n<li><a href=\"https:\/\/www.romanistik.uni-mainz.de\/waldemar-narazov-brueckenprofessur-mainz-dijon\/\" target=\"_blank\" rel=\"noopener\"><strong>Chaire en Interculturalit\u00e9 en contextes professionnel et organisationnel franco-allemands<\/strong><\/a> de l\u2019<em>Universit\u00e9 de Bourgogne<\/em> et de la <em>Johannes Gutenberg-Universit\u00e4t Mainz<\/em><\/li>\n<li><strong>Chaire en Th\u00e9orie musicale et recherche artistique<\/strong> de l\u2019<em>Uni<\/em><em>v<\/em><em>ersit\u00e9 de Strasbourg<\/em> et de la <a href=\"https:\/\/theorie-ecriture.de-fr.mh-freiburg.de\/fr\/chaire-franco-allemande-de-theorie-musicale\" target=\"_blank\" rel=\"noopener\"><em>Hochschule f\u00fcr Musik Freiburg<\/em><\/a><\/li>\n<li><strong>Chaire en Droit civil, proc\u00e9dure civile et droit compar\u00e9 franco-allemand <\/strong>de l\u2019<em>Universit\u00e9 de Tours<\/em> et de la <em>Ruhr-Universit\u00e4t Bochum<\/em><\/li>\n<li><strong>Chaire en Intelligence Artificielle et Cybers\u00e9curit\u00e9 <\/strong>de l\u2019<em>Institut national des sciences appliqu\u00e9es de Lyon<\/em> (<em>INSA Lyon)<\/em> et de l\u2019<em>Universit\u00e4t Passau<\/em><\/li>\n<li><strong>Chaire en Histoire transnationale des mondes francophones et germanophones <\/strong>de l\u2019<em>\u00c9cole normale sup\u00e9rieure<\/em> (ENS PSL) Paris et de l\u2019<em>Universit\u00e4t Leipzig<\/em><\/li>\n<li><strong>Chaire GENIUS : Next-Generation Industry (promouvoir une industrie soutenable et r\u00e9siliente) <\/strong>de l\u2019<em><a href=\"https:\/\/artsetmetiers.fr\/fr\/chaire-genius\" target=\"_blank\" rel=\"noopener\">Ecole Nationale Sup\u00e9rieure d\u2019Arts et M\u00e9tiers (ENSAM)<\/a> <\/em>et du<a href=\"https:\/\/www.kit.edu\/kit\/202509-deutsch-franzosischer-lehrstuhl-genius-gestartet.php\" target=\"_blank\" rel=\"noopener\"><em> Karlsruher Institut f\u00fcr Technologie (KIT)<\/em><\/a><\/li>\n<li><strong>Chaire en Science \u00e9conomiques de l\u2019Universit\u00e9 de Haute-Alsace, <\/strong>de la <em>DHBW L\u00f6rrach<\/em> et de <em>Fachhochschule Nordwestschweiz<\/em><\/li>\n<li><strong>Chaire en Politique et Gouvernance Europ\u00e9enne <\/strong>de <em>Sciences Po Grenoble<\/em> et de l\u2019<em>Universit\u00e4t Trier<\/em><\/li>\n<\/ul>\n<p>&nbsp;<\/p>\n<p>Pour tout renseignement compl\u00e9mentaire, veuillez-vous adresser \u00e0\u00a0: <a href=\"mailto:chaires@dfh-ufa.org\">chaires@dfh-ufa.org<\/a><\/p>\n<p>Laurence Gendron-Ulber +49 (0)681 938 12-143<\/p>\n<p>Madeleine Lagerin +49 (0)681 938 12-122<\/p>\n","protected":false},"excerpt":{"rendered":"<p>Informations relatives \u00e0 l\u2019instrument de soutien Afin de d\u00e9velopper et de renforcer la recherche ainsi que les enseignements dans le contexte franco-allemand, l\u2019Universit\u00e9 franco-allemande (UFA) a soutenu, dans le cadre de deux projets pilotes respectivement initi\u00e9s en 2023 et 2024, la mise en place de nouvelles chaires franco-allemandes et de chaires existantes \u00e0 renouveler, pr\u00e9sentant [&hellip;]<\/p>\n","protected":false},"author":2,"featured_media":0,"parent":844,"menu_order":2,"comment_status":"closed","ping_status":"closed","template":"","meta":{"_bbp_topic_count":0,"_bbp_reply_count":0,"_bbp_total_topic_count":0,"_bbp_total_reply_count":0,"_bbp_voice_count":0,"_bbp_anonymous_reply_count":0,"_bbp_topic_count_hidden":0,"_bbp_reply_count_hidden":0,"_bbp_forum_subforum_count":0,"inline_featured_image":false},"acf":[],"_links":{"self":[{"href":"https:\/\/www.dfh-ufa.org\/fr\/wp-json\/wp\/v2\/pages\/1953957"}],"collection":[{"href":"https:\/\/www.dfh-ufa.org\/fr\/wp-json\/wp\/v2\/pages"}],"about":[{"href":"https:\/\/www.dfh-ufa.org\/fr\/wp-json\/wp\/v2\/types\/page"}],"author":[{"embeddable":true,"href":"https:\/\/www.dfh-ufa.org\/fr\/wp-json\/wp\/v2\/users\/2"}],"replies":[{"embeddable":true,"href":"https:\/\/www.dfh-ufa.org\/fr\/wp-json\/wp\/v2\/comments?post=1953957"}],"version-history":[{"count":29,"href":"https:\/\/www.dfh-ufa.org\/fr\/wp-json\/wp\/v2\/pages\/1953957\/revisions"}],"predecessor-version":[{"id":1962473,"href":"https:\/\/www.dfh-ufa.org\/fr\/wp-json\/wp\/v2\/pages\/1953957\/revisions\/1962473"}],"up":[{"embeddable":true,"href":"https:\/\/www.dfh-ufa.org\/fr\/wp-json\/wp\/v2\/pages\/844"}],"wp:attachment":[{"href":"https:\/\/www.dfh-ufa.org\/fr\/wp-json\/wp\/v2\/media?parent=1953957"}],"curies":[{"name":"wp","href":"https:\/\/api.w.org\/{rel}","templated":true}]}}