{"id":1954375,"date":"2024-03-18T09:30:45","date_gmt":"2024-03-18T08:30:45","guid":{"rendered":"https:\/\/www.dfh-ufa.org\/fr\/?page_id=1954375"},"modified":"2024-09-24T10:35:13","modified_gmt":"2024-09-24T08:35:13","slug":"lufa-vous-invite-a-danser-soyez-des-notres-le-27-septembre","status":"publish","type":"page","link":"https:\/\/www.dfh-ufa.org\/fr\/actualites\/news\/lufa-vous-invite-a-danser-soyez-des-notres-le-27-septembre","title":{"rendered":"L\u2019UFA vous invite \u00e0 danser \u2013 soyez des n\u00f4tres !"},"content":{"rendered":"<div id=\"pl-1954375\"  class=\"panel-layout\" ><div id=\"pg-1954375-0\"  class=\"panel-grid panel-no-style\" ><div id=\"pgc-1954375-0-0\"  class=\"panel-grid-cell\" ><div id=\"panel-1954375-0-0-0\" class=\"so-panel widget widget_sow-editor panel-first-child\" data-index=\"0\" ><div class=\"so-widget-sow-editor so-widget-sow-editor-base\">\n<div class=\"siteorigin-widget-tinymce textwidget\">\n\t<p><em>Nous f\u00eatons cette ann\u00e9e un quart de si\u00e8cle d\u2019existence de l\u2019<strong>Universit\u00e9 franco-allemande<\/strong>. <\/em><em>Enti\u00e8rement plac\u00e9e sous le signe de l\u2019amiti\u00e9 franco-allemande, musicale et dansante, cette grande soir\u00e9e festive b\u00e9n\u00e9ficiera du haut patronage de <strong>Madame Anke Rehlinger, ministre-pr\u00e9sidente de la Sarre et pl\u00e9nipotentiaire de la R\u00e9publique f\u00e9d\u00e9rale d\u2019Allemagne pour les affaires culturelles<\/strong>.<\/em><\/p>\n<p>Notez que la billetterie reste ouverte <strong>jusqu'au 8 septembre<\/strong> et que le nombre de places est limit\u00e9 !<\/p>\n<p><a class=\"button primary\" href=\"http:\/\/www.ticket-regional.de\/25-jahr-gala-dfh&amp;lang=fr\" target=\"_blank\" rel=\"noopener\">\u00bb Vers la billetterie<\/a><\/p>\n<p><em>Le site de la billetterie est disponible en fran\u00e7ais, en allemand et en anglais.<\/em><\/p>\n<\/div>\n<\/div><\/div><div id=\"panel-1954375-0-0-1\" class=\"so-panel widget widget_accordion\" data-index=\"1\" >        <div class=\"accordion\" data-collapse=\"1\">\n\n\t\t\t\t\t\t\t\t\t\t\t\t                    <div class=\"accordion__item\" id=\"69d6779d7056a\">\n\n\t\t\t\t\t\t                            <header class=\"accordion__header\">\n                                <h2 class=\"accordion__title\">Programme<\/h2>\n                            <\/header>\n\t\t\t\t\t\t\n\t\t\t\t\t\t                            <div class=\"accordion__content\">\n\t\t\t\t\t\t\t\t<p>D\u00e9couvrez le programme <a href=\"https:\/\/www.dfh-ufa.org\/app\/uploads\/2024\/08\/Gala-Programm-Kurzversion-Franzosisch-mit-Schirmherrschaft.pdf\">ici<\/a><\/p>\n                            <\/div>\n\t\t\t\t\t\t\n\t\t\t\t\t\t\n                    <\/div><!-- .accordion -->\n\n\t\t\t\t\n\t\t\t\t\t\t\t\t\t                    <div class=\"accordion__item\" id=\"69d6779d7057c\">\n\n\t\t\t\t\t\t                            <header class=\"accordion__header\">\n                                <h2 class=\"accordion__title\">Menu<\/h2>\n                            <\/header>\n\t\t\t\t\t\t\n\t\t\t\t\t\t                            <div class=\"accordion__content\">\n\t\t\t\t\t\t\t\t<p><a class=\"button primary\" href=\"https:\/\/www.dfh-ufa.org\/app\/uploads\/2024\/09\/PURA_DFH_Speisekarte-druck.pdf\">\u00bb Carte des plats et des boissons<\/a><\/p>\n                            <\/div>\n\t\t\t\t\t\t\n\t\t\t\t\t\t\n                    <\/div><!-- .accordion -->\n\n\t\t\t\t\n\t\t\t\t\t\t\t\t\t                    <div class=\"accordion__item\" id=\"69d6779d70586\">\n\n\t\t\t\t\t\t                            <header class=\"accordion__header\">\n                                <h2 class=\"accordion__title\">Stationnement et acc\u00e8s<\/h2>\n                            <\/header>\n\t\t\t\t\t\t\n\t\t\t\t\t\t                            <div class=\"accordion__content\">\n\t\t\t\t\t\t\t\t<p><strong>Lieu de l'\u00e9v\u00e9nement :<\/strong><\/p>\n<p>Saarbr\u00fccken, Congresshalle<\/p>\n<p class=\"eiLocation\">Hafenstra\u00dfe 12, 66111 Saarbr\u00fccken (Deutschland) - <a class=\"eiActionLink eiLinkLocationmap\" href=\"https:\/\/www.google.com\/maps\/search\/?api=1&amp;query=Saarbr%C3%BCcken+Congresshalle&amp;hl=de\" target=\"_blank\" rel=\"noopener\">Carte<\/a><\/p>\n<p>Vous trouverez <a href=\"https:\/\/www.ccsaar.de\/locations\/congresshalle\/anfahrt-parken\/\">ici<\/a> un aper\u00e7u des possibilit\u00e9s de stationnement.<\/p>\n                            <\/div>\n\t\t\t\t\t\t\n\t\t\t\t\t\t\n                    <\/div><!-- .accordion -->\n\n\t\t\t\t\n\t\t\t\t\t\t\t\t\t                    <div class=\"accordion__item\" id=\"69d6779d7059e\">\n\n\t\t\t\t\t\t                            <header class=\"accordion__header\">\n                                <h2 class=\"accordion__title\">Possibilit\u00e9s d'h\u00e9bergements <\/h2>\n                            <\/header>\n\t\t\t\t\t\t\n\t\t\t\t\t\t                            <div class=\"accordion__content\">\n\t\t\t\t\t\t\t\t<p>Vous cherchez un h\u00e9bergement pour la nuit ?<br \/>\nVous trouverez <a href=\"https:\/\/tourismus.saarbruecken.de\/uebernachten\">ici<\/a> un grand \u00e9ventail de possibilit\u00e9s.<\/p>\n                            <\/div>\n\t\t\t\t\t\t\n\t\t\t\t\t\t\n                    <\/div><!-- .accordion -->\n\n\t\t\t\t\n\t\t\t\t\t\t\t\t\t                    <div class=\"accordion__item\" id=\"69d6779d705ac\">\n\n\t\t\t\t\t\t                            <header class=\"accordion__header\">\n                                <h2 class=\"accordion__title\">Contact<\/h2>\n                            <\/header>\n\t\t\t\t\t\t\n\t\t\t\t\t\t                            <div class=\"accordion__content\">\n\t\t\t\t\t\t\t\t<p>Pour toute question concernant le gala, l'\u00e9quipe d'organisation se tient \u00e0 votre disposition \u00e0 l'adresse <a href=\"mailto:veranstaltung-evenement@dfh-ufa.org\">veranstaltung-evenement@dfh-ufa.org<\/a>.<\/p>\n                            <\/div>\n\t\t\t\t\t\t\n\t\t\t\t\t\t\n                    <\/div><!-- .accordion -->\n\n\t\t\t\t\n\t\t\t\t\t\t\t\t\t                    <div class=\"accordion__item\" id=\"69d6779d705b5\">\n\n\t\t\t\t\t\t                            <header class=\"accordion__header\">\n                                <h2 class=\"accordion__title\">Protection des donn\u00e9es personnelles<\/h2>\n                            <\/header>\n\t\t\t\t\t\t\n\t\t\t\t\t\t                            <div class=\"accordion__content\">\n\t\t\t\t\t\t\t\t<p>Vos droits ainsi que la protection de vos donn\u00e9es personnelles sont importants pour nous. C'est pourquoi nous attirons votre attention sur le fait que l'UFA a mandat\u00e9 un photographe pour prendre des photos et des vid\u00e9os \u00e0 l'occasion de cette manifestation. Celles-ci peuvent \u00eatre publi\u00e9es sous forme de photos de groupe, apr\u00e8s un examen rigoureux de l'aptitude et de la repr\u00e9sentation positive de toutes les personnes, dans le cadre du compte-rendu de la manifestation sur nos pages Internet, sur les canaux des m\u00e9dias sociaux et dans la presse, afin d'informer le public sur cette manifestation.<\/p>\n<p>Si vous ne souhaitez pas \u00eatre pris*es en photo ou si vous n'\u00eates pas d'accord avec la publication des photos r\u00e9alis\u00e9es, veuillez en informer Anika Kost \u00e0 cette adresse : <a href=\"mailto:veranstaltung-evenement@dfh-ufa.org\">veranstaltung-evenement@dfh-ufa.org<\/a>. Vous avez le droit d'obtenir gratuitement des informations sur vos donn\u00e9es enregistr\u00e9es ainsi que, dans certaines circonstances, un droit de rectification, de suppression et de limitation du traitement des donn\u00e9es.<\/p>\n<p>Responsable de l'\u00e9v\u00e9nement de l'UFA : Anika Kost<\/p>\n                            <\/div>\n\t\t\t\t\t\t\n\t\t\t\t\t\t\n                    <\/div><!-- .accordion -->\n\n\t\t\t\t\n\t\t\t\t\t\t\t\n        <\/div><!-- .accordion -->\n\n\t\t<\/div><div id=\"panel-1954375-0-0-2\" class=\"so-panel widget widget_media_image panel-last-child\" data-index=\"2\" ><img width=\"800\" height=\"600\" src=\"https:\/\/www.dfh-ufa.org\/app\/uploads\/2024\/04\/25-Jahr-Gala-FR.png\" class=\"image wp-image-1954656  attachment-full size-full\" alt=\"\" decoding=\"async\" loading=\"lazy\" style=\"max-width: 100%; height: auto;\" srcset=\"https:\/\/www.dfh-ufa.org\/app\/uploads\/2024\/04\/25-Jahr-Gala-FR.png 800w, https:\/\/www.dfh-ufa.org\/app\/uploads\/2024\/04\/25-Jahr-Gala-FR-250x188.png 250w, https:\/\/www.dfh-ufa.org\/app\/uploads\/2024\/04\/25-Jahr-Gala-FR-768x576.png 768w\" sizes=\"(max-width: 800px) 100vw, 800px\" \/><\/div><\/div><\/div><\/div>","protected":false},"excerpt":{"rendered":"<p>Nous f\u00eatons cette ann\u00e9e un quart de si\u00e8cle d\u2019existence de l\u2019Universit\u00e9 franco-allemande. Enti\u00e8rement plac\u00e9e sous le signe de l\u2019amiti\u00e9 franco-allemande, musicale et dansante, cette grande soir\u00e9e festive b\u00e9n\u00e9ficiera du haut patronage de Madame Anke Rehlinger, ministre-pr\u00e9sidente de la Sarre et pl\u00e9nipotentiaire de la R\u00e9publique f\u00e9d\u00e9rale d\u2019Allemagne pour les affaires culturelles. Notez que la billetterie reste [&hellip;]<\/p>\n","protected":false},"author":455,"featured_media":0,"parent":869,"menu_order":3,"comment_status":"closed","ping_status":"closed","template":"","meta":{"_bbp_topic_count":0,"_bbp_reply_count":0,"_bbp_total_topic_count":0,"_bbp_total_reply_count":0,"_bbp_voice_count":0,"_bbp_anonymous_reply_count":0,"_bbp_topic_count_hidden":0,"_bbp_reply_count_hidden":0,"_bbp_forum_subforum_count":0,"inline_featured_image":false},"acf":[],"_links":{"self":[{"href":"https:\/\/www.dfh-ufa.org\/fr\/wp-json\/wp\/v2\/pages\/1954375"}],"collection":[{"href":"https:\/\/www.dfh-ufa.org\/fr\/wp-json\/wp\/v2\/pages"}],"about":[{"href":"https:\/\/www.dfh-ufa.org\/fr\/wp-json\/wp\/v2\/types\/page"}],"author":[{"embeddable":true,"href":"https:\/\/www.dfh-ufa.org\/fr\/wp-json\/wp\/v2\/users\/455"}],"replies":[{"embeddable":true,"href":"https:\/\/www.dfh-ufa.org\/fr\/wp-json\/wp\/v2\/comments?post=1954375"}],"version-history":[{"count":55,"href":"https:\/\/www.dfh-ufa.org\/fr\/wp-json\/wp\/v2\/pages\/1954375\/revisions"}],"predecessor-version":[{"id":1955909,"href":"https:\/\/www.dfh-ufa.org\/fr\/wp-json\/wp\/v2\/pages\/1954375\/revisions\/1955909"}],"up":[{"embeddable":true,"href":"https:\/\/www.dfh-ufa.org\/fr\/wp-json\/wp\/v2\/pages\/869"}],"wp:attachment":[{"href":"https:\/\/www.dfh-ufa.org\/fr\/wp-json\/wp\/v2\/media?parent=1954375"}],"curies":[{"name":"wp","href":"https:\/\/api.w.org\/{rel}","templated":true}]}}