{"id":1954872,"date":"2024-05-15T13:16:53","date_gmt":"2024-05-15T11:16:53","guid":{"rendered":"https:\/\/www.dfh-ufa.org\/fr\/?page_id=1954872"},"modified":"2024-05-17T12:44:00","modified_gmt":"2024-05-17T10:44:00","slug":"curriculum-vitae-secretaire-generale-adjointe","status":"publish","type":"page","link":"https:\/\/www.dfh-ufa.org\/fr\/lufa\/lequipe-de-lufa\/direction\/curriculum-vitae-secretaire-generale-adjointe","title":{"rendered":"Curriculum vitae &#8211; Secr\u00e9taire g\u00e9n\u00e9rale adjointe"},"content":{"rendered":"<h2>Virginie Jouhaud-Neutard<\/h2>\n<p>est secr\u00e9taire g\u00e9n\u00e9rale adjointe de l&rsquo;Universit\u00e9 franco-allemande depuis mai 2024. Elle est originaire de Bordeaux et vit en Allemagne depuis 25 ans. Elle a \u00e9tudi\u00e9 les sciences \u00e9conomiques \u00e0 Paris et \u00e0 Mannheim, avec une sp\u00e9cialisation dans les relations \u00e9conomiques internationales. D\u00e9j\u00e0 pendant ses \u00e9tudes, elle s&rsquo;int\u00e9ressait aux questions europ\u00e9ennes et s&rsquo;engageait en tant que membre des Jeunes Europ\u00e9ens activement pour la construction europ\u00e9enne. Elle a commenc\u00e9 sa carri\u00e8re professionnelle en tant qu&rsquo;analyste financi\u00e8re puis responsable marketing pour des instruments financiers \u00e0 Francfort-sur-le-Main, avant de se tourner vers le secteur de la culture et de l&rsquo;\u00e9ducation dans un contexte franco-allemand. Au cours des ann\u00e9es pr\u00e9c\u00e9dant son entr\u00e9e en fonction \u00e0 l&rsquo;UFA, elle a \u00e9t\u00e9 pr\u00e9sidente de l&rsquo;association gestionnaire de l&rsquo;\u00e9cole maternelle et primaire fran\u00e7aise Pierre &amp; Marie Curie \u00e0 Heidelberg et, en dernier lieu, directrice de l&rsquo;Institut Fran\u00e7ais de Mannheim.<\/p>\n","protected":false},"excerpt":{"rendered":"<p>Virginie Jouhaud-Neutard est secr\u00e9taire g\u00e9n\u00e9rale adjointe de l&rsquo;Universit\u00e9 franco-allemande depuis mai 2024. Elle est originaire de Bordeaux et vit en Allemagne depuis 25 ans. Elle a \u00e9tudi\u00e9 les sciences \u00e9conomiques \u00e0 Paris et \u00e0 Mannheim, avec une sp\u00e9cialisation dans les relations \u00e9conomiques internationales. D\u00e9j\u00e0 pendant ses \u00e9tudes, elle s&rsquo;int\u00e9ressait aux questions europ\u00e9ennes et s&rsquo;engageait en [&hellip;]<\/p>\n","protected":false},"author":2,"featured_media":0,"parent":803,"menu_order":3,"comment_status":"closed","ping_status":"closed","template":"","meta":{"_bbp_topic_count":0,"_bbp_reply_count":0,"_bbp_total_topic_count":0,"_bbp_total_reply_count":0,"_bbp_voice_count":0,"_bbp_anonymous_reply_count":0,"_bbp_topic_count_hidden":0,"_bbp_reply_count_hidden":0,"_bbp_forum_subforum_count":0,"inline_featured_image":false},"acf":[],"_links":{"self":[{"href":"https:\/\/www.dfh-ufa.org\/fr\/wp-json\/wp\/v2\/pages\/1954872"}],"collection":[{"href":"https:\/\/www.dfh-ufa.org\/fr\/wp-json\/wp\/v2\/pages"}],"about":[{"href":"https:\/\/www.dfh-ufa.org\/fr\/wp-json\/wp\/v2\/types\/page"}],"author":[{"embeddable":true,"href":"https:\/\/www.dfh-ufa.org\/fr\/wp-json\/wp\/v2\/users\/2"}],"replies":[{"embeddable":true,"href":"https:\/\/www.dfh-ufa.org\/fr\/wp-json\/wp\/v2\/comments?post=1954872"}],"version-history":[{"count":3,"href":"https:\/\/www.dfh-ufa.org\/fr\/wp-json\/wp\/v2\/pages\/1954872\/revisions"}],"predecessor-version":[{"id":1954910,"href":"https:\/\/www.dfh-ufa.org\/fr\/wp-json\/wp\/v2\/pages\/1954872\/revisions\/1954910"}],"up":[{"embeddable":true,"href":"https:\/\/www.dfh-ufa.org\/fr\/wp-json\/wp\/v2\/pages\/803"}],"wp:attachment":[{"href":"https:\/\/www.dfh-ufa.org\/fr\/wp-json\/wp\/v2\/media?parent=1954872"}],"curies":[{"name":"wp","href":"https:\/\/api.w.org\/{rel}","templated":true}]}}