{"id":1955231,"date":"2024-06-26T17:22:09","date_gmt":"2024-06-26T15:22:09","guid":{"rendered":"https:\/\/www.dfh-ufa.org\/fr\/?page_id=1955231"},"modified":"2024-06-28T16:30:23","modified_gmt":"2024-06-28T14:30:23","slug":"rencontre-des-responsables-de-programmes-et-assemblee-des-etablissements-membres-2025","status":"publish","type":"page","link":"https:\/\/www.dfh-ufa.org\/fr\/actualites\/news\/rencontre-des-responsables-de-programmes-et-assemblee-des-etablissements-membres-2025","title":{"rendered":"Rencontre des responsables de programmes et Assembl\u00e9e des \u00e9tablissements membres 2025"},"content":{"rendered":"<div id=\"pl-1955231\"  class=\"panel-layout\" ><div id=\"pg-1955231-0\"  class=\"panel-grid panel-no-style\" ><div id=\"pgc-1955231-0-0\"  class=\"panel-grid-cell\" ><div id=\"panel-1955231-0-0-0\" class=\"widget_text so-panel widget widget_custom_html panel-first-child\" data-index=\"0\" ><div class=\"textwidget custom-html-widget\"><h3 class=\"entry__title\">La double manifestation aura lieu les 15 et 16 mai \u00e0 Passau.<\/h3>\n<\/div><\/div><div id=\"panel-1955231-0-0-1\" class=\"so-panel widget widget_text\" data-index=\"1\" >\t\t\t<div class=\"textwidget\"><\/div>\n\t\t<\/div><div id=\"panel-1955231-0-0-2\" class=\"widget_text so-panel widget widget_custom_html\" data-index=\"2\" ><div class=\"textwidget custom-html-widget\"><br><\/div><\/div><div id=\"panel-1955231-0-0-3\" class=\"so-panel widget widget_sow-layout-slider\" data-index=\"3\" ><div class=\"so-widget-sow-layout-slider so-widget-sow-layout-slider-default-7280b0932ab0-1955231\"><div class=\"sow-slider-base\" style=\"display: none\"><ul\n\t\t\t\t\tclass=\"sow-slider-images\"\n\t\t\t\t\tdata-settings=\"{&quot;pagination&quot;:true,&quot;speed&quot;:800,&quot;timeout&quot;:3000,&quot;paused&quot;:false,&quot;pause_on_hover&quot;:false,&quot;swipe&quot;:true,&quot;nav_always_show_desktop&quot;:true,&quot;nav_always_show_mobile&quot;:true,&quot;breakpoint&quot;:&quot;780px&quot;,&quot;unmute&quot;:false,&quot;anchor&quot;:null}\"\n\t\t\t\t\tstyle=\"min-height: 630px\"\t\t\t\t>\t\t<li class=\"sow-slider-image\" style=\"background-color: #ffffff\" >\n\t\t\t\t\t<div class=\"sow-slider-image-container\">\n\t\t\t<div class=\"sow-slider-image-wrapper\">\n\t\t\t\t<div id=\"pl-we4569c95\"  class=\"panel-layout\" ><div id=\"pg-we4569c95-0\"  class=\"panel-grid panel-no-style\" ><div id=\"pgc-we4569c95-0-0\"  class=\"panel-grid-cell\" ><div id=\"panel-we4569c95-0-0-0\" class=\"so-panel widget widget_media_image panel-first-child panel-last-child\" data-index=\"0\" ><img width=\"1754\" height=\"1240\" src=\"https:\/\/www.dfh-ufa.org\/app\/uploads\/2024\/06\/University-of-Passau-DFH-1-1.jpg\" class=\"image wp-image-1955197  attachment-full size-full\" alt=\"\" decoding=\"async\" loading=\"lazy\" style=\"max-width: 100%; height: auto;\" srcset=\"https:\/\/www.dfh-ufa.org\/app\/uploads\/2024\/06\/University-of-Passau-DFH-1-1.jpg 1754w, https:\/\/www.dfh-ufa.org\/app\/uploads\/2024\/06\/University-of-Passau-DFH-1-1-250x177.jpg 250w, https:\/\/www.dfh-ufa.org\/app\/uploads\/2024\/06\/University-of-Passau-DFH-1-1-1024x724.jpg 1024w, https:\/\/www.dfh-ufa.org\/app\/uploads\/2024\/06\/University-of-Passau-DFH-1-1-768x543.jpg 768w, https:\/\/www.dfh-ufa.org\/app\/uploads\/2024\/06\/University-of-Passau-DFH-1-1-1536x1086.jpg 1536w\" sizes=\"(max-width: 1754px) 100vw, 1754px\" \/><\/div><\/div><\/div><\/div>\t\t\t<\/div>\n\t\t<\/div>\n\t\t\t\t<\/li>\n\t\t\t\t<li class=\"sow-slider-image\" style=\"background-color: #ffffff\" >\n\t\t\t\t\t<div class=\"sow-slider-image-container\">\n\t\t\t<div class=\"sow-slider-image-wrapper\">\n\t\t\t\t<div id=\"pl-wba9ce40d\"  class=\"panel-layout\" ><div id=\"pg-wba9ce40d-0\"  class=\"panel-grid panel-no-style\" ><div id=\"pgc-wba9ce40d-0-0\"  class=\"panel-grid-cell\" ><div id=\"panel-wba9ce40d-0-0-0\" class=\"so-panel widget widget_media_image panel-first-child panel-last-child\" data-index=\"0\" ><img width=\"1754\" height=\"1240\" src=\"https:\/\/www.dfh-ufa.org\/app\/uploads\/2024\/06\/University-of-Passau-DFH-2-1.jpg\" class=\"image wp-image-1955198  attachment-full size-full\" alt=\"\" decoding=\"async\" loading=\"lazy\" style=\"max-width: 100%; height: auto;\" srcset=\"https:\/\/www.dfh-ufa.org\/app\/uploads\/2024\/06\/University-of-Passau-DFH-2-1.jpg 1754w, https:\/\/www.dfh-ufa.org\/app\/uploads\/2024\/06\/University-of-Passau-DFH-2-1-250x177.jpg 250w, https:\/\/www.dfh-ufa.org\/app\/uploads\/2024\/06\/University-of-Passau-DFH-2-1-1024x724.jpg 1024w, https:\/\/www.dfh-ufa.org\/app\/uploads\/2024\/06\/University-of-Passau-DFH-2-1-768x543.jpg 768w, https:\/\/www.dfh-ufa.org\/app\/uploads\/2024\/06\/University-of-Passau-DFH-2-1-1536x1086.jpg 1536w\" sizes=\"(max-width: 1754px) 100vw, 1754px\" \/><\/div><\/div><\/div><\/div>\t\t\t<\/div>\n\t\t<\/div>\n\t\t\t\t<\/li>\n\t\t\t\t<li class=\"sow-slider-image\" style=\"background-color: #ffffff\" >\n\t\t\t\t\t<div class=\"sow-slider-image-container\">\n\t\t\t<div class=\"sow-slider-image-wrapper\">\n\t\t\t\t<div id=\"pl-wf52d9f06\"  class=\"panel-layout\" ><div id=\"pg-wf52d9f06-0\"  class=\"panel-grid panel-no-style\" ><div id=\"pgc-wf52d9f06-0-0\"  class=\"panel-grid-cell\" ><div id=\"panel-wf52d9f06-0-0-0\" class=\"so-panel widget widget_media_image panel-first-child panel-last-child\" data-index=\"0\" ><img width=\"1754\" height=\"1240\" src=\"https:\/\/www.dfh-ufa.org\/app\/uploads\/2024\/06\/University-of-Passau-DFH-3-1.jpg\" class=\"image wp-image-1955199  attachment-full size-full\" alt=\"\" decoding=\"async\" loading=\"lazy\" style=\"max-width: 100%; height: auto;\" srcset=\"https:\/\/www.dfh-ufa.org\/app\/uploads\/2024\/06\/University-of-Passau-DFH-3-1.jpg 1754w, https:\/\/www.dfh-ufa.org\/app\/uploads\/2024\/06\/University-of-Passau-DFH-3-1-250x177.jpg 250w, https:\/\/www.dfh-ufa.org\/app\/uploads\/2024\/06\/University-of-Passau-DFH-3-1-1024x724.jpg 1024w, https:\/\/www.dfh-ufa.org\/app\/uploads\/2024\/06\/University-of-Passau-DFH-3-1-768x543.jpg 768w, https:\/\/www.dfh-ufa.org\/app\/uploads\/2024\/06\/University-of-Passau-DFH-3-1-1536x1086.jpg 1536w\" sizes=\"(max-width: 1754px) 100vw, 1754px\" \/><\/div><\/div><\/div><\/div>\t\t\t<\/div>\n\t\t<\/div>\n\t\t\t\t<\/li>\n\t\t\t\t<li class=\"sow-slider-image\" style=\"background-color: #ffffff\" >\n\t\t\t\t\t<div class=\"sow-slider-image-container\">\n\t\t\t<div class=\"sow-slider-image-wrapper\">\n\t\t\t\t<div id=\"pl-wff54c9bb\"  class=\"panel-layout\" ><div id=\"pg-wff54c9bb-0\"  class=\"panel-grid panel-no-style\" ><div id=\"pgc-wff54c9bb-0-0\"  class=\"panel-grid-cell\" ><div id=\"panel-wff54c9bb-0-0-0\" class=\"so-panel widget widget_media_image panel-first-child panel-last-child\" data-index=\"0\" ><img width=\"1754\" height=\"1240\" src=\"https:\/\/www.dfh-ufa.org\/app\/uploads\/2024\/06\/University-of-Passau-DFH-4-1.jpg\" class=\"image wp-image-1955200  attachment-full size-full\" alt=\"\" decoding=\"async\" loading=\"lazy\" style=\"max-width: 100%; height: auto;\" srcset=\"https:\/\/www.dfh-ufa.org\/app\/uploads\/2024\/06\/University-of-Passau-DFH-4-1.jpg 1754w, https:\/\/www.dfh-ufa.org\/app\/uploads\/2024\/06\/University-of-Passau-DFH-4-1-250x177.jpg 250w, https:\/\/www.dfh-ufa.org\/app\/uploads\/2024\/06\/University-of-Passau-DFH-4-1-1024x724.jpg 1024w, https:\/\/www.dfh-ufa.org\/app\/uploads\/2024\/06\/University-of-Passau-DFH-4-1-768x543.jpg 768w, https:\/\/www.dfh-ufa.org\/app\/uploads\/2024\/06\/University-of-Passau-DFH-4-1-1536x1086.jpg 1536w\" sizes=\"(max-width: 1754px) 100vw, 1754px\" \/><\/div><\/div><\/div><\/div>\t\t\t<\/div>\n\t\t<\/div>\n\t\t\t\t<\/li>\n\t\t\t\t<li class=\"sow-slider-image\" style=\"background-color: #ffffff\" >\n\t\t\t\t\t<div class=\"sow-slider-image-container\">\n\t\t\t<div class=\"sow-slider-image-wrapper\">\n\t\t\t\t<div id=\"pl-w027ccff3\"  class=\"panel-layout\" ><div id=\"pg-w027ccff3-0\"  class=\"panel-grid panel-no-style\" ><div id=\"pgc-w027ccff3-0-0\"  class=\"panel-grid-cell\" ><div id=\"panel-w027ccff3-0-0-0\" class=\"so-panel widget widget_media_image panel-first-child panel-last-child\" data-index=\"0\" ><img width=\"1754\" height=\"1240\" src=\"https:\/\/www.dfh-ufa.org\/app\/uploads\/2024\/06\/University-of-Passau-DFH-5-1.jpg\" class=\"image wp-image-1955201  attachment-full size-full\" alt=\"\" decoding=\"async\" loading=\"lazy\" style=\"max-width: 100%; height: auto;\" srcset=\"https:\/\/www.dfh-ufa.org\/app\/uploads\/2024\/06\/University-of-Passau-DFH-5-1.jpg 1754w, https:\/\/www.dfh-ufa.org\/app\/uploads\/2024\/06\/University-of-Passau-DFH-5-1-250x177.jpg 250w, https:\/\/www.dfh-ufa.org\/app\/uploads\/2024\/06\/University-of-Passau-DFH-5-1-1024x724.jpg 1024w, https:\/\/www.dfh-ufa.org\/app\/uploads\/2024\/06\/University-of-Passau-DFH-5-1-768x543.jpg 768w, https:\/\/www.dfh-ufa.org\/app\/uploads\/2024\/06\/University-of-Passau-DFH-5-1-1536x1086.jpg 1536w\" sizes=\"(max-width: 1754px) 100vw, 1754px\" \/><\/div><\/div><\/div><\/div>\t\t\t<\/div>\n\t\t<\/div>\n\t\t\t\t<\/li>\n\t\t\t\t<li class=\"sow-slider-image\" style=\"background-color: #ffffff\" >\n\t\t\t\t\t<div class=\"sow-slider-image-container\">\n\t\t\t<div class=\"sow-slider-image-wrapper\">\n\t\t\t\t<div id=\"pl-w19bf36c3\"  class=\"panel-layout\" ><div id=\"pg-w19bf36c3-0\"  class=\"panel-grid panel-no-style\" ><div id=\"pgc-w19bf36c3-0-0\"  class=\"panel-grid-cell\" ><div id=\"panel-w19bf36c3-0-0-0\" class=\"so-panel widget widget_media_image panel-first-child panel-last-child\" data-index=\"0\" ><img width=\"1754\" height=\"1240\" src=\"https:\/\/www.dfh-ufa.org\/app\/uploads\/2024\/06\/University-of-Passau-DFH-6-1.jpg\" class=\"image wp-image-1955202  attachment-full size-full\" alt=\"\" decoding=\"async\" loading=\"lazy\" style=\"max-width: 100%; height: auto;\" srcset=\"https:\/\/www.dfh-ufa.org\/app\/uploads\/2024\/06\/University-of-Passau-DFH-6-1.jpg 1754w, https:\/\/www.dfh-ufa.org\/app\/uploads\/2024\/06\/University-of-Passau-DFH-6-1-250x177.jpg 250w, https:\/\/www.dfh-ufa.org\/app\/uploads\/2024\/06\/University-of-Passau-DFH-6-1-1024x724.jpg 1024w, https:\/\/www.dfh-ufa.org\/app\/uploads\/2024\/06\/University-of-Passau-DFH-6-1-768x543.jpg 768w, https:\/\/www.dfh-ufa.org\/app\/uploads\/2024\/06\/University-of-Passau-DFH-6-1-1536x1086.jpg 1536w\" sizes=\"(max-width: 1754px) 100vw, 1754px\" \/><\/div><\/div><\/div><\/div>\t\t\t<\/div>\n\t\t<\/div>\n\t\t\t\t<\/li>\n\t\t<\/ul>\t\t\t\t<ol class=\"sow-slider-pagination\">\n\t\t\t\t\t\t\t\t\t\t\t<li><a href=\"#\" data-goto=\"0\" aria-label=\"afficher la diapositive 1\"><\/a><\/li>\n\t\t\t\t\t\t\t\t\t\t\t<li><a href=\"#\" data-goto=\"1\" aria-label=\"afficher la diapositive 2\"><\/a><\/li>\n\t\t\t\t\t\t\t\t\t\t\t<li><a href=\"#\" data-goto=\"2\" aria-label=\"afficher la diapositive 3\"><\/a><\/li>\n\t\t\t\t\t\t\t\t\t\t\t<li><a href=\"#\" data-goto=\"3\" aria-label=\"afficher la diapositive 4\"><\/a><\/li>\n\t\t\t\t\t\t\t\t\t\t\t<li><a href=\"#\" data-goto=\"4\" aria-label=\"afficher la diapositive 5\"><\/a><\/li>\n\t\t\t\t\t\t\t\t\t\t\t<li><a href=\"#\" data-goto=\"5\" aria-label=\"afficher la diapositive 6\"><\/a><\/li>\n\t\t\t\t\t\t\t\t\t<\/ol>\n\n\t\t\t\t<div class=\"sow-slide-nav sow-slide-nav-next\">\n\t\t\t\t\t<a href=\"#\" data-goto=\"next\" aria-label=\"diapositive suivante\" data-action=\"next\">\n\t\t\t\t\t\t<em class=\"sow-sld-icon-thin-right\"><\/em>\n\t\t\t\t\t<\/a>\n\t\t\t\t<\/div>\n\n\t\t\t\t<div class=\"sow-slide-nav sow-slide-nav-prev\">\n\t\t\t\t\t<a href=\"#\" data-goto=\"previous\" aria-label=\"diapositive pr\u00e9c\u00e9dente\" data-action=\"prev\">\n\t\t\t\t\t\t<em class=\"sow-sld-icon-thin-left\"><\/em>\n\t\t\t\t\t<\/a>\n\t\t\t\t<\/div>\n\t\t\t\t<\/div><\/div><\/div><div id=\"panel-1955231-0-0-4\" class=\"so-panel widget widget_text\" data-index=\"4\" >\t\t\t<div class=\"textwidget\"><p><strong>\u00c9tablissement h\u00f4te :<\/strong><\/p>\n<p>L\u2019Universit\u00e9 de Passau, situ\u00e9e au c\u0153ur de l\u2019Europe, jouit d\u2019une bonne visibilit\u00e9 et d\u2019une excellente r\u00e9putation dans le monde acad\u00e9mique gr\u00e2ce \u00e0 la qualit\u00e9 de sa recherche, des conditions d\u2019\u00e9tudes id\u00e9ales, un vaste transfert de connaissances vers la soci\u00e9t\u00e9 et un r\u00e9seau international tr\u00e8s dense. L\u2019Universit\u00e9 de Passau est une universit\u00e9 bavaroise r\u00e9solument tourn\u00e9e vers l\u2019avenir. B\u00e9n\u00e9ficiant d\u2019une forte visibilit\u00e9 sur le plan international et attrayante pour l\u2019Europe, elle peut apporter de pr\u00e9cieuses r\u00e9ponses aux enjeux d\u2019aujourd\u2019hui et de demain.<\/p>\n<p>La dimension internationale\u00a0est une sp\u00e9cificit\u00e9 indissociable de l\u2019identit\u00e9 de l\u2019Universit\u00e9 de Passau et un objectif strat\u00e9gique majeur. Les relations \u00e9troites qu\u2019elle entretient sur le plan international en qualit\u00e9 d\u2019institution, en particulier les coop\u00e9rations et partenariats de recherche transfrontaliers du monde scientifique, contribuent au d\u00e9veloppement d\u2019un r\u00e9seau mondial.<\/p>\n<p>L\u2019universit\u00e9 est r\u00e9put\u00e9e pour sa recherche inter- et transdisciplinaire largement ax\u00e9e sur les trois th\u00e9matiques transversales qu\u2019elle porte, \u00e0 savoir l\u2019Europe, le d\u00e9veloppement durable et le num\u00e9rique.<\/p>\n<p>L\u2019universit\u00e9 s\u2019est fix\u00e9 pour mission de rendre visible la pertinence sociale de la recherche et de permettre l\u2019utilisation des nouvelles connaissances scientifiques.<\/p>\n<p>Les mati\u00e8res enseign\u00e9es \u00e0 l\u2019Universit\u00e9 de Passau couvrent notamment les sciences humaines et sociales, le droit et les sciences \u00e9conomiques ainsi que l\u2019informatique et les math\u00e9matiques. Les connaissances et les technologies issues de la recherche ont vocation \u00e0 \u00eatre mises au service de la soci\u00e9t\u00e9 et du monde \u00e9conomique. C\u2019est dans cet esprit que l\u2019universit\u00e9 con\u00e7oit le transfert de connaissances et de technologies. Cela implique notamment un flux d\u2019impulsions entre la recherche et l\u2019enseignement d\u2019un c\u00f4t\u00e9 et la soci\u00e9t\u00e9 de l\u2019autre, un flux qui doit circuler dans les deux sens.<\/p>\n<p>L\u2019universit\u00e9 met \u00e0 disposition des connaissances pertinentes sur le plan social, culturel, juridique ou \u00e9conomique, tout en mettant plus particuli\u00e8rement l\u2019accent sur la promotion des activit\u00e9s de cr\u00e9ation d\u2019entreprises et le b\u00e9n\u00e9fice procur\u00e9 pour la soci\u00e9t\u00e9.<\/p>\n<\/div>\n\t\t<\/div><div id=\"panel-1955231-0-0-5\" class=\"widget_text so-panel widget widget_custom_html\" data-index=\"5\" ><div class=\"textwidget custom-html-widget\"><br><\/div><\/div><div id=\"panel-1955231-0-0-6\" class=\"widget_text so-panel widget widget_custom_html\" data-index=\"6\" ><div class=\"textwidget custom-html-widget\"><br><\/div><\/div><div id=\"panel-1955231-0-0-7\" class=\"so-panel widget widget_accordion panel-last-child\" data-index=\"7\" >        <div class=\"accordion\" data-collapse=\"1\">\n\n\t\t\t\t\t\t\t\t\t\t\t\t                    <div class=\"accordion__item\" id=\"69e15057649ad\">\n\n\t\t\t\t\t\t                            <header class=\"accordion__header\">\n                                <h2 class=\"accordion__title\">H\u00f4tels<\/h2>\n                            <\/header>\n\t\t\t\t\t\t\n\t\t\t\t\t\t                            <div class=\"accordion__content\">\n\t\t\t\t\t\t\t\t<p><a href=\"https:\/\/www.dfh-ufa.org\/app\/uploads\/2024\/06\/Hotels-in-Passau-2.pdf\" target=\"_blank\" rel=\"noopener\">Voir la liste des h\u00f4tels<\/a><\/p>\n                            <\/div>\n\t\t\t\t\t\t\n\t\t\t\t\t\t\n                    <\/div><!-- .accordion -->\n\n\t\t\t\t\n\t\t\t\t\t\t\t\t\t                    <div class=\"accordion__item\" id=\"69e15057649ca\">\n\n\t\t\t\t\t\t                            <header class=\"accordion__header\">\n                                <h2 class=\"accordion__title\">Programme<\/h2>\n                            <\/header>\n\t\t\t\t\t\t\n\t\t\t\t\t\t                            <div class=\"accordion__content\">\n\t\t\t\t\t\t\t\t<p>En ligne sous peu<\/p>\n                            <\/div>\n\t\t\t\t\t\t\n\t\t\t\t\t\t\n                    <\/div><!-- .accordion -->\n\n\t\t\t\t\n\t\t\t\t\t\t\t\t\t                    <div class=\"accordion__item\" id=\"69e15057649da\">\n\n\t\t\t\t\t\t                            <header class=\"accordion__header\">\n                                <h2 class=\"accordion__title\">Plan d'acc\u00e8s du campus <\/h2>\n                            <\/header>\n\t\t\t\t\t\t\n\t\t\t\t\t\t                            <div class=\"accordion__content\">\n\t\t\t\t\t\t\t\t<p><a href=\"https:\/\/www.uni-passau.de\/kontakt\/anreise-und-lageplaene\">Plan d'acc\u00e8s<\/a><\/p>\n                            <\/div>\n\t\t\t\t\t\t\n\t\t\t\t\t\t\n                    <\/div><!-- .accordion -->\n\n\t\t\t\t\n\t\t\t\t\t\t\t\n        <\/div><!-- .accordion -->\n\n\t\t<\/div><\/div><\/div><\/div>","protected":false},"excerpt":{"rendered":"<p>\u00c9tablissement h\u00f4te : L\u2019Universit\u00e9 de Passau, situ\u00e9e au c\u0153ur de l\u2019Europe, jouit d\u2019une bonne visibilit\u00e9 et d\u2019une excellente r\u00e9putation dans le monde acad\u00e9mique gr\u00e2ce \u00e0 la qualit\u00e9 de sa recherche, des conditions d\u2019\u00e9tudes id\u00e9ales, un vaste transfert de connaissances vers la soci\u00e9t\u00e9 et un r\u00e9seau international tr\u00e8s dense. L\u2019Universit\u00e9 de Passau est une universit\u00e9 bavaroise [&hellip;]<\/p>\n","protected":false},"author":400,"featured_media":0,"parent":869,"menu_order":3,"comment_status":"closed","ping_status":"closed","template":"","meta":{"_bbp_topic_count":0,"_bbp_reply_count":0,"_bbp_total_topic_count":0,"_bbp_total_reply_count":0,"_bbp_voice_count":0,"_bbp_anonymous_reply_count":0,"_bbp_topic_count_hidden":0,"_bbp_reply_count_hidden":0,"_bbp_forum_subforum_count":0,"inline_featured_image":false},"acf":[],"_links":{"self":[{"href":"https:\/\/www.dfh-ufa.org\/fr\/wp-json\/wp\/v2\/pages\/1955231"}],"collection":[{"href":"https:\/\/www.dfh-ufa.org\/fr\/wp-json\/wp\/v2\/pages"}],"about":[{"href":"https:\/\/www.dfh-ufa.org\/fr\/wp-json\/wp\/v2\/types\/page"}],"author":[{"embeddable":true,"href":"https:\/\/www.dfh-ufa.org\/fr\/wp-json\/wp\/v2\/users\/400"}],"replies":[{"embeddable":true,"href":"https:\/\/www.dfh-ufa.org\/fr\/wp-json\/wp\/v2\/comments?post=1955231"}],"version-history":[{"count":13,"href":"https:\/\/www.dfh-ufa.org\/fr\/wp-json\/wp\/v2\/pages\/1955231\/revisions"}],"predecessor-version":[{"id":1955265,"href":"https:\/\/www.dfh-ufa.org\/fr\/wp-json\/wp\/v2\/pages\/1955231\/revisions\/1955265"}],"up":[{"embeddable":true,"href":"https:\/\/www.dfh-ufa.org\/fr\/wp-json\/wp\/v2\/pages\/869"}],"wp:attachment":[{"href":"https:\/\/www.dfh-ufa.org\/fr\/wp-json\/wp\/v2\/media?parent=1955231"}],"curies":[{"name":"wp","href":"https:\/\/api.w.org\/{rel}","templated":true}]}}