{"id":1955749,"date":"2024-09-06T11:30:13","date_gmt":"2024-09-06T09:30:13","guid":{"rendered":"https:\/\/www.dfh-ufa.org\/fr\/?page_id=1955749"},"modified":"2025-10-10T12:53:04","modified_gmt":"2025-10-10T10:53:04","slug":"presentation-des-possibilites-de-soutien","status":"publish","type":"page","link":"https:\/\/www.dfh-ufa.org\/fr\/vous-etes\/etablissements\/gestion-des-programmes\/presentation-des-possibilites-de-soutien","title":{"rendered":"Pr\u00e9sentation des possibilit\u00e9s de soutien"},"content":{"rendered":"<p>L\u2019Universit\u00e9 franco-allemande (UFA) pr\u00e9sentera ses programmes d\u2019\u00e9tudes et de soutien \u00e0 la recherche ainsi que les possibilit\u00e9s de coop\u00e9ration pour les \u00e9tablissements partenaires le 30 octobre prochain de 9 h \u00e0 14 h \u00e0 l\u2019Universit\u00e9 de Rostock.<\/p>\n<p>Cette manifestation sera l\u2019occasion pour toute personne int\u00e9ress\u00e9e de se renseigner de mani\u00e8re d\u00e9taill\u00e9e sur les possibilit\u00e9s de soutien financier par l\u2019UFA dans le domaine de coop\u00e9rations franco-allemandes.<\/p>\n<p>Vous trouverez le programme provisoire <a href=\"https:\/\/www.dfh-ufa.org\/app\/uploads\/2025\/10\/DFH-Praesentation_Rostock_Programm-vorlaeufig_10-10.pdf\">ici<\/a>.<\/p>\n<p>Pour vous inscrire, merci de bien vouloir remplir le formulaire d&rsquo;inscription jusqu&rsquo;au 17 octobre 2025 :<\/p>\n<p><a href=\"https:\/\/www.dfh-ufa.org\/fr\/vous-etes\/etablissements\/gestion-des-programmes\/presentation-des-possibilites-de-soutien\/formulaire-dinscription-presentation-ufa\" target=\"_blank\" rel=\"noopener\"><strong>ici<\/strong><\/a><\/p>\n","protected":false},"excerpt":{"rendered":"<p>L\u2019Universit\u00e9 franco-allemande (UFA) pr\u00e9sentera ses programmes d\u2019\u00e9tudes et de soutien \u00e0 la recherche ainsi que les possibilit\u00e9s de coop\u00e9ration pour les \u00e9tablissements partenaires le 30 octobre prochain de 9 h \u00e0 14 h \u00e0 l\u2019Universit\u00e9 de Rostock. Cette manifestation sera l\u2019occasion pour toute personne int\u00e9ress\u00e9e de se renseigner de mani\u00e8re d\u00e9taill\u00e9e sur les possibilit\u00e9s de [&hellip;]<\/p>\n","protected":false},"author":17,"featured_media":0,"parent":854,"menu_order":0,"comment_status":"closed","ping_status":"closed","template":"","meta":{"_bbp_topic_count":0,"_bbp_reply_count":0,"_bbp_total_topic_count":0,"_bbp_total_reply_count":0,"_bbp_voice_count":0,"_bbp_anonymous_reply_count":0,"_bbp_topic_count_hidden":0,"_bbp_reply_count_hidden":0,"_bbp_forum_subforum_count":0,"inline_featured_image":false},"acf":[],"_links":{"self":[{"href":"https:\/\/www.dfh-ufa.org\/fr\/wp-json\/wp\/v2\/pages\/1955749"}],"collection":[{"href":"https:\/\/www.dfh-ufa.org\/fr\/wp-json\/wp\/v2\/pages"}],"about":[{"href":"https:\/\/www.dfh-ufa.org\/fr\/wp-json\/wp\/v2\/types\/page"}],"author":[{"embeddable":true,"href":"https:\/\/www.dfh-ufa.org\/fr\/wp-json\/wp\/v2\/users\/17"}],"replies":[{"embeddable":true,"href":"https:\/\/www.dfh-ufa.org\/fr\/wp-json\/wp\/v2\/comments?post=1955749"}],"version-history":[{"count":17,"href":"https:\/\/www.dfh-ufa.org\/fr\/wp-json\/wp\/v2\/pages\/1955749\/revisions"}],"predecessor-version":[{"id":1961599,"href":"https:\/\/www.dfh-ufa.org\/fr\/wp-json\/wp\/v2\/pages\/1955749\/revisions\/1961599"}],"up":[{"embeddable":true,"href":"https:\/\/www.dfh-ufa.org\/fr\/wp-json\/wp\/v2\/pages\/854"}],"wp:attachment":[{"href":"https:\/\/www.dfh-ufa.org\/fr\/wp-json\/wp\/v2\/media?parent=1955749"}],"curies":[{"name":"wp","href":"https:\/\/api.w.org\/{rel}","templated":true}]}}