{"id":1957156,"date":"2024-10-22T16:08:12","date_gmt":"2024-10-22T14:08:12","guid":{"rendered":"https:\/\/www.dfh-ufa.org\/fr\/?page_id=1957156"},"modified":"2025-04-30T11:54:02","modified_gmt":"2025-04-30T09:54:02","slug":"conseil","status":"publish","type":"page","link":"https:\/\/www.dfh-ufa.org\/fr\/vous-etes\/etablissements\/conseil","title":{"rendered":"Conseil &amp; soutien"},"content":{"rendered":"<div id=\"pl-1957156\"  class=\"panel-layout\" ><div id=\"pg-1957156-0\"  class=\"panel-grid panel-no-style\" ><div id=\"pgc-1957156-0-0\"  class=\"panel-grid-cell\" ><div id=\"panel-1957156-0-0-0\" class=\"so-panel widget widget_sow-editor panel-first-child\" data-index=\"0\" ><div class=\"so-widget-sow-editor so-widget-sow-editor-base\"><h2 class=\"widget-title\">Projets universitaires transfrontaliers : concevoir des programmes d\u2019\u00e9tudes et des coll\u00e8ges doctoraux franco-allemands avec l\u2019UFA<\/h2>\n<div class=\"siteorigin-widget-tinymce textwidget\">\n\t<div class=\"siteorigin-widget-tinymce textwidget\">\n<p><strong>Nous vous offrons un accompagnement global et vous aidons \u00e0 mettre en \u0153uvre votre id\u00e9e de projet.<\/strong><\/p>\n<p>Vous souhaitez mettre en place un cursus binational ou trinational sous l\u2019\u00e9gide de l\u2019UFA ? Vous envisagez la cr\u00e9ation d\u2019un coll\u00e8ge doctoral franco-allemand ? Ou bien vous planifiez une manifestation scientifique que vous souhaitez organiser conjointement avec des \u00e9tablissements fran\u00e7ais, allemands ou un pays tiers ?<\/p>\n<p>Gr\u00e2ce au soutien administratif et financier de l\u2019UFA, vous pouvez r\u00e9aliser ce type de projets. Nous vous accompagnons de la conception \u00e0 la r\u00e9alisation et vous proposons un soutien complet dans les domaines suivants :<\/p>\n<ul>\n<li>Conseils concernant le d\u00e9p\u00f4t d\u2019une demande de soutien avec information sur nos programmes<\/li>\n<li>\u00c9laboration d\u2019un premier descriptif de projet<\/li>\n<li>Recherche d\u2019institutions partenaires en France, en Allemagne ou dans un pays tiers<\/li>\n<li>Mise en relation avec des partenaires potentiels et assistance lors de la premi\u00e8re prise de contact<\/li>\n<li>Soutien financier pour la pr\u00e9paration de votre programme\/projet, p. ex. sous forme de <a href=\"https:\/\/www.dfh-ufa.org\/fr\/vous-etes\/etablissements\/appels-a-projets\/rencontres-preparatoires\" target=\"_blank\" rel=\"noopener\">rencontre pr\u00e9paratoire<\/a><\/li>\n<\/ul>\n<p>Mettez votre projet universitaire transfrontalier en place avec le soutien de l\u2019UFA et rejoignez notre r\u00e9seau franco-allemand !<\/p>\n<p>&nbsp;<\/p>\n<\/div>\n<\/div>\n<\/div><\/div><div id=\"panel-1957156-0-0-1\" class=\"so-panel widget widget_sow-image\" data-index=\"1\" ><div class=\"so-widget-sow-image so-widget-sow-image-default-d6014b76747a-1957156\">\n\n<div class=\"sow-image-container\">\n\t\t\t<a\n\t\t\thref=\"https:\/\/www.dfh-ufa.org\/app\/uploads\/2024\/10\/Partnerinnenboerse-FR.png\"\n\t\t\ttarget=\"_blank\" rel=\"noopener noreferrer\" \t\t>\n\t\t\t<img src=\"https:\/\/www.dfh-ufa.org\/app\/uploads\/2024\/10\/Partnerinnenboerse-FR.png\" width=\"2000\" height=\"1333\" srcset=\"https:\/\/www.dfh-ufa.org\/app\/uploads\/2024\/10\/Partnerinnenboerse-FR.png 2000w, https:\/\/www.dfh-ufa.org\/app\/uploads\/2024\/10\/Partnerinnenboerse-FR-250x167.png 250w, https:\/\/www.dfh-ufa.org\/app\/uploads\/2024\/10\/Partnerinnenboerse-FR-1024x682.png 1024w, https:\/\/www.dfh-ufa.org\/app\/uploads\/2024\/10\/Partnerinnenboerse-FR-768x512.png 768w, https:\/\/www.dfh-ufa.org\/app\/uploads\/2024\/10\/Partnerinnenboerse-FR-1536x1024.png 1536w, https:\/\/www.dfh-ufa.org\/app\/uploads\/2024\/10\/Partnerinnenboerse-FR-272x182.png 272w\" sizes=\"(max-width: 2000px) 100vw, 2000px\" title=\"Partnerinnenb\u00f6rse (FR)\" alt=\"\" loading=\"lazy\" \t\tclass=\"so-widget-image\"\/>\n\t<\/a><\/div>\n\n<\/div><\/div><div id=\"panel-1957156-0-0-2\" class=\"so-panel widget widget_sow-editor panel-last-child\" data-index=\"2\" ><div class=\"so-widget-sow-editor so-widget-sow-editor-base\">\n<div class=\"siteorigin-widget-tinymce textwidget\">\n\t<div class=\"siteorigin-widget-tinymce textwidget\">\n<p>&nbsp;<\/p>\n<p>Pour tout renseignement compl\u00e9mentaire, demande ou pour un conseil virtuel, veuillez vous adresser \u00e0\u00a0:<\/p>\n<p><a href=\"mailto:brachmann@dfh-ufa.org\">evaluation(at)dfh-ufa.org<\/a><\/p>\n<\/div>\n<\/div>\n<\/div><\/div><\/div><\/div><\/div>","protected":false},"excerpt":{"rendered":"<p>Nous vous offrons un accompagnement global et vous aidons \u00e0 mettre en \u0153uvre votre id\u00e9e de projet. Vous souhaitez mettre en place un cursus binational ou trinational sous l\u2019\u00e9gide de l\u2019UFA ? Vous envisagez la cr\u00e9ation d\u2019un coll\u00e8ge doctoral franco-allemand ? Ou bien vous planifiez une manifestation scientifique que vous souhaitez organiser conjointement avec des [&hellip;]<\/p>\n","protected":false},"author":478,"featured_media":0,"parent":844,"menu_order":0,"comment_status":"closed","ping_status":"closed","template":"","meta":{"_bbp_topic_count":0,"_bbp_reply_count":0,"_bbp_total_topic_count":0,"_bbp_total_reply_count":0,"_bbp_voice_count":0,"_bbp_anonymous_reply_count":0,"_bbp_topic_count_hidden":0,"_bbp_reply_count_hidden":0,"_bbp_forum_subforum_count":0,"inline_featured_image":false},"acf":[],"_links":{"self":[{"href":"https:\/\/www.dfh-ufa.org\/fr\/wp-json\/wp\/v2\/pages\/1957156"}],"collection":[{"href":"https:\/\/www.dfh-ufa.org\/fr\/wp-json\/wp\/v2\/pages"}],"about":[{"href":"https:\/\/www.dfh-ufa.org\/fr\/wp-json\/wp\/v2\/types\/page"}],"author":[{"embeddable":true,"href":"https:\/\/www.dfh-ufa.org\/fr\/wp-json\/wp\/v2\/users\/478"}],"replies":[{"embeddable":true,"href":"https:\/\/www.dfh-ufa.org\/fr\/wp-json\/wp\/v2\/comments?post=1957156"}],"version-history":[{"count":10,"href":"https:\/\/www.dfh-ufa.org\/fr\/wp-json\/wp\/v2\/pages\/1957156\/revisions"}],"predecessor-version":[{"id":1959899,"href":"https:\/\/www.dfh-ufa.org\/fr\/wp-json\/wp\/v2\/pages\/1957156\/revisions\/1959899"}],"up":[{"embeddable":true,"href":"https:\/\/www.dfh-ufa.org\/fr\/wp-json\/wp\/v2\/pages\/844"}],"wp:attachment":[{"href":"https:\/\/www.dfh-ufa.org\/fr\/wp-json\/wp\/v2\/media?parent=1957156"}],"curies":[{"name":"wp","href":"https:\/\/api.w.org\/{rel}","templated":true}]}}