{"id":1957349,"date":"2024-10-31T10:33:47","date_gmt":"2024-10-31T09:33:47","guid":{"rendered":"https:\/\/www.dfh-ufa.org\/fr\/?page_id=1957349"},"modified":"2024-11-28T11:47:05","modified_gmt":"2024-11-28T10:47:05","slug":"anmeldung-alumni-meet-partners","status":"publish","type":"page","link":"https:\/\/www.dfh-ufa.org\/fr\/vous-etes\/entreprises\/anmeldung-alumni-meet-partners","title":{"rendered":"\u201eAlumni meet Partners\u201c \u2013 Forum Franco-Allemand \u00e0 Strasbourg le 15 novembre"},"content":{"rendered":"<div id=\"pl-1957349\"  class=\"panel-layout\" ><div id=\"pg-1957349-0\"  class=\"panel-grid panel-no-style\" ><div id=\"pgc-1957349-0-0\"  class=\"panel-grid-cell\" ><div id=\"panel-1957349-0-0-0\" class=\"so-panel widget widget_media_image panel-first-child\" data-index=\"0\" ><img width=\"820\" height=\"312\" src=\"https:\/\/www.dfh-ufa.org\/app\/uploads\/2024\/10\/Banner-Werbe_Event-7.png\" class=\"image wp-image-1957392  attachment-full size-full\" alt=\"\" decoding=\"async\" loading=\"lazy\" style=\"max-width: 100%; height: auto;\" srcset=\"https:\/\/www.dfh-ufa.org\/app\/uploads\/2024\/10\/Banner-Werbe_Event-7.png 820w, https:\/\/www.dfh-ufa.org\/app\/uploads\/2024\/10\/Banner-Werbe_Event-7-250x95.png 250w, https:\/\/www.dfh-ufa.org\/app\/uploads\/2024\/10\/Banner-Werbe_Event-7-768x292.png 768w\" sizes=\"(max-width: 820px) 100vw, 820px\" \/><\/div><div id=\"panel-1957349-0-0-1\" class=\"so-panel widget widget_sow-editor\" data-index=\"1\" ><div class=\"so-widget-sow-editor so-widget-sow-editor-base\">\n<div class=\"siteorigin-widget-tinymce textwidget\">\n\t<p>L\u2019Universit\u00e9 franco-allemande s\u2019engage pour l\u2019insertion professionnelle de ses \u00e9tudiant*es et dipl\u00f4m\u00e9*es.<\/p>\n<p>\u00c0 ce titre, l\u2019UFA se r\u00e9jouit de pr\u00e9senter notre nouveau format \u00ab <em>Alumni meet<\/em> <em>Partners<\/em>\u00bb qui se d\u00e9roulera <strong>le vendredi 15 novembre 2024 de 15h00 \u00e0 17h30<\/strong> dans le cadre du <strong>Forum Franco-Allemand de Strasbourg<\/strong>. L\u2019\u00e9v\u00e9nement aura lieu dans la Salle Varsovie, au Palais des Congr\u00e8s et de la Musique \u00e0 Strasbourg.<\/p>\n<p>Assistez \u00e0 une <strong>conf\u00e9rence interculturelle<\/strong> anim\u00e9e par <strong>Ann-Kristin Benthien<\/strong>, formatrice et sp\u00e9cialiste des questions des diff\u00e9rences interculturelles au sein des entreprises dans un contexte franco-allemand. Une conf\u00e9rence dynamique et interactive en fran\u00e7ais et en allemand.<\/p>\n<p>\u00c0 l\u2019issue de la conf\u00e9rence, les \u00e9tudiant*es et dipl\u00f4m\u00e9*es auront la possibilit\u00e9 d\u2019\u00e9changer avec certains de <strong>nos partenaires<\/strong> pr\u00e9sents sur place.<\/p>\n<p>&nbsp;<\/p>\n<p>&nbsp;<\/p>\n<\/div>\n<\/div><\/div><div id=\"panel-1957349-0-0-2\" class=\"so-panel widget widget_text\" data-index=\"2\" ><h2 class=\"widget-title\">Liste des partenaires pr\u00e9sents<\/h2>\t\t\t<div class=\"textwidget\"><\/div>\n\t\t<\/div><div id=\"panel-1957349-0-0-3\" class=\"so-panel widget widget_accordion\" data-index=\"3\" >        <div class=\"accordion\" data-collapse=\"1\">\n\n\t\t\t\t\t\t\t\t\t\t\t\t                    <div class=\"accordion__item\" id=\"69e7ba33db249\">\n\n\t\t\t\t\t\t                            <header class=\"accordion__header\">\n                                <h2 class=\"accordion__title\">FaCylities Multi Services (FMS) <\/h2>\n                            <\/header>\n\t\t\t\t\t\t\n\t\t\t\t\t\t                            <div class=\"accordion__content\">\n\t\t\t\t\t\t\t\t<p><a href=\"https:\/\/fms-ea.com\/\"><strong>FaCylities Multi Services<\/strong> (<strong>FMS)<\/strong><\/a> est une Entreprise Adapt\u00e9e sp\u00e9cialis\u00e9e dans la logistique, les m\u00e9tiers du num\u00e9rique, le textile, la fonction RH et la formation ainsi que le b\u00e2timent second-\u0153uvre, compte plus de 950 collaborateurs dans le Sud-Ouest de la France. Toujours en forte croissance, FMS- EA a pour objectif : le d\u00e9veloppement de l'emploi pour les personnes en situation de handicap (62 % de nos effectifs) et la qualit\u00e9 exemplaire des prestations propos\u00e9es.<\/p>\n<p>Il s\u2019agit d\u2019une entreprise multi sites, le si\u00e8ge de FMS est bas\u00e9 \u00e0 Saint Geours de Maremne (40) et se d\u00e9ploie sur les communes de : M\u00e9rignac et Cestas (33), Mouguerre, Bayonne et Idron (64), Tarbes (65), Soorts Hossegor et Peyrehorade (40) et Toulouse (31).<\/p>\n                            <\/div>\n\t\t\t\t\t\t\n\t\t\t\t\t\t\n                    <\/div><!-- .accordion -->\n\n\t\t\t\t\n\t\t\t\t\t\t\t\t\t                    <div class=\"accordion__item\" id=\"69e7ba33db28a\">\n\n\t\t\t\t\t\t                            <header class=\"accordion__header\">\n                                <h2 class=\"accordion__title\">Schultze &amp; Braun<\/h2>\n                            <\/header>\n\t\t\t\t\t\t\n\t\t\t\t\t\t                            <div class=\"accordion__content\">\n\t\t\t\t\t\t\t\t<p><a href=\"https:\/\/www.schultze-braun.de\/fr\">Schultze &amp; Braun<\/a> est un prestataire de services qui compte parmi les leaders en mati\u00e8re d\u2019administration de l\u2019insolvabilit\u00e9 et de conseil aux entreprises en difficult\u00e9. Schultze &amp; Braun, qui rassemble environ 500 collaborateurs r\u00e9partis entre 30 bureaux situ\u00e9s dans toute l\u2019Allemagne et en Europe, constitue ainsi l\u2019un des rares prestataires \u00e0 proposer une expertise \u00e0 la fois juridique et \u00e9conomique. Schultze &amp; Braun conseille des entreprises \u00e0 l\u2019\u00e9chelle r\u00e9gionale, nationale et internationale dans toutes les questions de redressement et de restructuration, les accompagne durant la crise ou leur montre comment l\u2019\u00e9viter. En outre, Schultze &amp; Braun offre des prestations globales de conseil aux entreprises, tant sur le plan juridique que fiscal.<\/p>\n                            <\/div>\n\t\t\t\t\t\t\n\t\t\t\t\t\t\n                    <\/div><!-- .accordion -->\n\n\t\t\t\t\n\t\t\t\t\t\t\t\t\t                    <div class=\"accordion__item\" id=\"69e7ba33db2b5\">\n\n\t\t\t\t\t\t                            <header class=\"accordion__header\">\n                                <h2 class=\"accordion__title\">Questel<\/h2>\n                            <\/header>\n\t\t\t\t\t\t\n\t\t\t\t\t\t                            <div class=\"accordion__content\">\n\t\t\t\t\t\t\t\t<p><a href=\"https:\/\/www.questel.com\/\"><strong>Questel<\/strong> <\/a>est un v\u00e9ritable fournisseur de solutions de propri\u00e9t\u00e9 intellectuelle de bout en bout pour plus de 20 000 clients et 1,5 million d'utilisateurs dans 30 pays. L\u2019entreprise offre une suite logicielle compl\u00e8te pour la recherche, l'analyse et la gestion des inventions, des brevets, des dessins et mod\u00e8les, des marques et des noms de domaine. Questel fournit \u00e9galement des services qui soutiennent le cycle de vie de la propri\u00e9t\u00e9 intellectuelle, y compris la recherche, la surveillance, le d\u00e9p\u00f4t international, la traduction, les renouvellements et les enregistrements.<\/p>\n<p>Au-del\u00e0 de la propri\u00e9t\u00e9 intellectuelle, Questel est devenu ces derni\u00e8res ann\u00e9es un leader dans la gestion de l'innovation mais aussi dans les op\u00e9rations juridiques et la localisation. Questel fournit des solutions technologiques et des logiciels pour faciliter le d\u00e9veloppement de l'innovation de mani\u00e8re efficace, s\u00e9curis\u00e9e et durable.<\/p>\n                            <\/div>\n\t\t\t\t\t\t\n\t\t\t\t\t\t\n                    <\/div><!-- .accordion -->\n\n\t\t\t\t\n\t\t\t\t\t\t\t\t\t                    <div class=\"accordion__item\" id=\"69e7ba33db2f5\">\n\n\t\t\t\t\t\t                            <header class=\"accordion__header\">\n                                <h2 class=\"accordion__title\">Ignite Group Deutschland<\/h2>\n                            <\/header>\n\t\t\t\t\t\t\n\t\t\t\t\t\t                            <div class=\"accordion__content\">\n\t\t\t\t\t\t\t\t<p><a href=\"https:\/\/ignite-group.com\/de\/?gad_source=1&amp;gclid=Cj0KCQjw1Yy5BhD-ARIsAI0RbXbIC3BdnDiu_kw0pXMNKeVbsEELI89h2gOKMMBdXIEAcQo0HUzT1sEaAm4fEALw_wcB\"><strong>Ignite Group Deutschland <\/strong><\/a>est une soci\u00e9t\u00e9 de conseil en entreprise active en Allemagne et en Europe, bas\u00e9e \u00e0 St. Ingbert, Berlin et Paris. L'entreprise s'occupe depuis plus de 13 ans des th\u00e8mes de l'innovation, de la recherche et du d\u00e9veloppement, de la promotion technologique et du financement.<\/p>\n<p>Ses clients sont des start-ups, des petites et moyennes entreprises ainsi que des grandes entreprises. Beaucoup d'entre eux sont accompagn\u00e9s depuis plusieurs ann\u00e9es d\u00e9j\u00e0 Le groupe Ignite comprend au total 11 sites aux Pays-Bas, en Allemagne et en France, o\u00f9 travaillent environ 190 experts en subventions. L'\u00e9quipe exp\u00e9riment\u00e9e d'Ignite Group est compos\u00e9e d'experts de diff\u00e9rentes disciplines, dont l'ing\u00e9nierie, les sciences naturelles, les sciences humaines et la gestion d'entreprise.<\/p>\n                            <\/div>\n\t\t\t\t\t\t\n\t\t\t\t\t\t\n                    <\/div><!-- .accordion -->\n\n\t\t\t\t\n\t\t\t\t\t\t\t\t\t                    <div class=\"accordion__item\" id=\"69e7ba33db322\">\n\n\t\t\t\t\t\t                            <header class=\"accordion__header\">\n                                <h2 class=\"accordion__title\">Investitions \u2013 und Marketinggesellschaft Sachsen-Anhalt mbH<\/h2>\n                            <\/header>\n\t\t\t\t\t\t\n\t\t\t\t\t\t                            <div class=\"accordion__content\">\n\t\t\t\t\t\t\t\t<p>BIENVENUE DANS LE MONDE DE DEMAIN.<\/p>\n<p>ICI, nous pensons d\u00e9j\u00e0 \u00e0 l\u2019avenir. La Saxe-Anhalt ne rime pas avec innovations ? Ce clich\u00e9 est d\u00e9pass\u00e9 ! Notre Land est devenu incontournable pour tous ceux qui, aujourd\u2019hui, pr\u00e9parent le monde de demain.<\/p>\n<p>ICI, on s\u2019appuie sur les traditions. ICI, on red\u00e9finit la confiance en soi et on va de l\u2019avant. ICI, des produits utilis\u00e9s dans le monde entier voient le jour. ICI, des chercheurs d\u00e9veloppent des innovations pris\u00e9es au niveau international. ICI vivent et travaillent des gens passionn\u00e9s, qui ne souhaitent plus repartir.<\/p>\n<p>ICI, treize sites \u00e0 fort potentiel portent un nom qui indique la voie \u00e0 suivre. Ces p\u00f4les d\u2019innovation r\u00e9unissent science, recherche et \u00e9conomie. ICI, des acteurs cl\u00e9s sont \u00e0 l\u2019\u0153uvre. Nos p\u00f4les d\u2019innovation n\u2019ont pas de fronti\u00e8res. Ils sont ouverts aux id\u00e9es, aux innovations et aux investissements. Et ils continuent de se d\u00e9velopper.<\/p>\n<p><a href=\"https:\/\/www.investieren-in-sachsen-anhalt.de\/\">Plus d'informations sur IMG Sachsen-Anhalt<\/a><\/p>\n                            <\/div>\n\t\t\t\t\t\t\n\t\t\t\t\t\t\n                    <\/div><!-- .accordion -->\n\n\t\t\t\t\n\t\t\t\t\t\t\t\n        <\/div><!-- .accordion -->\n\n\t\t<\/div><div id=\"panel-1957349-0-0-4\" class=\"so-panel widget widget_text\" data-index=\"4\" >\t\t\t<div class=\"textwidget\"><p>&nbsp;<\/p>\n<p>&nbsp;<\/p>\n<\/div>\n\t\t<\/div><div id=\"panel-1957349-0-0-5\" class=\"so-panel widget widget_text panel-last-child\" data-index=\"5\" ><h2 class=\"widget-title\">Inscription<\/h2>\t\t\t<div class=\"textwidget\"><p>Les places \u00e9tant limit\u00e9es, nous vous prions de remplir ce formulaire en ligne <a href=\"https:\/\/www.dfh-ufa.org\/fr\/alumni-meet-partners\">ici<\/a>.<\/p>\n<p>Vous trouverez toutes les informations sur l\u2019acc\u00e8s au Forum <a href=\"https:\/\/www.ffa-dff.org\/fr\/salon\/ou-et-quand\">ici<\/a>.<\/p>\n<p>H\u00e9lo\u00efse Dardaine se tient \u00e0 votre disposition en cas de questions (T\u00e9l. : + 49 681 93812 \u2013 145, courriel : <a href=\"mailto:dardaine@dfh-ufa.org\">dardaine@dfh-ufa.org<\/a>).<\/p>\n<\/div>\n\t\t<\/div><\/div><\/div><\/div>","protected":false},"excerpt":{"rendered":"<p>L\u2019Universit\u00e9 franco-allemande s\u2019engage pour l\u2019insertion professionnelle de ses \u00e9tudiant*es et dipl\u00f4m\u00e9*es. \u00c0 ce titre, l\u2019UFA se r\u00e9jouit de pr\u00e9senter notre nouveau format \u00ab Alumni meet Partners\u00bb qui se d\u00e9roulera le vendredi 15 novembre 2024 de 15h00 \u00e0 17h30 dans le cadre du Forum Franco-Allemand de Strasbourg. L\u2019\u00e9v\u00e9nement aura lieu dans la Salle Varsovie, au Palais [&hellip;]<\/p>\n","protected":false},"author":455,"featured_media":0,"parent":861,"menu_order":0,"comment_status":"closed","ping_status":"closed","template":"","meta":{"_bbp_topic_count":0,"_bbp_reply_count":0,"_bbp_total_topic_count":0,"_bbp_total_reply_count":0,"_bbp_voice_count":0,"_bbp_anonymous_reply_count":0,"_bbp_topic_count_hidden":0,"_bbp_reply_count_hidden":0,"_bbp_forum_subforum_count":0,"inline_featured_image":false},"acf":[],"_links":{"self":[{"href":"https:\/\/www.dfh-ufa.org\/fr\/wp-json\/wp\/v2\/pages\/1957349"}],"collection":[{"href":"https:\/\/www.dfh-ufa.org\/fr\/wp-json\/wp\/v2\/pages"}],"about":[{"href":"https:\/\/www.dfh-ufa.org\/fr\/wp-json\/wp\/v2\/types\/page"}],"author":[{"embeddable":true,"href":"https:\/\/www.dfh-ufa.org\/fr\/wp-json\/wp\/v2\/users\/455"}],"replies":[{"embeddable":true,"href":"https:\/\/www.dfh-ufa.org\/fr\/wp-json\/wp\/v2\/comments?post=1957349"}],"version-history":[{"count":25,"href":"https:\/\/www.dfh-ufa.org\/fr\/wp-json\/wp\/v2\/pages\/1957349\/revisions"}],"predecessor-version":[{"id":1957618,"href":"https:\/\/www.dfh-ufa.org\/fr\/wp-json\/wp\/v2\/pages\/1957349\/revisions\/1957618"}],"up":[{"embeddable":true,"href":"https:\/\/www.dfh-ufa.org\/fr\/wp-json\/wp\/v2\/pages\/861"}],"wp:attachment":[{"href":"https:\/\/www.dfh-ufa.org\/fr\/wp-json\/wp\/v2\/media?parent=1957349"}],"curies":[{"name":"wp","href":"https:\/\/api.w.org\/{rel}","templated":true}]}}