{"id":19576,"date":"2019-11-25T10:15:46","date_gmt":"2019-11-25T09:15:46","guid":{"rendered":"https:\/\/www.dfh-ufa.org\/fr\/?page_id=19576"},"modified":"2022-01-05T15:15:36","modified_gmt":"2022-01-05T14:15:36","slug":"charte-devaluation-et-dassurance-qualite-des-programmes-detudes-et-programmes-de-soutien-aux-jeunes-chercheurs","status":"publish","type":"page","link":"https:\/\/www.dfh-ufa.org\/fr\/vous-etes\/etablissements\/evaluation\/charte-devaluation-et-dassurance-qualite-des-programmes-detudes-et-programmes-de-soutien-aux-jeunes-chercheurs","title":{"rendered":"Charte d\u2019\u00e9valuation et d\u2019assurance-qualit\u00e9 des programmes d\u2019\u00e9tudes et programmes de soutien aux jeunes chercheurs"},"content":{"rendered":"<h2>Table des mati\u00e8res du dossier<\/h2>\n<h3><a href=\"https:\/\/www.dfh-ufa.org\/fr\/vous-etes\/etablissements\/evaluation\/charte-devaluation-et-dassurance-qualite-des-programmes-detudes-et-programmes-de-soutien-aux-jeunes-chercheurs\/preambule\/\">PR\u00c9AMBULE<\/a><\/h3>\n<h3><a href=\"https:\/\/www.dfh-ufa.org\/fr\/vous-etes\/etablissements\/evaluation\/charte-devaluation-et-dassurance-qualite-des-programmes-detudes-et-programmes-de-soutien-aux-jeunes-chercheurs\/a-les-criteres-de-qualite-des-programmes-de-lufa-2\/\">A. LES CRIT\u00c8RES DE QUALIT\u00c9 DES PROGRAMMES DE L\u2019UFA<\/a><\/h3>\n<h4><a href=\"https:\/\/www.dfh-ufa.org\/fr\/vous-etes\/etablissements\/evaluation\/charte-devaluation-et-dassurance-qualite-des-programmes-detudes-et-programmes-de-soutien-aux-jeunes-chercheurs\/a-les-criteres-de-qualite-des-programmes-de-lufa-2\/a-les-criteres-de-qualite-des-programmes-de-lufa\/\">A.I. Crit\u00e8res et principes g\u00e9n\u00e9raux guidant les actions de l\u2019Universit\u00e9 franco-allemande<\/a><\/h4>\n<h4><a href=\"https:\/\/www.dfh-ufa.org\/fr\/vous-etes\/etablissements\/evaluation\/charte-devaluation-et-dassurance-qualite-des-programmes-detudes-et-programmes-de-soutien-aux-jeunes-chercheurs\/a-les-criteres-de-qualite-des-programmes-de-lufa-2\/a-ii-criteres-de-qualite-propres-aux-programmes-detudes\/\">A.II. Crit\u00e8res de qualit\u00e9 propres aux programmes d\u2019\u00e9tudes<\/a><\/h4>\n<h4><a href=\"https:\/\/www.dfh-ufa.org\/fr\/vous-etes\/etablissements\/evaluation\/charte-devaluation-et-dassurance-qualite-des-programmes-detudes-et-programmes-de-soutien-aux-jeunes-chercheurs\/a-les-criteres-de-qualite-des-programmes-de-lufa-2\/a-iii-criteres-specifiques-des-programmes-de-soutien-aux-jeunes-chercheurs\/\">A.III. Crit\u00e8res sp\u00e9cifiques des programmes de soutien aux jeunes chercheurs<\/a><\/h4>\n<h3><a href=\"https:\/\/www.dfh-ufa.org\/fr\/vous-etes\/etablissements\/evaluation\/charte-devaluation-et-dassurance-qualite-des-programmes-detudes-et-programmes-de-soutien-aux-jeunes-chercheurs\/b-les-programmes-de-lufa\/\">B. LES PROGRAMMES DE L\u2019UFA<\/a><\/h3>\n<h4><a href=\"https:\/\/www.dfh-ufa.org\/fr\/vous-etes\/etablissements\/evaluation\/charte-devaluation-et-dassurance-qualite-des-programmes-detudes-et-programmes-de-soutien-aux-jeunes-chercheurs\/b-les-programmes-de-lufa\/b-i-objectifs-generaux-des-programmes\/\">B.I. Objectifs g\u00e9n\u00e9raux des programmes<\/a><\/h4>\n<h4><a href=\"https:\/\/www.dfh-ufa.org\/fr\/vous-etes\/etablissements\/evaluation\/charte-devaluation-et-dassurance-qualite-des-programmes-detudes-et-programmes-de-soutien-aux-jeunes-chercheurs\/b-les-programmes-de-lufa\/b-ii-les-cursus-de-lufa\/\">B.II. Les cursus de l\u2019UFA<\/a><\/h4>\n<h4><a href=\"https:\/\/www.dfh-ufa.org\/fr\/vous-etes\/etablissements\/evaluation\/charte-devaluation-et-dassurance-qualite-des-programmes-detudes-et-programmes-de-soutien-aux-jeunes-chercheurs\/b-les-programmes-de-lufa\/b-iii-les-programmes-de-soutien-aux-jeunes-chercheurs\/\">B.III. Les programmes de soutien aux jeunes chercheurs<\/a><\/h4>\n<h3><a href=\"https:\/\/www.dfh-ufa.org\/fr\/vous-etes\/etablissements\/evaluation\/charte-devaluation-et-dassurance-qualite-des-programmes-detudes-et-programmes-de-soutien-aux-jeunes-chercheurs\/c-les-demarches-de-demande-de-soutien\/\">C. LES D\u00c9MARCHES DE DEMANDE DE SOUTIEN<\/a><\/h3>\n<h3><a href=\"https:\/\/www.dfh-ufa.org\/fr\/vous-etes\/etablissements\/evaluation\/charte-devaluation-et-dassurance-qualite-des-programmes-detudes-et-programmes-de-soutien-aux-jeunes-chercheurs\/d-levaluation-des-programmes-detudes-et-de-soutien-aux-jeunes-chercheurs\/\">D. L\u2019\u00c9VALUATION DES PROGRAMMES D\u2019\u00c9TUDES ET DE SOUTIEN AUX JEUNES CHERCHEURS<\/a><\/h3>\n<h4><a href=\"https:\/\/www.dfh-ufa.org\/fr\/vous-etes\/etablissements\/evaluation\/charte-devaluation-et-dassurance-qualite-des-programmes-detudes-et-programmes-de-soutien-aux-jeunes-chercheurs\/d-levaluation-des-programmes-detudes-et-de-soutien-aux-jeunes-chercheurs\/d-i-les-principes-generaux-de-levaluation\/\">D.I. Les principes g\u00e9n\u00e9raux de l\u2019\u00e9valuation<\/a><\/h4>\n<h4><a href=\"https:\/\/www.dfh-ufa.org\/fr\/vous-etes\/etablissements\/evaluation\/charte-devaluation-et-dassurance-qualite-des-programmes-detudes-et-programmes-de-soutien-aux-jeunes-chercheurs\/d-levaluation-des-programmes-detudes-et-de-soutien-aux-jeunes-chercheurs\/d-ii-evaluation-des-programmes-detudes-et-des-programmes-de-phd-track\/\">D.II. \u00c9valuation des programmes d\u2019\u00e9tudes et des programmes de PhD-Track<\/a><\/h4>\n<h4><a href=\"https:\/\/www.dfh-ufa.org\/fr\/vous-etes\/etablissements\/evaluation\/charte-devaluation-et-dassurance-qualite-des-programmes-detudes-et-programmes-de-soutien-aux-jeunes-chercheurs\/d-levaluation-des-programmes-detudes-et-de-soutien-aux-jeunes-chercheurs\/d-iii-evaluation-des-programmes-de-soutien-aux-jeunes-chercheurs\/\">D.III. \u00c9valuation des programmes de soutien aux jeunes chercheurs<\/a><\/h4>\n<h3><a href=\"https:\/\/www.dfh-ufa.org\/fr\/vous-etes\/etablissements\/evaluation\/charte-devaluation-et-dassurance-qualite-des-programmes-detudes-et-programmes-de-soutien-aux-jeunes-chercheurs\/e-lassurance-qualite-mise-en-oeuvre-a-lufa\/\">E. L\u2019ASSURANCE-QUALIT\u00c9 MISE EN \u0152UVRE \u00c0 L\u2019UFA<\/a><\/h3>\n<h4><a href=\"https:\/\/www.dfh-ufa.org\/fr\/vous-etes\/etablissements\/evaluation\/charte-devaluation-et-dassurance-qualite-des-programmes-detudes-et-programmes-de-soutien-aux-jeunes-chercheurs\/e-lassurance-qualite-mise-en-oeuvre-a-lufa\/e-i-assurance-qualite-pour-les-programmes-detudes\/\">E.I. Assurance-qualit\u00e9 pour les programmes d\u2019\u00e9tudes<\/a><\/h4>\n<h4><a href=\"https:\/\/www.dfh-ufa.org\/fr\/vous-etes\/etablissements\/evaluation\/charte-devaluation-et-dassurance-qualite-des-programmes-detudes-et-programmes-de-soutien-aux-jeunes-chercheurs\/e-lassurance-qualite-mise-en-oeuvre-a-lufa\/e-ii-assurance-qualite-des-programmes-de-soutien-aux-jeunes-chercheurs\/\">E.II. Assurance-qualit\u00e9 des programmes de soutien aux jeunes chercheurs<\/a><\/h4>\n","protected":false},"excerpt":{"rendered":"<p>Table des mati\u00e8res du dossier PR\u00c9AMBULE A. LES CRIT\u00c8RES DE QUALIT\u00c9 DES PROGRAMMES DE L\u2019UFA A.I. Crit\u00e8res et principes g\u00e9n\u00e9raux guidant les actions de l\u2019Universit\u00e9 franco-allemande A.II. Crit\u00e8res de qualit\u00e9 propres aux programmes d\u2019\u00e9tudes A.III. Crit\u00e8res sp\u00e9cifiques des programmes de soutien aux jeunes chercheurs B. LES PROGRAMMES DE L\u2019UFA B.I. Objectifs g\u00e9n\u00e9raux des programmes B.II. [&hellip;]<\/p>\n","protected":false},"author":3,"featured_media":0,"parent":850,"menu_order":1273,"comment_status":"closed","ping_status":"closed","template":"","meta":{"_bbp_topic_count":0,"_bbp_reply_count":0,"_bbp_total_topic_count":0,"_bbp_total_reply_count":0,"_bbp_voice_count":0,"_bbp_anonymous_reply_count":0,"_bbp_topic_count_hidden":0,"_bbp_reply_count_hidden":0,"_bbp_forum_subforum_count":0,"inline_featured_image":false},"acf":[],"_links":{"self":[{"href":"https:\/\/www.dfh-ufa.org\/fr\/wp-json\/wp\/v2\/pages\/19576"}],"collection":[{"href":"https:\/\/www.dfh-ufa.org\/fr\/wp-json\/wp\/v2\/pages"}],"about":[{"href":"https:\/\/www.dfh-ufa.org\/fr\/wp-json\/wp\/v2\/types\/page"}],"author":[{"embeddable":true,"href":"https:\/\/www.dfh-ufa.org\/fr\/wp-json\/wp\/v2\/users\/3"}],"replies":[{"embeddable":true,"href":"https:\/\/www.dfh-ufa.org\/fr\/wp-json\/wp\/v2\/comments?post=19576"}],"version-history":[{"count":11,"href":"https:\/\/www.dfh-ufa.org\/fr\/wp-json\/wp\/v2\/pages\/19576\/revisions"}],"predecessor-version":[{"id":186799,"href":"https:\/\/www.dfh-ufa.org\/fr\/wp-json\/wp\/v2\/pages\/19576\/revisions\/186799"}],"up":[{"embeddable":true,"href":"https:\/\/www.dfh-ufa.org\/fr\/wp-json\/wp\/v2\/pages\/850"}],"wp:attachment":[{"href":"https:\/\/www.dfh-ufa.org\/fr\/wp-json\/wp\/v2\/media?parent=19576"}],"curies":[{"name":"wp","href":"https:\/\/api.w.org\/{rel}","templated":true}]}}