{"id":19586,"date":"2019-11-26T09:33:24","date_gmt":"2019-11-26T08:33:24","guid":{"rendered":"https:\/\/www.dfh-ufa.org\/fr\/?page_id=19586"},"modified":"2020-05-20T15:22:21","modified_gmt":"2020-05-20T13:22:21","slug":"preambule","status":"publish","type":"page","link":"https:\/\/www.dfh-ufa.org\/fr\/vous-etes\/etablissements\/evaluation\/charte-devaluation-et-dassurance-qualite-des-programmes-detudes-et-programmes-de-soutien-aux-jeunes-chercheurs\/preambule","title":{"rendered":"Pr\u00e9ambule"},"content":{"rendered":"<h2>LE CONTEXTE INSTITUTIONNEL DE L\u2019UNIVERSIT\u00c9 FRANCO-ALLEMANDE<br \/>\nDES MISSIONS ET DES M\u00c9THODES<br \/>\nUNE EXIGENCE D\u2019EXCELLENCE<\/h2>\n<p>L\u2019Universit\u00e9 franco-allemande est une institution binationale r\u00e9gie par un accord intergouvernemental (Accord de Weimar)\u00a0; fond\u00e9e en 1997, elle est financ\u00e9e \u00e0 parit\u00e9 par les deux gouvernements\u00a0: BMBF (Bundesministerium f\u00fcr Bildung und Forschung), L\u00e4nder, AA\u00a0(Ausw\u00e4rtiges Amt), MESRI (Minist\u00e8re de l\u2019Enseignement sup\u00e9rieur, de la Recherche et de l\u2019Innovation), MEAE (Minist\u00e8re de l\u2019Europe et des Affaires \u00c9trang\u00e8res).<\/p>\n<p>Sa mission est de renforcer la coop\u00e9ration franco-allemande dans les domaines de l\u2019enseignement sup\u00e9rieur et du soutien aux jeunes chercheurs.<br \/>\nElle assure le soutien \u00e0 la mobilit\u00e9 structur\u00e9e franco-allemande, et plus largement europ\u00e9enne et internationale, et aux possibilit\u00e9s de carri\u00e8re \u00e0 l\u2019\u00e9tranger des \u00e9tudiants1 et des jeunes chercheurs.<\/p>\n<p>La qualit\u00e9 et l\u2019excellence qu\u2019elle exige des programmes qu\u2019elle soutient se refl\u00e8te dans ses proc\u00e9dures de s\u00e9lection, dans l\u2019attention port\u00e9e au suivi des \u00e9tudes et aux d\u00e9bouch\u00e9s des \u00e9tudiants inscrits dans les \u00e9tablissements de son r\u00e9seau.<\/p>\n<p>Les \u00e9tablissements porteurs des programmes de l\u2019Universit\u00e9 franco-allemande s\u2019engagent \u00e0 soutenir les responsables en charge de ces projets au sein de leur institution et contribuent, y compris financi\u00e8rement, au d\u00e9veloppement, \u00e0 la mise en \u0153uvre et au suivi de ces derniers afin d\u2019en garantir la p\u00e9rennit\u00e9. Ils auront \u00e9galement \u00e0 mettre en \u0153uvre des actions de communication ad\u00e9quates et \u00e0 d\u00e9velopper les relations avec le secteur \u00e9conomique, industriel ou le monde professionnel afin de faciliter l\u2019insertion professionnelle de leurs doubles dipl\u00f4m\u00e9s.<\/p>\n<p>L\u2019ensemble des op\u00e9rations relatives au traitement, \u00e0 l\u2019\u00e9valuation et \u00e0 l\u2019archivage des documents aff\u00e9rents est soumis \u00e0 la r\u00e9glementation sur la protection des donn\u00e9es. La r\u00e9glementation peut \u00eatre consult\u00e9e sous le lien suivant\u00a0: <a href=\"https:\/\/www.dfh-ufa.org\/fr\/charte-de-confidentialite\/\">https:\/\/www.dfh-ufa.org\/fr\/charte-de-confidentialite\/<\/a><\/p>\n<p>&nbsp;<\/p>\n<h2>LES INSTRUMENTS DE SOUTIEN DE L\u2019UNIVERSIT\u00c9 FRANCO-ALLEMANDE<\/h2>\n<p>L\u2019Universit\u00e9 franco-allemande soutient financi\u00e8rement et permet l\u2019organisation\u2026<\/p>\n<p>\u2026 de cursus d\u2019\u00e9tudes binationaux (ou trinationaux lorsque s\u2019y ajoute un pays tiers) de niveaux Licence et Master\u00a0:<\/p>\n<ul>\n<li>Les cursus int\u00e9gr\u00e9s<\/li>\n<li>Les cursus \u00e0 reconnaissance mutuelle<\/li>\n<\/ul>\n<p>&nbsp;<\/p>\n<p>\u2026 de programmes de soutien \u00e0 formation doctorale binationale voire trinationale des jeunes chercheurs\u00a0:<\/p>\n<ul>\n<li>Les programmes de \u00ab\u00a0PhD-Track\u00a0\u00bb, associant Master et Doctorat<\/li>\n<li>Les Cotutelles de th\u00e8se (CT)<\/li>\n<li>Les Coll\u00e8ges doctoraux franco-allemands (CDFA)<\/li>\n<\/ul>\n<p>&nbsp;<\/p>\n<p>\u2026 de manifestations scientifiques franco-allemandes en soutien aux jeunes chercheurs\u00a0:<\/p>\n<ul>\n<li>Les ateliers de recherche et \u00c9coles d\u2019\u00e9t\u00e9 ou d\u2019hiver<\/li>\n<li>Les appels \u00e0 projets d\u00e9di\u00e9s, innovants, strat\u00e9giques\u2026<\/li>\n<\/ul>\n<p>&nbsp;<\/p>\n<p>\u2026 de rencontres pr\u00e9paratoires pour permettre \u00e0 un tandem d\u2019\u00e9tablissements allemand et fran\u00e7ais de pr\u00e9parer ensemble leur candidature \u00e0 l\u2019un des programmes de soutien de l\u2019UFA.<\/p>\n<h5 id=\"utilisation_masculin\">\u00b9Dans le pr\u00e9sent texte, le genre masculin est utilis\u00e9 sans discrimination \u00e0 l\u2019\u00e9gard des hommes et des femmes, dans le seul but de faciliter la lecture.<\/h5>\n","protected":false},"excerpt":{"rendered":"<p>LE CONTEXTE INSTITUTIONNEL DE L\u2019UNIVERSIT\u00c9 FRANCO-ALLEMANDE DES MISSIONS ET DES M\u00c9THODES UNE EXIGENCE D\u2019EXCELLENCE L\u2019Universit\u00e9 franco-allemande est une institution binationale r\u00e9gie par un accord intergouvernemental (Accord de Weimar)\u00a0; fond\u00e9e en 1997, elle est financ\u00e9e \u00e0 parit\u00e9 par les deux gouvernements\u00a0: BMBF (Bundesministerium f\u00fcr Bildung und Forschung), L\u00e4nder, AA\u00a0(Ausw\u00e4rtiges Amt), MESRI (Minist\u00e8re de l\u2019Enseignement sup\u00e9rieur, de [&hellip;]<\/p>\n","protected":false},"author":3,"featured_media":0,"parent":19576,"menu_order":60,"comment_status":"closed","ping_status":"closed","template":"","meta":{"_bbp_topic_count":0,"_bbp_reply_count":0,"_bbp_total_topic_count":0,"_bbp_total_reply_count":0,"_bbp_voice_count":0,"_bbp_anonymous_reply_count":0,"_bbp_topic_count_hidden":0,"_bbp_reply_count_hidden":0,"_bbp_forum_subforum_count":0,"inline_featured_image":false},"acf":[],"_links":{"self":[{"href":"https:\/\/www.dfh-ufa.org\/fr\/wp-json\/wp\/v2\/pages\/19586"}],"collection":[{"href":"https:\/\/www.dfh-ufa.org\/fr\/wp-json\/wp\/v2\/pages"}],"about":[{"href":"https:\/\/www.dfh-ufa.org\/fr\/wp-json\/wp\/v2\/types\/page"}],"author":[{"embeddable":true,"href":"https:\/\/www.dfh-ufa.org\/fr\/wp-json\/wp\/v2\/users\/3"}],"replies":[{"embeddable":true,"href":"https:\/\/www.dfh-ufa.org\/fr\/wp-json\/wp\/v2\/comments?post=19586"}],"version-history":[{"count":6,"href":"https:\/\/www.dfh-ufa.org\/fr\/wp-json\/wp\/v2\/pages\/19586\/revisions"}],"predecessor-version":[{"id":19589,"href":"https:\/\/www.dfh-ufa.org\/fr\/wp-json\/wp\/v2\/pages\/19586\/revisions\/19589"}],"up":[{"embeddable":true,"href":"https:\/\/www.dfh-ufa.org\/fr\/wp-json\/wp\/v2\/pages\/19576"}],"wp:attachment":[{"href":"https:\/\/www.dfh-ufa.org\/fr\/wp-json\/wp\/v2\/media?parent=19586"}],"curies":[{"name":"wp","href":"https:\/\/api.w.org\/{rel}","templated":true}]}}