{"id":19594,"date":"2019-11-26T11:22:49","date_gmt":"2019-11-26T10:22:49","guid":{"rendered":"https:\/\/www.dfh-ufa.org\/fr\/?page_id=19594"},"modified":"2020-05-20T15:23:10","modified_gmt":"2020-05-20T13:23:10","slug":"a-les-criteres-de-qualite-des-programmes-de-lufa","status":"publish","type":"page","link":"https:\/\/www.dfh-ufa.org\/fr\/vous-etes\/etablissements\/evaluation\/charte-devaluation-et-dassurance-qualite-des-programmes-detudes-et-programmes-de-soutien-aux-jeunes-chercheurs\/a-les-criteres-de-qualite-des-programmes-de-lufa-2\/a-les-criteres-de-qualite-des-programmes-de-lufa","title":{"rendered":"A.I. Crit\u00e8res et principes g\u00e9n\u00e9raux guidant les actions de l\u2019Universit\u00e9 franco-allemande"},"content":{"rendered":"<p>L\u2019Universit\u00e9 franco-allemande (UFA) a comme objectifs et missions de promouvoir les relations et les \u00e9changes entre les \u00e9tablissements d\u2019enseignement sup\u00e9rieur fran\u00e7ais et allemands.<\/p>\n<p>Dans ses projets, l\u2019UFA associe des \u00e9tudiants, des jeunes chercheurs, des enseignants-chercheurs, des chercheurs d\u2019une part, et des institutions universitaires (\u00e9tablissements et \u00c9coles, instituts et laboratoires\u2026) d\u2019Allemagne et de France, ainsi que de pays tiers le cas \u00e9ch\u00e9ant, d\u2019autre part.<br \/>\nL\u2019Universit\u00e9 franco-allemande promeut, initie et favorise\u00a0:<\/p>\n<ul>\n<li>la mise en place de programmes et de cursus d\u2019\u00e9tudes franco-allemands \u00e0 fort degr\u00e9 d\u2019int\u00e9gration, d\u00e9bouchant sur un double dipl\u00f4me (ou un dipl\u00f4me conjoint), ceci \u00e0 tous les niveaux du LMD et dans toutes les disciplines relevant du champ universitaire.<\/li>\n<li>la mise en place, le soutien et l\u2019accompagnement de projets binationaux, voire trinationaux et internationaux, favorisant les \u00e9changes et la mobilit\u00e9 des jeunes chercheurs.<\/li>\n<\/ul>\n<p>&nbsp;<\/p>\n<p>Outre la composante franco-allemande exig\u00e9e, ces deux champs d\u2019action des programmes de l\u2019UFA s\u2019appuient sur un autre point commun capital : l\u2019exigence et le respect du principe fondamental de l\u2019excellence. Cette excellence doit \u00eatre pr\u00e9sente aussi bien au moment de la s\u00e9lection des projets selon la proc\u00e9dure d\u2019assurance qualit\u00e9, que dans la mise en \u0153uvre de ceux-ci, c\u2019est-\u00e0-dire dans leur fonctionnement, leur suivi, leurs d\u00e9bouch\u00e9s. Les autres crit\u00e8res (\u00e9tendue de l\u2019\u00e9ventail des disciplines propos\u00e9es, r\u00e9partition g\u00e9ographique \u00e9quilibr\u00e9e, etc.), pour importants qu\u2019ils soient, c\u00e8dent la priorit\u00e9 \u00e0 la consid\u00e9ration de la qualit\u00e9 du projet pr\u00e9sent\u00e9 et d\u00e9velopp\u00e9.<\/p>\n<p>L\u2019excellence des programmes de l\u2019UFA r\u00e9sulte d\u2019abord des principes d\u2019int\u00e9gration binationale mis en place et des coh\u00e9rences et compl\u00e9mentarit\u00e9s des contenus comme des m\u00e9thodes d\u2019enseignement des diff\u00e9rents partenaires impliqu\u00e9s. De surcro\u00eet, les exigences de qualit\u00e9 disciplinaire et acad\u00e9mique propres \u00e0 chaque \u00e9tablissement doivent \u00eatre maintenues et d\u00e9velopp\u00e9es au sein du programme commun\u00a0; elles sont compl\u00e9t\u00e9es par l\u2019acquisition de comp\u00e9tences linguistiques et interculturelles de haut niveau.<\/p>\n<p>La plus-value d\u2019originalit\u00e9 et d\u2019innovation des diff\u00e9rents programmes r\u00e9side ainsi dans la transmission d\u2019une qualit\u00e9 disciplinaire \u00e9largie, d\u2019un plurilinguisme et d\u2019une comp\u00e9tence interculturelle applicables bien au-del\u00e0 du simple cadre franco-allemand, et \u00e9troitement adapt\u00e9s tous deux aux divers types de programmes suivis.<\/p>\n<p>Les proc\u00e9dures de s\u00e9lection, d\u2019\u00e9valuation et de suivi des programmes ob\u00e9issent quant \u00e0 elles aux exigences de l\u2019assurance-qualit\u00e9 et de son am\u00e9lioration permanente. Ces proc\u00e9dures ob\u00e9issent au principe de comp\u00e9titivit\u00e9 entre les candidats aux diff\u00e9rents appels \u00e0 projets et sont structur\u00e9es de mani\u00e8re \u00e0 d\u00e9velopper une constante am\u00e9lioration de ces derniers.<\/p>\n","protected":false},"excerpt":{"rendered":"<p>L\u2019Universit\u00e9 franco-allemande (UFA) a comme objectifs et missions de promouvoir les relations et les \u00e9changes entre les \u00e9tablissements d\u2019enseignement sup\u00e9rieur fran\u00e7ais et allemands. Dans ses projets, l\u2019UFA associe des \u00e9tudiants, des jeunes chercheurs, des enseignants-chercheurs, des chercheurs d\u2019une part, et des institutions universitaires (\u00e9tablissements et \u00c9coles, instituts et laboratoires\u2026) d\u2019Allemagne et de France, ainsi que [&hellip;]<\/p>\n","protected":false},"author":3,"featured_media":0,"parent":19610,"menu_order":1276,"comment_status":"closed","ping_status":"closed","template":"","meta":{"_bbp_topic_count":0,"_bbp_reply_count":0,"_bbp_total_topic_count":0,"_bbp_total_reply_count":0,"_bbp_voice_count":0,"_bbp_anonymous_reply_count":0,"_bbp_topic_count_hidden":0,"_bbp_reply_count_hidden":0,"_bbp_forum_subforum_count":0,"inline_featured_image":false},"acf":[],"_links":{"self":[{"href":"https:\/\/www.dfh-ufa.org\/fr\/wp-json\/wp\/v2\/pages\/19594"}],"collection":[{"href":"https:\/\/www.dfh-ufa.org\/fr\/wp-json\/wp\/v2\/pages"}],"about":[{"href":"https:\/\/www.dfh-ufa.org\/fr\/wp-json\/wp\/v2\/types\/page"}],"author":[{"embeddable":true,"href":"https:\/\/www.dfh-ufa.org\/fr\/wp-json\/wp\/v2\/users\/3"}],"replies":[{"embeddable":true,"href":"https:\/\/www.dfh-ufa.org\/fr\/wp-json\/wp\/v2\/comments?post=19594"}],"version-history":[{"count":2,"href":"https:\/\/www.dfh-ufa.org\/fr\/wp-json\/wp\/v2\/pages\/19594\/revisions"}],"predecessor-version":[{"id":19597,"href":"https:\/\/www.dfh-ufa.org\/fr\/wp-json\/wp\/v2\/pages\/19594\/revisions\/19597"}],"up":[{"embeddable":true,"href":"https:\/\/www.dfh-ufa.org\/fr\/wp-json\/wp\/v2\/pages\/19610"}],"wp:attachment":[{"href":"https:\/\/www.dfh-ufa.org\/fr\/wp-json\/wp\/v2\/media?parent=19594"}],"curies":[{"name":"wp","href":"https:\/\/api.w.org\/{rel}","templated":true}]}}