{"id":1959620,"date":"2025-03-28T13:27:44","date_gmt":"2025-03-28T12:27:44","guid":{"rendered":"https:\/\/www.dfh-ufa.org\/fr\/?page_id=1959620"},"modified":"2026-03-05T16:03:46","modified_gmt":"2026-03-05T15:03:46","slug":"conference-interculturelle-en-ligne","status":"publish","type":"page","link":"https:\/\/www.dfh-ufa.org\/fr\/vous-etes\/etudiant\/entrainement-interculturel-a-la-candidature\/conference-interculturelle-en-ligne","title":{"rendered":"Conf\u00e9rence interculturelle (en ligne)"},"content":{"rendered":"<div id=\"pl-1959620\"  class=\"panel-layout\" ><div id=\"pg-1959620-0\"  class=\"panel-grid panel-no-style\" ><div id=\"pgc-1959620-0-0\"  class=\"panel-grid-cell\" ><div id=\"panel-1959620-0-0-0\" class=\"so-panel widget widget_sow-editor panel-first-child\" data-index=\"0\" ><div class=\"so-widget-sow-editor so-widget-sow-editor-base\"><h2 class=\"widget-title\">France-Allemagne au travail... nicht so einfach!<\/h2>\n<div class=\"siteorigin-widget-tinymce textwidget\">\n\t<p>Mardi 14 avril l'UFA organise une <strong><u>conf\u00e9rence interactive<\/u><\/strong> \u00e0 destination de ses \u00e9tudiant\u00b7es et dipl\u00f4m\u00e9\u00b7es. Cette conf\u00e9rence sera anim\u00e9e par Ann-Kristin Benthien, experte des diff\u00e9rences franco-allemandes et interculturelles dans le monde du travail.<\/p>\n<p><strong>\u00a0Vous d\u00e9couvrirez:<\/strong><\/p>\n<figure id=\"attachment_1961735\" aria-describedby=\"caption-attachment-1961735\" style=\"width: 223px\" class=\"wp-caption alignright\"><img decoding=\"async\" loading=\"lazy\" class=\"wp-image-1961735\" src=\"https:\/\/www.dfh-ufa.org\/app\/uploads\/2025\/10\/AKB_Interkulturelle_Konferenz-1-185x250.jpeg\" alt=\"AKB Interkulturelle Konferenz\" width=\"223\" height=\"301\" srcset=\"https:\/\/www.dfh-ufa.org\/app\/uploads\/2025\/10\/AKB_Interkulturelle_Konferenz-1-185x250.jpeg 185w, https:\/\/www.dfh-ufa.org\/app\/uploads\/2025\/10\/AKB_Interkulturelle_Konferenz-1-759x1024.jpeg 759w, https:\/\/www.dfh-ufa.org\/app\/uploads\/2025\/10\/AKB_Interkulturelle_Konferenz-1-768x1036.jpeg 768w, https:\/\/www.dfh-ufa.org\/app\/uploads\/2025\/10\/AKB_Interkulturelle_Konferenz-1.jpeg 1005w\" sizes=\"(max-width: 223px) 100vw, 223px\" \/><figcaption id=\"caption-attachment-1961735\" class=\"wp-caption-text\">Ann-Kristin Benthien lors de la conf\u00e9rence interculturelle, en pr\u00e9sentiel \u00e0 Strasbourg en 2024. Copyright : DFH\/UFA<\/figcaption><\/figure>\n<ul>\n<li>Des astuces pour s\u2019adapter au rythme de vie allemand et fran\u00e7ais<\/li>\n<li>Tous les secrets pour mener des r\u00e9unions entre allemand\u00b7es et fran\u00e7ais\u00b7es<\/li>\n<li>Diff\u00e9rentes cl\u00e9s pour bien communiquer<\/li>\n<li>Les diff\u00e9rences dans le management en France et en Allemagne<\/li>\n<\/ul>\n<p>&nbsp;<\/p>\n<p><strong>Pour qui ?<\/strong><\/p>\n<ul>\n<li>Tout\u00b7e \u00e9tudiant\u00b7e de l'UFA inscrit\u00b7e en licence ou en master<\/li>\n<li>Tout\u00b7e dipl\u00f4m\u00e9\u00b7e de l\u2019UFA<\/li>\n<li>Toutes disciplines confondues.<\/li>\n<\/ul>\n<p>&nbsp;<\/p>\n<p><strong>Frais\u00a0: <\/strong><\/p>\n<p>La participation est <u>gratuite<\/u>.<\/p>\n<p>&nbsp;<\/p>\n<p><strong>Quand ?<\/strong><\/p>\n<p>La conf\u00e9rence aura lieu le <strong>mardi 14 avril de 17h \u00e0 18h30.<\/strong><\/p>\n<p><strong>L\u2019inscription est obligatoire et a lieu uniquement en ligne. <\/strong><\/p>\n<p>&nbsp;<\/p>\n<p><strong><a href=\"https:\/\/www.coach-pro-akb.de\/\" target=\"_blank\" rel=\"noopener\">Ann-Kristin Benthien<\/a>,<\/strong> dipl\u00f4m\u00e9e en gestion d\u2019entreprise et en psychologie, est originaire d\u2019Allemagne et vit en France depuis 2013.<\/p>\n<p><img decoding=\"async\" loading=\"lazy\" class=\"size-medium wp-image-1883885 alignleft\" src=\"https:\/\/www.dfh-ufa.org\/app\/uploads\/2023\/09\/Coaching-professionnel-a-Paris-Fondatrice-198x250.jpg\" alt=\"\" width=\"198\" height=\"250\" srcset=\"https:\/\/www.dfh-ufa.org\/app\/uploads\/2023\/09\/Coaching-professionnel-a-Paris-Fondatrice-198x250.jpg 198w, https:\/\/www.dfh-ufa.org\/app\/uploads\/2023\/09\/Coaching-professionnel-a-Paris-Fondatrice-809x1024.jpg 809w, https:\/\/www.dfh-ufa.org\/app\/uploads\/2023\/09\/Coaching-professionnel-a-Paris-Fondatrice-768x972.jpg 768w, https:\/\/www.dfh-ufa.org\/app\/uploads\/2023\/09\/Coaching-professionnel-a-Paris-Fondatrice.jpg 1061w\" sizes=\"(max-width: 198px) 100vw, 198px\" \/><\/p>\n<p>Elle a travaill\u00e9 pour diverses soci\u00e9t\u00e9s de service, dont BearingPoint : elle est intervenue chez Mercedes, AXA, VW, Raja, etc. en tant que Business Analyste et chef de projet. Depuis 2016, elle est coach professionnel et propose entre autres ses services dans la cr\u00e9ation de projet professionnel : de l\u2019identification de son projet jusqu\u2019\u00e0 l\u2019embauche. Elle accompagne aussi les entreprises dans un contexte franco-allemand sur les diff\u00e9rences interculturelles.<\/p>\n<p>Ses sp\u00e9cialit\u00e9s :<\/p>\n<ul>\n<li>\u00a0Diff\u00e9rences interculturelles<\/li>\n<li>\u00a0R\u00e9daction de CV<\/li>\n<li>\u00a0Pr\u00e9paration aux entretiens d\u2019embauche<\/li>\n<\/ul>\n<p>&nbsp;<\/p>\n<p>&nbsp;<\/p>\n<p>&nbsp;<\/p>\n<\/div>\n<\/div><\/div><div id=\"panel-1959620-0-0-1\" class=\"so-panel widget widget_accordion panel-last-child\" data-index=\"1\" >        <div class=\"accordion\" data-collapse=\"1\">\n\n\t\t\t\t\t\t\t\t\t\t\t\t                    <div class=\"accordion__item\" id=\"69fbca0eda812\">\n\n\t\t\t\t\t\t                            <header class=\"accordion__header\">\n                                <h2 class=\"accordion__title\">Inscription<\/h2>\n                            <\/header>\n\t\t\t\t\t\t\n\t\t\t\t\t\t                            <div class=\"accordion__content\">\n\t\t\t\t\t\t\t\t<p><\/p>\n                            <\/div>\n\t\t\t\t\t\t\n\t\t\t\t\t\t\n                    <\/div><!-- .accordion -->\n\n\t\t\t\t                    <script>jQuery(document).ready(function(){setTimeout(function(){$('#69fbca0eda812 .accordion__title').trigger('click');}, 500);});<\/script>\n\t\t\t\t\n\t\t\t\t\t\t\t\n        <\/div><!-- .accordion -->\n\n\t\t<\/div><\/div><\/div><\/div>","protected":false},"excerpt":{"rendered":"<p>Mardi 14 avril l&rsquo;UFA organise une conf\u00e9rence interactive \u00e0 destination de ses \u00e9tudiant\u00b7es et dipl\u00f4m\u00e9\u00b7es. Cette conf\u00e9rence sera anim\u00e9e par Ann-Kristin Benthien, experte des diff\u00e9rences franco-allemandes et interculturelles dans le monde du travail. \u00a0Vous d\u00e9couvrirez: Des astuces pour s\u2019adapter au rythme de vie allemand et fran\u00e7ais Tous les secrets pour mener des r\u00e9unions entre allemand\u00b7es [&hellip;]<\/p>\n","protected":false},"author":455,"featured_media":0,"parent":186443,"menu_order":0,"comment_status":"closed","ping_status":"closed","template":"","meta":{"_bbp_topic_count":0,"_bbp_reply_count":0,"_bbp_total_topic_count":0,"_bbp_total_reply_count":0,"_bbp_voice_count":0,"_bbp_anonymous_reply_count":0,"_bbp_topic_count_hidden":0,"_bbp_reply_count_hidden":0,"_bbp_forum_subforum_count":0,"inline_featured_image":false},"acf":[],"_links":{"self":[{"href":"https:\/\/www.dfh-ufa.org\/fr\/wp-json\/wp\/v2\/pages\/1959620"}],"collection":[{"href":"https:\/\/www.dfh-ufa.org\/fr\/wp-json\/wp\/v2\/pages"}],"about":[{"href":"https:\/\/www.dfh-ufa.org\/fr\/wp-json\/wp\/v2\/types\/page"}],"author":[{"embeddable":true,"href":"https:\/\/www.dfh-ufa.org\/fr\/wp-json\/wp\/v2\/users\/455"}],"replies":[{"embeddable":true,"href":"https:\/\/www.dfh-ufa.org\/fr\/wp-json\/wp\/v2\/comments?post=1959620"}],"version-history":[{"count":18,"href":"https:\/\/www.dfh-ufa.org\/fr\/wp-json\/wp\/v2\/pages\/1959620\/revisions"}],"predecessor-version":[{"id":1963576,"href":"https:\/\/www.dfh-ufa.org\/fr\/wp-json\/wp\/v2\/pages\/1959620\/revisions\/1963576"}],"up":[{"embeddable":true,"href":"https:\/\/www.dfh-ufa.org\/fr\/wp-json\/wp\/v2\/pages\/186443"}],"wp:attachment":[{"href":"https:\/\/www.dfh-ufa.org\/fr\/wp-json\/wp\/v2\/media?parent=1959620"}],"curies":[{"name":"wp","href":"https:\/\/api.w.org\/{rel}","templated":true}]}}