{"id":1959876,"date":"2025-04-30T10:11:22","date_gmt":"2025-04-30T08:11:22","guid":{"rendered":"https:\/\/www.dfh-ufa.org\/fr\/?page_id=1959876"},"modified":"2026-04-07T11:53:02","modified_gmt":"2026-04-07T09:53:02","slug":"reunion-dinformation-en-ligne","status":"publish","type":"page","link":"https:\/\/www.dfh-ufa.org\/fr\/vous-etes\/etablissements\/appels-a-projets\/cursus\/reunion-dinformation-en-ligne","title":{"rendered":"R\u00e9union d\u2019information en ligne"},"content":{"rendered":"<p>L\u2019Universit\u00e9 franco-allemande (UFA) pr\u00e9sentera le 12 juin prochain \u00e0 partir de 10 h, la proc\u00e9dure de d\u00e9p\u00f4t de demande de soutien pour les programmes d\u2019\u00e9tudes franco-allemands.<\/p>\n<p>Cette manifestation sera l\u2019occasion pour toute personne int\u00e9ress\u00e9e de s\u2019informer sur les modalit\u00e9s du soutien financier, les crit\u00e8res de qualit\u00e9 \u00e0 respecter, la proc\u00e9dure d\u2019\u00e9valuation ainsi que les \u00e9l\u00e9ments et d\u00e9lais importants pour le d\u00e9p\u00f4t d\u2019une demande de soutien.<\/p>\n<p>Les interventions se feront dans les langues de travail de l\u2019UFA (allemand et fran\u00e7ais), \u00e9tay\u00e9es par une pr\u00e9sentation Power Point dans l\u2019autre langue. Les r\u00e9ponses aux questions des participant\u00b7es pourront \u00eatre donn\u00e9es en allemand, en fran\u00e7ais et, le cas \u00e9ch\u00e9ant, en anglais.<\/p>\n<p>Pour vous inscrire, merci de bien vouloir remplir le formulaire d\u2019inscription jusqu\u2019au 11 juin 2026. Le lien pour vous connecter \u00e0 la visioconf\u00e9rence vous sera envoy\u00e9 en temps utile.<\/p>\n<script type=\"text\/javascript\">var gform;gform||(document.addEventListener(\"gform_main_scripts_loaded\",function(){gform.scriptsLoaded=!0}),window.addEventListener(\"DOMContentLoaded\",function(){gform.domLoaded=!0}),gform={domLoaded:!1,scriptsLoaded:!1,initializeOnLoaded:function(o){gform.domLoaded&&gform.scriptsLoaded?o():!gform.domLoaded&&gform.scriptsLoaded?window.addEventListener(\"DOMContentLoaded\",o):document.addEventListener(\"gform_main_scripts_loaded\",o)},hooks:{action:{},filter:{}},addAction:function(o,n,r,t){gform.addHook(\"action\",o,n,r,t)},addFilter:function(o,n,r,t){gform.addHook(\"filter\",o,n,r,t)},doAction:function(o){gform.doHook(\"action\",o,arguments)},applyFilters:function(o){return gform.doHook(\"filter\",o,arguments)},removeAction:function(o,n){gform.removeHook(\"action\",o,n)},removeFilter:function(o,n,r){gform.removeHook(\"filter\",o,n,r)},addHook:function(o,n,r,t,i){null==gform.hooks[o][n]&&(gform.hooks[o][n]=[]);var e=gform.hooks[o][n];null==i&&(i=n+\"_\"+e.length),gform.hooks[o][n].push({tag:i,callable:r,priority:t=null==t?10:t})},doHook:function(n,o,r){var t;if(r=Array.prototype.slice.call(r,1),null!=gform.hooks[n][o]&&((o=gform.hooks[n][o]).sort(function(o,n){return o.priority-n.priority}),o.forEach(function(o){\"function\"!=typeof(t=o.callable)&&(t=window[t]),\"action\"==n?t.apply(null,r):r[0]=t.apply(null,r)})),\"filter\"==n)return r[0]},removeHook:function(o,n,t,i){var r;null!=gform.hooks[o][n]&&(r=(r=gform.hooks[o][n]).filter(function(o,n,r){return!!(null!=i&&i!=o.tag||null!=t&&t!=o.priority)}),gform.hooks[o][n]=r)}});<\/script>\n                <div class='gf_browser_gecko gform_wrapper gravity-theme' id='gform_wrapper_91' >\n                        <div class='gform_heading'>\n                            <h2 class=\"gform_title\">Formulaire d\u2019inscription \u2013 R\u00e9union d\u2019information en ligne : demande de soutien<\/h2>\n                            <span class='gform_description'><\/span>\n                        <\/div><form method='post' enctype='multipart\/form-data'  id='gform_91'  action='\/fr\/wp-json\/wp\/v2\/pages\/1959876' novalidate>\n                        <div class='gform_body gform-body'><div id='gform_fields_91' class='gform_fields top_label form_sublabel_below description_below'><div id=\"field_91_3\"  class=\"gfield gfield--width-full gfield_contains_required field_sublabel_below field_description_below gfield_visibility_visible\"  data-js-reload=\"field_91_3\"><label class='gfield_label' for='input_91_3' >Nom<span class=\"gfield_required\"><span class=\"gfield_required gfield_required_text\">(N\u00e9cessaire)<\/span><\/span><\/label><div class='ginput_container ginput_container_text'><input name='input_3' id='input_91_3' type='text' value='' class='large'     aria-required=\"true\" aria-invalid=\"false\"   \/> <\/div><\/div><div id=\"field_91_4\"  class=\"gfield gfield_contains_required field_sublabel_below field_description_below gfield_visibility_visible\"  data-js-reload=\"field_91_4\"><label class='gfield_label' for='input_91_4' >Pr\u00e9nom<span class=\"gfield_required\"><span class=\"gfield_required gfield_required_text\">(N\u00e9cessaire)<\/span><\/span><\/label><div class='ginput_container ginput_container_text'><input name='input_4' id='input_91_4' type='text' value='' class='large'     aria-required=\"true\" aria-invalid=\"false\"   \/> <\/div><\/div><div id=\"field_91_5\"  class=\"gfield gfield_contains_required field_sublabel_below field_description_below gfield_visibility_visible\"  data-js-reload=\"field_91_5\"><label class='gfield_label' for='input_91_5' >Etablissement<span class=\"gfield_required\"><span class=\"gfield_required gfield_required_text\">(N\u00e9cessaire)<\/span><\/span><\/label><div class='ginput_container ginput_container_text'><input name='input_5' id='input_91_5' type='text' value='' class='large'     aria-required=\"true\" aria-invalid=\"false\"   \/> <\/div><\/div><div id=\"field_91_6\"  class=\"gfield gfield_contains_required field_sublabel_below field_description_below gfield_visibility_visible\"  data-js-reload=\"field_91_6\"><label class='gfield_label' for='input_91_6' >Fonction<span class=\"gfield_required\"><span class=\"gfield_required gfield_required_text\">(N\u00e9cessaire)<\/span><\/span><\/label><div class='ginput_container ginput_container_text'><input name='input_6' id='input_91_6' type='text' value='' class='large'     aria-required=\"true\" aria-invalid=\"false\"   \/> <\/div><\/div><div id=\"field_91_7\"  class=\"gfield gfield--width-full field_sublabel_below field_description_below gfield_visibility_visible\"  data-js-reload=\"field_91_7\"><label class='gfield_label' for='input_91_7' >T\u00e9l\u00e9phone<\/label><div class='ginput_container ginput_container_text'><input name='input_7' id='input_91_7' type='text' value='' class='large'      aria-invalid=\"false\"   \/> <\/div><\/div><fieldset id=\"field_91_8\"  class=\"gfield gfield--width-full gfield_contains_required field_sublabel_below field_description_below gfield_visibility_visible\"  data-js-reload=\"field_91_8\"><legend class='gfield_label gfield_label_before_complex'  >E-Mail<span class=\"gfield_required\"><span class=\"gfield_required gfield_required_text\">(N\u00e9cessaire)<\/span><\/span><\/legend><div class='ginput_complex ginput_container ginput_container_email' id='input_91_8_container'>\n                                <span id='input_91_8_1_container' class='ginput_left'>\n                                    <input class='' type='email' name='input_8' id='input_91_8' value=''    aria-required=\"true\" aria-invalid=\"false\"  \/>\n                                    <label for='input_91_8' >Saisissez un e-mail<\/label>\n                                <\/span>\n                                <span id='input_91_8_2_container' class='ginput_right'>\n                                    <input class='' type='email' name='input_8_2' id='input_91_8_2' value=''    aria-required=\"true\" aria-invalid=\"false\"  \/>\n                                    <label for='input_91_8_2' >Confirmez l\u2019e-mail<\/label>\n                                <\/span>\n                                <div class='gf_clear gf_clear_complex'><\/div>\n                            <\/div><\/fieldset><div id=\"field_91_9\"  class=\"gfield gfield--width-full field_sublabel_below field_description_below gfield_visibility_visible\"  data-js-reload=\"field_91_9\"><label class='gfield_label' for='input_91_9' >CAPTCHA<\/label><div id='input_91_9' class='ginput_container ginput_recaptcha' data-sitekey='6Le5vW4UAAAAALGi--wWGSdYxSDQdHiZGwp5vcpH'  data-theme='light' data-tabindex='0'  data-badge=''><\/div><\/div><\/div><\/div>\n        <div class='gform_footer top_label'> <input type='submit' id='gform_submit_button_91' class='gform_button button' value='Absenden'  onclick='if(window[\"gf_submitting_91\"]){return false;}  if( !jQuery(\"#gform_91\")[0].checkValidity || jQuery(\"#gform_91\")[0].checkValidity()){window[\"gf_submitting_91\"]=true;}  ' onkeypress='if( event.keyCode == 13 ){ if(window[\"gf_submitting_91\"]){return false;} if( !jQuery(\"#gform_91\")[0].checkValidity || jQuery(\"#gform_91\")[0].checkValidity()){window[\"gf_submitting_91\"]=true;}  jQuery(\"#gform_91\").trigger(\"submit\",[true]); }' \/> \n            <input type='hidden' class='gform_hidden' name='is_submit_91' value='1' \/>\n            <input type='hidden' class='gform_hidden' name='gform_submit' value='91' \/>\n            \n            <input type='hidden' class='gform_hidden' name='gform_unique_id' value='' \/>\n            <input type='hidden' class='gform_hidden' name='state_91' value='WyJbXSIsIjAwYmQ1ZTQ3NWM2ZjliNjBhNGE1ZWJkNWNkYWI1YmNjIl0=' \/>\n            <input type='hidden' class='gform_hidden' name='gform_target_page_number_91' id='gform_target_page_number_91' value='0' \/>\n            <input type='hidden' class='gform_hidden' name='gform_source_page_number_91' id='gform_source_page_number_91' value='1' \/>\n            <input type='hidden' name='gform_field_values' value='' \/>\n            \n        <\/div>\n                        <\/form>\n                        <\/div>\n","protected":false},"excerpt":{"rendered":"<p>L\u2019Universit\u00e9 franco-allemande (UFA) pr\u00e9sentera le 12 juin prochain \u00e0 partir de 10 h, la proc\u00e9dure de d\u00e9p\u00f4t de demande de soutien pour les programmes d\u2019\u00e9tudes franco-allemands. Cette manifestation sera l\u2019occasion pour toute personne int\u00e9ress\u00e9e de s\u2019informer sur les modalit\u00e9s du soutien financier, les crit\u00e8res de qualit\u00e9 \u00e0 respecter, la proc\u00e9dure d\u2019\u00e9valuation ainsi que les \u00e9l\u00e9ments [&hellip;]<\/p>\n","protected":false},"author":34,"featured_media":0,"parent":847,"menu_order":0,"comment_status":"closed","ping_status":"closed","template":"","meta":{"_bbp_topic_count":0,"_bbp_reply_count":0,"_bbp_total_topic_count":0,"_bbp_total_reply_count":0,"_bbp_voice_count":0,"_bbp_anonymous_reply_count":0,"_bbp_topic_count_hidden":0,"_bbp_reply_count_hidden":0,"_bbp_forum_subforum_count":0,"inline_featured_image":false},"acf":[],"_links":{"self":[{"href":"https:\/\/www.dfh-ufa.org\/fr\/wp-json\/wp\/v2\/pages\/1959876"}],"collection":[{"href":"https:\/\/www.dfh-ufa.org\/fr\/wp-json\/wp\/v2\/pages"}],"about":[{"href":"https:\/\/www.dfh-ufa.org\/fr\/wp-json\/wp\/v2\/types\/page"}],"author":[{"embeddable":true,"href":"https:\/\/www.dfh-ufa.org\/fr\/wp-json\/wp\/v2\/users\/34"}],"replies":[{"embeddable":true,"href":"https:\/\/www.dfh-ufa.org\/fr\/wp-json\/wp\/v2\/comments?post=1959876"}],"version-history":[{"count":5,"href":"https:\/\/www.dfh-ufa.org\/fr\/wp-json\/wp\/v2\/pages\/1959876\/revisions"}],"predecessor-version":[{"id":1963831,"href":"https:\/\/www.dfh-ufa.org\/fr\/wp-json\/wp\/v2\/pages\/1959876\/revisions\/1963831"}],"up":[{"embeddable":true,"href":"https:\/\/www.dfh-ufa.org\/fr\/wp-json\/wp\/v2\/pages\/847"}],"wp:attachment":[{"href":"https:\/\/www.dfh-ufa.org\/fr\/wp-json\/wp\/v2\/media?parent=1959876"}],"curies":[{"name":"wp","href":"https:\/\/api.w.org\/{rel}","templated":true}]}}